{"id":1665,"date":"2021-02-19T13:24:11","date_gmt":"2021-02-19T13:24:11","guid":{"rendered":"https:\/\/www.blaubookshop.com\/produto\/import-placeholder-for-43\/"},"modified":"2024-08-11T10:07:14","modified_gmt":"2024-08-11T10:07:14","slug":"biblioteca-municipal-de-sintra-casa-mantero-alexandre-marques-pereira","status":"publish","type":"product","link":"https:\/\/www.blaubookshop.com\/en\/product\/biblioteca-municipal-de-sintra-casa-mantero-alexandre-marques-pereira\/","title":{"rendered":"Biblioteca Municipal de Sintra. Casa Mantero &#8211; Alexandre Marques Pereira"},"content":{"rendered":"<p>Foi neste singular contexto que Alexandre Marques Pereira ganhou o concurso de arquitectura para a nova biblioteca na vila hist\u00f3rica de Sintra. O projecto inclu\u00eda, al\u00e9m da remodela\u00e7\u00e3o de uma pequena \u201cvilla\u201d novecentista, um extenso conjunto de equipamentos e servi\u00e7os bibliotec\u00e1rios cuja volumetria excede necessariamente as dimens\u00f5es dom\u00e9sticas da referida casa. Num gesto exemplar de civismo urbano, e resistindo \u00e0 tenta\u00e7\u00e3o de criar um novo \u201cedif\u00edcio-objecto\u201d neste fr\u00e1gil contexto rom\u00e2ntico, Marques Pereira optou por dissimular o edif\u00edcio anexo adossando-o ao plano da rua e escalonando a sua volumetria numa s\u00e9rie de recuados que culminam num delicado belvedere Loosiano.<\/p>","protected":false},"excerpt":{"rendered":"<p>Manuel Tainha, Nuno Grande, Paulo Martins Barata<br \/>\nISBN: 9789728650070<br \/>\nWhite &amp; Blue<br \/>\nBrochura, 104 pp, 24 x 24 cm<br \/>\nBilingual - Portuguese and English<br \/>\n30\/06\/2004<\/p>","protected":false},"featured_media":1197,"template":"","meta":{"ocean_post_layout":"","ocean_both_sidebars_style":"","ocean_both_sidebars_content_width":0,"ocean_both_sidebars_sidebars_width":0,"ocean_sidebar":"","ocean_second_sidebar":"","ocean_disable_margins":"enable","ocean_add_body_class":"","ocean_shortcode_before_top_bar":"","ocean_shortcode_after_top_bar":"","ocean_shortcode_before_header":"","ocean_shortcode_after_header":"","ocean_has_shortcode":"","ocean_shortcode_after_title":"","ocean_shortcode_before_footer_widgets":"","ocean_shortcode_after_footer_widgets":"","ocean_shortcode_before_footer_bottom":"","ocean_shortcode_after_footer_bottom":"","ocean_display_top_bar":"default","ocean_display_header":"default","ocean_header_style":"","ocean_center_header_left_menu":"","ocean_custom_header_template":"","ocean_custom_logo":0,"ocean_custom_retina_logo":0,"ocean_custom_logo_max_width":0,"ocean_custom_logo_tablet_max_width":0,"ocean_custom_logo_mobile_max_width":0,"ocean_custom_logo_max_height":0,"ocean_custom_logo_tablet_max_height":0,"ocean_custom_logo_mobile_max_height":0,"ocean_header_custom_menu":"","ocean_menu_typo_font_family":"","ocean_menu_typo_font_subset":"","ocean_menu_typo_font_size":0,"ocean_menu_typo_font_size_tablet":0,"ocean_menu_typo_font_size_mobile":0,"ocean_menu_typo_font_size_unit":"px","ocean_menu_typo_font_weight":"","ocean_menu_typo_font_weight_tablet":"","ocean_menu_typo_font_weight_mobile":"","ocean_menu_typo_transform":"","ocean_menu_typo_transform_tablet":"","ocean_menu_typo_transform_mobile":"","ocean_menu_typo_line_height":0,"ocean_menu_typo_line_height_tablet":0,"ocean_menu_typo_line_height_mobile":0,"ocean_menu_typo_line_height_unit":"","ocean_menu_typo_spacing":0,"ocean_menu_typo_spacing_tablet":0,"ocean_menu_typo_spacing_mobile":0,"ocean_menu_typo_spacing_unit":"","ocean_menu_link_color":"","ocean_menu_link_color_hover":"","ocean_menu_link_color_active":"","ocean_menu_link_background":"","ocean_menu_link_hover_background":"","ocean_menu_link_active_background":"","ocean_menu_social_links_bg":"","ocean_menu_social_hover_links_bg":"","ocean_menu_social_links_color":"","ocean_menu_social_hover_links_color":"","ocean_disable_title":"default","ocean_disable_heading":"default","ocean_post_title":"","ocean_post_subheading":"","ocean_post_title_style":"","ocean_post_title_background_color":"","ocean_post_title_background":0,"ocean_post_title_bg_image_position":"","ocean_post_title_bg_image_attachment":"","ocean_post_title_bg_image_repeat":"","ocean_post_title_bg_image_size":"","ocean_post_title_height":0,"ocean_post_title_bg_overlay":0.5,"ocean_post_title_bg_overlay_color":"","ocean_disable_breadcrumbs":"default","ocean_breadcrumbs_color":"","ocean_breadcrumbs_separator_color":"","ocean_breadcrumbs_links_color":"","ocean_breadcrumbs_links_hover_color":"","ocean_display_footer_widgets":"default","ocean_display_footer_bottom":"default","ocean_custom_footer_template":""},"product_brand":[],"product_cat":[52,72,207,192,71,51],"product_tag":[],"class_list":{"0":"post-1665","1":"product","2":"type-product","3":"status-publish","4":"has-post-thumbnail","6":"product_cat-arquitectura-pt","7":"product_cat-arquitectura-uk","8":"product_cat-edificios-arquitectura-uk","9":"product_cat-edificios","10":"product_cat-livros-em-ingles","11":"product_cat-livros-em-portugues-pt","13":"entry","14":"has-media","16":"first","17":"instock","18":"sale","19":"taxable","20":"shipping-taxable","21":"purchasable","22":"product-type-simple","23":"col","24":"span_1_of_3","25":"owp-content-left","26":"owp-thumbs-layout-horizontal","27":"owp-btn-normal","28":"owp-tabs-layout-horizontal","29":"has-no-thumbnails","30":"circle-sale"},"_links":{"self":[{"href":"https:\/\/www.blaubookshop.com\/en\/wp-json\/wp\/v2\/product\/1665","targetHints":{"allow":["GET"]}}],"collection":[{"href":"https:\/\/www.blaubookshop.com\/en\/wp-json\/wp\/v2\/product"}],"about":[{"href":"https:\/\/www.blaubookshop.com\/en\/wp-json\/wp\/v2\/types\/product"}],"version-history":[{"count":1,"href":"https:\/\/www.blaubookshop.com\/en\/wp-json\/wp\/v2\/product\/1665\/revisions"}],"predecessor-version":[{"id":4217,"href":"https:\/\/www.blaubookshop.com\/en\/wp-json\/wp\/v2\/product\/1665\/revisions\/4217"}],"wp:featuredmedia":[{"embeddable":true,"href":"https:\/\/www.blaubookshop.com\/en\/wp-json\/wp\/v2\/media\/1197"}],"wp:attachment":[{"href":"https:\/\/www.blaubookshop.com\/en\/wp-json\/wp\/v2\/media?parent=1665"}],"wp:term":[{"taxonomy":"product_brand","embeddable":true,"href":"https:\/\/www.blaubookshop.com\/en\/wp-json\/wp\/v2\/product_brand?post=1665"},{"taxonomy":"product_cat","embeddable":true,"href":"https:\/\/www.blaubookshop.com\/en\/wp-json\/wp\/v2\/product_cat?post=1665"},{"taxonomy":"product_tag","embeddable":true,"href":"https:\/\/www.blaubookshop.com\/en\/wp-json\/wp\/v2\/product_tag?post=1665"}],"curies":[{"name":"wp","href":"https:\/\/api.w.org\/{rel}","templated":true}]}}