{"id":1689,"date":"2021-02-19T13:24:32","date_gmt":"2021-02-19T13:24:32","guid":{"rendered":"https:\/\/www.blaubookshop.com\/produto\/import-placeholder-for-67\/"},"modified":"2024-09-21T13:55:25","modified_gmt":"2024-09-21T13:55:25","slug":"modernidade-permanente-fernando-tavora","status":"publish","type":"product","link":"https:\/\/www.blaubookshop.com\/en\/product\/modernidade-permanente-fernando-tavora\/","title":{"rendered":"Modernidade Permanente &#8211; Fernando T\u00e1vora"},"content":{"rendered":"<p>Fernando T\u00e1vora Modernidade Permanente \u00e9 o titulo de um projecto inserido em Guimar\u00e3es 2012 Capital Europeia da Cultura, que congrega uma exposi\u00e7\u00e3o com o mesmo nome, confer\u00eancias e publica\u00e7\u00f5es. A exposi\u00e7\u00e3o \u00e9 sobre a obra de Fernando T\u00e1vora (1923-2005) mas, longe da ambi\u00e7\u00e3o de ser monogr\u00e1fica, ou antol\u00f3gica, pretende isso sim oferecer uma leitura transversal da insistente rela\u00e7\u00e3o que essa obra tem com o exerc\u00edcio do magist\u00e9rio, enquanto Professor de Arquitectura. Trata-se de um conjunto de documentos, ora pertencentes ao \u00e2mbito do desenho e da fotografia de Arquitectura, ora ao \u00e2mbito documental dos registos existentes sobre as suas aulas, confer\u00eancias, viagens de estudo. O objectivo final visa incluir a documenta\u00e7\u00e3o seleccionada num todo cuja coer\u00eancia seja leg\u00edvel, de um modo t\u00e3o natural como foi colhida ao longo da vida. Este volume constitui o cat\u00e1logo da exposi\u00e7\u00e3o e integra um conjunto de textos de autores que tamb\u00e9m est\u00e3o presentes nas confer\u00eancias, oferece, por um lado, uma vis\u00e3o cr\u00edtica, ampla e diversificada da obra de Fernando T\u00e1vora e, por outro, a leitura estrita de registos dessa mesma obra em diversos contextos hist\u00f3ricos, balizados pela sua actividade enquanto Professor de Arquitectura.<\/p>","protected":false},"excerpt":{"rendered":"<p>Jos\u00e9 Ant\u00f3nio Bandeirinha(ED.)<br \/>\nISBN: 9789892033938<br \/>\nCasa da Arquitectura<br \/>\nBrochura, 455 pp, 21 x 28 cm<br \/>\nBilingual - Portuguese and English<br \/>\n01\/10\/2012<\/p>","protected":false},"featured_media":1232,"template":"","meta":{"ocean_post_layout":"","ocean_both_sidebars_style":"","ocean_both_sidebars_content_width":0,"ocean_both_sidebars_sidebars_width":0,"ocean_sidebar":"0","ocean_second_sidebar":"0","ocean_disable_margins":"enable","ocean_add_body_class":"","ocean_shortcode_before_top_bar":"","ocean_shortcode_after_top_bar":"","ocean_shortcode_before_header":"","ocean_shortcode_after_header":"","ocean_has_shortcode":"","ocean_shortcode_after_title":"","ocean_shortcode_before_footer_widgets":"","ocean_shortcode_after_footer_widgets":"","ocean_shortcode_before_footer_bottom":"","ocean_shortcode_after_footer_bottom":"","ocean_display_top_bar":"default","ocean_display_header":"default","ocean_header_style":"","ocean_center_header_left_menu":"0","ocean_custom_header_template":"0","ocean_custom_logo":0,"ocean_custom_retina_logo":0,"ocean_custom_logo_max_width":0,"ocean_custom_logo_tablet_max_width":0,"ocean_custom_logo_mobile_max_width":0,"ocean_custom_logo_max_height":0,"ocean_custom_logo_tablet_max_height":0,"ocean_custom_logo_mobile_max_height":0,"ocean_header_custom_menu":"0","ocean_menu_typo_font_family":"0","ocean_menu_typo_font_subset":"","ocean_menu_typo_font_size":0,"ocean_menu_typo_font_size_tablet":0,"ocean_menu_typo_font_size_mobile":0,"ocean_menu_typo_font_size_unit":"px","ocean_menu_typo_font_weight":"","ocean_menu_typo_font_weight_tablet":"","ocean_menu_typo_font_weight_mobile":"","ocean_menu_typo_transform":"","ocean_menu_typo_transform_tablet":"","ocean_menu_typo_transform_mobile":"","ocean_menu_typo_line_height":0,"ocean_menu_typo_line_height_tablet":0,"ocean_menu_typo_line_height_mobile":0,"ocean_menu_typo_line_height_unit":"","ocean_menu_typo_spacing":0,"ocean_menu_typo_spacing_tablet":0,"ocean_menu_typo_spacing_mobile":0,"ocean_menu_typo_spacing_unit":"","ocean_menu_link_color":"","ocean_menu_link_color_hover":"","ocean_menu_link_color_active":"","ocean_menu_link_background":"","ocean_menu_link_hover_background":"","ocean_menu_link_active_background":"","ocean_menu_social_links_bg":"","ocean_menu_social_hover_links_bg":"","ocean_menu_social_links_color":"","ocean_menu_social_hover_links_color":"","ocean_disable_title":"default","ocean_disable_heading":"default","ocean_post_title":"","ocean_post_subheading":"","ocean_post_title_style":"","ocean_post_title_background_color":"","ocean_post_title_background":0,"ocean_post_title_bg_image_position":"","ocean_post_title_bg_image_attachment":"","ocean_post_title_bg_image_repeat":"","ocean_post_title_bg_image_size":"","ocean_post_title_height":0,"ocean_post_title_bg_overlay":0.5,"ocean_post_title_bg_overlay_color":"","ocean_disable_breadcrumbs":"default","ocean_breadcrumbs_color":"","ocean_breadcrumbs_separator_color":"","ocean_breadcrumbs_links_color":"","ocean_breadcrumbs_links_hover_color":"","ocean_display_footer_widgets":"default","ocean_display_footer_bottom":"default","ocean_custom_footer_template":"0"},"product_brand":[],"product_cat":[206,110,52,72,71,51],"product_tag":[],"class_list":{"0":"post-1689","1":"product","2":"type-product","3":"status-publish","4":"has-post-thumbnail","6":"product_cat-arquitectos-arquitectura-uk","7":"product_cat-arquitectos","8":"product_cat-arquitectura-pt","9":"product_cat-arquitectura-uk","10":"product_cat-livros-em-ingles","11":"product_cat-livros-em-portugues-pt","13":"entry","14":"has-media","16":"first","17":"instock","18":"sale","19":"taxable","20":"shipping-taxable","21":"purchasable","22":"product-type-simple","23":"col","24":"span_1_of_3","25":"owp-content-left","26":"owp-thumbs-layout-horizontal","27":"owp-btn-normal","28":"owp-tabs-layout-horizontal","29":"has-no-thumbnails","30":"circle-sale"},"_links":{"self":[{"href":"https:\/\/www.blaubookshop.com\/en\/wp-json\/wp\/v2\/product\/1689","targetHints":{"allow":["GET"]}}],"collection":[{"href":"https:\/\/www.blaubookshop.com\/en\/wp-json\/wp\/v2\/product"}],"about":[{"href":"https:\/\/www.blaubookshop.com\/en\/wp-json\/wp\/v2\/types\/product"}],"version-history":[{"count":1,"href":"https:\/\/www.blaubookshop.com\/en\/wp-json\/wp\/v2\/product\/1689\/revisions"}],"predecessor-version":[{"id":4175,"href":"https:\/\/www.blaubookshop.com\/en\/wp-json\/wp\/v2\/product\/1689\/revisions\/4175"}],"wp:featuredmedia":[{"embeddable":true,"href":"https:\/\/www.blaubookshop.com\/en\/wp-json\/wp\/v2\/media\/1232"}],"wp:attachment":[{"href":"https:\/\/www.blaubookshop.com\/en\/wp-json\/wp\/v2\/media?parent=1689"}],"wp:term":[{"taxonomy":"product_brand","embeddable":true,"href":"https:\/\/www.blaubookshop.com\/en\/wp-json\/wp\/v2\/product_brand?post=1689"},{"taxonomy":"product_cat","embeddable":true,"href":"https:\/\/www.blaubookshop.com\/en\/wp-json\/wp\/v2\/product_cat?post=1689"},{"taxonomy":"product_tag","embeddable":true,"href":"https:\/\/www.blaubookshop.com\/en\/wp-json\/wp\/v2\/product_tag?post=1689"}],"curies":[{"name":"wp","href":"https:\/\/api.w.org\/{rel}","templated":true}]}}