{"id":1692,"date":"2021-02-19T13:24:32","date_gmt":"2021-02-19T13:24:32","guid":{"rendered":"https:\/\/www.blaubookshop.com\/produto\/import-placeholder-for-70\/"},"modified":"2021-04-27T22:18:05","modified_gmt":"2021-04-27T22:18:05","slug":"degustacoes-gratuitas-da-deconstrucao-a-fotografia-mies-van-der-rohe-e-o-pavilhao-de-barcelona","status":"publish","type":"product","link":"https:\/\/www.blaubookshop.com\/en\/product\/degustacoes-gratuitas-da-deconstrucao-a-fotografia-mies-van-der-rohe-e-o-pavilhao-de-barcelona\/","title":{"rendered":"(De)gusta\u00e7\u00f5es gratuitas: Da Deconstru\u00e7\u00e3o, A Fotografia, Mies van der Rohe e o Pavilh\u00e3o de Barcelona"},"content":{"rendered":"<p>O que neste ensaio se oferece \u00e9 uma leitura, uma interpreta\u00e7\u00e3o, duma obra de arquitectura e do autor dessa obra: o Pavilh\u00e3o que Mies van der Rohe projectou para a Exposi\u00e7\u00e3o Internacional de Barcelona de 1929. Dentro deste movimento interpretativo, orientado a partir da desconstru\u00e7\u00e3o, e especificamente da desconstru\u00e7\u00e3o derridiana, fala-se tamb\u00e9m da arquitectura em geral e da arquitectura como pensamento. O objectivo \u00e9 desencadear uma esp\u00e9cie de desconstru\u00e7\u00e3o filos\u00f3fica que opera em, ou entre, a pr\u00f3pria arquitectura \u2013 uma arquitectura m\u00faltipla e abismada, uma arquitectura fotografada. N\u00e3o se pretende, portanto, testar os temas t\u00edpicos da desconstru\u00e7\u00e3o, procedentes da obra de Jacques Derrida (o espectro, a marca, a ru\u00edna), em confronto com uma obra de arquitectura, mas, atrav\u00e9s deles, chegar a desconstruir a pr\u00f3pria arquitectura. O que se procura \u00e9 a ilumina\u00e7\u00e3o duma arquitectura e dum pensamento mediante um processo que pretende mostrar, no que t\u00eam de mostr\u00e1vel, os segredos ocultos, os fantasmas, os desejos e esperan\u00e7as que, ainda hoje, povoam e assediam o Pavilh\u00e3o de Barcelona. E que, neste sentido, o abrem ao porvir.<br \/>\nO que d\u00e1 t\u00edtulo a este ensaio \u00e9 uma frase casual que aparece reflectida numa das superf\u00edcies espelhadas do Pavilh\u00e3o numa das fotografias de 1929, da ag\u00eancia Berliner Bild-Bericht. A partir dessa frase fantasm\u00e1tica \u2013 \u2018Degusta\u00e7\u00f5es gratuitas\u2019 \u2013 o autor percorre a vida atribulada do Pavilh\u00e3o e reflecte sobre a arquitectura, sobre o gosto e a gratuidade, sobre a ru\u00edna e o espectro, sobre o segredo e a cegueira, sobre o arquivo e a ru\u00edna, sobre a origem e o porvir.<\/p>","protected":false},"excerpt":{"rendered":"<p>Jos\u00e9 Vela Castillo<br \/>\nISBN: 9789899679030<br \/>\nCasa da Arquitectura<br \/>\nBrochure, 152 pp, 14,6 x 23 cm<br \/>\nPortuguese<br \/>\n01\/06\/1984<\/p>","protected":false},"featured_media":1352,"template":"","meta":{"ocean_post_layout":"","ocean_both_sidebars_style":"","ocean_both_sidebars_content_width":0,"ocean_both_sidebars_sidebars_width":0,"ocean_sidebar":"","ocean_second_sidebar":"","ocean_disable_margins":"enable","ocean_add_body_class":"","ocean_shortcode_before_top_bar":"","ocean_shortcode_after_top_bar":"","ocean_shortcode_before_header":"","ocean_shortcode_after_header":"","ocean_has_shortcode":"","ocean_shortcode_after_title":"","ocean_shortcode_before_footer_widgets":"","ocean_shortcode_after_footer_widgets":"","ocean_shortcode_before_footer_bottom":"","ocean_shortcode_after_footer_bottom":"","ocean_display_top_bar":"default","ocean_display_header":"default","ocean_header_style":"","ocean_center_header_left_menu":"","ocean_custom_header_template":"","ocean_custom_logo":0,"ocean_custom_retina_logo":0,"ocean_custom_logo_max_width":0,"ocean_custom_logo_tablet_max_width":0,"ocean_custom_logo_mobile_max_width":0,"ocean_custom_logo_max_height":0,"ocean_custom_logo_tablet_max_height":0,"ocean_custom_logo_mobile_max_height":0,"ocean_header_custom_menu":"","ocean_menu_typo_font_family":"","ocean_menu_typo_font_subset":"","ocean_menu_typo_font_size":0,"ocean_menu_typo_font_size_tablet":0,"ocean_menu_typo_font_size_mobile":0,"ocean_menu_typo_font_size_unit":"px","ocean_menu_typo_font_weight":"","ocean_menu_typo_font_weight_tablet":"","ocean_menu_typo_font_weight_mobile":"","ocean_menu_typo_transform":"","ocean_menu_typo_transform_tablet":"","ocean_menu_typo_transform_mobile":"","ocean_menu_typo_line_height":0,"ocean_menu_typo_line_height_tablet":0,"ocean_menu_typo_line_height_mobile":0,"ocean_menu_typo_line_height_unit":"","ocean_menu_typo_spacing":0,"ocean_menu_typo_spacing_tablet":0,"ocean_menu_typo_spacing_mobile":0,"ocean_menu_typo_spacing_unit":"","ocean_menu_link_color":"","ocean_menu_link_color_hover":"","ocean_menu_link_color_active":"","ocean_menu_link_background":"","ocean_menu_link_hover_background":"","ocean_menu_link_active_background":"","ocean_menu_social_links_bg":"","ocean_menu_social_hover_links_bg":"","ocean_menu_social_links_color":"","ocean_menu_social_hover_links_color":"","ocean_disable_title":"default","ocean_disable_heading":"default","ocean_post_title":"","ocean_post_subheading":"","ocean_post_title_style":"","ocean_post_title_background_color":"","ocean_post_title_background":0,"ocean_post_title_bg_image_position":"","ocean_post_title_bg_image_attachment":"","ocean_post_title_bg_image_repeat":"","ocean_post_title_bg_image_size":"","ocean_post_title_height":0,"ocean_post_title_bg_overlay":0.5,"ocean_post_title_bg_overlay_color":"","ocean_disable_breadcrumbs":"default","ocean_breadcrumbs_color":"","ocean_breadcrumbs_separator_color":"","ocean_breadcrumbs_links_color":"","ocean_breadcrumbs_links_hover_color":"","ocean_display_footer_widgets":"default","ocean_display_footer_bottom":"default","ocean_custom_footer_template":""},"product_brand":[],"product_cat":[52,195,51],"product_tag":[],"class_list":{"0":"post-1692","1":"product","2":"type-product","3":"status-publish","4":"has-post-thumbnail","6":"product_cat-arquitectura-pt","7":"product_cat-ensaios","8":"product_cat-livros-em-portugues-pt","10":"entry","11":"has-media","13":"first","14":"instock","15":"sale","16":"taxable","17":"shipping-taxable","18":"purchasable","19":"product-type-simple","20":"col","21":"span_1_of_3","22":"owp-content-left","23":"owp-thumbs-layout-horizontal","24":"owp-btn-normal","25":"owp-tabs-layout-horizontal","26":"has-no-thumbnails","27":"circle-sale"},"_links":{"self":[{"href":"https:\/\/www.blaubookshop.com\/en\/wp-json\/wp\/v2\/product\/1692","targetHints":{"allow":["GET"]}}],"collection":[{"href":"https:\/\/www.blaubookshop.com\/en\/wp-json\/wp\/v2\/product"}],"about":[{"href":"https:\/\/www.blaubookshop.com\/en\/wp-json\/wp\/v2\/types\/product"}],"version-history":[{"count":1,"href":"https:\/\/www.blaubookshop.com\/en\/wp-json\/wp\/v2\/product\/1692\/revisions"}],"predecessor-version":[{"id":4305,"href":"https:\/\/www.blaubookshop.com\/en\/wp-json\/wp\/v2\/product\/1692\/revisions\/4305"}],"wp:featuredmedia":[{"embeddable":true,"href":"https:\/\/www.blaubookshop.com\/en\/wp-json\/wp\/v2\/media\/1352"}],"wp:attachment":[{"href":"https:\/\/www.blaubookshop.com\/en\/wp-json\/wp\/v2\/media?parent=1692"}],"wp:term":[{"taxonomy":"product_brand","embeddable":true,"href":"https:\/\/www.blaubookshop.com\/en\/wp-json\/wp\/v2\/product_brand?post=1692"},{"taxonomy":"product_cat","embeddable":true,"href":"https:\/\/www.blaubookshop.com\/en\/wp-json\/wp\/v2\/product_cat?post=1692"},{"taxonomy":"product_tag","embeddable":true,"href":"https:\/\/www.blaubookshop.com\/en\/wp-json\/wp\/v2\/product_tag?post=1692"}],"curies":[{"name":"wp","href":"https:\/\/api.w.org\/{rel}","templated":true}]}}