{"id":1693,"date":"2021-02-19T13:24:33","date_gmt":"2021-02-19T13:24:33","guid":{"rendered":"https:\/\/www.blaubookshop.com\/produto\/import-placeholder-for-71\/"},"modified":"2024-08-14T12:36:26","modified_gmt":"2024-08-14T12:36:26","slug":"alvaro-siza-desenhar-a-hospitalidade","status":"publish","type":"product","link":"https:\/\/www.blaubookshop.com\/en\/product\/alvaro-siza-desenhar-a-hospitalidade\/","title":{"rendered":"\u00c1lvaro Siza: Desenhar a Hospitalidade"},"content":{"rendered":"<p>\u201cO presente texto, retirado, em boa parte, duma investiga\u00e7\u00e3o de doutoramento apresentada na Faculdade de Filosofia da Universidade Complutense de Madrid em 2007, ensaia uma opera\u00e7\u00e3o de transplante: toma o conceito de hospitalidade, geralmente associado ao terreno do \u00e9tico, do pol\u00edtico e do jur\u00eddico, e transfere-o para o campo do est\u00e9tico e, em particular, da cria\u00e7\u00e3o art\u00edstica. Guiado pelo estilo desconstrutivo de Jacques Derrida (1930-2004) faz anota\u00e7\u00f5es sobre a forma como reage a hospitalidade a este transplante. N\u00e3o se trata dum exerc\u00edcio abstracto, pois \u00e9 aplicado a um caso concreto: os desenhos de \u00c1lvaro Siza. Reflecte tamb\u00e9m sobre as quest\u00f5es pr\u00e9vias e de fundamenta\u00e7\u00e3o: haver\u00e1 alguma forma de legitimidade que suporte a desloca\u00e7\u00e3o dos marcos que delimitam os territ\u00f3rios do saber? Poder\u00e1 o est\u00e9tico receber pacificamente e suportar a intromiss\u00e3o de um estranho no seu territ\u00f3rio?\u201d<\/p>","protected":false},"excerpt":{"rendered":"<p>Nuno Higino<br \/>\nISBN: 9789899679009<br \/>\nCasa da Arquitectura<br \/>\nBrochura, 116 pp, 11,5 x 23 cm<br \/>\nBilingual - Portuguese and English<br \/>\n01\/10\/2010<\/p>","protected":false},"featured_media":1350,"template":"","meta":{"ocean_post_layout":"","ocean_both_sidebars_style":"","ocean_both_sidebars_content_width":0,"ocean_both_sidebars_sidebars_width":0,"ocean_sidebar":"0","ocean_second_sidebar":"0","ocean_disable_margins":"enable","ocean_add_body_class":"","ocean_shortcode_before_top_bar":"","ocean_shortcode_after_top_bar":"","ocean_shortcode_before_header":"","ocean_shortcode_after_header":"","ocean_has_shortcode":"","ocean_shortcode_after_title":"","ocean_shortcode_before_footer_widgets":"","ocean_shortcode_after_footer_widgets":"","ocean_shortcode_before_footer_bottom":"","ocean_shortcode_after_footer_bottom":"","ocean_display_top_bar":"default","ocean_display_header":"default","ocean_header_style":"","ocean_center_header_left_menu":"0","ocean_custom_header_template":"0","ocean_custom_logo":0,"ocean_custom_retina_logo":0,"ocean_custom_logo_max_width":0,"ocean_custom_logo_tablet_max_width":0,"ocean_custom_logo_mobile_max_width":0,"ocean_custom_logo_max_height":0,"ocean_custom_logo_tablet_max_height":0,"ocean_custom_logo_mobile_max_height":0,"ocean_header_custom_menu":"0","ocean_menu_typo_font_family":"0","ocean_menu_typo_font_subset":"","ocean_menu_typo_font_size":0,"ocean_menu_typo_font_size_tablet":0,"ocean_menu_typo_font_size_mobile":0,"ocean_menu_typo_font_size_unit":"px","ocean_menu_typo_font_weight":"","ocean_menu_typo_font_weight_tablet":"","ocean_menu_typo_font_weight_mobile":"","ocean_menu_typo_transform":"","ocean_menu_typo_transform_tablet":"","ocean_menu_typo_transform_mobile":"","ocean_menu_typo_line_height":0,"ocean_menu_typo_line_height_tablet":0,"ocean_menu_typo_line_height_mobile":0,"ocean_menu_typo_line_height_unit":"","ocean_menu_typo_spacing":0,"ocean_menu_typo_spacing_tablet":0,"ocean_menu_typo_spacing_mobile":0,"ocean_menu_typo_spacing_unit":"","ocean_menu_link_color":"","ocean_menu_link_color_hover":"","ocean_menu_link_color_active":"","ocean_menu_link_background":"","ocean_menu_link_hover_background":"","ocean_menu_link_active_background":"","ocean_menu_social_links_bg":"","ocean_menu_social_hover_links_bg":"","ocean_menu_social_links_color":"","ocean_menu_social_hover_links_color":"","ocean_disable_title":"default","ocean_disable_heading":"default","ocean_post_title":"","ocean_post_subheading":"","ocean_post_title_style":"","ocean_post_title_background_color":"","ocean_post_title_background":0,"ocean_post_title_bg_image_position":"","ocean_post_title_bg_image_attachment":"","ocean_post_title_bg_image_repeat":"","ocean_post_title_bg_image_size":"","ocean_post_title_height":0,"ocean_post_title_bg_overlay":0.5,"ocean_post_title_bg_overlay_color":"","ocean_disable_breadcrumbs":"default","ocean_breadcrumbs_color":"","ocean_breadcrumbs_separator_color":"","ocean_breadcrumbs_links_color":"","ocean_breadcrumbs_links_hover_color":"","ocean_display_footer_widgets":"default","ocean_display_footer_bottom":"default","ocean_custom_footer_template":"0"},"product_brand":[],"product_cat":[52,195,51],"product_tag":[],"class_list":{"0":"post-1693","1":"product","2":"type-product","3":"status-publish","4":"has-post-thumbnail","6":"product_cat-arquitectura-pt","7":"product_cat-ensaios","8":"product_cat-livros-em-portugues-pt","10":"entry","11":"has-media","13":"first","14":"instock","15":"sale","16":"taxable","17":"shipping-taxable","18":"purchasable","19":"product-type-simple","20":"col","21":"span_1_of_3","22":"owp-content-left","23":"owp-thumbs-layout-horizontal","24":"owp-btn-normal","25":"owp-tabs-layout-horizontal","26":"has-no-thumbnails","27":"circle-sale"},"_links":{"self":[{"href":"https:\/\/www.blaubookshop.com\/en\/wp-json\/wp\/v2\/product\/1693","targetHints":{"allow":["GET"]}}],"collection":[{"href":"https:\/\/www.blaubookshop.com\/en\/wp-json\/wp\/v2\/product"}],"about":[{"href":"https:\/\/www.blaubookshop.com\/en\/wp-json\/wp\/v2\/types\/product"}],"version-history":[{"count":1,"href":"https:\/\/www.blaubookshop.com\/en\/wp-json\/wp\/v2\/product\/1693\/revisions"}],"predecessor-version":[{"id":4304,"href":"https:\/\/www.blaubookshop.com\/en\/wp-json\/wp\/v2\/product\/1693\/revisions\/4304"}],"wp:featuredmedia":[{"embeddable":true,"href":"https:\/\/www.blaubookshop.com\/en\/wp-json\/wp\/v2\/media\/1350"}],"wp:attachment":[{"href":"https:\/\/www.blaubookshop.com\/en\/wp-json\/wp\/v2\/media?parent=1693"}],"wp:term":[{"taxonomy":"product_brand","embeddable":true,"href":"https:\/\/www.blaubookshop.com\/en\/wp-json\/wp\/v2\/product_brand?post=1693"},{"taxonomy":"product_cat","embeddable":true,"href":"https:\/\/www.blaubookshop.com\/en\/wp-json\/wp\/v2\/product_cat?post=1693"},{"taxonomy":"product_tag","embeddable":true,"href":"https:\/\/www.blaubookshop.com\/en\/wp-json\/wp\/v2\/product_tag?post=1693"}],"curies":[{"name":"wp","href":"https:\/\/api.w.org\/{rel}","templated":true}]}}