{"id":1699,"date":"2021-02-19T13:24:34","date_gmt":"2021-02-19T13:24:34","guid":{"rendered":"https:\/\/www.blaubookshop.com\/produto\/import-placeholder-for-77\/"},"modified":"2021-05-26T11:13:10","modified_gmt":"2021-05-26T11:13:10","slug":"power-architecture","status":"publish","type":"product","link":"https:\/\/www.blaubookshop.com\/en\/product\/power-architecture\/","title":{"rendered":"Power \/ Architecture"},"content":{"rendered":"<p>\u201cPoder Arquitectura\u201d \u00e9 o livro \/cat\u00e1logo da exposi\u00e7\u00e3o inaugural da Casa da Arquitectura que abriu ao p\u00fablico as portas das suas novas instala\u00e7\u00f5es, no renovado Quarteir\u00e3o da Real Vin\u00edcola em Matosinhos, nos dias 17, 18 e 19 de novembro 2017. Comissariada pelos arquitetos Jorge Carvalho, Pedro Bandeira e Ricardo Carvalho, a exposi\u00e7\u00e3o ocupou os cerca de 800 metros quadrados da Nave Expositiva com uma proposta de reflex\u00e3o em torno de \u201coito poderes que se alinham, infletem e divergem entre si\u201d.<br \/>\nPara os comiss\u00e1rios, \u201co poder na arquitectura \u00e9 um tema fundamental para questionar o modo como a sociedade contempor\u00e2nea e a arquitectura trabalham em conjunto\u201d. E prosseguem: \u201d A Arquitectura n\u00e3o \u00e9 apenas a express\u00e3o de um \u00fanico poder. Reflecte e trabalha a partir de v\u00e1rios poderes. Decidimos por isso isolar aqueles que parecem clarificar esta cartografia complexa. Deste modo surge o poder colectivo, o regulador, tecnol\u00f3gico, econ\u00f3mico, dom\u00e9stico, cultural, medi\u00e1tico e o ritual. No lastro longo da rela\u00e7\u00e3o entre homem e natureza, cultura e tecnologia estes poderes desempenharam for\u00e7as de intensidade vari\u00e1vel na produ\u00e7\u00e3o de artefactos arquitect\u00f3nicos e no desenho da cidade e do territ\u00f3rio. Hoje, face a uma import\u00e2ncia pol\u00ed\u00actica que desculpa e valida decis\u00f5es que lesam a coisa p\u00fablica e o significado das comunidades, parece haver lugar para uma nova reflex\u00e3o sobre o poder\u201d, l\u00ea-se no texto de abertura deste livro que acompanhou a Exposi\u00e7\u00e3o, uma coedi\u00e7\u00e3o da Casa da Arquitectura e da editora su\u00ed\u00e7a Lars M\u00fcller.<\/p>","protected":false},"excerpt":{"rendered":"<p>Pedro Bandeira, Ricardo Carvalho, Jorge Carvalho<br \/>\nISBN: 9783037785461<br \/>\nCasa da Arquitectura \/ Lars Muller<br \/>\nCapa dura, 260 pp, 17 x 24 cm<br \/>\nEnglish<br \/>\n17\/11\/2017<\/p>","protected":false},"featured_media":820,"template":"","meta":{"ocean_post_layout":"","ocean_both_sidebars_style":"","ocean_both_sidebars_content_width":0,"ocean_both_sidebars_sidebars_width":0,"ocean_sidebar":"","ocean_second_sidebar":"","ocean_disable_margins":"enable","ocean_add_body_class":"","ocean_shortcode_before_top_bar":"","ocean_shortcode_after_top_bar":"","ocean_shortcode_before_header":"","ocean_shortcode_after_header":"","ocean_has_shortcode":"","ocean_shortcode_after_title":"","ocean_shortcode_before_footer_widgets":"","ocean_shortcode_after_footer_widgets":"","ocean_shortcode_before_footer_bottom":"","ocean_shortcode_after_footer_bottom":"","ocean_display_top_bar":"default","ocean_display_header":"default","ocean_header_style":"","ocean_center_header_left_menu":"","ocean_custom_header_template":"","ocean_custom_logo":0,"ocean_custom_retina_logo":0,"ocean_custom_logo_max_width":0,"ocean_custom_logo_tablet_max_width":0,"ocean_custom_logo_mobile_max_width":0,"ocean_custom_logo_max_height":0,"ocean_custom_logo_tablet_max_height":0,"ocean_custom_logo_mobile_max_height":0,"ocean_header_custom_menu":"","ocean_menu_typo_font_family":"","ocean_menu_typo_font_subset":"","ocean_menu_typo_font_size":0,"ocean_menu_typo_font_size_tablet":0,"ocean_menu_typo_font_size_mobile":0,"ocean_menu_typo_font_size_unit":"px","ocean_menu_typo_font_weight":"","ocean_menu_typo_font_weight_tablet":"","ocean_menu_typo_font_weight_mobile":"","ocean_menu_typo_transform":"","ocean_menu_typo_transform_tablet":"","ocean_menu_typo_transform_mobile":"","ocean_menu_typo_line_height":0,"ocean_menu_typo_line_height_tablet":0,"ocean_menu_typo_line_height_mobile":0,"ocean_menu_typo_line_height_unit":"","ocean_menu_typo_spacing":0,"ocean_menu_typo_spacing_tablet":0,"ocean_menu_typo_spacing_mobile":0,"ocean_menu_typo_spacing_unit":"","ocean_menu_link_color":"","ocean_menu_link_color_hover":"","ocean_menu_link_color_active":"","ocean_menu_link_background":"","ocean_menu_link_hover_background":"","ocean_menu_link_active_background":"","ocean_menu_social_links_bg":"","ocean_menu_social_hover_links_bg":"","ocean_menu_social_links_color":"","ocean_menu_social_hover_links_color":"","ocean_disable_title":"default","ocean_disable_heading":"default","ocean_post_title":"","ocean_post_subheading":"","ocean_post_title_style":"","ocean_post_title_background_color":"","ocean_post_title_background":0,"ocean_post_title_bg_image_position":"","ocean_post_title_bg_image_attachment":"","ocean_post_title_bg_image_repeat":"","ocean_post_title_bg_image_size":"","ocean_post_title_height":0,"ocean_post_title_bg_overlay":0.5,"ocean_post_title_bg_overlay_color":"","ocean_disable_breadcrumbs":"default","ocean_breadcrumbs_color":"","ocean_breadcrumbs_separator_color":"","ocean_breadcrumbs_links_color":"","ocean_breadcrumbs_links_hover_color":"","ocean_display_footer_widgets":"default","ocean_display_footer_bottom":"default","ocean_custom_footer_template":""},"product_brand":[],"product_cat":[72,210,71],"product_tag":[],"class_list":{"0":"post-1699","1":"product","2":"type-product","3":"status-publish","4":"has-post-thumbnail","6":"product_cat-arquitectura-uk","7":"product_cat-ensaios-arquitectura-uk","8":"product_cat-livros-em-ingles","10":"entry","11":"has-media","13":"first","14":"instock","15":"sale","16":"taxable","17":"shipping-taxable","18":"purchasable","19":"product-type-simple","20":"col","21":"span_1_of_3","22":"owp-content-left","23":"owp-thumbs-layout-horizontal","24":"owp-btn-normal","25":"owp-tabs-layout-horizontal","26":"has-no-thumbnails","27":"circle-sale"},"_links":{"self":[{"href":"https:\/\/www.blaubookshop.com\/en\/wp-json\/wp\/v2\/product\/1699","targetHints":{"allow":["GET"]}}],"collection":[{"href":"https:\/\/www.blaubookshop.com\/en\/wp-json\/wp\/v2\/product"}],"about":[{"href":"https:\/\/www.blaubookshop.com\/en\/wp-json\/wp\/v2\/types\/product"}],"version-history":[{"count":1,"href":"https:\/\/www.blaubookshop.com\/en\/wp-json\/wp\/v2\/product\/1699\/revisions"}],"predecessor-version":[{"id":4284,"href":"https:\/\/www.blaubookshop.com\/en\/wp-json\/wp\/v2\/product\/1699\/revisions\/4284"}],"wp:featuredmedia":[{"embeddable":true,"href":"https:\/\/www.blaubookshop.com\/en\/wp-json\/wp\/v2\/media\/820"}],"wp:attachment":[{"href":"https:\/\/www.blaubookshop.com\/en\/wp-json\/wp\/v2\/media?parent=1699"}],"wp:term":[{"taxonomy":"product_brand","embeddable":true,"href":"https:\/\/www.blaubookshop.com\/en\/wp-json\/wp\/v2\/product_brand?post=1699"},{"taxonomy":"product_cat","embeddable":true,"href":"https:\/\/www.blaubookshop.com\/en\/wp-json\/wp\/v2\/product_cat?post=1699"},{"taxonomy":"product_tag","embeddable":true,"href":"https:\/\/www.blaubookshop.com\/en\/wp-json\/wp\/v2\/product_tag?post=1699"}],"curies":[{"name":"wp","href":"https:\/\/api.w.org\/{rel}","templated":true}]}}