{"id":1703,"date":"2021-02-19T13:24:35","date_gmt":"2021-02-19T13:24:35","guid":{"rendered":"https:\/\/www.blaubookshop.com\/produto\/import-placeholder-for-81\/"},"modified":"2023-06-16T10:20:52","modified_gmt":"2023-06-16T10:20:52","slug":"mies-van-der-rohe-brno-the-tugendhat-housemies-van-der-rohe","status":"publish","type":"product","link":"https:\/\/www.blaubookshop.com\/en\/product\/mies-van-der-rohe-brno-the-tugendhat-housemies-van-der-rohe\/","title":{"rendered":"Mies van der Rohe: Brno, the Tugendhat HouseMies van der Rohe"},"content":{"rendered":"<p>Mies in Brno. The Tugendhat House monograph is the first comprehensive work on the history of the world-famous icon of modern architecture, from its inception to renewal and restoration in 2010\u20132012. It was published in late 2012 as the first publication from the book series by the Study and Documentation Centre in Villa Tugendhat (SDC-VT); the English version was published as the second item of the SDC-VT publications in July 2013. It presents not only the known facts about the building, but also a number of new findings, which have not yet been published. Its title is a follow-up on generous publications book projects presenting the work of Ludwig Mies van der Rohe in the U.S. and Germany (Mies in America and Mies in Berlin). The book is divided into four main chapters.<\/p>\n<p>The first chapter, THE BULDING\u2019S GENESIS, includes a text titled The New Brno outlines the construction context of Brno from the 19th century, when modern Brno began to be built, until 1930, when the famous Tugendhat House was created in the middle of the inter-war era. The text Mies in Brno \u2013 The Tugendhat House presents the L\u00f6w-Beer and Tugendhat families to the readers and through quotations from a lecture by Grete Tugendhat and other sources describes the circumstances of the inception and construction of the house in 1928\u20131930. It is followed by studies on the The Tugendhat House\u2019s Space and The Garden \u2013 The Building\u2019s Natural Setting. The first chapter is concluded by a section about the Wilhelm Lehmbruck\u2019s Torso of a Walking Woman or Torso Turning by Wilhelm Lehmbruck, devoted to the single work of art in the Tugendhat House. Lehmbruck\u2019s statue from the Tugendhat House is also subject of a separate publication, Torso. A Work of art in the Tugendhat House, which was released in September 2013 as the third volume of the SDC-VT book series.<\/p>\n<p>The second chapter, entitled THE HOUSE\u2019S SUBSEQUENT FATE fairly extensively covers the Wartime and post-war fate of the House and its Owners and is accompanied by the historical context of the period. The text Franti\u0161ek Kalivoda\u2019s Initiative on the House\u2019s Restoration describes the first efforts to restore the villa in the 1960\u2019s, which took place against the background of social and political d\u00e9tente in the socialist Czechoslovakia, also connected with the first professional interests in the architecture of the interwar period. The second chapter is concluded by a text focusing on the Renovation and Reconstruction 1981\u20131985, which approximates and corrects the \u2013 until recently \u2013 negative perception of this moment in the history of the house.<\/p>\n<p>The third chapter focuses on the rehabilitation of the house in 2010\u20132012. Separate texts speak about The Renovation and Restoration project, CIC: Conservation-Science Study of the Tugendhat House, and the Renovation and restoration 2010\u20132012, which describes the implementation phase itself. Individual texts are also devoted to the International Expert Advisory Committee for the Restoration of the Tugendhat House \u2013 THICOM and The Tugendhat House \u2013 Conservation of a UNESCO World Heritage Property.<\/p>\n<p>The fourth chapter called THE BUILDING\u2019S MATERIALITY focuses in its shorter texts with rich visual content on the key restoration professions: Plasters and Renders, Stone, Metals and Glass, Selected Historical Technical Equipment, Restoration of original Joinery, Metal and Wooden Furniture, Carpets, Curtains, Ceramic Floor and Wall Tiles, Sanitaryware.<\/p>\n<p>The appendix of the book consists of an inventory of the main List of Contractors and Suppliers, including the financial costs of renewing and restoring the house. The texts are generously accompanied by many photos (370 images in total), consisting of archival and contemporary photographs, documents, drawings, etc. The book, mainly aimed at the expert public, is deliberately designed so that its content and visual elements will certainly attract even the general public.<\/p>","protected":false},"excerpt":{"rendered":"<p>Iveta \u010cern\u00e1, Dagmar \u010cernou\u0161kov\u00e1, Pavel Li\u0161ka<br \/>\nISBN: 978808654651<br \/>\nBrno : Brno City Museum<br \/>\nBrochura, 80 pp, 23,5 x 27 cm<br \/>\nEnglish<br \/>\n7\/7\/2013<\/p>","protected":false},"featured_media":797,"template":"","meta":{"ocean_post_layout":"","ocean_both_sidebars_style":"","ocean_both_sidebars_content_width":0,"ocean_both_sidebars_sidebars_width":0,"ocean_sidebar":"0","ocean_second_sidebar":"0","ocean_disable_margins":"enable","ocean_add_body_class":"","ocean_shortcode_before_top_bar":"","ocean_shortcode_after_top_bar":"","ocean_shortcode_before_header":"","ocean_shortcode_after_header":"","ocean_has_shortcode":"","ocean_shortcode_after_title":"","ocean_shortcode_before_footer_widgets":"","ocean_shortcode_after_footer_widgets":"","ocean_shortcode_before_footer_bottom":"","ocean_shortcode_after_footer_bottom":"","ocean_display_top_bar":"default","ocean_display_header":"default","ocean_header_style":"","ocean_center_header_left_menu":"0","ocean_custom_header_template":"0","ocean_custom_logo":0,"ocean_custom_retina_logo":0,"ocean_custom_logo_max_width":0,"ocean_custom_logo_tablet_max_width":0,"ocean_custom_logo_mobile_max_width":0,"ocean_custom_logo_max_height":0,"ocean_custom_logo_tablet_max_height":0,"ocean_custom_logo_mobile_max_height":0,"ocean_header_custom_menu":"0","ocean_menu_typo_font_family":"0","ocean_menu_typo_font_subset":"","ocean_menu_typo_font_size":0,"ocean_menu_typo_font_size_tablet":0,"ocean_menu_typo_font_size_mobile":0,"ocean_menu_typo_font_size_unit":"px","ocean_menu_typo_font_weight":"","ocean_menu_typo_font_weight_tablet":"","ocean_menu_typo_font_weight_mobile":"","ocean_menu_typo_transform":"","ocean_menu_typo_transform_tablet":"","ocean_menu_typo_transform_mobile":"","ocean_menu_typo_line_height":0,"ocean_menu_typo_line_height_tablet":0,"ocean_menu_typo_line_height_mobile":0,"ocean_menu_typo_line_height_unit":"","ocean_menu_typo_spacing":0,"ocean_menu_typo_spacing_tablet":0,"ocean_menu_typo_spacing_mobile":0,"ocean_menu_typo_spacing_unit":"","ocean_menu_link_color":"","ocean_menu_link_color_hover":"","ocean_menu_link_color_active":"","ocean_menu_link_background":"","ocean_menu_link_hover_background":"","ocean_menu_link_active_background":"","ocean_menu_social_links_bg":"","ocean_menu_social_hover_links_bg":"","ocean_menu_social_links_color":"","ocean_menu_social_hover_links_color":"","ocean_disable_title":"default","ocean_disable_heading":"default","ocean_post_title":"","ocean_post_subheading":"","ocean_post_title_style":"","ocean_post_title_background_color":"","ocean_post_title_background":0,"ocean_post_title_bg_image_position":"","ocean_post_title_bg_image_attachment":"","ocean_post_title_bg_image_repeat":"","ocean_post_title_bg_image_size":"","ocean_post_title_height":0,"ocean_post_title_bg_overlay":0.5,"ocean_post_title_bg_overlay_color":"","ocean_disable_breadcrumbs":"default","ocean_breadcrumbs_color":"","ocean_breadcrumbs_separator_color":"","ocean_breadcrumbs_links_color":"","ocean_breadcrumbs_links_hover_color":"","ocean_display_footer_widgets":"default","ocean_display_footer_bottom":"default","ocean_custom_footer_template":"0"},"product_brand":[],"product_cat":[207,71],"product_tag":[],"class_list":{"0":"post-1703","1":"product","2":"type-product","3":"status-publish","4":"has-post-thumbnail","6":"product_cat-edificios-arquitectura-uk","7":"product_cat-livros-em-ingles","9":"entry","10":"has-media","12":"first","13":"instock","14":"sale","15":"taxable","16":"shipping-taxable","17":"purchasable","18":"product-type-simple","19":"col","20":"span_1_of_3","21":"owp-content-left","22":"owp-thumbs-layout-horizontal","23":"owp-btn-normal","24":"owp-tabs-layout-horizontal","25":"has-no-thumbnails","26":"circle-sale"},"_links":{"self":[{"href":"https:\/\/www.blaubookshop.com\/en\/wp-json\/wp\/v2\/product\/1703","targetHints":{"allow":["GET"]}}],"collection":[{"href":"https:\/\/www.blaubookshop.com\/en\/wp-json\/wp\/v2\/product"}],"about":[{"href":"https:\/\/www.blaubookshop.com\/en\/wp-json\/wp\/v2\/types\/product"}],"version-history":[{"count":1,"href":"https:\/\/www.blaubookshop.com\/en\/wp-json\/wp\/v2\/product\/1703\/revisions"}],"predecessor-version":[{"id":4204,"href":"https:\/\/www.blaubookshop.com\/en\/wp-json\/wp\/v2\/product\/1703\/revisions\/4204"}],"wp:featuredmedia":[{"embeddable":true,"href":"https:\/\/www.blaubookshop.com\/en\/wp-json\/wp\/v2\/media\/797"}],"wp:attachment":[{"href":"https:\/\/www.blaubookshop.com\/en\/wp-json\/wp\/v2\/media?parent=1703"}],"wp:term":[{"taxonomy":"product_brand","embeddable":true,"href":"https:\/\/www.blaubookshop.com\/en\/wp-json\/wp\/v2\/product_brand?post=1703"},{"taxonomy":"product_cat","embeddable":true,"href":"https:\/\/www.blaubookshop.com\/en\/wp-json\/wp\/v2\/product_cat?post=1703"},{"taxonomy":"product_tag","embeddable":true,"href":"https:\/\/www.blaubookshop.com\/en\/wp-json\/wp\/v2\/product_tag?post=1703"}],"curies":[{"name":"wp","href":"https:\/\/api.w.org\/{rel}","templated":true}]}}