{"id":1706,"date":"2021-02-19T13:24:35","date_gmt":"2021-02-19T13:24:35","guid":{"rendered":"https:\/\/www.blaubookshop.com\/produto\/import-placeholder-for-84\/"},"modified":"2024-12-14T21:46:19","modified_gmt":"2024-12-14T21:46:19","slug":"arquitectura-popular-em-portugal","status":"publish","type":"product","link":"https:\/\/www.blaubookshop.com\/en\/product\/arquitectura-popular-em-portugal\/","title":{"rendered":"Arquitectura Popular em Portugal"},"content":{"rendered":"<p>O melhor livro de arquitectura portuguesa, ou nas palavras de Helena Roseta (Maio 2003):<br \/>\n&#8220;S\u00f3 se ama aquilo que se conhece. \u00c9 tamb\u00e9m de uma hist\u00f3ria de amor que este livro trata: amor pela paisagem, amor pelo territ\u00f3rio, amor pela arquitectura nascida &#8221; deste ch\u00e3o duro e ruim&#8221;, de que falou Miguel Torga e que Orlando Ribeiro t\u00e3o bem compreendeu. \u00c9 desse amor que tem de nascer a vontade de imaginar um futuro para o passado. E \u00e9 talvez essa a principal mensagem deste livro, hoje.&#8221;<\/p>\n<p>Significantly revised edition of this important work with English and French summaries. The first edition was published by the Sindicato Nacional dos Arquitectos, 1961. The second edition and third editions were published by the Associa\u00e7\u00e3o dos Arquitectos Portugueses, 1980 and 1988. This fourth edition was published by Ordem dos Arquitectos, 2004. Among the authors of texts and providers of images are Fernando T\u00e1vora, Rui Pimentel, Ant\u00f3nio Men\u00e9res, Oct\u00e1vio Lixa Filgueiras, Arnaldo Ara\u00fajo, Carlos Carvalho Dias, Francisco Keil do Amaral, Jos\u00e9 Huertas Lobo, Jo\u00e3o Jos\u00e9 Malato, Nuno Teot\u00f3nio Pereira, Ant\u00f3nio Pinto de Freitas, Francisco Silva Dias, Frederico George, Ant\u00f3nio Azevedo Gomes, Alfredo Mata Antunes, Artur Pires Martins, Celestino de Castro, and Fernando Torres. AFFONSO, Jo\u00e3o, Fernando Martins, and Cristina Meneses, eds. Arquitectura popular em Portugal. Preface to the 4th ed. by Helena Roseta. Preface to the 3rd ed. by Nuno Teot\u00f3nio Pereira. Preface to the 2nd ed. by Antonieta Silva Dias, Ant\u00f3nio Mattos Gomes, Celestino de Castro, et al. Preface to the 1st ed. by In\u00e1cio Peres Fernandes, Manuel Mendes Tainha, Rui Mendes de Paula and Jos\u00e9 Rafael Botelho.<\/p>","protected":false},"excerpt":{"rendered":"<p>AAVV<br \/>\nISBN: 9789729766879<br \/>\nOrdem dos Arquitectos<br \/>\nCapa dura, 440 pp, 22,7 x 29,4 x 94 cm<br \/>\nPortuguese<br \/>\n01\/04\/2000<\/p>","protected":false},"featured_media":1214,"template":"","meta":{"ocean_post_layout":"","ocean_both_sidebars_style":"","ocean_both_sidebars_content_width":0,"ocean_both_sidebars_sidebars_width":0,"ocean_sidebar":"0","ocean_second_sidebar":"0","ocean_disable_margins":"enable","ocean_add_body_class":"","ocean_shortcode_before_top_bar":"","ocean_shortcode_after_top_bar":"","ocean_shortcode_before_header":"","ocean_shortcode_after_header":"","ocean_has_shortcode":"","ocean_shortcode_after_title":"","ocean_shortcode_before_footer_widgets":"","ocean_shortcode_after_footer_widgets":"","ocean_shortcode_before_footer_bottom":"","ocean_shortcode_after_footer_bottom":"","ocean_display_top_bar":"default","ocean_display_header":"default","ocean_header_style":"","ocean_center_header_left_menu":"0","ocean_custom_header_template":"0","ocean_custom_logo":0,"ocean_custom_retina_logo":0,"ocean_custom_logo_max_width":0,"ocean_custom_logo_tablet_max_width":0,"ocean_custom_logo_mobile_max_width":0,"ocean_custom_logo_max_height":0,"ocean_custom_logo_tablet_max_height":0,"ocean_custom_logo_mobile_max_height":0,"ocean_header_custom_menu":"0","ocean_menu_typo_font_family":"0","ocean_menu_typo_font_subset":"","ocean_menu_typo_font_size":0,"ocean_menu_typo_font_size_tablet":0,"ocean_menu_typo_font_size_mobile":0,"ocean_menu_typo_font_size_unit":"px","ocean_menu_typo_font_weight":"","ocean_menu_typo_font_weight_tablet":"","ocean_menu_typo_font_weight_mobile":"","ocean_menu_typo_transform":"","ocean_menu_typo_transform_tablet":"","ocean_menu_typo_transform_mobile":"","ocean_menu_typo_line_height":0,"ocean_menu_typo_line_height_tablet":0,"ocean_menu_typo_line_height_mobile":0,"ocean_menu_typo_line_height_unit":"","ocean_menu_typo_spacing":0,"ocean_menu_typo_spacing_tablet":0,"ocean_menu_typo_spacing_mobile":0,"ocean_menu_typo_spacing_unit":"","ocean_menu_link_color":"","ocean_menu_link_color_hover":"","ocean_menu_link_color_active":"","ocean_menu_link_background":"","ocean_menu_link_hover_background":"","ocean_menu_link_active_background":"","ocean_menu_social_links_bg":"","ocean_menu_social_hover_links_bg":"","ocean_menu_social_links_color":"","ocean_menu_social_hover_links_color":"","ocean_disable_title":"default","ocean_disable_heading":"default","ocean_post_title":"","ocean_post_subheading":"","ocean_post_title_style":"","ocean_post_title_background_color":"","ocean_post_title_background":0,"ocean_post_title_bg_image_position":"","ocean_post_title_bg_image_attachment":"","ocean_post_title_bg_image_repeat":"","ocean_post_title_bg_image_size":"","ocean_post_title_height":0,"ocean_post_title_bg_overlay":0.5,"ocean_post_title_bg_overlay_color":"","ocean_disable_breadcrumbs":"default","ocean_breadcrumbs_color":"","ocean_breadcrumbs_separator_color":"","ocean_breadcrumbs_links_color":"","ocean_breadcrumbs_links_hover_color":"","ocean_display_footer_widgets":"default","ocean_display_footer_bottom":"default","ocean_custom_footer_template":"0"},"product_brand":[],"product_cat":[231,72,52,199,214,92,71,51,165,169,67,93,83],"product_tag":[],"class_list":{"0":"post-1706","1":"product","2":"type-product","3":"status-publish","4":"has-post-thumbnail","6":"product_cat-arquitectura-livros-em-frances","7":"product_cat-arquitectura-uk","8":"product_cat-arquitectura-pt","9":"product_cat-colectaneas","10":"product_cat-colectaneas-arquitectura-uk","11":"product_cat-livros-em-frances","12":"product_cat-livros-em-ingles","13":"product_cat-livros-em-portugues-pt","14":"product_cat-material-patrimonio-pt","15":"product_cat-material","16":"product_cat-patrimonio-pt","17":"product_cat-patrimonio-fr","18":"product_cat-patrimonio-uk","20":"entry","21":"has-media","23":"first","24":"instock","25":"sale","26":"taxable","27":"shipping-taxable","28":"purchasable","29":"product-type-simple","30":"col","31":"span_1_of_3","32":"owp-content-left","33":"owp-thumbs-layout-horizontal","34":"owp-btn-normal","35":"owp-tabs-layout-horizontal","36":"has-no-thumbnails","37":"circle-sale"},"_links":{"self":[{"href":"https:\/\/www.blaubookshop.com\/en\/wp-json\/wp\/v2\/product\/1706","targetHints":{"allow":["GET"]}}],"collection":[{"href":"https:\/\/www.blaubookshop.com\/en\/wp-json\/wp\/v2\/product"}],"about":[{"href":"https:\/\/www.blaubookshop.com\/en\/wp-json\/wp\/v2\/types\/product"}],"version-history":[{"count":1,"href":"https:\/\/www.blaubookshop.com\/en\/wp-json\/wp\/v2\/product\/1706\/revisions"}],"predecessor-version":[{"id":4338,"href":"https:\/\/www.blaubookshop.com\/en\/wp-json\/wp\/v2\/product\/1706\/revisions\/4338"}],"wp:featuredmedia":[{"embeddable":true,"href":"https:\/\/www.blaubookshop.com\/en\/wp-json\/wp\/v2\/media\/1214"}],"wp:attachment":[{"href":"https:\/\/www.blaubookshop.com\/en\/wp-json\/wp\/v2\/media?parent=1706"}],"wp:term":[{"taxonomy":"product_brand","embeddable":true,"href":"https:\/\/www.blaubookshop.com\/en\/wp-json\/wp\/v2\/product_brand?post=1706"},{"taxonomy":"product_cat","embeddable":true,"href":"https:\/\/www.blaubookshop.com\/en\/wp-json\/wp\/v2\/product_cat?post=1706"},{"taxonomy":"product_tag","embeddable":true,"href":"https:\/\/www.blaubookshop.com\/en\/wp-json\/wp\/v2\/product_tag?post=1706"}],"curies":[{"name":"wp","href":"https:\/\/api.w.org\/{rel}","templated":true}]}}