{"id":1715,"date":"2021-02-19T13:24:51","date_gmt":"2021-02-19T13:24:51","guid":{"rendered":"https:\/\/www.blaubookshop.com\/produto\/import-placeholder-for-93\/"},"modified":"2024-08-11T10:33:33","modified_gmt":"2024-08-11T10:33:33","slug":"a-arquitectura-do-quotidiano-publico-e-privado-no-espaco-domestico-da-burguesia-portuense-no-final-do-seculo-xix","status":"publish","type":"product","link":"https:\/\/www.blaubookshop.com\/en\/product\/a-arquitectura-do-quotidiano-publico-e-privado-no-espaco-domestico-da-burguesia-portuense-no-final-do-seculo-xix\/","title":{"rendered":"A Arquitectura do Quotidiano: P\u00fablico e Privado no Espa\u00e7o Dom\u00e9stico da Burguesia Portuense no Final do S\u00e9culo XIX"},"content":{"rendered":"<p>\u201cPref\u00e1cio a uma narrativa sobre a continuidade\u201d Pref\u00e1cio de Alexandre Alves Costa<\/p>\n<p>Ao longo do s\u00e9culo XIX a burguesia afirmou-se como grupo social dominante. Primeiro come\u00e7ou por emular os h\u00e1bitos da aristocracia, mas ao longo do s\u00e9culo foi ganhando uma consci\u00eancia de classe que se revelou, por exemplo, no aparecimento da fam\u00edlia como refer\u00eancia moral. Com a idealiza\u00e7\u00e3o da fam\u00edlia surgiu tamb\u00e9m uma crescente aten\u00e7\u00e3o \u00e0 defini\u00e7\u00e3o das fronteiras entre o lugar onde ela est\u00e1 protegida e aquele onde se exp\u00f5e. Por outras palavras, come\u00e7ou a definir-se a fronteira entre os dom\u00ednios do privado e do p\u00fablico.<\/p>\n<p>O espa\u00e7o dom\u00e9stico \u2013 por defini\u00e7\u00e3o universo da intimidade familiar \u2013 constitui-se como um lugar onde a ansiedade por encontrar limites para esses dois dom\u00ednios se manifesta de forma intensa. Da\u00ed, a possibilidade de o espa\u00e7o dom\u00e9stico assumir o papel de meton\u00edmia do mundo em que vivemos, consagra-o como um objeto de estudo privilegiado.<\/p>\n<p>Com a arquitetura corrente da cidade do Porto como suporte, este estudo pretende contribuir para esclarecer se existe, como refere Walter Benjamin, um universo ilus\u00f3rio no qual a burguesia oitocentista constru\u00eda o seu quotidiano separado da realidade, ou se j\u00e1 se percebia a permeabilidade do espa\u00e7o dom\u00e9stico \u00e0 entrada do p\u00fablico, como reparou Beatriz Colomina nas casas dos primeiros Modernos.<\/p>","protected":false},"excerpt":{"rendered":"<p>Nelson Mota<br \/>\nISBN: 9789729982156<br \/>\nedarq<br \/>\nBrochura, 270 pp, 16,5 x 23 cm<br \/>\nPortuguese<br \/>\n02\/07\/1905<\/p>","protected":false},"featured_media":1223,"template":"","meta":{"ocean_post_layout":"","ocean_both_sidebars_style":"","ocean_both_sidebars_content_width":0,"ocean_both_sidebars_sidebars_width":0,"ocean_sidebar":"","ocean_second_sidebar":"","ocean_disable_margins":"enable","ocean_add_body_class":"","ocean_shortcode_before_top_bar":"","ocean_shortcode_after_top_bar":"","ocean_shortcode_before_header":"","ocean_shortcode_after_header":"","ocean_has_shortcode":"","ocean_shortcode_after_title":"","ocean_shortcode_before_footer_widgets":"","ocean_shortcode_after_footer_widgets":"","ocean_shortcode_before_footer_bottom":"","ocean_shortcode_after_footer_bottom":"","ocean_display_top_bar":"default","ocean_display_header":"default","ocean_header_style":"","ocean_center_header_left_menu":"","ocean_custom_header_template":"","ocean_custom_logo":0,"ocean_custom_retina_logo":0,"ocean_custom_logo_max_width":0,"ocean_custom_logo_tablet_max_width":0,"ocean_custom_logo_mobile_max_width":0,"ocean_custom_logo_max_height":0,"ocean_custom_logo_tablet_max_height":0,"ocean_custom_logo_mobile_max_height":0,"ocean_header_custom_menu":"","ocean_menu_typo_font_family":"","ocean_menu_typo_font_subset":"","ocean_menu_typo_font_size":0,"ocean_menu_typo_font_size_tablet":0,"ocean_menu_typo_font_size_mobile":0,"ocean_menu_typo_font_size_unit":"px","ocean_menu_typo_font_weight":"","ocean_menu_typo_font_weight_tablet":"","ocean_menu_typo_font_weight_mobile":"","ocean_menu_typo_transform":"","ocean_menu_typo_transform_tablet":"","ocean_menu_typo_transform_mobile":"","ocean_menu_typo_line_height":0,"ocean_menu_typo_line_height_tablet":0,"ocean_menu_typo_line_height_mobile":0,"ocean_menu_typo_line_height_unit":"","ocean_menu_typo_spacing":0,"ocean_menu_typo_spacing_tablet":0,"ocean_menu_typo_spacing_mobile":0,"ocean_menu_typo_spacing_unit":"","ocean_menu_link_color":"","ocean_menu_link_color_hover":"","ocean_menu_link_color_active":"","ocean_menu_link_background":"","ocean_menu_link_hover_background":"","ocean_menu_link_active_background":"","ocean_menu_social_links_bg":"","ocean_menu_social_hover_links_bg":"","ocean_menu_social_links_color":"","ocean_menu_social_hover_links_color":"","ocean_disable_title":"default","ocean_disable_heading":"default","ocean_post_title":"","ocean_post_subheading":"","ocean_post_title_style":"","ocean_post_title_background_color":"","ocean_post_title_background":0,"ocean_post_title_bg_image_position":"","ocean_post_title_bg_image_attachment":"","ocean_post_title_bg_image_repeat":"","ocean_post_title_bg_image_size":"","ocean_post_title_height":0,"ocean_post_title_bg_overlay":0.5,"ocean_post_title_bg_overlay_color":"","ocean_disable_breadcrumbs":"default","ocean_breadcrumbs_color":"","ocean_breadcrumbs_separator_color":"","ocean_breadcrumbs_links_color":"","ocean_breadcrumbs_links_hover_color":"","ocean_display_footer_widgets":"default","ocean_display_footer_bottom":"default","ocean_custom_footer_template":""},"product_brand":[],"product_cat":[52,194,51],"product_tag":[],"class_list":{"0":"post-1715","1":"product","2":"type-product","3":"status-publish","4":"has-post-thumbnail","6":"product_cat-arquitectura-pt","7":"product_cat-historia","8":"product_cat-livros-em-portugues-pt","10":"entry","11":"has-media","13":"first","14":"instock","15":"sale","16":"taxable","17":"shipping-taxable","18":"purchasable","19":"product-type-simple","20":"col","21":"span_1_of_3","22":"owp-content-left","23":"owp-thumbs-layout-horizontal","24":"owp-btn-normal","25":"owp-tabs-layout-horizontal","26":"has-no-thumbnails","27":"circle-sale"},"_links":{"self":[{"href":"https:\/\/www.blaubookshop.com\/en\/wp-json\/wp\/v2\/product\/1715","targetHints":{"allow":["GET"]}}],"collection":[{"href":"https:\/\/www.blaubookshop.com\/en\/wp-json\/wp\/v2\/product"}],"about":[{"href":"https:\/\/www.blaubookshop.com\/en\/wp-json\/wp\/v2\/types\/product"}],"version-history":[{"count":1,"href":"https:\/\/www.blaubookshop.com\/en\/wp-json\/wp\/v2\/product\/1715\/revisions"}],"predecessor-version":[{"id":4299,"href":"https:\/\/www.blaubookshop.com\/en\/wp-json\/wp\/v2\/product\/1715\/revisions\/4299"}],"wp:featuredmedia":[{"embeddable":true,"href":"https:\/\/www.blaubookshop.com\/en\/wp-json\/wp\/v2\/media\/1223"}],"wp:attachment":[{"href":"https:\/\/www.blaubookshop.com\/en\/wp-json\/wp\/v2\/media?parent=1715"}],"wp:term":[{"taxonomy":"product_brand","embeddable":true,"href":"https:\/\/www.blaubookshop.com\/en\/wp-json\/wp\/v2\/product_brand?post=1715"},{"taxonomy":"product_cat","embeddable":true,"href":"https:\/\/www.blaubookshop.com\/en\/wp-json\/wp\/v2\/product_cat?post=1715"},{"taxonomy":"product_tag","embeddable":true,"href":"https:\/\/www.blaubookshop.com\/en\/wp-json\/wp\/v2\/product_tag?post=1715"}],"curies":[{"name":"wp","href":"https:\/\/api.w.org\/{rel}","templated":true}]}}