{"id":1724,"date":"2021-02-19T13:24:53","date_gmt":"2021-02-19T13:24:53","guid":{"rendered":"https:\/\/www.blaubookshop.com\/produto\/import-placeholder-for-102\/"},"modified":"2024-08-14T19:19:31","modified_gmt":"2024-08-14T19:19:31","slug":"joelho-n-o-02","status":"publish","type":"product","link":"https:\/\/www.blaubookshop.com\/en\/product\/joelho-n-o-02\/","title":{"rendered":"Joelho 02 &#8211; Intersec\u00e7\u00f5es: Antropologia e Arquitectura"},"content":{"rendered":"<p>Coord. Paulo Provid\u00eancia, Sandra Xavier, Lu\u00eds Quintais<br \/>\nO presente n\u00famero da revista Joelho edita as comunica\u00e7\u00f5es apresentadas no Col\u00f3quio Internacional \u201cIntersec\u00e7\u00f5es: antropologia e arquitectura \/ Crisscrossing Anthropology and Architecture\u201d, inserido nos Col\u00f3quios de Outono promovidos pela Reitora da Universidade de Coimbra, e que tiveram lugar no audit\u00f3rio da Reitoria, em duas sess\u00f5es, nos dias 23 e 24 de Novembro de 2009; para al\u00e9m das comunica\u00e7\u00f5es, edita-se ainda o debate que decorreu ap\u00f3s as sess\u00f5es e um conjunto de coment\u00e1rios, realizados posteriormente, que enquadram e abrem perspectivas sobre o col\u00f3quio e<br \/>\nsuas comunica\u00e7\u00f5es.<br \/>\nOs convites endere\u00e7ados aos conferencistas, que naturalmente inclu\u00edam arquitetos e antrop\u00f3logos, procurava o registo de duas pr\u00e1ticas projetuais e etnogr\u00e1ficas; uma, que poderemos designar de moderna, via na a\u00e7\u00e3o ou interven\u00e7\u00e3o sobre o real o seu campo de a\u00e7\u00e3o; outra, que poderemos designar de cr\u00edtica, procurava a desmontagem das apropria\u00e7\u00f5es rec\u00edprocas dos discursos; desta forma, os col\u00f3quios mais que um<br \/>\nponto de situa\u00e7\u00e3o sobre a atualidade procuravam constituir-se como um ponto de partida, ou um ponto a partir do qual se poderia iniciar um debate sobre os cruzamentos disciplinares; o registo disso mesmo se poder\u00e1 ler na transcri\u00e7\u00e3o dos debates que se seguiram \u00e0 apresenta\u00e7\u00e3o das comunica\u00e7\u00f5es.<\/p>","protected":false},"excerpt":{"rendered":"<p>Paulo Provid\u00eancia, Sandra Xavier, Lu\u00eds Quintais (eds.)<br \/>\nISSN: 9770874616027<br \/>\nedarq<br \/>\nBrochura, 152 pp, 18 x 24 cm<br \/>\nBilingual - Portuguese and English<br \/>\n31\/10\/2011<\/p>","protected":false},"featured_media":816,"template":"","meta":{"ocean_post_layout":"","ocean_both_sidebars_style":"","ocean_both_sidebars_content_width":0,"ocean_both_sidebars_sidebars_width":0,"ocean_sidebar":"0","ocean_second_sidebar":"0","ocean_disable_margins":"enable","ocean_add_body_class":"","ocean_shortcode_before_top_bar":"","ocean_shortcode_after_top_bar":"","ocean_shortcode_before_header":"","ocean_shortcode_after_header":"","ocean_has_shortcode":"","ocean_shortcode_after_title":"","ocean_shortcode_before_footer_widgets":"","ocean_shortcode_after_footer_widgets":"","ocean_shortcode_before_footer_bottom":"","ocean_shortcode_after_footer_bottom":"","ocean_display_top_bar":"default","ocean_display_header":"default","ocean_header_style":"","ocean_center_header_left_menu":"0","ocean_custom_header_template":"0","ocean_custom_logo":0,"ocean_custom_retina_logo":0,"ocean_custom_logo_max_width":0,"ocean_custom_logo_tablet_max_width":0,"ocean_custom_logo_mobile_max_width":0,"ocean_custom_logo_max_height":0,"ocean_custom_logo_tablet_max_height":0,"ocean_custom_logo_mobile_max_height":0,"ocean_header_custom_menu":"0","ocean_menu_typo_font_family":"0","ocean_menu_typo_font_subset":"","ocean_menu_typo_font_size":0,"ocean_menu_typo_font_size_tablet":0,"ocean_menu_typo_font_size_mobile":0,"ocean_menu_typo_font_size_unit":"px","ocean_menu_typo_font_weight":"","ocean_menu_typo_font_weight_tablet":"","ocean_menu_typo_font_weight_mobile":"","ocean_menu_typo_transform":"","ocean_menu_typo_transform_tablet":"","ocean_menu_typo_transform_mobile":"","ocean_menu_typo_line_height":0,"ocean_menu_typo_line_height_tablet":0,"ocean_menu_typo_line_height_mobile":0,"ocean_menu_typo_line_height_unit":"","ocean_menu_typo_spacing":0,"ocean_menu_typo_spacing_tablet":0,"ocean_menu_typo_spacing_mobile":0,"ocean_menu_typo_spacing_unit":"","ocean_menu_link_color":"","ocean_menu_link_color_hover":"","ocean_menu_link_color_active":"","ocean_menu_link_background":"","ocean_menu_link_hover_background":"","ocean_menu_link_active_background":"","ocean_menu_social_links_bg":"","ocean_menu_social_hover_links_bg":"","ocean_menu_social_links_color":"","ocean_menu_social_hover_links_color":"","ocean_disable_title":"default","ocean_disable_heading":"default","ocean_post_title":"","ocean_post_subheading":"","ocean_post_title_style":"","ocean_post_title_background_color":"","ocean_post_title_background":0,"ocean_post_title_bg_image_position":"","ocean_post_title_bg_image_attachment":"","ocean_post_title_bg_image_repeat":"","ocean_post_title_bg_image_size":"","ocean_post_title_height":0,"ocean_post_title_bg_overlay":0.5,"ocean_post_title_bg_overlay_color":"","ocean_disable_breadcrumbs":"default","ocean_breadcrumbs_color":"","ocean_breadcrumbs_separator_color":"","ocean_breadcrumbs_links_color":"","ocean_breadcrumbs_links_hover_color":"","ocean_display_footer_widgets":"default","ocean_display_footer_bottom":"default","ocean_custom_footer_template":"0"},"product_brand":[],"product_cat":[52,195,71,51,201],"product_tag":[],"class_list":{"0":"post-1724","1":"product","2":"type-product","3":"status-publish","4":"has-post-thumbnail","6":"product_cat-arquitectura-pt","7":"product_cat-ensaios","8":"product_cat-livros-em-ingles","9":"product_cat-livros-em-portugues-pt","10":"product_cat-revistas-arquitectura-pt","12":"entry","13":"has-media","15":"first","16":"instock","17":"sale","18":"taxable","19":"shipping-taxable","20":"purchasable","21":"product-type-simple","22":"col","23":"span_1_of_3","24":"owp-content-left","25":"owp-thumbs-layout-horizontal","26":"owp-btn-normal","27":"owp-tabs-layout-horizontal","28":"has-no-thumbnails","29":"circle-sale"},"_links":{"self":[{"href":"https:\/\/www.blaubookshop.com\/en\/wp-json\/wp\/v2\/product\/1724","targetHints":{"allow":["GET"]}}],"collection":[{"href":"https:\/\/www.blaubookshop.com\/en\/wp-json\/wp\/v2\/product"}],"about":[{"href":"https:\/\/www.blaubookshop.com\/en\/wp-json\/wp\/v2\/types\/product"}],"version-history":[{"count":3,"href":"https:\/\/www.blaubookshop.com\/en\/wp-json\/wp\/v2\/product\/1724\/revisions"}],"predecessor-version":[{"id":5947,"href":"https:\/\/www.blaubookshop.com\/en\/wp-json\/wp\/v2\/product\/1724\/revisions\/5947"}],"wp:featuredmedia":[{"embeddable":true,"href":"https:\/\/www.blaubookshop.com\/en\/wp-json\/wp\/v2\/media\/816"}],"wp:attachment":[{"href":"https:\/\/www.blaubookshop.com\/en\/wp-json\/wp\/v2\/media?parent=1724"}],"wp:term":[{"taxonomy":"product_brand","embeddable":true,"href":"https:\/\/www.blaubookshop.com\/en\/wp-json\/wp\/v2\/product_brand?post=1724"},{"taxonomy":"product_cat","embeddable":true,"href":"https:\/\/www.blaubookshop.com\/en\/wp-json\/wp\/v2\/product_cat?post=1724"},{"taxonomy":"product_tag","embeddable":true,"href":"https:\/\/www.blaubookshop.com\/en\/wp-json\/wp\/v2\/product_tag?post=1724"}],"curies":[{"name":"wp","href":"https:\/\/api.w.org\/{rel}","templated":true}]}}