{"id":1726,"date":"2021-02-19T13:24:54","date_gmt":"2021-02-19T13:24:54","guid":{"rendered":"https:\/\/www.blaubookshop.com\/produto\/import-placeholder-for-104\/"},"modified":"2024-08-14T19:18:55","modified_gmt":"2024-08-14T19:18:55","slug":"joelho-n-o-04","status":"publish","type":"product","link":"https:\/\/www.blaubookshop.com\/en\/product\/joelho-n-o-04\/","title":{"rendered":"Joelho 04 &#8211; Teaching through Design"},"content":{"rendered":"<p>A JOELHO 4, com o tema &#8220;Ensinar pelo Projeto&#8221;, tem como objetivo debater os caminhos que t\u00eam sido trilhados pelo primeiro e segundo ciclo de estudos, e perspetivar formas de melhoria desse ensino considerando quatro quest\u00f5es:<br \/>\n1.identifica\u00e7\u00e3o de m\u00e9todos de projeto e de experi\u00eancias de ensino sobretudo de Projeto de Arquitetura<br \/>\n2.definir o papel concreto que cada ano curricular da disciplina de Projeto, como disciplina de s\u00edntese de conte\u00fados, dever\u00e1 ter em cada ciclo de estudos. 3.estabelecimento de algumas balizas conceptuais que permitam configurar as aptid\u00f5es que no final de cada ciclo de ensino os alunos dever\u00e3o ter<br \/>\n4.refletir sobre a articula\u00e7\u00e3o entre os dois primeiros ciclos e a sua continuidade quer com a vida profissional quer com o 3\u00ba ciclo.<\/p>","protected":false},"excerpt":{"rendered":"<p>Gon\u00e7alo Canto Moniz, Jorge Figueira (eds.)<br \/>\nISSN: 9771647254040<br \/>\nedarq<br \/>\nBrochura, 316 pp, 18 x 24 cm<br \/>\nBilingual - Portuguese and English<br \/>\n18\/10\/2013<\/p>","protected":false},"featured_media":818,"template":"","meta":{"ocean_post_layout":"","ocean_both_sidebars_style":"","ocean_both_sidebars_content_width":0,"ocean_both_sidebars_sidebars_width":0,"ocean_sidebar":"0","ocean_second_sidebar":"0","ocean_disable_margins":"enable","ocean_add_body_class":"","ocean_shortcode_before_top_bar":"","ocean_shortcode_after_top_bar":"","ocean_shortcode_before_header":"","ocean_shortcode_after_header":"","ocean_has_shortcode":"","ocean_shortcode_after_title":"","ocean_shortcode_before_footer_widgets":"","ocean_shortcode_after_footer_widgets":"","ocean_shortcode_before_footer_bottom":"","ocean_shortcode_after_footer_bottom":"","ocean_display_top_bar":"default","ocean_display_header":"default","ocean_header_style":"","ocean_center_header_left_menu":"0","ocean_custom_header_template":"0","ocean_custom_logo":0,"ocean_custom_retina_logo":0,"ocean_custom_logo_max_width":0,"ocean_custom_logo_tablet_max_width":0,"ocean_custom_logo_mobile_max_width":0,"ocean_custom_logo_max_height":0,"ocean_custom_logo_tablet_max_height":0,"ocean_custom_logo_mobile_max_height":0,"ocean_header_custom_menu":"0","ocean_menu_typo_font_family":"0","ocean_menu_typo_font_subset":"","ocean_menu_typo_font_size":0,"ocean_menu_typo_font_size_tablet":0,"ocean_menu_typo_font_size_mobile":0,"ocean_menu_typo_font_size_unit":"px","ocean_menu_typo_font_weight":"","ocean_menu_typo_font_weight_tablet":"","ocean_menu_typo_font_weight_mobile":"","ocean_menu_typo_transform":"","ocean_menu_typo_transform_tablet":"","ocean_menu_typo_transform_mobile":"","ocean_menu_typo_line_height":0,"ocean_menu_typo_line_height_tablet":0,"ocean_menu_typo_line_height_mobile":0,"ocean_menu_typo_line_height_unit":"","ocean_menu_typo_spacing":0,"ocean_menu_typo_spacing_tablet":0,"ocean_menu_typo_spacing_mobile":0,"ocean_menu_typo_spacing_unit":"","ocean_menu_link_color":"","ocean_menu_link_color_hover":"","ocean_menu_link_color_active":"","ocean_menu_link_background":"","ocean_menu_link_hover_background":"","ocean_menu_link_active_background":"","ocean_menu_social_links_bg":"","ocean_menu_social_hover_links_bg":"","ocean_menu_social_links_color":"","ocean_menu_social_hover_links_color":"","ocean_disable_title":"default","ocean_disable_heading":"default","ocean_post_title":"","ocean_post_subheading":"","ocean_post_title_style":"","ocean_post_title_background_color":"","ocean_post_title_background":0,"ocean_post_title_bg_image_position":"","ocean_post_title_bg_image_attachment":"","ocean_post_title_bg_image_repeat":"","ocean_post_title_bg_image_size":"","ocean_post_title_height":0,"ocean_post_title_bg_overlay":0.5,"ocean_post_title_bg_overlay_color":"","ocean_disable_breadcrumbs":"default","ocean_breadcrumbs_color":"","ocean_breadcrumbs_separator_color":"","ocean_breadcrumbs_links_color":"","ocean_breadcrumbs_links_hover_color":"","ocean_display_footer_widgets":"default","ocean_display_footer_bottom":"default","ocean_custom_footer_template":"0"},"product_brand":[],"product_cat":[52,72,195,71,51,201,216],"product_tag":[],"class_list":{"0":"post-1726","1":"product","2":"type-product","3":"status-publish","4":"has-post-thumbnail","6":"product_cat-arquitectura-pt","7":"product_cat-arquitectura-uk","8":"product_cat-ensaios","9":"product_cat-livros-em-ingles","10":"product_cat-livros-em-portugues-pt","11":"product_cat-revistas-arquitectura-pt","12":"product_cat-revistas-arquitectura-uk","14":"entry","15":"has-media","17":"first","18":"instock","19":"sale","20":"taxable","21":"shipping-taxable","22":"purchasable","23":"product-type-simple","24":"col","25":"span_1_of_3","26":"owp-content-left","27":"owp-thumbs-layout-horizontal","28":"owp-btn-normal","29":"owp-tabs-layout-horizontal","30":"has-no-thumbnails","31":"circle-sale"},"_links":{"self":[{"href":"https:\/\/www.blaubookshop.com\/en\/wp-json\/wp\/v2\/product\/1726","targetHints":{"allow":["GET"]}}],"collection":[{"href":"https:\/\/www.blaubookshop.com\/en\/wp-json\/wp\/v2\/product"}],"about":[{"href":"https:\/\/www.blaubookshop.com\/en\/wp-json\/wp\/v2\/types\/product"}],"version-history":[{"count":4,"href":"https:\/\/www.blaubookshop.com\/en\/wp-json\/wp\/v2\/product\/1726\/revisions"}],"predecessor-version":[{"id":5945,"href":"https:\/\/www.blaubookshop.com\/en\/wp-json\/wp\/v2\/product\/1726\/revisions\/5945"}],"wp:featuredmedia":[{"embeddable":true,"href":"https:\/\/www.blaubookshop.com\/en\/wp-json\/wp\/v2\/media\/818"}],"wp:attachment":[{"href":"https:\/\/www.blaubookshop.com\/en\/wp-json\/wp\/v2\/media?parent=1726"}],"wp:term":[{"taxonomy":"product_brand","embeddable":true,"href":"https:\/\/www.blaubookshop.com\/en\/wp-json\/wp\/v2\/product_brand?post=1726"},{"taxonomy":"product_cat","embeddable":true,"href":"https:\/\/www.blaubookshop.com\/en\/wp-json\/wp\/v2\/product_cat?post=1726"},{"taxonomy":"product_tag","embeddable":true,"href":"https:\/\/www.blaubookshop.com\/en\/wp-json\/wp\/v2\/product_tag?post=1726"}],"curies":[{"name":"wp","href":"https:\/\/api.w.org\/{rel}","templated":true}]}}