{"id":1735,"date":"2021-02-19T13:24:56","date_gmt":"2021-02-19T13:24:56","guid":{"rendered":"https:\/\/www.blaubookshop.com\/produto\/import-placeholder-for-113\/"},"modified":"2025-04-19T00:43:38","modified_gmt":"2025-04-19T00:43:38","slug":"mies-van-der-rohe-escritos-dialogos-e-discursos","status":"publish","type":"product","link":"https:\/\/www.blaubookshop.com\/en\/product\/mies-van-der-rohe-escritos-dialogos-e-discursos\/","title":{"rendered":"Mies van der Rohe: Escritos, dialogos e discursos"},"content":{"rendered":"<p>Escritos, di\u00e1logos y discursos de Ludwig Mies van der Rohe:<br \/>\nProyecto de Rascacielos para la Estaci\u00f3n Friedrichstrasse en Berl\u00edn<br \/>\nEdificio de oficinas<br \/>\nTesis de trabajo<br \/>\nConstrucci\u00f3n Industrial<br \/>\nArquitectura y Modernidad<br \/>\nCarta al Doctor Riezler<br \/>\nConstrucci\u00f3n y Vivienda: Pr\u00f3logo y Sobre mi bloque<br \/>\nSobre el Tema: Exposiciones<br \/>\nSobre Cr\u00edtica del Arte<br \/>\nLos Nuevos Tiempos<br \/>\nDiscurso Inaugural como Director de la Secci\u00f3n de Arquitectura del Armour Institute of Technology<br \/>\nFrank Lloyd Wright<br \/>\nMuseo para una Peque\u00f1a Ciudad<br \/>\nMensaje al Illinois Institut of technology<br \/>\nAforismos 1953<br \/>\nYo no s\u00e9 si Gropius recuerda<br \/>\nCarta con motivo de la Inauguraci\u00f3n del Crown Hall<br \/>\nAgradecimiento por la Royal Gold Medal<br \/>\nUna conversaci\u00f3n<br \/>\nMi carrera profesional<br \/>\nBases para la educaci\u00f3n en el arte de construir<br \/>\nEl Seminario de Adiestramiento Visual de Walter Peterhans en la Secci\u00f3n de Arquitectura del IIT<br \/>\nMies habla<br \/>\nHomenaje a Walter Gropius<\/p>","protected":false},"excerpt":{"rendered":"<p>Mies van der Rohe<br \/>\nISBN: 9788450050011<br \/>\nColegio Oficial de Aparejadores, Arquitectos T\u00e9cnicos e Ingenieros de Edificaci\u00f3n de la Regi\u00f3n de Murcia<br \/>\nBrochura, 100 pp, 13 x 19 cm<br \/>\nEspanhol<br \/>\n01\/01\/2003<\/p>","protected":false},"featured_media":835,"template":"","meta":{"ocean_post_layout":"","ocean_both_sidebars_style":"","ocean_both_sidebars_content_width":0,"ocean_both_sidebars_sidebars_width":0,"ocean_sidebar":"","ocean_second_sidebar":"","ocean_disable_margins":"enable","ocean_add_body_class":"","ocean_shortcode_before_top_bar":"","ocean_shortcode_after_top_bar":"","ocean_shortcode_before_header":"","ocean_shortcode_after_header":"","ocean_has_shortcode":"","ocean_shortcode_after_title":"","ocean_shortcode_before_footer_widgets":"","ocean_shortcode_after_footer_widgets":"","ocean_shortcode_before_footer_bottom":"","ocean_shortcode_after_footer_bottom":"","ocean_display_top_bar":"default","ocean_display_header":"default","ocean_header_style":"","ocean_center_header_left_menu":"","ocean_custom_header_template":"","ocean_custom_logo":0,"ocean_custom_retina_logo":0,"ocean_custom_logo_max_width":0,"ocean_custom_logo_tablet_max_width":0,"ocean_custom_logo_mobile_max_width":0,"ocean_custom_logo_max_height":0,"ocean_custom_logo_tablet_max_height":0,"ocean_custom_logo_mobile_max_height":0,"ocean_header_custom_menu":"","ocean_menu_typo_font_family":"","ocean_menu_typo_font_subset":"","ocean_menu_typo_font_size":0,"ocean_menu_typo_font_size_tablet":0,"ocean_menu_typo_font_size_mobile":0,"ocean_menu_typo_font_size_unit":"px","ocean_menu_typo_font_weight":"","ocean_menu_typo_font_weight_tablet":"","ocean_menu_typo_font_weight_mobile":"","ocean_menu_typo_transform":"","ocean_menu_typo_transform_tablet":"","ocean_menu_typo_transform_mobile":"","ocean_menu_typo_line_height":0,"ocean_menu_typo_line_height_tablet":0,"ocean_menu_typo_line_height_mobile":0,"ocean_menu_typo_line_height_unit":"","ocean_menu_typo_spacing":0,"ocean_menu_typo_spacing_tablet":0,"ocean_menu_typo_spacing_mobile":0,"ocean_menu_typo_spacing_unit":"","ocean_menu_link_color":"","ocean_menu_link_color_hover":"","ocean_menu_link_color_active":"","ocean_menu_link_background":"","ocean_menu_link_hover_background":"","ocean_menu_link_active_background":"","ocean_menu_social_links_bg":"","ocean_menu_social_hover_links_bg":"","ocean_menu_social_links_color":"","ocean_menu_social_hover_links_color":"","ocean_disable_title":"default","ocean_disable_heading":"default","ocean_post_title":"","ocean_post_subheading":"","ocean_post_title_style":"","ocean_post_title_background_color":"","ocean_post_title_background":0,"ocean_post_title_bg_image_position":"","ocean_post_title_bg_image_attachment":"","ocean_post_title_bg_image_repeat":"","ocean_post_title_bg_image_size":"","ocean_post_title_height":0,"ocean_post_title_bg_overlay":0.5,"ocean_post_title_bg_overlay_color":"","ocean_disable_breadcrumbs":"default","ocean_breadcrumbs_color":"","ocean_breadcrumbs_separator_color":"","ocean_breadcrumbs_links_color":"","ocean_breadcrumbs_links_hover_color":"","ocean_display_footer_widgets":"default","ocean_display_footer_bottom":"default","ocean_custom_footer_template":""},"product_brand":[],"product_cat":[85,223],"product_tag":[],"class_list":{"0":"post-1735","1":"product","2":"type-product","3":"status-publish","4":"has-post-thumbnail","6":"product_cat-livros-em-espanhol","7":"product_cat-pensamento-arquitectura-livros-em-espanhol","9":"entry","10":"has-media","12":"first","13":"instock","14":"sale","15":"taxable","16":"shipping-taxable","17":"purchasable","18":"product-type-simple","19":"col","20":"span_1_of_3","21":"owp-content-left","22":"owp-thumbs-layout-horizontal","23":"owp-btn-normal","24":"owp-tabs-layout-horizontal","25":"has-no-thumbnails","26":"circle-sale"},"_links":{"self":[{"href":"https:\/\/www.blaubookshop.com\/en\/wp-json\/wp\/v2\/product\/1735","targetHints":{"allow":["GET"]}}],"collection":[{"href":"https:\/\/www.blaubookshop.com\/en\/wp-json\/wp\/v2\/product"}],"about":[{"href":"https:\/\/www.blaubookshop.com\/en\/wp-json\/wp\/v2\/types\/product"}],"version-history":[{"count":1,"href":"https:\/\/www.blaubookshop.com\/en\/wp-json\/wp\/v2\/product\/1735\/revisions"}],"predecessor-version":[{"id":4279,"href":"https:\/\/www.blaubookshop.com\/en\/wp-json\/wp\/v2\/product\/1735\/revisions\/4279"}],"wp:featuredmedia":[{"embeddable":true,"href":"https:\/\/www.blaubookshop.com\/en\/wp-json\/wp\/v2\/media\/835"}],"wp:attachment":[{"href":"https:\/\/www.blaubookshop.com\/en\/wp-json\/wp\/v2\/media?parent=1735"}],"wp:term":[{"taxonomy":"product_brand","embeddable":true,"href":"https:\/\/www.blaubookshop.com\/en\/wp-json\/wp\/v2\/product_brand?post=1735"},{"taxonomy":"product_cat","embeddable":true,"href":"https:\/\/www.blaubookshop.com\/en\/wp-json\/wp\/v2\/product_cat?post=1735"},{"taxonomy":"product_tag","embeddable":true,"href":"https:\/\/www.blaubookshop.com\/en\/wp-json\/wp\/v2\/product_tag?post=1735"}],"curies":[{"name":"wp","href":"https:\/\/api.w.org\/{rel}","templated":true}]}}