{"id":1740,"date":"2021-02-19T13:24:57","date_gmt":"2021-02-19T13:24:57","guid":{"rendered":"https:\/\/www.blaubookshop.com\/produto\/import-placeholder-for-118\/"},"modified":"2023-10-07T13:30:48","modified_gmt":"2023-10-07T13:30:48","slug":"alvar-aalto-1100","status":"publish","type":"product","link":"https:\/\/www.blaubookshop.com\/en\/product\/alvar-aalto-1100\/","title":{"rendered":"Alvar Aalto 1:100"},"content":{"rendered":"<p>Comienza esta historia al igual que la de muchos de Uds. Transitando los primeros pasos en la arquitectura, recorr\u00eda los pasillos de la facultad observando las carteleras donde se exhiben las obras de los maestros m\u00e1s sobresalientes de la arquitectura moderna en Argentina y en todo el mundo. Amancio Williams, Eladio Dieste, Le Corbusier y tantos otros fueron los primeros que, a trav\u00e9s de sus obras, nos iban ense\u00f1ando un camino. En la materia de Arquitectura de la FADU\u2022UBA, trazando las primeras l\u00edneas, los docentes nos llenaban de nombres, obras e im\u00e1genes que nos atra\u00edan. En cada una de las clases, me llevaba una lista de referentes a los cuales visitar: Alvar Aalto siempre era uno de ellos.<br \/>\nEn este proceso de aprendizaje, la c\u00e1tedra de Horacio Baliero fue fundamental para m\u00ed. Me invit\u00f3 a reflexionar sobre lo que la arquitectura representa. Realizar el redibujo de las obras, escuchar las te\u00f3ricas de los profesores y visitar las obras construidas junto a ellos fue el puntapi\u00e9 para empezar a comprender la arquitectura. Pasaba en reiteradas ocasiones por la biblioteca y segu\u00eda descubriendo proyectos incre\u00edbles, pero notaba (al igual que Uds.) que la informaci\u00f3n completa de las obras estaba lejos del alcance de un estudiante y la posibilidad de contar con toda la documentaci\u00f3n de los proyectos para analizarlos, estudiarlos y, sobre todo, entender la forma de pensar y proyectar de los arquitectos en sus obras ser\u00eda un gran suplemento para nuestra formaci\u00f3n como profesionales. Fue as\u00ed que, en 2005, editamos el primer n\u00famero de Revista 1:100<\/p>","protected":false},"excerpt":{"rendered":"<p>AA:VV<br \/>\nISSN: 1669538000050<br \/>\n1:100 Ediciones<br \/>\nBrochura, 144 pp, 20 x 11,5 cm<br \/>\nEspanhol<br \/>\n31\/12\/2014<\/p>","protected":false},"featured_media":812,"template":"","meta":{"ocean_post_layout":"","ocean_both_sidebars_style":"","ocean_both_sidebars_content_width":0,"ocean_both_sidebars_sidebars_width":0,"ocean_sidebar":"0","ocean_second_sidebar":"0","ocean_disable_margins":"enable","ocean_add_body_class":"","ocean_shortcode_before_top_bar":"","ocean_shortcode_after_top_bar":"","ocean_shortcode_before_header":"","ocean_shortcode_after_header":"","ocean_has_shortcode":"","ocean_shortcode_after_title":"","ocean_shortcode_before_footer_widgets":"","ocean_shortcode_after_footer_widgets":"","ocean_shortcode_before_footer_bottom":"","ocean_shortcode_after_footer_bottom":"","ocean_display_top_bar":"default","ocean_display_header":"default","ocean_header_style":"","ocean_center_header_left_menu":"0","ocean_custom_header_template":"0","ocean_custom_logo":0,"ocean_custom_retina_logo":0,"ocean_custom_logo_max_width":0,"ocean_custom_logo_tablet_max_width":0,"ocean_custom_logo_mobile_max_width":0,"ocean_custom_logo_max_height":0,"ocean_custom_logo_tablet_max_height":0,"ocean_custom_logo_mobile_max_height":0,"ocean_header_custom_menu":"0","ocean_menu_typo_font_family":"0","ocean_menu_typo_font_subset":"","ocean_menu_typo_font_size":0,"ocean_menu_typo_font_size_tablet":0,"ocean_menu_typo_font_size_mobile":0,"ocean_menu_typo_font_size_unit":"px","ocean_menu_typo_font_weight":"","ocean_menu_typo_font_weight_tablet":"","ocean_menu_typo_font_weight_mobile":"","ocean_menu_typo_transform":"","ocean_menu_typo_transform_tablet":"","ocean_menu_typo_transform_mobile":"","ocean_menu_typo_line_height":0,"ocean_menu_typo_line_height_tablet":0,"ocean_menu_typo_line_height_mobile":0,"ocean_menu_typo_line_height_unit":"","ocean_menu_typo_spacing":0,"ocean_menu_typo_spacing_tablet":0,"ocean_menu_typo_spacing_mobile":0,"ocean_menu_typo_spacing_unit":"","ocean_menu_link_color":"","ocean_menu_link_color_hover":"","ocean_menu_link_color_active":"","ocean_menu_link_background":"","ocean_menu_link_hover_background":"","ocean_menu_link_active_background":"","ocean_menu_social_links_bg":"","ocean_menu_social_hover_links_bg":"","ocean_menu_social_links_color":"","ocean_menu_social_hover_links_color":"","ocean_disable_title":"default","ocean_disable_heading":"default","ocean_post_title":"","ocean_post_subheading":"","ocean_post_title_style":"","ocean_post_title_background_color":"","ocean_post_title_background":0,"ocean_post_title_bg_image_position":"","ocean_post_title_bg_image_attachment":"","ocean_post_title_bg_image_repeat":"","ocean_post_title_bg_image_size":"","ocean_post_title_height":0,"ocean_post_title_bg_overlay":0.5,"ocean_post_title_bg_overlay_color":"","ocean_disable_breadcrumbs":"default","ocean_breadcrumbs_color":"","ocean_breadcrumbs_separator_color":"","ocean_breadcrumbs_links_color":"","ocean_breadcrumbs_links_hover_color":"","ocean_display_footer_widgets":"default","ocean_display_footer_bottom":"default","ocean_custom_footer_template":"0"},"product_brand":[],"product_cat":[218,217,85,228],"product_tag":[],"class_list":{"0":"post-1740","1":"product","2":"type-product","3":"status-publish","4":"has-post-thumbnail","6":"product_cat-arquitectos-arquitectura-livros-em-espanhol","7":"product_cat-arquitectura-livros-em-espanhol","8":"product_cat-livros-em-espanhol","9":"product_cat-revistas-arquitectura-livros-em-espanhol","11":"entry","12":"has-media","14":"first","15":"outofstock","16":"sale","17":"taxable","18":"shipping-taxable","19":"purchasable","20":"product-type-simple","21":"col","22":"span_1_of_3","23":"owp-content-left","24":"owp-thumbs-layout-horizontal","25":"owp-btn-normal","26":"owp-tabs-layout-horizontal","27":"has-no-thumbnails","28":"circle-sale"},"_links":{"self":[{"href":"https:\/\/www.blaubookshop.com\/en\/wp-json\/wp\/v2\/product\/1740","targetHints":{"allow":["GET"]}}],"collection":[{"href":"https:\/\/www.blaubookshop.com\/en\/wp-json\/wp\/v2\/product"}],"about":[{"href":"https:\/\/www.blaubookshop.com\/en\/wp-json\/wp\/v2\/types\/product"}],"version-history":[{"count":1,"href":"https:\/\/www.blaubookshop.com\/en\/wp-json\/wp\/v2\/product\/1740\/revisions"}],"predecessor-version":[{"id":4269,"href":"https:\/\/www.blaubookshop.com\/en\/wp-json\/wp\/v2\/product\/1740\/revisions\/4269"}],"wp:featuredmedia":[{"embeddable":true,"href":"https:\/\/www.blaubookshop.com\/en\/wp-json\/wp\/v2\/media\/812"}],"wp:attachment":[{"href":"https:\/\/www.blaubookshop.com\/en\/wp-json\/wp\/v2\/media?parent=1740"}],"wp:term":[{"taxonomy":"product_brand","embeddable":true,"href":"https:\/\/www.blaubookshop.com\/en\/wp-json\/wp\/v2\/product_brand?post=1740"},{"taxonomy":"product_cat","embeddable":true,"href":"https:\/\/www.blaubookshop.com\/en\/wp-json\/wp\/v2\/product_cat?post=1740"},{"taxonomy":"product_tag","embeddable":true,"href":"https:\/\/www.blaubookshop.com\/en\/wp-json\/wp\/v2\/product_tag?post=1740"}],"curies":[{"name":"wp","href":"https:\/\/api.w.org\/{rel}","templated":true}]}}