{"id":2253,"date":"2021-02-25T11:26:29","date_gmt":"2021-02-25T11:26:29","guid":{"rendered":"https:\/\/www.blaubookshop.com\/produto\/import-placeholder-for-154\/"},"modified":"2024-08-14T12:31:14","modified_gmt":"2024-08-14T12:31:14","slug":"arquitetura-de-saude-aripa-arquitectos","status":"publish","type":"product","link":"https:\/\/www.blaubookshop.com\/en\/product\/arquitetura-de-saude-aripa-arquitectos\/","title":{"rendered":"Arquitetura de Sa\u00fade &#8211; ARIPA Arquitectos"},"content":{"rendered":"<p>A Aripa \u00e9 um gabinete de arquitetura fundado por Il\u00eddio Pelicano, em 1979, com o objetivo de responder \u00e0 encomenda do projeto de um Centro de Sa\u00fade. At\u00e9 meados da d\u00e9cada de oitenta a equipa do gabinete variou de acordo com trabalhos de pequena e m\u00e9dia dimens\u00e3o, de distintas \u00e1reas de projeto, nomeadamente alguns Centros de Sa\u00fade. A partir desta altura fez-se uma aposta na \u00e1rea de projeto de sa\u00fade, concretizada numa s\u00e9rie de concursos de concep\u00e7\u00e3o\/constru\u00e7\u00e3o de hospitais de m\u00e9dia dimens\u00e3o para o Estado Portugu\u00eas. Em simult\u00e2neo desenvolveram-se estudos de outras instala\u00e7\u00f5es de sa\u00fade de elevada especializa\u00e7\u00e3o. Estas obras geraram um \u201ccorpo de saber\u201d em projetos na \u00e1rea da sa\u00fade, que permitiu responder com sucesso a novos concursos e resultou na adjudica\u00e7\u00e3o dos projetos para hospitais. Entre 2000 e 2009, a capacidade de resposta do gabinete aumentou e estendeu-se a todo o tipo de edif\u00edcios de sa\u00fade de iniciativa p\u00fablica e privada. Em 2009 editou-se uma monografia que representou uma importante reflex\u00e3o sobre o percurso empresarial e arquitet\u00f3nico do gabinete. A publica\u00e7\u00e3o veio \u00e0 luz precisamente num momento de viragem. Se os edif\u00edcios at\u00e9 a\u00ed constru\u00eddos constitu\u00edam o percurso de aprendizagem no dom\u00ednio da complexidade funcional dos programas de sa\u00fade, por outro lado, no trabalho de projeto que se perspetivava era patente uma nova liberdade conceptual como for\u00e7a geradora de formas e espa\u00e7os (edif\u00edcios em in\u00edcio de constru\u00e7\u00e3o ou concursos que n\u00e3o passaram dessa etapa). A atual monografia apresenta essas obras conclu\u00eddas, no exato momento da sua abertura ao p\u00fablico. Os conceitos te\u00f3ricos que as originaram s\u00e3o finalmente colocados \u00e0 prova, atrav\u00e9s de uma utiliza\u00e7\u00e3o por parte do pessoal m\u00e9dico e de enfermagem e dos utentes em geral. Fazem tamb\u00e9m parte, projetos recentes motivados por novos desafios, ideias que resultam de uma evolu\u00e7\u00e3o que ainda n\u00e3o pode ser mostrada em obra acabada.<\/p>","protected":false},"excerpt":{"rendered":"<p>ARIPA Arquitetos<br \/>\nISBN: 9789898456465<br \/>\nUzina Books<\/p>\n<p>Capa dura, 220 pp, 23 x 31 cm<br \/>\nBilingual - Portuguese and English<br \/>\n01\/12\/2012<\/p>","protected":false},"featured_media":1289,"template":"","meta":{"ocean_post_layout":"","ocean_both_sidebars_style":"","ocean_both_sidebars_content_width":0,"ocean_both_sidebars_sidebars_width":0,"ocean_sidebar":"","ocean_second_sidebar":"","ocean_disable_margins":"enable","ocean_add_body_class":"","ocean_shortcode_before_top_bar":"","ocean_shortcode_after_top_bar":"","ocean_shortcode_before_header":"","ocean_shortcode_after_header":"","ocean_has_shortcode":"","ocean_shortcode_after_title":"","ocean_shortcode_before_footer_widgets":"","ocean_shortcode_after_footer_widgets":"","ocean_shortcode_before_footer_bottom":"","ocean_shortcode_after_footer_bottom":"","ocean_display_top_bar":"default","ocean_display_header":"default","ocean_header_style":"","ocean_center_header_left_menu":"","ocean_custom_header_template":"","ocean_custom_logo":0,"ocean_custom_retina_logo":0,"ocean_custom_logo_max_width":0,"ocean_custom_logo_tablet_max_width":0,"ocean_custom_logo_mobile_max_width":0,"ocean_custom_logo_max_height":0,"ocean_custom_logo_tablet_max_height":0,"ocean_custom_logo_mobile_max_height":0,"ocean_header_custom_menu":"","ocean_menu_typo_font_family":"","ocean_menu_typo_font_subset":"","ocean_menu_typo_font_size":0,"ocean_menu_typo_font_size_tablet":0,"ocean_menu_typo_font_size_mobile":0,"ocean_menu_typo_font_size_unit":"px","ocean_menu_typo_font_weight":"","ocean_menu_typo_font_weight_tablet":"","ocean_menu_typo_font_weight_mobile":"","ocean_menu_typo_transform":"","ocean_menu_typo_transform_tablet":"","ocean_menu_typo_transform_mobile":"","ocean_menu_typo_line_height":0,"ocean_menu_typo_line_height_tablet":0,"ocean_menu_typo_line_height_mobile":0,"ocean_menu_typo_line_height_unit":"","ocean_menu_typo_spacing":0,"ocean_menu_typo_spacing_tablet":0,"ocean_menu_typo_spacing_mobile":0,"ocean_menu_typo_spacing_unit":"","ocean_menu_link_color":"","ocean_menu_link_color_hover":"","ocean_menu_link_color_active":"","ocean_menu_link_background":"","ocean_menu_link_hover_background":"","ocean_menu_link_active_background":"","ocean_menu_social_links_bg":"","ocean_menu_social_hover_links_bg":"","ocean_menu_social_links_color":"","ocean_menu_social_hover_links_color":"","ocean_disable_title":"default","ocean_disable_heading":"default","ocean_post_title":"","ocean_post_subheading":"","ocean_post_title_style":"","ocean_post_title_background_color":"","ocean_post_title_background":0,"ocean_post_title_bg_image_position":"","ocean_post_title_bg_image_attachment":"","ocean_post_title_bg_image_repeat":"","ocean_post_title_bg_image_size":"","ocean_post_title_height":0,"ocean_post_title_bg_overlay":0.5,"ocean_post_title_bg_overlay_color":"","ocean_disable_breadcrumbs":"default","ocean_breadcrumbs_color":"","ocean_breadcrumbs_separator_color":"","ocean_breadcrumbs_links_color":"","ocean_breadcrumbs_links_hover_color":"","ocean_display_footer_widgets":"default","ocean_display_footer_bottom":"default","ocean_custom_footer_template":""},"product_brand":[],"product_cat":[206,110,52,72,71,51],"product_tag":[],"class_list":{"0":"post-2253","1":"product","2":"type-product","3":"status-publish","4":"has-post-thumbnail","6":"product_cat-arquitectos-arquitectura-uk","7":"product_cat-arquitectos","8":"product_cat-arquitectura-pt","9":"product_cat-arquitectura-uk","10":"product_cat-livros-em-ingles","11":"product_cat-livros-em-portugues-pt","13":"entry","14":"has-media","16":"first","17":"instock","18":"sale","19":"taxable","20":"shipping-taxable","21":"purchasable","22":"product-type-simple","23":"col","24":"span_1_of_3","25":"owp-content-left","26":"owp-thumbs-layout-horizontal","27":"owp-btn-normal","28":"owp-tabs-layout-horizontal","29":"has-no-thumbnails","30":"circle-sale"},"_links":{"self":[{"href":"https:\/\/www.blaubookshop.com\/en\/wp-json\/wp\/v2\/product\/2253","targetHints":{"allow":["GET"]}}],"collection":[{"href":"https:\/\/www.blaubookshop.com\/en\/wp-json\/wp\/v2\/product"}],"about":[{"href":"https:\/\/www.blaubookshop.com\/en\/wp-json\/wp\/v2\/types\/product"}],"version-history":[{"count":1,"href":"https:\/\/www.blaubookshop.com\/en\/wp-json\/wp\/v2\/product\/2253\/revisions"}],"predecessor-version":[{"id":4168,"href":"https:\/\/www.blaubookshop.com\/en\/wp-json\/wp\/v2\/product\/2253\/revisions\/4168"}],"wp:featuredmedia":[{"embeddable":true,"href":"https:\/\/www.blaubookshop.com\/en\/wp-json\/wp\/v2\/media\/1289"}],"wp:attachment":[{"href":"https:\/\/www.blaubookshop.com\/en\/wp-json\/wp\/v2\/media?parent=2253"}],"wp:term":[{"taxonomy":"product_brand","embeddable":true,"href":"https:\/\/www.blaubookshop.com\/en\/wp-json\/wp\/v2\/product_brand?post=2253"},{"taxonomy":"product_cat","embeddable":true,"href":"https:\/\/www.blaubookshop.com\/en\/wp-json\/wp\/v2\/product_cat?post=2253"},{"taxonomy":"product_tag","embeddable":true,"href":"https:\/\/www.blaubookshop.com\/en\/wp-json\/wp\/v2\/product_tag?post=2253"}],"curies":[{"name":"wp","href":"https:\/\/api.w.org\/{rel}","templated":true}]}}