{"id":2254,"date":"2021-02-25T11:26:29","date_gmt":"2021-02-25T11:26:29","guid":{"rendered":"https:\/\/www.blaubookshop.com\/produto\/import-placeholder-for-155\/"},"modified":"2024-08-14T12:30:37","modified_gmt":"2024-08-14T12:30:37","slug":"mosteiro-de-sao-martinho-de-tibaes","status":"publish","type":"product","link":"https:\/\/www.blaubookshop.com\/en\/product\/mosteiro-de-sao-martinho-de-tibaes\/","title":{"rendered":"Mosteiro de S\u00e3o Martinho de Tib\u00e3es"},"content":{"rendered":"<p>Classificado como im\u00f3vel de interesse p\u00fablico e um dos mais importantes conjuntos mon\u00e1sticos beneditinos portugueses, o Mosteiro de S\u00e3o Martinho de Tib\u00e3es remonta aos finais do s\u00e9culo XI, tendo sido alvo de v\u00e1rias campanhas de reconstru\u00e7\u00e3o e amplia\u00e7\u00e3o nos s\u00e9culos XVII e XVIII. A desocupa\u00e7\u00e3o gradual do edif\u00edcio com a extin\u00e7\u00e3o das ordens religiosas no inicio do s\u00e9culo XIX, a sua venda em hasta p\u00fablica e um inc\u00eandio em 1894 contribu\u00edram para uma acelerada degrada\u00e7\u00e3o do seu patrim\u00f3nio, tal como se encontrava quando foi adquirido pelo Estado Portugu\u00eas em 1986. Posteriormente, definiu-se de forma estrat\u00e9gica um programa criterioso de interven\u00e7\u00e3o repartido em v\u00e1rias fases, que corresponderam \u00e0s diferentes \u00e1reas e espa\u00e7os do monumento, transformando-o, desta forma, num permanente estaleiro-experimental onde h\u00e1 cerca de quinze anos Jo\u00e3o Carlos dos Santos e uma vasta equipa multidisciplinar t\u00eam vindo a desenvolver um projeto piloto no \u00e2mbito do patrim\u00f3nio. Este livro tem por objetivo contar a hist\u00f3ria deste projeto de restauro, recupera\u00e7\u00e3o, reabilita\u00e7\u00e3o e amplia\u00e7\u00e3o efetuado ao longo de quinze anos neste mosteiro classificado em 1944 como im\u00f3vel de interesse p\u00fablico.<\/p>","protected":false},"excerpt":{"rendered":"<p>Jo\u00e3o Carlos dos Santos<br \/>\nISBN: 9789898456304<br \/>\nUzina Books<\/p>\n<p>Capa dura, 200 pp, 23 x 31 cm<br \/>\nBilingual - Portuguese and English<br \/>\n01\/04\/2013<\/p>","protected":false},"featured_media":1275,"template":"","meta":{"ocean_post_layout":"","ocean_both_sidebars_style":"","ocean_both_sidebars_content_width":0,"ocean_both_sidebars_sidebars_width":0,"ocean_sidebar":"","ocean_second_sidebar":"","ocean_disable_margins":"enable","ocean_add_body_class":"","ocean_shortcode_before_top_bar":"","ocean_shortcode_after_top_bar":"","ocean_shortcode_before_header":"","ocean_shortcode_after_header":"","ocean_has_shortcode":"","ocean_shortcode_after_title":"","ocean_shortcode_before_footer_widgets":"","ocean_shortcode_after_footer_widgets":"","ocean_shortcode_before_footer_bottom":"","ocean_shortcode_after_footer_bottom":"","ocean_display_top_bar":"default","ocean_display_header":"default","ocean_header_style":"","ocean_center_header_left_menu":"","ocean_custom_header_template":"","ocean_custom_logo":0,"ocean_custom_retina_logo":0,"ocean_custom_logo_max_width":0,"ocean_custom_logo_tablet_max_width":0,"ocean_custom_logo_mobile_max_width":0,"ocean_custom_logo_max_height":0,"ocean_custom_logo_tablet_max_height":0,"ocean_custom_logo_mobile_max_height":0,"ocean_header_custom_menu":"","ocean_menu_typo_font_family":"","ocean_menu_typo_font_subset":"","ocean_menu_typo_font_size":0,"ocean_menu_typo_font_size_tablet":0,"ocean_menu_typo_font_size_mobile":0,"ocean_menu_typo_font_size_unit":"px","ocean_menu_typo_font_weight":"","ocean_menu_typo_font_weight_tablet":"","ocean_menu_typo_font_weight_mobile":"","ocean_menu_typo_transform":"","ocean_menu_typo_transform_tablet":"","ocean_menu_typo_transform_mobile":"","ocean_menu_typo_line_height":0,"ocean_menu_typo_line_height_tablet":0,"ocean_menu_typo_line_height_mobile":0,"ocean_menu_typo_line_height_unit":"","ocean_menu_typo_spacing":0,"ocean_menu_typo_spacing_tablet":0,"ocean_menu_typo_spacing_mobile":0,"ocean_menu_typo_spacing_unit":"","ocean_menu_link_color":"","ocean_menu_link_color_hover":"","ocean_menu_link_color_active":"","ocean_menu_link_background":"","ocean_menu_link_hover_background":"","ocean_menu_link_active_background":"","ocean_menu_social_links_bg":"","ocean_menu_social_hover_links_bg":"","ocean_menu_social_links_color":"","ocean_menu_social_hover_links_color":"","ocean_disable_title":"default","ocean_disable_heading":"default","ocean_post_title":"","ocean_post_subheading":"","ocean_post_title_style":"","ocean_post_title_background_color":"","ocean_post_title_background":0,"ocean_post_title_bg_image_position":"","ocean_post_title_bg_image_attachment":"","ocean_post_title_bg_image_repeat":"","ocean_post_title_bg_image_size":"","ocean_post_title_height":0,"ocean_post_title_bg_overlay":0.5,"ocean_post_title_bg_overlay_color":"","ocean_disable_breadcrumbs":"default","ocean_breadcrumbs_color":"","ocean_breadcrumbs_separator_color":"","ocean_breadcrumbs_links_color":"","ocean_breadcrumbs_links_hover_color":"","ocean_display_footer_widgets":"default","ocean_display_footer_bottom":"default","ocean_custom_footer_template":""},"product_brand":[],"product_cat":[71,51,80,60],"product_tag":[],"class_list":{"0":"post-2254","1":"product","2":"type-product","3":"status-publish","4":"has-post-thumbnail","6":"product_cat-livros-em-ingles","7":"product_cat-livros-em-portugues-pt","8":"product_cat-reabilitacao-uk","9":"product_cat-reabilitacao-pt","11":"entry","12":"has-media","14":"first","15":"instock","16":"sale","17":"taxable","18":"shipping-taxable","19":"purchasable","20":"product-type-simple","21":"col","22":"span_1_of_3","23":"owp-content-left","24":"owp-thumbs-layout-horizontal","25":"owp-btn-normal","26":"owp-tabs-layout-horizontal","27":"has-no-thumbnails","28":"circle-sale"},"_links":{"self":[{"href":"https:\/\/www.blaubookshop.com\/en\/wp-json\/wp\/v2\/product\/2254","targetHints":{"allow":["GET"]}}],"collection":[{"href":"https:\/\/www.blaubookshop.com\/en\/wp-json\/wp\/v2\/product"}],"about":[{"href":"https:\/\/www.blaubookshop.com\/en\/wp-json\/wp\/v2\/types\/product"}],"version-history":[{"count":1,"href":"https:\/\/www.blaubookshop.com\/en\/wp-json\/wp\/v2\/product\/2254\/revisions"}],"predecessor-version":[{"id":5850,"href":"https:\/\/www.blaubookshop.com\/en\/wp-json\/wp\/v2\/product\/2254\/revisions\/5850"}],"wp:featuredmedia":[{"embeddable":true,"href":"https:\/\/www.blaubookshop.com\/en\/wp-json\/wp\/v2\/media\/1275"}],"wp:attachment":[{"href":"https:\/\/www.blaubookshop.com\/en\/wp-json\/wp\/v2\/media?parent=2254"}],"wp:term":[{"taxonomy":"product_brand","embeddable":true,"href":"https:\/\/www.blaubookshop.com\/en\/wp-json\/wp\/v2\/product_brand?post=2254"},{"taxonomy":"product_cat","embeddable":true,"href":"https:\/\/www.blaubookshop.com\/en\/wp-json\/wp\/v2\/product_cat?post=2254"},{"taxonomy":"product_tag","embeddable":true,"href":"https:\/\/www.blaubookshop.com\/en\/wp-json\/wp\/v2\/product_tag?post=2254"}],"curies":[{"name":"wp","href":"https:\/\/api.w.org\/{rel}","templated":true}]}}