{"id":2257,"date":"2021-02-25T11:26:30","date_gmt":"2021-02-25T11:26:30","guid":{"rendered":"https:\/\/www.blaubookshop.com\/produto\/import-placeholder-for-158\/"},"modified":"2021-03-17T12:01:56","modified_gmt":"2021-03-17T12:01:56","slug":"a-casa-dos-sentidos","status":"publish","type":"product","link":"https:\/\/www.blaubookshop.com\/en\/product\/a-casa-dos-sentidos\/","title":{"rendered":"A casa dos sentidos"},"content":{"rendered":"<p>As cr\u00f3nicas reunidas neste livro reportam-se a uma colabora\u00e7\u00e3o regular que, entre os anos 2007 e 2009, o autor manteve com o jornal A\u00e7oriano Oriental.<br \/>\nA escrita foi um exerc\u00edcio que possibilitou, de uma forma mais clara, sistematizar algumas reflex\u00f5es inerentes ao campo da arquitetura, cont\u00fado, evitando um discurso excessivamente fechado, a vontade destes textos foi sempre a da aproxima\u00e7\u00e3o a um p\u00fablico mais vasto.<br \/>\nTrazendo para fora do c\u00edrculo profissional quest\u00f5es que se prendem com a viv\u00eancia quotidiana da arquitetura, mas tamb\u00e9m com a sua rela\u00e7\u00e3o com outras \u00e1reas do saber, como o cinema, as artes pl\u00e1sticas, ou a m\u00fasica, pretendeu-se abordar um conjunto de experi\u00eancias que a todos dizem respeito. Assim, assente na ideia da perce\u00e7\u00e3o como a intera\u00e7\u00e3o entre o racioc\u00ednio e os sentidos (a casa \u00e9 o corpo), o livro foca-se nas v\u00e1rias formas de apreender o espa\u00e7o e na maneira como, diariamente, com isso lidamos.<br \/>\n\u201c(\u2026) S\u00e9rgio Rodrigues n\u00e3o procura dar sentido \u00e0s coisas. Porque o que ele est\u00e1 a fazer em cada um dos textos que aqui nos s\u00e3o oferecidos \u00e9 produzir sentido; ou antes: uma plausibilidade do sentir. Se isso \u00e9 escrito de uma forma simples, n\u00e3o \u00e9 de todo evidente que essa simplicidade seja sin\u00f3nimo de evid\u00eancia. Olhar para essa multiplicidade de implica\u00e7\u00f5es que emergem de um determinado fen\u00f3meno, e saber obrig\u00e1-las a uma estrutura de rela\u00e7\u00f5es complexas, onde a perce\u00e7\u00e3o de descentra do espa\u00e7o para atingir de facto essa experi\u00eancia que n\u00e3o pode ser traduz\u00edvel por palavras, \u00e9, por si s\u00f3, uma proposi\u00e7\u00e3o. Uma proposi\u00e7\u00e3o que constitui o significado e o fim da pr\u00f3pria experi\u00eancia arquitet\u00f3nica.\u201d Pedro Machado Costa &#8211; Pref\u00e1cio<\/p>","protected":false},"excerpt":{"rendered":"<p>S\u00e9rgio Fazenda Rodrigues<br \/>\nISBN: 9789898456489<br \/>\nUzina Books<\/p>\n<p>Brochura, 142 pp, 16,5 x 20,5 cm<br \/>\nBilingual - Portuguese and English<br \/>\n01\/04\/2013<\/p>","protected":false},"featured_media":1291,"template":"","meta":{"ocean_post_layout":"","ocean_both_sidebars_style":"","ocean_both_sidebars_content_width":0,"ocean_both_sidebars_sidebars_width":0,"ocean_sidebar":"","ocean_second_sidebar":"","ocean_disable_margins":"enable","ocean_add_body_class":"","ocean_shortcode_before_top_bar":"","ocean_shortcode_after_top_bar":"","ocean_shortcode_before_header":"","ocean_shortcode_after_header":"","ocean_has_shortcode":"","ocean_shortcode_after_title":"","ocean_shortcode_before_footer_widgets":"","ocean_shortcode_after_footer_widgets":"","ocean_shortcode_before_footer_bottom":"","ocean_shortcode_after_footer_bottom":"","ocean_display_top_bar":"default","ocean_display_header":"default","ocean_header_style":"","ocean_center_header_left_menu":"","ocean_custom_header_template":"","ocean_custom_logo":0,"ocean_custom_retina_logo":0,"ocean_custom_logo_max_width":0,"ocean_custom_logo_tablet_max_width":0,"ocean_custom_logo_mobile_max_width":0,"ocean_custom_logo_max_height":0,"ocean_custom_logo_tablet_max_height":0,"ocean_custom_logo_mobile_max_height":0,"ocean_header_custom_menu":"","ocean_menu_typo_font_family":"","ocean_menu_typo_font_subset":"","ocean_menu_typo_font_size":0,"ocean_menu_typo_font_size_tablet":0,"ocean_menu_typo_font_size_mobile":0,"ocean_menu_typo_font_size_unit":"px","ocean_menu_typo_font_weight":"","ocean_menu_typo_font_weight_tablet":"","ocean_menu_typo_font_weight_mobile":"","ocean_menu_typo_transform":"","ocean_menu_typo_transform_tablet":"","ocean_menu_typo_transform_mobile":"","ocean_menu_typo_line_height":0,"ocean_menu_typo_line_height_tablet":0,"ocean_menu_typo_line_height_mobile":0,"ocean_menu_typo_line_height_unit":"","ocean_menu_typo_spacing":0,"ocean_menu_typo_spacing_tablet":0,"ocean_menu_typo_spacing_mobile":0,"ocean_menu_typo_spacing_unit":"","ocean_menu_link_color":"","ocean_menu_link_color_hover":"","ocean_menu_link_color_active":"","ocean_menu_link_background":"","ocean_menu_link_hover_background":"","ocean_menu_link_active_background":"","ocean_menu_social_links_bg":"","ocean_menu_social_hover_links_bg":"","ocean_menu_social_links_color":"","ocean_menu_social_hover_links_color":"","ocean_disable_title":"default","ocean_disable_heading":"default","ocean_post_title":"","ocean_post_subheading":"","ocean_post_title_style":"","ocean_post_title_background_color":"","ocean_post_title_background":0,"ocean_post_title_bg_image_position":"","ocean_post_title_bg_image_attachment":"","ocean_post_title_bg_image_repeat":"","ocean_post_title_bg_image_size":"","ocean_post_title_height":0,"ocean_post_title_bg_overlay":0.5,"ocean_post_title_bg_overlay_color":"","ocean_disable_breadcrumbs":"default","ocean_breadcrumbs_color":"","ocean_breadcrumbs_separator_color":"","ocean_breadcrumbs_links_color":"","ocean_breadcrumbs_links_hover_color":"","ocean_display_footer_widgets":"default","ocean_display_footer_bottom":"default","ocean_custom_footer_template":""},"product_brand":[],"product_cat":[71,51],"product_tag":[],"class_list":{"0":"post-2257","1":"product","2":"type-product","3":"status-publish","4":"has-post-thumbnail","6":"product_cat-livros-em-ingles","7":"product_cat-livros-em-portugues-pt","9":"entry","10":"has-media","12":"first","13":"instock","14":"sale","15":"taxable","16":"shipping-taxable","17":"purchasable","18":"product-type-simple","19":"col","20":"span_1_of_3","21":"owp-content-left","22":"owp-thumbs-layout-horizontal","23":"owp-btn-normal","24":"owp-tabs-layout-horizontal","25":"has-no-thumbnails","26":"circle-sale"},"_links":{"self":[{"href":"https:\/\/www.blaubookshop.com\/en\/wp-json\/wp\/v2\/product\/2257","targetHints":{"allow":["GET"]}}],"collection":[{"href":"https:\/\/www.blaubookshop.com\/en\/wp-json\/wp\/v2\/product"}],"about":[{"href":"https:\/\/www.blaubookshop.com\/en\/wp-json\/wp\/v2\/types\/product"}],"version-history":[{"count":0,"href":"https:\/\/www.blaubookshop.com\/en\/wp-json\/wp\/v2\/product\/2257\/revisions"}],"wp:featuredmedia":[{"embeddable":true,"href":"https:\/\/www.blaubookshop.com\/en\/wp-json\/wp\/v2\/media\/1291"}],"wp:attachment":[{"href":"https:\/\/www.blaubookshop.com\/en\/wp-json\/wp\/v2\/media?parent=2257"}],"wp:term":[{"taxonomy":"product_brand","embeddable":true,"href":"https:\/\/www.blaubookshop.com\/en\/wp-json\/wp\/v2\/product_brand?post=2257"},{"taxonomy":"product_cat","embeddable":true,"href":"https:\/\/www.blaubookshop.com\/en\/wp-json\/wp\/v2\/product_cat?post=2257"},{"taxonomy":"product_tag","embeddable":true,"href":"https:\/\/www.blaubookshop.com\/en\/wp-json\/wp\/v2\/product_tag?post=2257"}],"curies":[{"name":"wp","href":"https:\/\/api.w.org\/{rel}","templated":true}]}}