{"id":2267,"date":"2021-02-25T11:26:32","date_gmt":"2021-02-25T11:26:32","guid":{"rendered":"https:\/\/www.blaubookshop.com\/produto\/import-placeholder-for-168\/"},"modified":"2026-01-25T10:25:52","modified_gmt":"2026-01-25T10:25:52","slug":"portuguese-restored-houses","status":"publish","type":"product","link":"https:\/\/www.blaubookshop.com\/en\/product\/portuguese-restored-houses\/","title":{"rendered":"Portuguese Restored Houses"},"content":{"rendered":"<p>PORTUGUESE HOUSES RESTORED \u00e9 uma nova edi\u00e7\u00e3o especial em formato \u00e1lbum com apresenta\u00e7\u00e3o e design semelhante ao livro PORTUGUESE CONTEMPORARY HOUSES publicado em 2013.<\/p>\n<p>Tal como em PORTUGUESE CONTEMPORARY HOUSES, neste novo livro PORTUGUESE HOUSES RESTORED, um colectivo bem representativo dos gabinetes e autores de arquitetura portugueses serve de base para se apresentar o que de melhor se tem projetado e constru\u00eddo no \u00e2mbito da recupera\u00e7\u00e3o e reabilita\u00e7\u00e3o do espa\u00e7o dom\u00e9stico em Portugal.<\/p>\n<p>Foram selecionados cinquenta exemplos distintos de casas, desde a Quinta ou o Solar em territ\u00f3rio rural, \u00e0 casa burguesa no centro da cidade. Al\u00e9m de luxuriantes das fotos contempor\u00e2neas e de grande formato, que revelam os exteriores e interiores destas casas, incluem-se apontamentos e imagens documentando o estado anterior \u00e0 interven\u00e7\u00e3o de cada arquiteto.<\/p>\n<p>Uma vez mais est\u00e1 presente nesta edi\u00e7\u00e3o a ideia de retrospetiva dos \u00faltimos dez anos, com uma componente geracional que se inicia em \u00c1lvaro Siza e prolonga at\u00e9 \u00e0s mais recentes gera\u00e7\u00f5es de autores. Assim:<br \/>\n\u00c1lvaro Siza + Carlos Castanheira<br \/>\nManuel Correia Fernandes + Andr\u00e9 Fernandes<br \/>\nAlfredo Resende<br \/>\nArquiprojecta<br \/>\nANC Arquitectos (Jorge Carvalho + Teresa Novais)<br \/>\nSer\u00f4dio Furtado e Associados<br \/>\nAires Mateus<br \/>\nSebasti\u00e3o Moreira<br \/>\nJo\u00e3o Luis Carrilho da Gra\u00e7a<br \/>\nJos\u00e9 Gigante<br \/>\nFSSMGM<br \/>\nJo\u00e3o L\u00facio Lopes<br \/>\nTopos Atelier (Jean Pierre Porcher, Maria Margarida Oliveira e Albino Freitas)<br \/>\nGuilherme P\u00e1ris Couto<br \/>\nAinda Arquitectura<br \/>\nRVDM Arquitectos<br \/>\nAtelier Central<br \/>\nNuno Grande<br \/>\nFrederico Valssassina<br \/>\nAlexandre Burmester<br \/>\nAlberto Caetano<br \/>\nJo\u00e3o Mendes Ribeiro<br \/>\nPedro Balonas + Helena Bessa<br \/>\nBarbosa e Guimar\u00e3es<br \/>\nMventura e Partners<br \/>\nPaula Pinheiro<br \/>\nO livro que aqui lhe apresentamos \u00e9 uma obra de elevada qualidade, que aborda a Arquitectura contempor\u00e2nea portuguesa, seu expoente m\u00e1ximo e intervenientes. Gera\u00e7\u00f5es de reconhecidos arquitectos e suas vis\u00f5es, desde 1920 at\u00e9 \u00e0 actualidade.<\/p>","protected":false},"excerpt":{"rendered":"<p>Jos\u00e9 Manuel das Neves (editor)<br \/>\nISBN: 9789898456694<br \/>\nUzina books<\/p>\n<p>Brochura , 200 pp, 26 x 31,5 cm<br \/>\nPortugu\u00eas e ing\u00eas<br \/>\n01\/08\/2015<\/p>","protected":false},"featured_media":1309,"template":"","meta":{"ocean_post_layout":"","ocean_both_sidebars_style":"","ocean_both_sidebars_content_width":0,"ocean_both_sidebars_sidebars_width":0,"ocean_sidebar":"0","ocean_second_sidebar":"0","ocean_disable_margins":"enable","ocean_add_body_class":"","ocean_shortcode_before_top_bar":"","ocean_shortcode_after_top_bar":"","ocean_shortcode_before_header":"","ocean_shortcode_after_header":"","ocean_has_shortcode":"","ocean_shortcode_after_title":"","ocean_shortcode_before_footer_widgets":"","ocean_shortcode_after_footer_widgets":"","ocean_shortcode_before_footer_bottom":"","ocean_shortcode_after_footer_bottom":"","ocean_display_top_bar":"default","ocean_display_header":"default","ocean_header_style":"","ocean_center_header_left_menu":"0","ocean_custom_header_template":"0","ocean_custom_logo":0,"ocean_custom_retina_logo":0,"ocean_custom_logo_max_width":0,"ocean_custom_logo_tablet_max_width":0,"ocean_custom_logo_mobile_max_width":0,"ocean_custom_logo_max_height":0,"ocean_custom_logo_tablet_max_height":0,"ocean_custom_logo_mobile_max_height":0,"ocean_header_custom_menu":"0","ocean_menu_typo_font_family":"0","ocean_menu_typo_font_subset":"","ocean_menu_typo_font_size":0,"ocean_menu_typo_font_size_tablet":0,"ocean_menu_typo_font_size_mobile":0,"ocean_menu_typo_font_size_unit":"px","ocean_menu_typo_font_weight":"","ocean_menu_typo_font_weight_tablet":"","ocean_menu_typo_font_weight_mobile":"","ocean_menu_typo_transform":"","ocean_menu_typo_transform_tablet":"","ocean_menu_typo_transform_mobile":"","ocean_menu_typo_line_height":0,"ocean_menu_typo_line_height_tablet":0,"ocean_menu_typo_line_height_mobile":0,"ocean_menu_typo_line_height_unit":"","ocean_menu_typo_spacing":0,"ocean_menu_typo_spacing_tablet":0,"ocean_menu_typo_spacing_mobile":0,"ocean_menu_typo_spacing_unit":"","ocean_menu_link_color":"","ocean_menu_link_color_hover":"","ocean_menu_link_color_active":"","ocean_menu_link_background":"","ocean_menu_link_hover_background":"","ocean_menu_link_active_background":"","ocean_menu_social_links_bg":"","ocean_menu_social_hover_links_bg":"","ocean_menu_social_links_color":"","ocean_menu_social_hover_links_color":"","ocean_disable_title":"default","ocean_disable_heading":"default","ocean_post_title":"","ocean_post_subheading":"","ocean_post_title_style":"","ocean_post_title_background_color":"","ocean_post_title_background":0,"ocean_post_title_bg_image_position":"","ocean_post_title_bg_image_attachment":"","ocean_post_title_bg_image_repeat":"","ocean_post_title_bg_image_size":"","ocean_post_title_height":0,"ocean_post_title_bg_overlay":0.5,"ocean_post_title_bg_overlay_color":"","ocean_disable_breadcrumbs":"default","ocean_breadcrumbs_color":"","ocean_breadcrumbs_separator_color":"","ocean_breadcrumbs_links_color":"","ocean_breadcrumbs_links_hover_color":"","ocean_display_footer_widgets":"default","ocean_display_footer_bottom":"default","ocean_custom_footer_template":"0"},"product_brand":[],"product_cat":[72,52,199,214,71,51],"product_tag":[],"class_list":{"0":"post-2267","1":"product","2":"type-product","3":"status-publish","4":"has-post-thumbnail","6":"product_cat-arquitectura-uk","7":"product_cat-arquitectura-pt","8":"product_cat-colectaneas","9":"product_cat-colectaneas-arquitectura-uk","10":"product_cat-livros-em-ingles","11":"product_cat-livros-em-portugues-pt","13":"entry","14":"has-media","16":"first","17":"instock","18":"sale","19":"taxable","20":"shipping-taxable","21":"purchasable","22":"product-type-simple","23":"col","24":"span_1_of_3","25":"owp-content-left","26":"owp-thumbs-layout-horizontal","27":"owp-btn-normal","28":"owp-tabs-layout-horizontal","29":"has-no-thumbnails","30":"circle-sale"},"_links":{"self":[{"href":"https:\/\/www.blaubookshop.com\/en\/wp-json\/wp\/v2\/product\/2267","targetHints":{"allow":["GET"]}}],"collection":[{"href":"https:\/\/www.blaubookshop.com\/en\/wp-json\/wp\/v2\/product"}],"about":[{"href":"https:\/\/www.blaubookshop.com\/en\/wp-json\/wp\/v2\/types\/product"}],"version-history":[{"count":2,"href":"https:\/\/www.blaubookshop.com\/en\/wp-json\/wp\/v2\/product\/2267\/revisions"}],"predecessor-version":[{"id":4995,"href":"https:\/\/www.blaubookshop.com\/en\/wp-json\/wp\/v2\/product\/2267\/revisions\/4995"}],"wp:featuredmedia":[{"embeddable":true,"href":"https:\/\/www.blaubookshop.com\/en\/wp-json\/wp\/v2\/media\/1309"}],"wp:attachment":[{"href":"https:\/\/www.blaubookshop.com\/en\/wp-json\/wp\/v2\/media?parent=2267"}],"wp:term":[{"taxonomy":"product_brand","embeddable":true,"href":"https:\/\/www.blaubookshop.com\/en\/wp-json\/wp\/v2\/product_brand?post=2267"},{"taxonomy":"product_cat","embeddable":true,"href":"https:\/\/www.blaubookshop.com\/en\/wp-json\/wp\/v2\/product_cat?post=2267"},{"taxonomy":"product_tag","embeddable":true,"href":"https:\/\/www.blaubookshop.com\/en\/wp-json\/wp\/v2\/product_tag?post=2267"}],"curies":[{"name":"wp","href":"https:\/\/api.w.org\/{rel}","templated":true}]}}