{"id":2269,"date":"2021-02-25T11:26:32","date_gmt":"2021-02-25T11:26:32","guid":{"rendered":"https:\/\/www.blaubookshop.com\/produto\/import-placeholder-for-170\/"},"modified":"2021-04-26T20:46:45","modified_gmt":"2021-04-26T20:46:45","slug":"apel-arquitectura-planeamento-e-engenharia-ginestal-machado-arq","status":"publish","type":"product","link":"https:\/\/www.blaubookshop.com\/en\/product\/apel-arquitectura-planeamento-e-engenharia-ginestal-machado-arq\/","title":{"rendered":"APEL Arquitectura, Planeamento e Engenharia &#8211; Ginestal Machado Arq."},"content":{"rendered":"<p>O presente registo de car\u00e1ter monogr\u00e1fico pretende abordar o seu j\u00e1 extenso percurso atrav\u00e9s de uma larga sele\u00e7\u00e3o de obras e projetos com programas e escalas bastante distintas, repartidos por quatro d\u00e9cadas a contar desde 1975.<br \/>\nRefira-se que o trabalho apresentado nas tr\u00eas primeiras d\u00e9cadas, de onde sobressai a sua dedica\u00e7\u00e3o \u00e0 arquitetura e \u00e0 cidade, acabam por contextualizar as obras mais recentes aqui tratadas com maior destaque e pormenor. Como complemento apresenta-se a vertente internacional que tem vindo a adquirir cada vez maior peso na vida do seu gabinete.<br \/>\nGinestal Machado \u00e9 conhecido por ser um dos arquitetos que mais marcou a cidade do Porto. Contam-se entre os seus trabalhos de relevo a aplica\u00e7\u00e3o de um conceito inovador (triplex) num projeto de habita\u00e7\u00e3o social, os grandes empreendimentos de habita\u00e7\u00e3o coletiva e de com\u00e9rcio mas tamb\u00e9m outro tipo de equipamentos como a sede da Associa\u00e7\u00e3o Nacional de Farm\u00e1cias, o Porto Office ou a Sede da EDP \u00e0 qual pela proximidade com a Casa da M\u00fasica chamou de \u201cnoivo num casamento perfeito\u201d.<\/p>","protected":false},"excerpt":{"rendered":"<p>Ginestal Machado<br \/>\nISBN: 9789898456700<br \/>\nUzina Books<\/p>\n<p>Capa dura, 200 pp, 23 x 31 cm<br \/>\nBilingual - Portuguese and English<br \/>\n01\/01\/2015<\/p>","protected":false},"featured_media":1310,"template":"","meta":{"ocean_post_layout":"","ocean_both_sidebars_style":"","ocean_both_sidebars_content_width":0,"ocean_both_sidebars_sidebars_width":0,"ocean_sidebar":"","ocean_second_sidebar":"","ocean_disable_margins":"enable","ocean_add_body_class":"","ocean_shortcode_before_top_bar":"","ocean_shortcode_after_top_bar":"","ocean_shortcode_before_header":"","ocean_shortcode_after_header":"","ocean_has_shortcode":"","ocean_shortcode_after_title":"","ocean_shortcode_before_footer_widgets":"","ocean_shortcode_after_footer_widgets":"","ocean_shortcode_before_footer_bottom":"","ocean_shortcode_after_footer_bottom":"","ocean_display_top_bar":"default","ocean_display_header":"default","ocean_header_style":"","ocean_center_header_left_menu":"","ocean_custom_header_template":"","ocean_custom_logo":0,"ocean_custom_retina_logo":0,"ocean_custom_logo_max_width":0,"ocean_custom_logo_tablet_max_width":0,"ocean_custom_logo_mobile_max_width":0,"ocean_custom_logo_max_height":0,"ocean_custom_logo_tablet_max_height":0,"ocean_custom_logo_mobile_max_height":0,"ocean_header_custom_menu":"","ocean_menu_typo_font_family":"","ocean_menu_typo_font_subset":"","ocean_menu_typo_font_size":0,"ocean_menu_typo_font_size_tablet":0,"ocean_menu_typo_font_size_mobile":0,"ocean_menu_typo_font_size_unit":"px","ocean_menu_typo_font_weight":"","ocean_menu_typo_font_weight_tablet":"","ocean_menu_typo_font_weight_mobile":"","ocean_menu_typo_transform":"","ocean_menu_typo_transform_tablet":"","ocean_menu_typo_transform_mobile":"","ocean_menu_typo_line_height":0,"ocean_menu_typo_line_height_tablet":0,"ocean_menu_typo_line_height_mobile":0,"ocean_menu_typo_line_height_unit":"","ocean_menu_typo_spacing":0,"ocean_menu_typo_spacing_tablet":0,"ocean_menu_typo_spacing_mobile":0,"ocean_menu_typo_spacing_unit":"","ocean_menu_link_color":"","ocean_menu_link_color_hover":"","ocean_menu_link_color_active":"","ocean_menu_link_background":"","ocean_menu_link_hover_background":"","ocean_menu_link_active_background":"","ocean_menu_social_links_bg":"","ocean_menu_social_hover_links_bg":"","ocean_menu_social_links_color":"","ocean_menu_social_hover_links_color":"","ocean_disable_title":"default","ocean_disable_heading":"default","ocean_post_title":"","ocean_post_subheading":"","ocean_post_title_style":"","ocean_post_title_background_color":"","ocean_post_title_background":0,"ocean_post_title_bg_image_position":"","ocean_post_title_bg_image_attachment":"","ocean_post_title_bg_image_repeat":"","ocean_post_title_bg_image_size":"","ocean_post_title_height":0,"ocean_post_title_bg_overlay":0.5,"ocean_post_title_bg_overlay_color":"","ocean_disable_breadcrumbs":"default","ocean_breadcrumbs_color":"","ocean_breadcrumbs_separator_color":"","ocean_breadcrumbs_links_color":"","ocean_breadcrumbs_links_hover_color":"","ocean_display_footer_widgets":"default","ocean_display_footer_bottom":"default","ocean_custom_footer_template":""},"product_brand":[],"product_cat":[110,206,72,52,71,51],"product_tag":[],"class_list":{"0":"post-2269","1":"product","2":"type-product","3":"status-publish","4":"has-post-thumbnail","6":"product_cat-arquitectos","7":"product_cat-arquitectos-arquitectura-uk","8":"product_cat-arquitectura-uk","9":"product_cat-arquitectura-pt","10":"product_cat-livros-em-ingles","11":"product_cat-livros-em-portugues-pt","13":"entry","14":"has-media","16":"first","17":"instock","18":"sale","19":"taxable","20":"shipping-taxable","21":"purchasable","22":"product-type-simple","23":"col","24":"span_1_of_3","25":"owp-content-left","26":"owp-thumbs-layout-horizontal","27":"owp-btn-normal","28":"owp-tabs-layout-horizontal","29":"has-no-thumbnails","30":"circle-sale"},"_links":{"self":[{"href":"https:\/\/www.blaubookshop.com\/en\/wp-json\/wp\/v2\/product\/2269","targetHints":{"allow":["GET"]}}],"collection":[{"href":"https:\/\/www.blaubookshop.com\/en\/wp-json\/wp\/v2\/product"}],"about":[{"href":"https:\/\/www.blaubookshop.com\/en\/wp-json\/wp\/v2\/types\/product"}],"version-history":[{"count":1,"href":"https:\/\/www.blaubookshop.com\/en\/wp-json\/wp\/v2\/product\/2269\/revisions"}],"predecessor-version":[{"id":4163,"href":"https:\/\/www.blaubookshop.com\/en\/wp-json\/wp\/v2\/product\/2269\/revisions\/4163"}],"wp:featuredmedia":[{"embeddable":true,"href":"https:\/\/www.blaubookshop.com\/en\/wp-json\/wp\/v2\/media\/1310"}],"wp:attachment":[{"href":"https:\/\/www.blaubookshop.com\/en\/wp-json\/wp\/v2\/media?parent=2269"}],"wp:term":[{"taxonomy":"product_brand","embeddable":true,"href":"https:\/\/www.blaubookshop.com\/en\/wp-json\/wp\/v2\/product_brand?post=2269"},{"taxonomy":"product_cat","embeddable":true,"href":"https:\/\/www.blaubookshop.com\/en\/wp-json\/wp\/v2\/product_cat?post=2269"},{"taxonomy":"product_tag","embeddable":true,"href":"https:\/\/www.blaubookshop.com\/en\/wp-json\/wp\/v2\/product_tag?post=2269"}],"curies":[{"name":"wp","href":"https:\/\/api.w.org\/{rel}","templated":true}]}}