{"id":2270,"date":"2021-02-25T11:26:32","date_gmt":"2021-02-25T11:26:32","guid":{"rendered":"https:\/\/www.blaubookshop.com\/produto\/import-placeholder-for-171\/"},"modified":"2024-09-04T18:48:14","modified_gmt":"2024-09-04T18:48:14","slug":"museu-nacional-dos-coches-lugar-projeto-e-obra-paulo-mendes-da-rocha","status":"publish","type":"product","link":"https:\/\/www.blaubookshop.com\/en\/product\/museu-nacional-dos-coches-lugar-projeto-e-obra-paulo-mendes-da-rocha\/","title":{"rendered":"Museu Nacional dos Coches: Lugar, Projeto e Obra &#8211; Paulo Mendes da Rocha"},"content":{"rendered":"<p>Durante muitos anos a estrutura urbana que hoje reconhecemos como \u00e1rea tur\u00edstica e monumental de Bel\u00e9m, esteve incompleta. Mas este lugar que foi ganhando limites precisos e voca\u00e7\u00e3o de espa\u00e7o publico por excel\u00eancia, manteve at\u00e9 se construir este museu, uma frente n\u00e3o referenciada, que n\u00e3o lhe pertencia, espa\u00e7o murado onde estiveram instaladas as oficinas de material el\u00e9ctrico do exercito. \u00c9 nesse lugar que se constr\u00f3i o Novo Museu dos Coches. Este equipamento que se destina \u00e0 cultura e \u00e0s artes, d\u00e1 nota dessa voca\u00e7\u00e3o na forma como aborda a quest\u00e3o urbana, o lugar p\u00fablico, a cidade. F\u00e1-lo precisamente no modo de construir cidade para os cidad\u00e3os, de se relacionar com o que j\u00e1 existe num dialogo elaborado, n\u00e3o mim\u00e9tico ou de repeti\u00e7\u00e3o, mas numa dial\u00e9ctica pr\u00f3pria da cidade onde o tronco dos interesses comuns deve prevalecer \u00e0s linguagens especificas de cada tempo ou opini\u00e3o. E esse lugar comum \u00e9 a possibilidade de \u201camparar a imprevisibilidade da vida\u201d atrav\u00e9s da arquitectura, como nos recorda tantas vezes Paulo Mendes da Rocha. Aqui, nesta parte de cidade, pode reconhecer-se o lugar p\u00fablico antes do edif\u00edcio p\u00fablico. Atrav\u00e9s da forma como se integram as casas que constitu\u00edram a frente da Rua da Junqueira e que agora tem nova frente para a pra\u00e7a do museu; das passagens de diferentes escalas que fluem para o lugar do museu com informalidade, como nos habitu\u00e1mos a experimentar na cidade espont\u00e2nea; ou ainda atrav\u00e9s do sistema de circula\u00e7\u00f5es exteriores e interiores em variadas altimetrias que emprestam a todo o lugar uma vis\u00e3o plural e optimista da vida urbana. \u00c9 neste territ\u00f3rio, intervalo entre espa\u00e7os formais e informais, que se h\u00e1-de celebrar a plena cidadania.<\/p>","protected":false},"excerpt":{"rendered":"<p>Paulo Mendes da Rocha<br \/>\n9789898456786<br \/>\nUzina Books<br \/>\nBrochura, 128 pp, 24 x 28 cm<br \/>\nBilingual - Portuguese and English<br \/>\n2015<\/p>","protected":false},"featured_media":6416,"template":"","meta":{"ocean_post_layout":"","ocean_both_sidebars_style":"","ocean_both_sidebars_content_width":0,"ocean_both_sidebars_sidebars_width":0,"ocean_sidebar":"0","ocean_second_sidebar":"0","ocean_disable_margins":"enable","ocean_add_body_class":"","ocean_shortcode_before_top_bar":"","ocean_shortcode_after_top_bar":"","ocean_shortcode_before_header":"","ocean_shortcode_after_header":"","ocean_has_shortcode":"","ocean_shortcode_after_title":"","ocean_shortcode_before_footer_widgets":"","ocean_shortcode_after_footer_widgets":"","ocean_shortcode_before_footer_bottom":"","ocean_shortcode_after_footer_bottom":"","ocean_display_top_bar":"default","ocean_display_header":"default","ocean_header_style":"","ocean_center_header_left_menu":"0","ocean_custom_header_template":"0","ocean_custom_logo":0,"ocean_custom_retina_logo":0,"ocean_custom_logo_max_width":0,"ocean_custom_logo_tablet_max_width":0,"ocean_custom_logo_mobile_max_width":0,"ocean_custom_logo_max_height":0,"ocean_custom_logo_tablet_max_height":0,"ocean_custom_logo_mobile_max_height":0,"ocean_header_custom_menu":"0","ocean_menu_typo_font_family":"0","ocean_menu_typo_font_subset":"","ocean_menu_typo_font_size":0,"ocean_menu_typo_font_size_tablet":0,"ocean_menu_typo_font_size_mobile":0,"ocean_menu_typo_font_size_unit":"px","ocean_menu_typo_font_weight":"","ocean_menu_typo_font_weight_tablet":"","ocean_menu_typo_font_weight_mobile":"","ocean_menu_typo_transform":"","ocean_menu_typo_transform_tablet":"","ocean_menu_typo_transform_mobile":"","ocean_menu_typo_line_height":0,"ocean_menu_typo_line_height_tablet":0,"ocean_menu_typo_line_height_mobile":0,"ocean_menu_typo_line_height_unit":"","ocean_menu_typo_spacing":0,"ocean_menu_typo_spacing_tablet":0,"ocean_menu_typo_spacing_mobile":0,"ocean_menu_typo_spacing_unit":"","ocean_menu_link_color":"","ocean_menu_link_color_hover":"","ocean_menu_link_color_active":"","ocean_menu_link_background":"","ocean_menu_link_hover_background":"","ocean_menu_link_active_background":"","ocean_menu_social_links_bg":"","ocean_menu_social_hover_links_bg":"","ocean_menu_social_links_color":"","ocean_menu_social_hover_links_color":"","ocean_disable_title":"default","ocean_disable_heading":"default","ocean_post_title":"","ocean_post_subheading":"","ocean_post_title_style":"","ocean_post_title_background_color":"","ocean_post_title_background":0,"ocean_post_title_bg_image_position":"","ocean_post_title_bg_image_attachment":"","ocean_post_title_bg_image_repeat":"","ocean_post_title_bg_image_size":"","ocean_post_title_height":0,"ocean_post_title_bg_overlay":0.5,"ocean_post_title_bg_overlay_color":"","ocean_disable_breadcrumbs":"default","ocean_breadcrumbs_color":"","ocean_breadcrumbs_separator_color":"","ocean_breadcrumbs_links_color":"","ocean_breadcrumbs_links_hover_color":"","ocean_display_footer_widgets":"default","ocean_display_footer_bottom":"default","ocean_custom_footer_template":"0"},"product_brand":[],"product_cat":[72,52,192,207,71,51],"product_tag":[],"class_list":{"0":"post-2270","1":"product","2":"type-product","3":"status-publish","4":"has-post-thumbnail","6":"product_cat-arquitectura-uk","7":"product_cat-arquitectura-pt","8":"product_cat-edificios","9":"product_cat-edificios-arquitectura-uk","10":"product_cat-livros-em-ingles","11":"product_cat-livros-em-portugues-pt","13":"entry","14":"has-media","16":"first","17":"instock","18":"sale","19":"taxable","20":"shipping-taxable","21":"purchasable","22":"product-type-simple","23":"col","24":"span_1_of_3","25":"owp-content-left","26":"owp-thumbs-layout-horizontal","27":"owp-btn-normal","28":"owp-tabs-layout-horizontal","29":"has-no-thumbnails","30":"circle-sale"},"_links":{"self":[{"href":"https:\/\/www.blaubookshop.com\/en\/wp-json\/wp\/v2\/product\/2270","targetHints":{"allow":["GET"]}}],"collection":[{"href":"https:\/\/www.blaubookshop.com\/en\/wp-json\/wp\/v2\/product"}],"about":[{"href":"https:\/\/www.blaubookshop.com\/en\/wp-json\/wp\/v2\/types\/product"}],"version-history":[{"count":3,"href":"https:\/\/www.blaubookshop.com\/en\/wp-json\/wp\/v2\/product\/2270\/revisions"}],"predecessor-version":[{"id":6418,"href":"https:\/\/www.blaubookshop.com\/en\/wp-json\/wp\/v2\/product\/2270\/revisions\/6418"}],"wp:featuredmedia":[{"embeddable":true,"href":"https:\/\/www.blaubookshop.com\/en\/wp-json\/wp\/v2\/media\/6416"}],"wp:attachment":[{"href":"https:\/\/www.blaubookshop.com\/en\/wp-json\/wp\/v2\/media?parent=2270"}],"wp:term":[{"taxonomy":"product_brand","embeddable":true,"href":"https:\/\/www.blaubookshop.com\/en\/wp-json\/wp\/v2\/product_brand?post=2270"},{"taxonomy":"product_cat","embeddable":true,"href":"https:\/\/www.blaubookshop.com\/en\/wp-json\/wp\/v2\/product_cat?post=2270"},{"taxonomy":"product_tag","embeddable":true,"href":"https:\/\/www.blaubookshop.com\/en\/wp-json\/wp\/v2\/product_tag?post=2270"}],"curies":[{"name":"wp","href":"https:\/\/api.w.org\/{rel}","templated":true}]}}