{"id":2275,"date":"2021-02-25T11:26:33","date_gmt":"2021-02-25T11:26:33","guid":{"rendered":"https:\/\/www.blaubookshop.com\/produto\/import-placeholder-for-176\/"},"modified":"2021-04-26T22:14:10","modified_gmt":"2021-04-26T22:14:10","slug":"monverde-wine-experience-hotel-paulo-lobo","status":"publish","type":"product","link":"https:\/\/www.blaubookshop.com\/en\/product\/monverde-wine-experience-hotel-paulo-lobo\/","title":{"rendered":"Monverde Wine Experience Hotel &#8211; Paulo Lobo"},"content":{"rendered":"<p>Este livro trata o projeto que visou a adapta\u00e7\u00e3o do espa\u00e7o onde a empresa \u201cQuinta da Lixa\u201d desenvolve a explora\u00e7\u00e3o vin\u00edcola do vinho que produz, ao qual se acrescentou o exerc\u00edcio de uma atividade tur\u00edstica atrav\u00e9s da constru\u00e7\u00e3o de um Hotel Rural, essencialmente vocacionado para o enoturismo. A interven\u00e7\u00e3o consistiu em reabilitar e ampliar as constru\u00e7\u00f5es existentes com o objectivo de construir um hotel essencialmente dedicado ao enoturismo. Apostou\u2011se, em todo o processo desde a constru\u00e7\u00e3o \u00e0 explora\u00e7\u00e3o, numa pol\u00edtica amiga do ambiente o que fez com que ao hotel fosse atribu\u00eddo o R\u00f3tulo Ecol\u00f3gico Europeu. Os edif\u00edcios existentes encontravam-se em estado de abandono e bastante degradados. A sua reabilita\u00e7\u00e3o, assentou numa atitude sustentada e ecol\u00f3gica que veio a refletir-se uma mais valia para a preserva\u00e7\u00e3o do patrim\u00f3nio arquitect\u00f3nico da zona. Foram usados materais \u201cnaturais\u201d na reconstru\u00e7\u00e3o e amplia\u00e7\u00e3o, como pedra, madeira e corti\u00e7a e grande parte do edificado apresenta coberturas ajardinadas, ecologicamente eficazes.<\/p>","protected":false},"excerpt":{"rendered":"<p>FCC Arquitectura<br \/>\nPaulo Lobo<br \/>\nISBN: 978988456953<br \/>\nUzina Books<br \/>\nBrochura, 128 pp, 24 x 28 cm<br \/>\nBilingue portugu\u00eas e ingl\u00eas<br \/>\n42705<\/p>","protected":false},"featured_media":2668,"template":"","meta":{"ocean_post_layout":"","ocean_both_sidebars_style":"","ocean_both_sidebars_content_width":0,"ocean_both_sidebars_sidebars_width":0,"ocean_sidebar":"0","ocean_second_sidebar":"0","ocean_disable_margins":"enable","ocean_add_body_class":"","ocean_shortcode_before_top_bar":"","ocean_shortcode_after_top_bar":"","ocean_shortcode_before_header":"","ocean_shortcode_after_header":"","ocean_has_shortcode":"","ocean_shortcode_after_title":"","ocean_shortcode_before_footer_widgets":"","ocean_shortcode_after_footer_widgets":"","ocean_shortcode_before_footer_bottom":"","ocean_shortcode_after_footer_bottom":"","ocean_display_top_bar":"default","ocean_display_header":"default","ocean_header_style":"","ocean_center_header_left_menu":"0","ocean_custom_header_template":"0","ocean_custom_logo":0,"ocean_custom_retina_logo":0,"ocean_custom_logo_max_width":0,"ocean_custom_logo_tablet_max_width":0,"ocean_custom_logo_mobile_max_width":0,"ocean_custom_logo_max_height":0,"ocean_custom_logo_tablet_max_height":0,"ocean_custom_logo_mobile_max_height":0,"ocean_header_custom_menu":"0","ocean_menu_typo_font_family":"0","ocean_menu_typo_font_subset":"","ocean_menu_typo_font_size":0,"ocean_menu_typo_font_size_tablet":0,"ocean_menu_typo_font_size_mobile":0,"ocean_menu_typo_font_size_unit":"px","ocean_menu_typo_font_weight":"","ocean_menu_typo_font_weight_tablet":"","ocean_menu_typo_font_weight_mobile":"","ocean_menu_typo_transform":"","ocean_menu_typo_transform_tablet":"","ocean_menu_typo_transform_mobile":"","ocean_menu_typo_line_height":0,"ocean_menu_typo_line_height_tablet":0,"ocean_menu_typo_line_height_mobile":0,"ocean_menu_typo_line_height_unit":"","ocean_menu_typo_spacing":0,"ocean_menu_typo_spacing_tablet":0,"ocean_menu_typo_spacing_mobile":0,"ocean_menu_typo_spacing_unit":"","ocean_menu_link_color":"","ocean_menu_link_color_hover":"","ocean_menu_link_color_active":"","ocean_menu_link_background":"","ocean_menu_link_hover_background":"","ocean_menu_link_active_background":"","ocean_menu_social_links_bg":"","ocean_menu_social_hover_links_bg":"","ocean_menu_social_links_color":"","ocean_menu_social_hover_links_color":"","ocean_disable_title":"default","ocean_disable_heading":"default","ocean_post_title":"","ocean_post_subheading":"","ocean_post_title_style":"","ocean_post_title_background_color":"","ocean_post_title_background":0,"ocean_post_title_bg_image_position":"","ocean_post_title_bg_image_attachment":"","ocean_post_title_bg_image_repeat":"","ocean_post_title_bg_image_size":"","ocean_post_title_height":0,"ocean_post_title_bg_overlay":0.5,"ocean_post_title_bg_overlay_color":"","ocean_disable_breadcrumbs":"default","ocean_breadcrumbs_color":"","ocean_breadcrumbs_separator_color":"","ocean_breadcrumbs_links_color":"","ocean_breadcrumbs_links_hover_color":"","ocean_display_footer_widgets":"default","ocean_display_footer_bottom":"default","ocean_custom_footer_template":"0"},"product_brand":[],"product_cat":[52,72,192,207,71,51],"product_tag":[],"class_list":{"0":"post-2275","1":"product","2":"type-product","3":"status-publish","4":"has-post-thumbnail","6":"product_cat-arquitectura-pt","7":"product_cat-arquitectura-uk","8":"product_cat-edificios","9":"product_cat-edificios-arquitectura-uk","10":"product_cat-livros-em-ingles","11":"product_cat-livros-em-portugues-pt","13":"entry","14":"has-media","16":"first","17":"instock","18":"sale","19":"taxable","20":"shipping-taxable","21":"purchasable","22":"product-type-simple","23":"col","24":"span_1_of_3","25":"owp-content-left","26":"owp-thumbs-layout-horizontal","27":"owp-btn-normal","28":"owp-tabs-layout-horizontal","29":"has-no-thumbnails","30":"circle-sale"},"_links":{"self":[{"href":"https:\/\/www.blaubookshop.com\/en\/wp-json\/wp\/v2\/product\/2275","targetHints":{"allow":["GET"]}}],"collection":[{"href":"https:\/\/www.blaubookshop.com\/en\/wp-json\/wp\/v2\/product"}],"about":[{"href":"https:\/\/www.blaubookshop.com\/en\/wp-json\/wp\/v2\/types\/product"}],"version-history":[{"count":1,"href":"https:\/\/www.blaubookshop.com\/en\/wp-json\/wp\/v2\/product\/2275\/revisions"}],"predecessor-version":[{"id":4196,"href":"https:\/\/www.blaubookshop.com\/en\/wp-json\/wp\/v2\/product\/2275\/revisions\/4196"}],"wp:featuredmedia":[{"embeddable":true,"href":"https:\/\/www.blaubookshop.com\/en\/wp-json\/wp\/v2\/media\/2668"}],"wp:attachment":[{"href":"https:\/\/www.blaubookshop.com\/en\/wp-json\/wp\/v2\/media?parent=2275"}],"wp:term":[{"taxonomy":"product_brand","embeddable":true,"href":"https:\/\/www.blaubookshop.com\/en\/wp-json\/wp\/v2\/product_brand?post=2275"},{"taxonomy":"product_cat","embeddable":true,"href":"https:\/\/www.blaubookshop.com\/en\/wp-json\/wp\/v2\/product_cat?post=2275"},{"taxonomy":"product_tag","embeddable":true,"href":"https:\/\/www.blaubookshop.com\/en\/wp-json\/wp\/v2\/product_tag?post=2275"}],"curies":[{"name":"wp","href":"https:\/\/api.w.org\/{rel}","templated":true}]}}