{"id":2285,"date":"2021-02-25T11:26:52","date_gmt":"2021-02-25T11:26:52","guid":{"rendered":"https:\/\/www.blaubookshop.com\/produto\/import-placeholder-for-186\/"},"modified":"2021-04-26T20:48:02","modified_gmt":"2021-04-26T20:48:02","slug":"risco-2008-2018","status":"publish","type":"product","link":"https:\/\/www.blaubookshop.com\/en\/product\/risco-2008-2018\/","title":{"rendered":"RISCO 2008 \/ 2018"},"content":{"rendered":"<p>V\u00e1rios aspetos s\u00e3o patentes quando observamos todo o \u201cquadro de vida\u201d do RISCO, a sua produ\u00e7\u00e3o, os projetos e obras:<br \/>\n\u2013 o sentido de uma \u201cmetodologia de abrang\u00eancia\u201d, a par de uma pr\u00e1tica de \u201cgrande escala\u201d na conce\u00e7\u00e3o e produ\u00e7\u00e3o da arquitetura, desenho urbano, planeamento e urbanismo. Destacam-se os aspetos culturais, na rela\u00e7\u00e3o com o tema da pr\u00e1tica dos \u201cgrandes ateliers\u201d modernos em Portugal;<br \/>\n\u2013 o car\u00e1cter multidisciplinar presente ao longo da evolu\u00e7\u00e3o do atelier \u2013 na pesquisa, no desenho, na linguagem \u2013 registado e patente ao longo dos projetos concretizados, no per\u00edodo da produ\u00e7\u00e3o apresentada;<br \/>\n\u2013 o processo da constru\u00e7\u00e3o gradual de uma \u201cimagem de marca\u201d, traduzida em modos de conce\u00e7\u00e3o, em tipologias de projeto e obra, na linha dos ateliers internacionais do nosso tempo;<br \/>\n\u2013 a poss\u00edvel e operativa seria\u00e7\u00e3o de solu\u00e7\u00f5es e tipologias de conce\u00e7\u00e3o e desenho que sustentam os des\u00edgnios atr\u00e1s referidos;<br \/>\n\u2013 finalmente, o desenvolvimento de uma \u201cpersonalidade pr\u00f3pria\u201d de atelier, assente num grupo est\u00e1vel e afirmado de conce\u00e7\u00e3o e cria\u00e7\u00e3o, com um car\u00e1cter identific\u00e1vel<\/p>","protected":false},"excerpt":{"rendered":"<p>Atelier Risco<br \/>\nISBN: 9789898875082<br \/>\nUzina Books<\/p>\n<p>Capa dura, 340 pp, 23 x 28,7 cm<br \/>\nBilingual - Portuguese and English<br \/>\n15\/12\/2018<\/p>","protected":false},"featured_media":1335,"template":"","meta":{"ocean_post_layout":"","ocean_both_sidebars_style":"","ocean_both_sidebars_content_width":0,"ocean_both_sidebars_sidebars_width":0,"ocean_sidebar":"","ocean_second_sidebar":"","ocean_disable_margins":"enable","ocean_add_body_class":"","ocean_shortcode_before_top_bar":"","ocean_shortcode_after_top_bar":"","ocean_shortcode_before_header":"","ocean_shortcode_after_header":"","ocean_has_shortcode":"","ocean_shortcode_after_title":"","ocean_shortcode_before_footer_widgets":"","ocean_shortcode_after_footer_widgets":"","ocean_shortcode_before_footer_bottom":"","ocean_shortcode_after_footer_bottom":"","ocean_display_top_bar":"default","ocean_display_header":"default","ocean_header_style":"","ocean_center_header_left_menu":"","ocean_custom_header_template":"","ocean_custom_logo":0,"ocean_custom_retina_logo":0,"ocean_custom_logo_max_width":0,"ocean_custom_logo_tablet_max_width":0,"ocean_custom_logo_mobile_max_width":0,"ocean_custom_logo_max_height":0,"ocean_custom_logo_tablet_max_height":0,"ocean_custom_logo_mobile_max_height":0,"ocean_header_custom_menu":"","ocean_menu_typo_font_family":"","ocean_menu_typo_font_subset":"","ocean_menu_typo_font_size":0,"ocean_menu_typo_font_size_tablet":0,"ocean_menu_typo_font_size_mobile":0,"ocean_menu_typo_font_size_unit":"px","ocean_menu_typo_font_weight":"","ocean_menu_typo_font_weight_tablet":"","ocean_menu_typo_font_weight_mobile":"","ocean_menu_typo_transform":"","ocean_menu_typo_transform_tablet":"","ocean_menu_typo_transform_mobile":"","ocean_menu_typo_line_height":0,"ocean_menu_typo_line_height_tablet":0,"ocean_menu_typo_line_height_mobile":0,"ocean_menu_typo_line_height_unit":"","ocean_menu_typo_spacing":0,"ocean_menu_typo_spacing_tablet":0,"ocean_menu_typo_spacing_mobile":0,"ocean_menu_typo_spacing_unit":"","ocean_menu_link_color":"","ocean_menu_link_color_hover":"","ocean_menu_link_color_active":"","ocean_menu_link_background":"","ocean_menu_link_hover_background":"","ocean_menu_link_active_background":"","ocean_menu_social_links_bg":"","ocean_menu_social_hover_links_bg":"","ocean_menu_social_links_color":"","ocean_menu_social_hover_links_color":"","ocean_disable_title":"default","ocean_disable_heading":"default","ocean_post_title":"","ocean_post_subheading":"","ocean_post_title_style":"","ocean_post_title_background_color":"","ocean_post_title_background":0,"ocean_post_title_bg_image_position":"","ocean_post_title_bg_image_attachment":"","ocean_post_title_bg_image_repeat":"","ocean_post_title_bg_image_size":"","ocean_post_title_height":0,"ocean_post_title_bg_overlay":0.5,"ocean_post_title_bg_overlay_color":"","ocean_disable_breadcrumbs":"default","ocean_breadcrumbs_color":"","ocean_breadcrumbs_separator_color":"","ocean_breadcrumbs_links_color":"","ocean_breadcrumbs_links_hover_color":"","ocean_display_footer_widgets":"default","ocean_display_footer_bottom":"default","ocean_custom_footer_template":""},"product_brand":[],"product_cat":[110,206,72,52,71,51],"product_tag":[],"class_list":{"0":"post-2285","1":"product","2":"type-product","3":"status-publish","4":"has-post-thumbnail","6":"product_cat-arquitectos","7":"product_cat-arquitectos-arquitectura-uk","8":"product_cat-arquitectura-uk","9":"product_cat-arquitectura-pt","10":"product_cat-livros-em-ingles","11":"product_cat-livros-em-portugues-pt","13":"entry","14":"has-media","16":"first","17":"instock","18":"sale","19":"taxable","20":"shipping-taxable","21":"purchasable","22":"product-type-simple","23":"col","24":"span_1_of_3","25":"owp-content-left","26":"owp-thumbs-layout-horizontal","27":"owp-btn-normal","28":"owp-tabs-layout-horizontal","29":"has-no-thumbnails","30":"circle-sale"},"_links":{"self":[{"href":"https:\/\/www.blaubookshop.com\/en\/wp-json\/wp\/v2\/product\/2285","targetHints":{"allow":["GET"]}}],"collection":[{"href":"https:\/\/www.blaubookshop.com\/en\/wp-json\/wp\/v2\/product"}],"about":[{"href":"https:\/\/www.blaubookshop.com\/en\/wp-json\/wp\/v2\/types\/product"}],"version-history":[{"count":1,"href":"https:\/\/www.blaubookshop.com\/en\/wp-json\/wp\/v2\/product\/2285\/revisions"}],"predecessor-version":[{"id":4155,"href":"https:\/\/www.blaubookshop.com\/en\/wp-json\/wp\/v2\/product\/2285\/revisions\/4155"}],"wp:featuredmedia":[{"embeddable":true,"href":"https:\/\/www.blaubookshop.com\/en\/wp-json\/wp\/v2\/media\/1335"}],"wp:attachment":[{"href":"https:\/\/www.blaubookshop.com\/en\/wp-json\/wp\/v2\/media?parent=2285"}],"wp:term":[{"taxonomy":"product_brand","embeddable":true,"href":"https:\/\/www.blaubookshop.com\/en\/wp-json\/wp\/v2\/product_brand?post=2285"},{"taxonomy":"product_cat","embeddable":true,"href":"https:\/\/www.blaubookshop.com\/en\/wp-json\/wp\/v2\/product_cat?post=2285"},{"taxonomy":"product_tag","embeddable":true,"href":"https:\/\/www.blaubookshop.com\/en\/wp-json\/wp\/v2\/product_tag?post=2285"}],"curies":[{"name":"wp","href":"https:\/\/api.w.org\/{rel}","templated":true}]}}