{"id":2297,"date":"2021-02-25T11:26:55","date_gmt":"2021-02-25T11:26:55","guid":{"rendered":"https:\/\/www.blaubookshop.com\/produto\/import-placeholder-for-198\/"},"modified":"2021-04-26T20:47:17","modified_gmt":"2021-04-26T20:47:17","slug":"casas-construidas-casas-pensadas","status":"publish","type":"product","link":"https:\/\/www.blaubookshop.com\/en\/product\/casas-construidas-casas-pensadas\/","title":{"rendered":"Casas Constru\u00eddas + Casas Pensadas"},"content":{"rendered":"<p>Se as casas pensadas s\u00e3o de certo modo a forma imaginada ou se quisermos o registo da especula\u00e7\u00e3o acerca da possibilidade de constru\u00e7\u00e3o de uma forma para a vida das pessoas, as casas constru\u00eddas s\u00e3o narrativas que se materializaram. O registo urdido pacientemente por diversos intervenientes que assume vida pr\u00f3pria. \u00c9 desta forma que o arquiteto Jorge Mealha, autor deste livro, nos apresenta tr\u00eas projetos de habita\u00e7\u00e3o unifamiliar com obra conclu\u00edda e outros tr\u00eas projetos de outras tr\u00eas habita\u00e7\u00f5es, que por raz\u00f5es diversas, n\u00e3o se materializaram em espa\u00e7os vividos.<br \/>\nA Cole\u00e7\u00e3o 1 + 1 da Uzina Books \u00e9 composta por edi\u00e7\u00f5es de pequeno formato onde cada projeto \u00e9 abordado de forma sintetizada. Atrav\u00e9s de um layout simplificado, pretende-se divulgar junto do grande p\u00fablico, as refer\u00eancias atuais da arquitetura contempor\u00e2nea, em edi\u00e7\u00f5es Bilingue.<br \/>\nCada livro aborda dois ou mais projetos distintos, analisados em cinco pontos principais: mem\u00f3ria do projeto, conceitos e primeiros estudos sobre a obra, imagens do processo construtivo, imagens da obra final e pormenoriza\u00e7\u00e3o da obra com desenhos t\u00e9cnicos e materiais utilizados.<\/p>","protected":false},"excerpt":{"rendered":"<p>Jorge Mealha<br \/>\nISBN: 9789898456076<br \/>\nUzina Books<\/p>\n<p>Brochura, 128 pp, 16,5 x 20,5 cm<br \/>\nBilingual - Portuguese and English<br \/>\n01\/09\/2011<\/p>","protected":false},"featured_media":1252,"template":"","meta":{"ocean_post_layout":"","ocean_both_sidebars_style":"","ocean_both_sidebars_content_width":0,"ocean_both_sidebars_sidebars_width":0,"ocean_sidebar":"","ocean_second_sidebar":"","ocean_disable_margins":"enable","ocean_add_body_class":"","ocean_shortcode_before_top_bar":"","ocean_shortcode_after_top_bar":"","ocean_shortcode_before_header":"","ocean_shortcode_after_header":"","ocean_has_shortcode":"","ocean_shortcode_after_title":"","ocean_shortcode_before_footer_widgets":"","ocean_shortcode_after_footer_widgets":"","ocean_shortcode_before_footer_bottom":"","ocean_shortcode_after_footer_bottom":"","ocean_display_top_bar":"default","ocean_display_header":"default","ocean_header_style":"","ocean_center_header_left_menu":"","ocean_custom_header_template":"","ocean_custom_logo":0,"ocean_custom_retina_logo":0,"ocean_custom_logo_max_width":0,"ocean_custom_logo_tablet_max_width":0,"ocean_custom_logo_mobile_max_width":0,"ocean_custom_logo_max_height":0,"ocean_custom_logo_tablet_max_height":0,"ocean_custom_logo_mobile_max_height":0,"ocean_header_custom_menu":"","ocean_menu_typo_font_family":"","ocean_menu_typo_font_subset":"","ocean_menu_typo_font_size":0,"ocean_menu_typo_font_size_tablet":0,"ocean_menu_typo_font_size_mobile":0,"ocean_menu_typo_font_size_unit":"px","ocean_menu_typo_font_weight":"","ocean_menu_typo_font_weight_tablet":"","ocean_menu_typo_font_weight_mobile":"","ocean_menu_typo_transform":"","ocean_menu_typo_transform_tablet":"","ocean_menu_typo_transform_mobile":"","ocean_menu_typo_line_height":0,"ocean_menu_typo_line_height_tablet":0,"ocean_menu_typo_line_height_mobile":0,"ocean_menu_typo_line_height_unit":"","ocean_menu_typo_spacing":0,"ocean_menu_typo_spacing_tablet":0,"ocean_menu_typo_spacing_mobile":0,"ocean_menu_typo_spacing_unit":"","ocean_menu_link_color":"","ocean_menu_link_color_hover":"","ocean_menu_link_color_active":"","ocean_menu_link_background":"","ocean_menu_link_hover_background":"","ocean_menu_link_active_background":"","ocean_menu_social_links_bg":"","ocean_menu_social_hover_links_bg":"","ocean_menu_social_links_color":"","ocean_menu_social_hover_links_color":"","ocean_disable_title":"default","ocean_disable_heading":"default","ocean_post_title":"","ocean_post_subheading":"","ocean_post_title_style":"","ocean_post_title_background_color":"","ocean_post_title_background":0,"ocean_post_title_bg_image_position":"","ocean_post_title_bg_image_attachment":"","ocean_post_title_bg_image_repeat":"","ocean_post_title_bg_image_size":"","ocean_post_title_height":0,"ocean_post_title_bg_overlay":0.5,"ocean_post_title_bg_overlay_color":"","ocean_disable_breadcrumbs":"default","ocean_breadcrumbs_color":"","ocean_breadcrumbs_separator_color":"","ocean_breadcrumbs_links_color":"","ocean_breadcrumbs_links_hover_color":"","ocean_display_footer_widgets":"default","ocean_display_footer_bottom":"default","ocean_custom_footer_template":""},"product_brand":[],"product_cat":[72,52,192,71,51],"product_tag":[],"class_list":{"0":"post-2297","1":"product","2":"type-product","3":"status-publish","4":"has-post-thumbnail","6":"product_cat-arquitectura-uk","7":"product_cat-arquitectura-pt","8":"product_cat-edificios","9":"product_cat-livros-em-ingles","10":"product_cat-livros-em-portugues-pt","12":"entry","13":"has-media","15":"first","16":"instock","17":"sale","18":"taxable","19":"shipping-taxable","20":"purchasable","21":"product-type-simple","22":"col","23":"span_1_of_3","24":"owp-content-left","25":"owp-thumbs-layout-horizontal","26":"owp-btn-normal","27":"owp-tabs-layout-horizontal","28":"has-no-thumbnails","29":"circle-sale"},"_links":{"self":[{"href":"https:\/\/www.blaubookshop.com\/en\/wp-json\/wp\/v2\/product\/2297","targetHints":{"allow":["GET"]}}],"collection":[{"href":"https:\/\/www.blaubookshop.com\/en\/wp-json\/wp\/v2\/product"}],"about":[{"href":"https:\/\/www.blaubookshop.com\/en\/wp-json\/wp\/v2\/types\/product"}],"version-history":[{"count":1,"href":"https:\/\/www.blaubookshop.com\/en\/wp-json\/wp\/v2\/product\/2297\/revisions"}],"predecessor-version":[{"id":4148,"href":"https:\/\/www.blaubookshop.com\/en\/wp-json\/wp\/v2\/product\/2297\/revisions\/4148"}],"wp:featuredmedia":[{"embeddable":true,"href":"https:\/\/www.blaubookshop.com\/en\/wp-json\/wp\/v2\/media\/1252"}],"wp:attachment":[{"href":"https:\/\/www.blaubookshop.com\/en\/wp-json\/wp\/v2\/media?parent=2297"}],"wp:term":[{"taxonomy":"product_brand","embeddable":true,"href":"https:\/\/www.blaubookshop.com\/en\/wp-json\/wp\/v2\/product_brand?post=2297"},{"taxonomy":"product_cat","embeddable":true,"href":"https:\/\/www.blaubookshop.com\/en\/wp-json\/wp\/v2\/product_cat?post=2297"},{"taxonomy":"product_tag","embeddable":true,"href":"https:\/\/www.blaubookshop.com\/en\/wp-json\/wp\/v2\/product_tag?post=2297"}],"curies":[{"name":"wp","href":"https:\/\/api.w.org\/{rel}","templated":true}]}}