{"id":2302,"date":"2021-02-25T11:26:56","date_gmt":"2021-02-25T11:26:56","guid":{"rendered":"https:\/\/www.blaubookshop.com\/produto\/import-placeholder-for-203\/"},"modified":"2021-04-26T20:47:21","modified_gmt":"2021-04-26T20:47:21","slug":"escola-basica-e-secundaria-de-montemor-o-velho-casa-paco-de-arcos-atelier-central","status":"publish","type":"product","link":"https:\/\/www.blaubookshop.com\/en\/product\/escola-basica-e-secundaria-de-montemor-o-velho-casa-paco-de-arcos-atelier-central\/","title":{"rendered":"Escola B\u00e1sica e Secund\u00e1ria de Montemor-o-Velho + Casa Pa\u00e7o de Arcos &#8211; Atelier Central"},"content":{"rendered":"<p>Apresenta\u00e7\u00e3o de um primeiro projeto sobre a cria\u00e7\u00e3o de um Campus Escolar unindo uma escola secund\u00e1ria, uma escola b\u00e1sica e um jardim de inf\u00e2ncia, atrav\u00e9s da estrutura\u00e7\u00e3o e reorganiza\u00e7\u00e3o de acessos, entradas e espa\u00e7os de perman\u00eancia, da remodela\u00e7\u00e3o dos edif\u00edcios existentes e da constru\u00e7\u00e3o de novos equipamentos comuns \u00e0s tr\u00eas escolas. E de um segundo projeto de constru\u00e7\u00e3o de duas casas &#8220;parecidas mas n\u00e3o iguais&#8221;, com um programa definido de sustentabilidade ambiental como o aproveitamento da \u00e1gua das chuvas, vidros t\u00e9rmicos, produ\u00e7\u00e3o de energia solar e dom\u00f3tica na gest\u00e3o inteligente dos processos.<br \/>\nA Cole\u00e7\u00e3o 1 + 1 da Uzina Books \u00e9 composta por edi\u00e7\u00f5es de pequeno formato onde cada projeto \u00e9 abordado de forma sintetizada. Atrav\u00e9s de um layout simplificado, pretende-se divulgar junto do grande p\u00fablico, as refer\u00eancias atuais da arquitetura contempor\u00e2nea, em edi\u00e7\u00f5es Bilingue.<br \/>\nCada livro aborda dois ou mais projetos distintos, analisados em cinco pontos principais: mem\u00f3ria do projeto, conceitos e primeiros estudos sobre a obra, imagens do processo construtivo, imagens da obra final e pormenoriza\u00e7\u00e3o da obra com desenhos t\u00e9cnicos e materiais utilizados.<\/p>","protected":false},"excerpt":{"rendered":"<p>Atelier Central<br \/>\nISBN: 9789898456182<br \/>\nUzina Books<\/p>\n<p>Brochura, 64 pp, 16,5 x 20,5 cm<br \/>\nBilingual - Portuguese and English<br \/>\n01\/02\/2012<\/p>","protected":false},"featured_media":1263,"template":"","meta":{"ocean_post_layout":"","ocean_both_sidebars_style":"","ocean_both_sidebars_content_width":0,"ocean_both_sidebars_sidebars_width":0,"ocean_sidebar":"","ocean_second_sidebar":"","ocean_disable_margins":"enable","ocean_add_body_class":"","ocean_shortcode_before_top_bar":"","ocean_shortcode_after_top_bar":"","ocean_shortcode_before_header":"","ocean_shortcode_after_header":"","ocean_has_shortcode":"","ocean_shortcode_after_title":"","ocean_shortcode_before_footer_widgets":"","ocean_shortcode_after_footer_widgets":"","ocean_shortcode_before_footer_bottom":"","ocean_shortcode_after_footer_bottom":"","ocean_display_top_bar":"default","ocean_display_header":"default","ocean_header_style":"","ocean_center_header_left_menu":"","ocean_custom_header_template":"","ocean_custom_logo":0,"ocean_custom_retina_logo":0,"ocean_custom_logo_max_width":0,"ocean_custom_logo_tablet_max_width":0,"ocean_custom_logo_mobile_max_width":0,"ocean_custom_logo_max_height":0,"ocean_custom_logo_tablet_max_height":0,"ocean_custom_logo_mobile_max_height":0,"ocean_header_custom_menu":"","ocean_menu_typo_font_family":"","ocean_menu_typo_font_subset":"","ocean_menu_typo_font_size":0,"ocean_menu_typo_font_size_tablet":0,"ocean_menu_typo_font_size_mobile":0,"ocean_menu_typo_font_size_unit":"px","ocean_menu_typo_font_weight":"","ocean_menu_typo_font_weight_tablet":"","ocean_menu_typo_font_weight_mobile":"","ocean_menu_typo_transform":"","ocean_menu_typo_transform_tablet":"","ocean_menu_typo_transform_mobile":"","ocean_menu_typo_line_height":0,"ocean_menu_typo_line_height_tablet":0,"ocean_menu_typo_line_height_mobile":0,"ocean_menu_typo_line_height_unit":"","ocean_menu_typo_spacing":0,"ocean_menu_typo_spacing_tablet":0,"ocean_menu_typo_spacing_mobile":0,"ocean_menu_typo_spacing_unit":"","ocean_menu_link_color":"","ocean_menu_link_color_hover":"","ocean_menu_link_color_active":"","ocean_menu_link_background":"","ocean_menu_link_hover_background":"","ocean_menu_link_active_background":"","ocean_menu_social_links_bg":"","ocean_menu_social_hover_links_bg":"","ocean_menu_social_links_color":"","ocean_menu_social_hover_links_color":"","ocean_disable_title":"default","ocean_disable_heading":"default","ocean_post_title":"","ocean_post_subheading":"","ocean_post_title_style":"","ocean_post_title_background_color":"","ocean_post_title_background":0,"ocean_post_title_bg_image_position":"","ocean_post_title_bg_image_attachment":"","ocean_post_title_bg_image_repeat":"","ocean_post_title_bg_image_size":"","ocean_post_title_height":0,"ocean_post_title_bg_overlay":0.5,"ocean_post_title_bg_overlay_color":"","ocean_disable_breadcrumbs":"default","ocean_breadcrumbs_color":"","ocean_breadcrumbs_separator_color":"","ocean_breadcrumbs_links_color":"","ocean_breadcrumbs_links_hover_color":"","ocean_display_footer_widgets":"default","ocean_display_footer_bottom":"default","ocean_custom_footer_template":""},"product_brand":[],"product_cat":[52,72,192,207,71,51],"product_tag":[],"class_list":{"0":"post-2302","1":"product","2":"type-product","3":"status-publish","4":"has-post-thumbnail","6":"product_cat-arquitectura-pt","7":"product_cat-arquitectura-uk","8":"product_cat-edificios","9":"product_cat-edificios-arquitectura-uk","10":"product_cat-livros-em-ingles","11":"product_cat-livros-em-portugues-pt","13":"entry","14":"has-media","16":"first","17":"instock","18":"sale","19":"taxable","20":"shipping-taxable","21":"purchasable","22":"product-type-simple","23":"col","24":"span_1_of_3","25":"owp-content-left","26":"owp-thumbs-layout-horizontal","27":"owp-btn-normal","28":"owp-tabs-layout-horizontal","29":"has-no-thumbnails","30":"circle-sale"},"_links":{"self":[{"href":"https:\/\/www.blaubookshop.com\/en\/wp-json\/wp\/v2\/product\/2302","targetHints":{"allow":["GET"]}}],"collection":[{"href":"https:\/\/www.blaubookshop.com\/en\/wp-json\/wp\/v2\/product"}],"about":[{"href":"https:\/\/www.blaubookshop.com\/en\/wp-json\/wp\/v2\/types\/product"}],"version-history":[{"count":1,"href":"https:\/\/www.blaubookshop.com\/en\/wp-json\/wp\/v2\/product\/2302\/revisions"}],"predecessor-version":[{"id":4141,"href":"https:\/\/www.blaubookshop.com\/en\/wp-json\/wp\/v2\/product\/2302\/revisions\/4141"}],"wp:featuredmedia":[{"embeddable":true,"href":"https:\/\/www.blaubookshop.com\/en\/wp-json\/wp\/v2\/media\/1263"}],"wp:attachment":[{"href":"https:\/\/www.blaubookshop.com\/en\/wp-json\/wp\/v2\/media?parent=2302"}],"wp:term":[{"taxonomy":"product_brand","embeddable":true,"href":"https:\/\/www.blaubookshop.com\/en\/wp-json\/wp\/v2\/product_brand?post=2302"},{"taxonomy":"product_cat","embeddable":true,"href":"https:\/\/www.blaubookshop.com\/en\/wp-json\/wp\/v2\/product_cat?post=2302"},{"taxonomy":"product_tag","embeddable":true,"href":"https:\/\/www.blaubookshop.com\/en\/wp-json\/wp\/v2\/product_tag?post=2302"}],"curies":[{"name":"wp","href":"https:\/\/api.w.org\/{rel}","templated":true}]}}