{"id":2328,"date":"2021-02-25T11:27:17","date_gmt":"2021-02-25T11:27:17","guid":{"rendered":"https:\/\/www.blaubookshop.com\/produto\/import-placeholder-for-229\/"},"modified":"2021-04-26T20:47:19","modified_gmt":"2021-04-26T20:47:19","slug":"construir-de-raiz-recuperar-aas-arquitectos","status":"publish","type":"product","link":"https:\/\/www.blaubookshop.com\/en\/product\/construir-de-raiz-recuperar-aas-arquitectos\/","title":{"rendered":"Construir de Raiz \/ Recuperar &#8211; AAS Arquitectos"},"content":{"rendered":"<p>Construir de ra\u00edz e recupera\u00e7\u00f5es<\/p>","protected":false},"excerpt":{"rendered":"<p>AAS Arquitectos<br \/>\nISBN: 9789898456519<br \/>\nUzina Books<\/p>\n<p>Brochura, 128 pp, 16,5 x 20,5 cm<br \/>\nBilingual - Portuguese and English<br \/>\n01\/12\/2013<\/p>","protected":false},"featured_media":1294,"template":"","meta":{"ocean_post_layout":"","ocean_both_sidebars_style":"","ocean_both_sidebars_content_width":0,"ocean_both_sidebars_sidebars_width":0,"ocean_sidebar":"","ocean_second_sidebar":"","ocean_disable_margins":"enable","ocean_add_body_class":"","ocean_shortcode_before_top_bar":"","ocean_shortcode_after_top_bar":"","ocean_shortcode_before_header":"","ocean_shortcode_after_header":"","ocean_has_shortcode":"","ocean_shortcode_after_title":"","ocean_shortcode_before_footer_widgets":"","ocean_shortcode_after_footer_widgets":"","ocean_shortcode_before_footer_bottom":"","ocean_shortcode_after_footer_bottom":"","ocean_display_top_bar":"default","ocean_display_header":"default","ocean_header_style":"","ocean_center_header_left_menu":"","ocean_custom_header_template":"","ocean_custom_logo":0,"ocean_custom_retina_logo":0,"ocean_custom_logo_max_width":0,"ocean_custom_logo_tablet_max_width":0,"ocean_custom_logo_mobile_max_width":0,"ocean_custom_logo_max_height":0,"ocean_custom_logo_tablet_max_height":0,"ocean_custom_logo_mobile_max_height":0,"ocean_header_custom_menu":"","ocean_menu_typo_font_family":"","ocean_menu_typo_font_subset":"","ocean_menu_typo_font_size":0,"ocean_menu_typo_font_size_tablet":0,"ocean_menu_typo_font_size_mobile":0,"ocean_menu_typo_font_size_unit":"px","ocean_menu_typo_font_weight":"","ocean_menu_typo_font_weight_tablet":"","ocean_menu_typo_font_weight_mobile":"","ocean_menu_typo_transform":"","ocean_menu_typo_transform_tablet":"","ocean_menu_typo_transform_mobile":"","ocean_menu_typo_line_height":0,"ocean_menu_typo_line_height_tablet":0,"ocean_menu_typo_line_height_mobile":0,"ocean_menu_typo_line_height_unit":"","ocean_menu_typo_spacing":0,"ocean_menu_typo_spacing_tablet":0,"ocean_menu_typo_spacing_mobile":0,"ocean_menu_typo_spacing_unit":"","ocean_menu_link_color":"","ocean_menu_link_color_hover":"","ocean_menu_link_color_active":"","ocean_menu_link_background":"","ocean_menu_link_hover_background":"","ocean_menu_link_active_background":"","ocean_menu_social_links_bg":"","ocean_menu_social_hover_links_bg":"","ocean_menu_social_links_color":"","ocean_menu_social_hover_links_color":"","ocean_disable_title":"default","ocean_disable_heading":"default","ocean_post_title":"","ocean_post_subheading":"","ocean_post_title_style":"","ocean_post_title_background_color":"","ocean_post_title_background":0,"ocean_post_title_bg_image_position":"","ocean_post_title_bg_image_attachment":"","ocean_post_title_bg_image_repeat":"","ocean_post_title_bg_image_size":"","ocean_post_title_height":0,"ocean_post_title_bg_overlay":0.5,"ocean_post_title_bg_overlay_color":"","ocean_disable_breadcrumbs":"default","ocean_breadcrumbs_color":"","ocean_breadcrumbs_separator_color":"","ocean_breadcrumbs_links_color":"","ocean_breadcrumbs_links_hover_color":"","ocean_display_footer_widgets":"default","ocean_display_footer_bottom":"default","ocean_custom_footer_template":""},"product_brand":[],"product_cat":[72,52,192,207,71,51,80,60],"product_tag":[],"class_list":{"0":"post-2328","1":"product","2":"type-product","3":"status-publish","4":"has-post-thumbnail","6":"product_cat-arquitectura-uk","7":"product_cat-arquitectura-pt","8":"product_cat-edificios","9":"product_cat-edificios-arquitectura-uk","10":"product_cat-livros-em-ingles","11":"product_cat-livros-em-portugues-pt","12":"product_cat-reabilitacao-uk","13":"product_cat-reabilitacao-pt","15":"entry","16":"has-media","18":"first","19":"instock","20":"sale","21":"taxable","22":"shipping-taxable","23":"purchasable","24":"product-type-simple","25":"col","26":"span_1_of_3","27":"owp-content-left","28":"owp-thumbs-layout-horizontal","29":"owp-btn-normal","30":"owp-tabs-layout-horizontal","31":"has-no-thumbnails","32":"circle-sale"},"_links":{"self":[{"href":"https:\/\/www.blaubookshop.com\/en\/wp-json\/wp\/v2\/product\/2328","targetHints":{"allow":["GET"]}}],"collection":[{"href":"https:\/\/www.blaubookshop.com\/en\/wp-json\/wp\/v2\/product"}],"about":[{"href":"https:\/\/www.blaubookshop.com\/en\/wp-json\/wp\/v2\/types\/product"}],"version-history":[{"count":1,"href":"https:\/\/www.blaubookshop.com\/en\/wp-json\/wp\/v2\/product\/2328\/revisions"}],"predecessor-version":[{"id":4115,"href":"https:\/\/www.blaubookshop.com\/en\/wp-json\/wp\/v2\/product\/2328\/revisions\/4115"}],"wp:featuredmedia":[{"embeddable":true,"href":"https:\/\/www.blaubookshop.com\/en\/wp-json\/wp\/v2\/media\/1294"}],"wp:attachment":[{"href":"https:\/\/www.blaubookshop.com\/en\/wp-json\/wp\/v2\/media?parent=2328"}],"wp:term":[{"taxonomy":"product_brand","embeddable":true,"href":"https:\/\/www.blaubookshop.com\/en\/wp-json\/wp\/v2\/product_brand?post=2328"},{"taxonomy":"product_cat","embeddable":true,"href":"https:\/\/www.blaubookshop.com\/en\/wp-json\/wp\/v2\/product_cat?post=2328"},{"taxonomy":"product_tag","embeddable":true,"href":"https:\/\/www.blaubookshop.com\/en\/wp-json\/wp\/v2\/product_tag?post=2328"}],"curies":[{"name":"wp","href":"https:\/\/api.w.org\/{rel}","templated":true}]}}