{"id":2353,"date":"2021-02-25T11:27:40","date_gmt":"2021-02-25T11:27:40","guid":{"rendered":"https:\/\/www.blaubookshop.com\/produto\/import-placeholder-for-254\/"},"modified":"2021-05-20T15:40:37","modified_gmt":"2021-05-20T15:40:37","slug":"teatros-em-portugal-2","status":"publish","type":"product","link":"https:\/\/www.blaubookshop.com\/en\/product\/teatros-em-portugal-2\/","title":{"rendered":"Teatros em Portugal"},"content":{"rendered":"<p>Duarte Ivo Cruz concilia, h\u00e1 mais de quarenta anos, a interven\u00e7\u00e3o econ\u00f3mica, p\u00fablica e privada, com a actividade docente e de investiga\u00e7\u00e3o hist\u00f3rica ligada a temas de Hist\u00f3ria do teatro e de Hist\u00f3ria diplom\u00e1tica e de rela\u00e7\u00f5es internacionais. \u00c9 autor de mais de trinta livros numa e noutra \u00e1rea, publicados em Portugal, no Brasil, em Espanha e Na\u00e7\u00f5es Unidas. Desempenhou fun\u00e7\u00f5es governamentais e de representa\u00e7\u00e3o de Portugal e do Brasil em numerosas entidades internacionais.<br \/>\nLicencido em Direito pela Universidade de Lisboa, foi professor da Universidade Cat\u00f3lica Portuguesa, da Escola Superior de Teatro e Cinema de Lisboa e da Universidade Mackezie de S\u00e3o Paulo.<br \/>\nO presente livro concilia as duas vertentes de actividade, ao proceder ao estudo das dramaturgias e da ac\u00e7\u00e3o pol\u00edtica de escritores portugueses, de Garrett aos nossos dias, que foram simultaneamente membros de sucessivos governos.<br \/>\nPublicou na INCM diversos estudos e recolhas da obra de dramaturgos portugueses e brasileiros e tr\u00eas volumes da colec\u00e7\u00e3o \u00abO Essencial sobre\u00bb, sendo o \u00faltimo O Tema da \u00cdndia no Teatro Portugu\u00eas (2011).<\/p>","protected":false},"excerpt":{"rendered":"<p>Duarte Ivo Cruz<br \/>\nISBN: 9789727971046<br \/>\nMediaLivros<\/p>\n<p>Brochura, 110 pp, 15 x26 cm<br \/>\nPortuguese<br \/>\n2005<\/p>","protected":false},"featured_media":867,"template":"","meta":{"ocean_post_layout":"","ocean_both_sidebars_style":"","ocean_both_sidebars_content_width":0,"ocean_both_sidebars_sidebars_width":0,"ocean_sidebar":"","ocean_second_sidebar":"","ocean_disable_margins":"enable","ocean_add_body_class":"","ocean_shortcode_before_top_bar":"","ocean_shortcode_after_top_bar":"","ocean_shortcode_before_header":"","ocean_shortcode_after_header":"","ocean_has_shortcode":"","ocean_shortcode_after_title":"","ocean_shortcode_before_footer_widgets":"","ocean_shortcode_after_footer_widgets":"","ocean_shortcode_before_footer_bottom":"","ocean_shortcode_after_footer_bottom":"","ocean_display_top_bar":"default","ocean_display_header":"default","ocean_header_style":"","ocean_center_header_left_menu":"","ocean_custom_header_template":"","ocean_custom_logo":0,"ocean_custom_retina_logo":0,"ocean_custom_logo_max_width":0,"ocean_custom_logo_tablet_max_width":0,"ocean_custom_logo_mobile_max_width":0,"ocean_custom_logo_max_height":0,"ocean_custom_logo_tablet_max_height":0,"ocean_custom_logo_mobile_max_height":0,"ocean_header_custom_menu":"","ocean_menu_typo_font_family":"","ocean_menu_typo_font_subset":"","ocean_menu_typo_font_size":0,"ocean_menu_typo_font_size_tablet":0,"ocean_menu_typo_font_size_mobile":0,"ocean_menu_typo_font_size_unit":"px","ocean_menu_typo_font_weight":"","ocean_menu_typo_font_weight_tablet":"","ocean_menu_typo_font_weight_mobile":"","ocean_menu_typo_transform":"","ocean_menu_typo_transform_tablet":"","ocean_menu_typo_transform_mobile":"","ocean_menu_typo_line_height":0,"ocean_menu_typo_line_height_tablet":0,"ocean_menu_typo_line_height_mobile":0,"ocean_menu_typo_line_height_unit":"","ocean_menu_typo_spacing":0,"ocean_menu_typo_spacing_tablet":0,"ocean_menu_typo_spacing_mobile":0,"ocean_menu_typo_spacing_unit":"","ocean_menu_link_color":"","ocean_menu_link_color_hover":"","ocean_menu_link_color_active":"","ocean_menu_link_background":"","ocean_menu_link_hover_background":"","ocean_menu_link_active_background":"","ocean_menu_social_links_bg":"","ocean_menu_social_hover_links_bg":"","ocean_menu_social_links_color":"","ocean_menu_social_hover_links_color":"","ocean_disable_title":"default","ocean_disable_heading":"default","ocean_post_title":"","ocean_post_subheading":"","ocean_post_title_style":"","ocean_post_title_background_color":"","ocean_post_title_background":0,"ocean_post_title_bg_image_position":"","ocean_post_title_bg_image_attachment":"","ocean_post_title_bg_image_repeat":"","ocean_post_title_bg_image_size":"","ocean_post_title_height":0,"ocean_post_title_bg_overlay":0.5,"ocean_post_title_bg_overlay_color":"","ocean_disable_breadcrumbs":"default","ocean_breadcrumbs_color":"","ocean_breadcrumbs_separator_color":"","ocean_breadcrumbs_links_color":"","ocean_breadcrumbs_links_hover_color":"","ocean_display_footer_widgets":"default","ocean_display_footer_bottom":"default","ocean_custom_footer_template":""},"product_brand":[],"product_cat":[52,51,165,67],"product_tag":[],"class_list":{"0":"post-2353","1":"product","2":"type-product","3":"status-publish","4":"has-post-thumbnail","6":"product_cat-arquitectura-pt","7":"product_cat-livros-em-portugues-pt","8":"product_cat-material-patrimonio-pt","9":"product_cat-patrimonio-pt","11":"entry","12":"has-media","14":"first","15":"instock","16":"sale","17":"taxable","18":"shipping-taxable","19":"purchasable","20":"product-type-simple","21":"col","22":"span_1_of_3","23":"owp-content-left","24":"owp-thumbs-layout-horizontal","25":"owp-btn-normal","26":"owp-tabs-layout-horizontal","27":"has-no-thumbnails","28":"circle-sale"},"_links":{"self":[{"href":"https:\/\/www.blaubookshop.com\/en\/wp-json\/wp\/v2\/product\/2353","targetHints":{"allow":["GET"]}}],"collection":[{"href":"https:\/\/www.blaubookshop.com\/en\/wp-json\/wp\/v2\/product"}],"about":[{"href":"https:\/\/www.blaubookshop.com\/en\/wp-json\/wp\/v2\/types\/product"}],"version-history":[{"count":1,"href":"https:\/\/www.blaubookshop.com\/en\/wp-json\/wp\/v2\/product\/2353\/revisions"}],"predecessor-version":[{"id":4146,"href":"https:\/\/www.blaubookshop.com\/en\/wp-json\/wp\/v2\/product\/2353\/revisions\/4146"}],"wp:featuredmedia":[{"embeddable":true,"href":"https:\/\/www.blaubookshop.com\/en\/wp-json\/wp\/v2\/media\/867"}],"wp:attachment":[{"href":"https:\/\/www.blaubookshop.com\/en\/wp-json\/wp\/v2\/media?parent=2353"}],"wp:term":[{"taxonomy":"product_brand","embeddable":true,"href":"https:\/\/www.blaubookshop.com\/en\/wp-json\/wp\/v2\/product_brand?post=2353"},{"taxonomy":"product_cat","embeddable":true,"href":"https:\/\/www.blaubookshop.com\/en\/wp-json\/wp\/v2\/product_cat?post=2353"},{"taxonomy":"product_tag","embeddable":true,"href":"https:\/\/www.blaubookshop.com\/en\/wp-json\/wp\/v2\/product_tag?post=2353"}],"curies":[{"name":"wp","href":"https:\/\/api.w.org\/{rel}","templated":true}]}}