{"id":4564,"date":"2021-05-20T13:46:47","date_gmt":"2021-05-20T13:46:47","guid":{"rendered":"https:\/\/www.blaubookshop.com\/?post_type=product&#038;p=4564"},"modified":"2021-05-26T11:19:54","modified_gmt":"2021-05-26T11:19:54","slug":"igreja-do-sagrado-coracao-de-jesus-entre-a-maturidade-e-o-prenuncio-between-maturity-and-prefiguration","status":"publish","type":"product","link":"https:\/\/www.blaubookshop.com\/en\/product\/igreja-do-sagrado-coracao-de-jesus-entre-a-maturidade-e-o-prenuncio-between-maturity-and-prefiguration\/","title":{"rendered":"Igreja do Sagrado Cora\u00e7\u00e3o de Jesus. Entre a maturidade e o pren\u00fancio \/ Between maturity and prefiguration"},"content":{"rendered":"<p>A Igreja do Sagrado Cora\u00e7\u00e3o de Jesus \u00e9 uma das obras de arquitetura mais significativas do<br \/>\nPortugal do \u00faltimo meio-s\u00e9culo (Pr\u00e9mio Valmor em 1975, Monumento Nacional desde 2010);<br \/>\nmas, paradoxalmente, uma das menos conhecidas entre os portugueses, e das menos<br \/>\nlembradas entre os arquitetos. Em \u00faltima inst\u00e2ncia, \u00e9 poss\u00edvel afirmar que esse foi um dos<br \/>\ndes\u00edgnios dos seus autores, Nuno Teot\u00f3nio Pereira (1922-2016) e Nuno Portas (1934-): realizar<br \/>\numa obra t\u00e3o dilu\u00edda no espa\u00e7o da cidade de Lisboa, que nela passasse quase despercebida,<br \/>\nmas que dela retirasse o verdadeiro sentido da Polis.<br \/>\nNeste livro, procura-se perceber como este projeto arquitet\u00f3nico marca, simultaneamente, o<br \/>\nculminar de um processo de amadurecimento dos seus autores (1949-1961) e o pren\u00fancio da<br \/>\naproxima\u00e7\u00e3o da Igreja Cat\u00f3lica (Conc\u00edlio Vaticano II) e da sociedade portuguesa a valores mais<br \/>\nurbanos e universais, algo que a Revolu\u00e7\u00e3o dos Cravos viria a consagrar plenamente<br \/>\n(1962-1974).<br \/>\nNo livro, ao texto de Nuno Grande sobre esse processo hist\u00f3rico, juntam-e ainda desenhos de<br \/>\nestudo dos arquitetos-autores, novos desenhos rigorosos do conjunto, e fotografias recentes<br \/>\nde M\u00e1rcia Lessa.<\/p>\n<p>Winner of the Valmor Prize in 1975 and listed as a National Monument since 2010, the Church<br \/>\nof the Sacred Heart of Jesus (Igreja do Sagrado Cora\u00e7\u00e3o de Jesus) is one of the most significant<br \/>\narchitectural works of the last half century in Portugal. However, paradoxically, it is one of the<br \/>\nleast well-known amongst the Portuguese, and one of the least remembered amongst<br \/>\narchitects. Indeed, it may actually have been one of the purposes of architects Nuno Teot\u00f3nio<br \/>\nPereira (1922-2016) and Nuno Portas (1934-) to produce a work so diluted in the space of the<br \/>\ncity of Lisbon that it would go almost unnoticed, while enacting the true meaning of the Polis.<br \/>\nThis book seeks to understand how this architectural project marks, simultaneously, the<br \/>\nculmination of a process of maturation for its authors (1949-1961) and the prefiguration of an<br \/>\napproach by the Catholic Church (Second Vatican Council) and the Portuguese society to larger<br \/>\nurban and universal values, something that the Carnation Revolution would fully consecrate<br \/>\n(1962-1974).<br \/>\nIn the book, besides Nuno Grande&#8217;s text on that historical process, we can find sketches by the<br \/>\nauthors-architects, new blueprints of the compound, and recent photos by M\u00e1rcia Lessa.<\/p>","protected":false},"excerpt":{"rendered":"<p>Nuno Grande<br \/>\nISBN: 9789895468652<br \/>\nedarq<br \/>\nBrochura, 64 pp, 27 x 23,5 cm<br \/>\nPortugu\u00eas e Ingl\u00eas<br \/>\n15\/05\/2021<\/p>","protected":false},"featured_media":4565,"template":"","meta":{"ocean_post_layout":"","ocean_both_sidebars_style":"","ocean_both_sidebars_content_width":0,"ocean_both_sidebars_sidebars_width":0,"ocean_sidebar":"","ocean_second_sidebar":"","ocean_disable_margins":"enable","ocean_add_body_class":"","ocean_shortcode_before_top_bar":"","ocean_shortcode_after_top_bar":"","ocean_shortcode_before_header":"","ocean_shortcode_after_header":"","ocean_has_shortcode":"","ocean_shortcode_after_title":"","ocean_shortcode_before_footer_widgets":"","ocean_shortcode_after_footer_widgets":"","ocean_shortcode_before_footer_bottom":"","ocean_shortcode_after_footer_bottom":"","ocean_display_top_bar":"default","ocean_display_header":"default","ocean_header_style":"","ocean_center_header_left_menu":"","ocean_custom_header_template":"","ocean_custom_logo":0,"ocean_custom_retina_logo":0,"ocean_custom_logo_max_width":0,"ocean_custom_logo_tablet_max_width":0,"ocean_custom_logo_mobile_max_width":0,"ocean_custom_logo_max_height":0,"ocean_custom_logo_tablet_max_height":0,"ocean_custom_logo_mobile_max_height":0,"ocean_header_custom_menu":"","ocean_menu_typo_font_family":"","ocean_menu_typo_font_subset":"","ocean_menu_typo_font_size":0,"ocean_menu_typo_font_size_tablet":0,"ocean_menu_typo_font_size_mobile":0,"ocean_menu_typo_font_size_unit":"px","ocean_menu_typo_font_weight":"","ocean_menu_typo_font_weight_tablet":"","ocean_menu_typo_font_weight_mobile":"","ocean_menu_typo_transform":"","ocean_menu_typo_transform_tablet":"","ocean_menu_typo_transform_mobile":"","ocean_menu_typo_line_height":0,"ocean_menu_typo_line_height_tablet":0,"ocean_menu_typo_line_height_mobile":0,"ocean_menu_typo_line_height_unit":"","ocean_menu_typo_spacing":0,"ocean_menu_typo_spacing_tablet":0,"ocean_menu_typo_spacing_mobile":0,"ocean_menu_typo_spacing_unit":"","ocean_menu_link_color":"","ocean_menu_link_color_hover":"","ocean_menu_link_color_active":"","ocean_menu_link_background":"","ocean_menu_link_hover_background":"","ocean_menu_link_active_background":"","ocean_menu_social_links_bg":"","ocean_menu_social_hover_links_bg":"","ocean_menu_social_links_color":"","ocean_menu_social_hover_links_color":"","ocean_disable_title":"default","ocean_disable_heading":"default","ocean_post_title":"","ocean_post_subheading":"","ocean_post_title_style":"","ocean_post_title_background_color":"","ocean_post_title_background":0,"ocean_post_title_bg_image_position":"","ocean_post_title_bg_image_attachment":"","ocean_post_title_bg_image_repeat":"","ocean_post_title_bg_image_size":"","ocean_post_title_height":0,"ocean_post_title_bg_overlay":0.5,"ocean_post_title_bg_overlay_color":"","ocean_disable_breadcrumbs":"default","ocean_breadcrumbs_color":"","ocean_breadcrumbs_separator_color":"","ocean_breadcrumbs_links_color":"","ocean_breadcrumbs_links_hover_color":"","ocean_display_footer_widgets":"default","ocean_display_footer_bottom":"default","ocean_custom_footer_template":""},"product_brand":[],"product_cat":[301,52,72,192,71,51],"product_tag":[],"class_list":{"0":"post-4564","1":"product","2":"type-product","3":"status-publish","4":"has-post-thumbnail","6":"product_cat-edificios-arquitectura-uk-livros-em-ingles","7":"product_cat-arquitectura-pt","8":"product_cat-arquitectura-uk","9":"product_cat-edificios","10":"product_cat-livros-em-ingles","11":"product_cat-livros-em-portugues-pt","13":"entry","14":"has-media","16":"first","17":"instock","18":"sale","19":"taxable","20":"shipping-taxable","21":"purchasable","22":"product-type-simple","23":"col","24":"span_1_of_3","25":"owp-content-left","26":"owp-thumbs-layout-horizontal","27":"owp-btn-normal","28":"owp-tabs-layout-horizontal","29":"has-no-thumbnails","30":"circle-sale"},"_links":{"self":[{"href":"https:\/\/www.blaubookshop.com\/en\/wp-json\/wp\/v2\/product\/4564","targetHints":{"allow":["GET"]}}],"collection":[{"href":"https:\/\/www.blaubookshop.com\/en\/wp-json\/wp\/v2\/product"}],"about":[{"href":"https:\/\/www.blaubookshop.com\/en\/wp-json\/wp\/v2\/types\/product"}],"version-history":[{"count":2,"href":"https:\/\/www.blaubookshop.com\/en\/wp-json\/wp\/v2\/product\/4564\/revisions"}],"predecessor-version":[{"id":4567,"href":"https:\/\/www.blaubookshop.com\/en\/wp-json\/wp\/v2\/product\/4564\/revisions\/4567"}],"wp:featuredmedia":[{"embeddable":true,"href":"https:\/\/www.blaubookshop.com\/en\/wp-json\/wp\/v2\/media\/4565"}],"wp:attachment":[{"href":"https:\/\/www.blaubookshop.com\/en\/wp-json\/wp\/v2\/media?parent=4564"}],"wp:term":[{"taxonomy":"product_brand","embeddable":true,"href":"https:\/\/www.blaubookshop.com\/en\/wp-json\/wp\/v2\/product_brand?post=4564"},{"taxonomy":"product_cat","embeddable":true,"href":"https:\/\/www.blaubookshop.com\/en\/wp-json\/wp\/v2\/product_cat?post=4564"},{"taxonomy":"product_tag","embeddable":true,"href":"https:\/\/www.blaubookshop.com\/en\/wp-json\/wp\/v2\/product_tag?post=4564"}],"curies":[{"name":"wp","href":"https:\/\/api.w.org\/{rel}","templated":true}]}}