{"id":4638,"date":"2021-05-21T09:28:45","date_gmt":"2021-05-21T09:28:45","guid":{"rendered":"https:\/\/www.blaubookshop.com\/produto\/cidade-e-democracia-30-anos-de-transformacao-urbana-em-portugal-ciudad-y-democracia\/"},"modified":"2021-05-21T09:28:45","modified_gmt":"2021-05-21T09:28:45","slug":"cidade-e-democracia-30-anos-de-transformacao-urbana-em-portugal-ciudad-y-democracia","status":"publish","type":"product","link":"https:\/\/www.blaubookshop.com\/en\/product\/cidade-e-democracia-30-anos-de-transformacao-urbana-em-portugal-ciudad-y-democracia\/","title":{"rendered":"Cidade e Democracia &#8211; 30 anos de transforma\u00e7\u00e3o urbana em Portugal \/ Ciudad y Democracia"},"content":{"rendered":"<p>As cidades portuguesas, e nomeadamente as de dimens\u00e3o m\u00e9dia, sofreram profundas altera\u00e7\u00f5es no per\u00edodo que sucedeu \u00e0 instaura\u00e7\u00e3o do regime democr\u00e1tico em Portugal, ap\u00f3s o 25 de Abril de 1974. Tendo como referente a radicalidade das mudan\u00e7as nas formas e nos processos de urbaniza\u00e7\u00e3o, esta edi\u00e7\u00e3o re\u00fane uma s\u00edntese dos dados mais importantes, fruto de um trabalho de investiga\u00e7\u00e3o que decorreu entre 2000 e 2006, sob a produ\u00e7\u00e3o e a coordena\u00e7\u00e3o da Funda\u00e7\u00e3o da Juventude e da Sec\u00e7\u00e3o Regional do Norte da Ordem dos Arquitectos. As cidades de Amadora, Aveiro, Barcelos, Barreiro, Braga, Bragan\u00e7a, Castelo Branco, Chaves, Coimbra, Covilh\u00e3, \u00c9vora, Figueira da Foz, Guarda, Guimar\u00e3es, Horta, Leiria, Penafiel, P\u00f3voa de Varzim, Torres Vedras, Viana do Castelo, Vila Nova de Famalic\u00e3o, Vila Real e Viseu ilustram bem uma vis\u00e3o global da problem\u00e1tica das cidades m\u00e9dias portuguesas.<br \/>\nAo longo de 400 p\u00e1ginas deste livro sucedem-se valiosos suportes documentais, desde a reflex\u00e3o te\u00f3rica e gr\u00e1ficos estat\u00edsticos, \u00e0 cartografia e fotografia a\u00e9rea in\u00e9ditas das 24 cidades, expressamente preparados para esta edi\u00e7\u00e3o.<br \/>\nCompleta a obra um conjunto de perspectivas tem\u00e1ticas multidisciplinares, permitindo a arquitectos, urbanistas, engenheiros, ge\u00f3grafos, soci\u00f3logos, economistas, autarcas e a todos os que pretendem estudar este tema, uma ajuda \u00fatil e indispens\u00e1vel para a interpreta\u00e7\u00e3o do processo de transforma\u00e7\u00e3o urbana das cidades m\u00e9dias em Portugal.<\/p>","protected":false},"excerpt":{"rendered":"<p>Domingues \u00c0lvaro (coord.)<br \/>\nISBN 9789728479398<br \/>\nEditora Argumentum<br \/>\nCapa dura, 400 pp, 28&#215;31 cm<br \/>\nPortug\u00eas e Espanhol<br \/>\n2006<\/p>","protected":false},"featured_media":4589,"template":"","meta":{"ocean_post_layout":"","ocean_both_sidebars_style":"","ocean_both_sidebars_content_width":0,"ocean_both_sidebars_sidebars_width":0,"ocean_sidebar":"","ocean_second_sidebar":"","ocean_disable_margins":"enable","ocean_add_body_class":"","ocean_shortcode_before_top_bar":"","ocean_shortcode_after_top_bar":"","ocean_shortcode_before_header":"","ocean_shortcode_after_header":"","ocean_has_shortcode":"","ocean_shortcode_after_title":"","ocean_shortcode_before_footer_widgets":"","ocean_shortcode_after_footer_widgets":"","ocean_shortcode_before_footer_bottom":"","ocean_shortcode_after_footer_bottom":"","ocean_display_top_bar":"default","ocean_display_header":"default","ocean_header_style":"","ocean_center_header_left_menu":"","ocean_custom_header_template":"","ocean_custom_logo":0,"ocean_custom_retina_logo":0,"ocean_custom_logo_max_width":0,"ocean_custom_logo_tablet_max_width":0,"ocean_custom_logo_mobile_max_width":0,"ocean_custom_logo_max_height":0,"ocean_custom_logo_tablet_max_height":0,"ocean_custom_logo_mobile_max_height":0,"ocean_header_custom_menu":"","ocean_menu_typo_font_family":"","ocean_menu_typo_font_subset":"","ocean_menu_typo_font_size":0,"ocean_menu_typo_font_size_tablet":0,"ocean_menu_typo_font_size_mobile":0,"ocean_menu_typo_font_size_unit":"px","ocean_menu_typo_font_weight":"","ocean_menu_typo_font_weight_tablet":"","ocean_menu_typo_font_weight_mobile":"","ocean_menu_typo_transform":"","ocean_menu_typo_transform_tablet":"","ocean_menu_typo_transform_mobile":"","ocean_menu_typo_line_height":0,"ocean_menu_typo_line_height_tablet":0,"ocean_menu_typo_line_height_mobile":0,"ocean_menu_typo_line_height_unit":"","ocean_menu_typo_spacing":0,"ocean_menu_typo_spacing_tablet":0,"ocean_menu_typo_spacing_mobile":0,"ocean_menu_typo_spacing_unit":"","ocean_menu_link_color":"","ocean_menu_link_color_hover":"","ocean_menu_link_color_active":"","ocean_menu_link_background":"","ocean_menu_link_hover_background":"","ocean_menu_link_active_background":"","ocean_menu_social_links_bg":"","ocean_menu_social_hover_links_bg":"","ocean_menu_social_links_color":"","ocean_menu_social_hover_links_color":"","ocean_disable_title":"default","ocean_disable_heading":"default","ocean_post_title":"","ocean_post_subheading":"","ocean_post_title_style":"","ocean_post_title_background_color":"","ocean_post_title_background":0,"ocean_post_title_bg_image_position":"","ocean_post_title_bg_image_attachment":"","ocean_post_title_bg_image_repeat":"","ocean_post_title_bg_image_size":"","ocean_post_title_height":0,"ocean_post_title_bg_overlay":0.5,"ocean_post_title_bg_overlay_color":"","ocean_disable_breadcrumbs":"default","ocean_breadcrumbs_color":"","ocean_breadcrumbs_separator_color":"","ocean_breadcrumbs_links_color":"","ocean_breadcrumbs_links_hover_color":"","ocean_display_footer_widgets":"default","ocean_display_footer_bottom":"default","ocean_custom_footer_template":""},"product_brand":[],"product_cat":[85,51,56,155],"product_tag":[],"class_list":{"0":"post-4638","1":"product","2":"type-product","3":"status-publish","4":"has-post-thumbnail","6":"product_cat-livros-em-espanhol","7":"product_cat-livros-em-portugues-pt","8":"product_cat-urbanismo-pt","9":"product_cat-urbanismo-livros-em-espanhol","11":"entry","12":"has-media","14":"first","15":"instock","16":"sale","17":"taxable","18":"shipping-taxable","19":"purchasable","20":"product-type-simple","21":"col","22":"span_1_of_3","23":"owp-content-left","24":"owp-thumbs-layout-horizontal","25":"owp-btn-normal","26":"owp-tabs-layout-horizontal","27":"has-no-thumbnails","28":"circle-sale"},"_links":{"self":[{"href":"https:\/\/www.blaubookshop.com\/en\/wp-json\/wp\/v2\/product\/4638","targetHints":{"allow":["GET"]}}],"collection":[{"href":"https:\/\/www.blaubookshop.com\/en\/wp-json\/wp\/v2\/product"}],"about":[{"href":"https:\/\/www.blaubookshop.com\/en\/wp-json\/wp\/v2\/types\/product"}],"version-history":[{"count":0,"href":"https:\/\/www.blaubookshop.com\/en\/wp-json\/wp\/v2\/product\/4638\/revisions"}],"wp:featuredmedia":[{"embeddable":true,"href":"https:\/\/www.blaubookshop.com\/en\/wp-json\/wp\/v2\/media\/4589"}],"wp:attachment":[{"href":"https:\/\/www.blaubookshop.com\/en\/wp-json\/wp\/v2\/media?parent=4638"}],"wp:term":[{"taxonomy":"product_brand","embeddable":true,"href":"https:\/\/www.blaubookshop.com\/en\/wp-json\/wp\/v2\/product_brand?post=4638"},{"taxonomy":"product_cat","embeddable":true,"href":"https:\/\/www.blaubookshop.com\/en\/wp-json\/wp\/v2\/product_cat?post=4638"},{"taxonomy":"product_tag","embeddable":true,"href":"https:\/\/www.blaubookshop.com\/en\/wp-json\/wp\/v2\/product_tag?post=4638"}],"curies":[{"name":"wp","href":"https:\/\/api.w.org\/{rel}","templated":true}]}}