{"id":4642,"date":"2021-05-21T09:28:47","date_gmt":"2021-05-21T09:28:47","guid":{"rendered":"https:\/\/www.blaubookshop.com\/produto\/arquitectura-de-terra-em-avis\/"},"modified":"2025-05-26T14:30:43","modified_gmt":"2025-05-26T14:30:43","slug":"arquitectura-de-terra-em-avis","status":"publish","type":"product","link":"https:\/\/www.blaubookshop.com\/en\/product\/arquitectura-de-terra-em-avis\/","title":{"rendered":"Arquitectura de terra em Avis"},"content":{"rendered":"<p>Um extenso e dedicado trabalho de inventaria\u00e7\u00e3o e caracteriza\u00e7\u00e3o das t\u00e9cnicas da taipa e<br \/>\nadobe, muito frequentes nesta regi\u00e3o do Alentejo. Uma reflex\u00e3o importante sobre o conceito<br \/>\nde patrim\u00f3nio sua conserva\u00e7\u00e3o e salvaguarda.<br \/>\nEscondida sob espessos e caiados rebocos, ou \u00e0 vista na sua apar\u00eancia mais pura, a<br \/>\nconstru\u00e7\u00e3o em terra tem na regi\u00e3o do Alentejo a sua maior express\u00e3o e difus\u00e3o.<br \/>\nSeja na simplicidade e altivez da arquitectura rural, dos montes ou herdades, ou na<br \/>\nimplac\u00e1vel serenidade das aldeias e centros urbanos, esta arquitectura assenta no territ\u00f3rio<br \/>\nna forma de uma tradi\u00e7\u00e3o milenar.<br \/>\nPor todo o Alentejo, e neste caso particular no Concelho de Avis, a arquitectura de tradi\u00e7\u00e3o<br \/>\npopular e vern\u00e1cula vai aos homens e ao terreno buscar o saber e o material da sua ess\u00eancia<br \/>\ne exist\u00eancia.<br \/>\n\u00c9 neste dom\u00ednio que o trabalho de investiga\u00e7\u00e3o da arquitecta In\u00eas Fonseca, fruto da sua tese<br \/>\nde mestrado em Recupera\u00e7\u00e3o de Patrim\u00f3nio, vem, nesta edi\u00e7\u00e3o, tornar-se um contributo para<br \/>\na melhor compreens\u00e3o e salvaguarda de uma heran\u00e7a cultural fort\u00edssima, partilhada em todo<br \/>\no mediterr\u00e2neo.<\/p>","protected":false},"excerpt":{"rendered":"<p>In\u00eas Fonseca<br \/>\nISBN 9789728479510<br \/>\nEditora Argumentum<br \/>\nBrochura, 144 pp, 19&#215;32 cm<br \/>\nPortuguese<br \/>\n2010<\/p>","protected":false},"featured_media":4593,"template":"","meta":{"ocean_post_layout":"","ocean_both_sidebars_style":"","ocean_both_sidebars_content_width":0,"ocean_both_sidebars_sidebars_width":0,"ocean_sidebar":"0","ocean_second_sidebar":"0","ocean_disable_margins":"enable","ocean_add_body_class":"","ocean_shortcode_before_top_bar":"","ocean_shortcode_after_top_bar":"","ocean_shortcode_before_header":"","ocean_shortcode_after_header":"","ocean_has_shortcode":"","ocean_shortcode_after_title":"","ocean_shortcode_before_footer_widgets":"","ocean_shortcode_after_footer_widgets":"","ocean_shortcode_before_footer_bottom":"","ocean_shortcode_after_footer_bottom":"","ocean_display_top_bar":"default","ocean_display_header":"default","ocean_header_style":"","ocean_center_header_left_menu":"0","ocean_custom_header_template":"0","ocean_custom_logo":0,"ocean_custom_retina_logo":0,"ocean_custom_logo_max_width":0,"ocean_custom_logo_tablet_max_width":0,"ocean_custom_logo_mobile_max_width":0,"ocean_custom_logo_max_height":0,"ocean_custom_logo_tablet_max_height":0,"ocean_custom_logo_mobile_max_height":0,"ocean_header_custom_menu":"0","ocean_menu_typo_font_family":"0","ocean_menu_typo_font_subset":"","ocean_menu_typo_font_size":0,"ocean_menu_typo_font_size_tablet":0,"ocean_menu_typo_font_size_mobile":0,"ocean_menu_typo_font_size_unit":"px","ocean_menu_typo_font_weight":"","ocean_menu_typo_font_weight_tablet":"","ocean_menu_typo_font_weight_mobile":"","ocean_menu_typo_transform":"","ocean_menu_typo_transform_tablet":"","ocean_menu_typo_transform_mobile":"","ocean_menu_typo_line_height":0,"ocean_menu_typo_line_height_tablet":0,"ocean_menu_typo_line_height_mobile":0,"ocean_menu_typo_line_height_unit":"","ocean_menu_typo_spacing":0,"ocean_menu_typo_spacing_tablet":0,"ocean_menu_typo_spacing_mobile":0,"ocean_menu_typo_spacing_unit":"","ocean_menu_link_color":"","ocean_menu_link_color_hover":"","ocean_menu_link_color_active":"","ocean_menu_link_background":"","ocean_menu_link_hover_background":"","ocean_menu_link_active_background":"","ocean_menu_social_links_bg":"","ocean_menu_social_hover_links_bg":"","ocean_menu_social_links_color":"","ocean_menu_social_hover_links_color":"","ocean_disable_title":"default","ocean_disable_heading":"default","ocean_post_title":"","ocean_post_subheading":"","ocean_post_title_style":"","ocean_post_title_background_color":"","ocean_post_title_background":0,"ocean_post_title_bg_image_position":"","ocean_post_title_bg_image_attachment":"","ocean_post_title_bg_image_repeat":"","ocean_post_title_bg_image_size":"","ocean_post_title_height":0,"ocean_post_title_bg_overlay":0.5,"ocean_post_title_bg_overlay_color":"","ocean_disable_breadcrumbs":"default","ocean_breadcrumbs_color":"","ocean_breadcrumbs_separator_color":"","ocean_breadcrumbs_links_color":"","ocean_breadcrumbs_links_hover_color":"","ocean_display_footer_widgets":"default","ocean_display_footer_bottom":"default","ocean_custom_footer_template":"0"},"product_brand":[],"product_cat":[51,58],"product_tag":[],"class_list":{"0":"post-4642","1":"product","2":"type-product","3":"status-publish","4":"has-post-thumbnail","6":"product_cat-livros-em-portugues-pt","7":"product_cat-sustentabilidade-pt","9":"entry","10":"has-media","12":"first","13":"instock","14":"sale","15":"taxable","16":"shipping-taxable","17":"purchasable","18":"product-type-simple","19":"col","20":"span_1_of_3","21":"owp-content-left","22":"owp-thumbs-layout-horizontal","23":"owp-btn-normal","24":"owp-tabs-layout-horizontal","25":"has-no-thumbnails","26":"circle-sale"},"_links":{"self":[{"href":"https:\/\/www.blaubookshop.com\/en\/wp-json\/wp\/v2\/product\/4642","targetHints":{"allow":["GET"]}}],"collection":[{"href":"https:\/\/www.blaubookshop.com\/en\/wp-json\/wp\/v2\/product"}],"about":[{"href":"https:\/\/www.blaubookshop.com\/en\/wp-json\/wp\/v2\/types\/product"}],"version-history":[{"count":2,"href":"https:\/\/www.blaubookshop.com\/en\/wp-json\/wp\/v2\/product\/4642\/revisions"}],"predecessor-version":[{"id":6812,"href":"https:\/\/www.blaubookshop.com\/en\/wp-json\/wp\/v2\/product\/4642\/revisions\/6812"}],"wp:featuredmedia":[{"embeddable":true,"href":"https:\/\/www.blaubookshop.com\/en\/wp-json\/wp\/v2\/media\/4593"}],"wp:attachment":[{"href":"https:\/\/www.blaubookshop.com\/en\/wp-json\/wp\/v2\/media?parent=4642"}],"wp:term":[{"taxonomy":"product_brand","embeddable":true,"href":"https:\/\/www.blaubookshop.com\/en\/wp-json\/wp\/v2\/product_brand?post=4642"},{"taxonomy":"product_cat","embeddable":true,"href":"https:\/\/www.blaubookshop.com\/en\/wp-json\/wp\/v2\/product_cat?post=4642"},{"taxonomy":"product_tag","embeddable":true,"href":"https:\/\/www.blaubookshop.com\/en\/wp-json\/wp\/v2\/product_tag?post=4642"}],"curies":[{"name":"wp","href":"https:\/\/api.w.org\/{rel}","templated":true}]}}