{"id":4655,"date":"2021-05-21T09:28:55","date_gmt":"2021-05-21T09:28:55","guid":{"rendered":"https:\/\/www.blaubookshop.com\/produto\/portugal-em-marrocos-olhar-sobre-um-patrimonio-comum\/"},"modified":"2024-08-15T09:35:14","modified_gmt":"2024-08-15T09:35:14","slug":"portugal-em-marrocos-olhar-sobre-um-patrimonio-comum","status":"publish","type":"product","link":"https:\/\/www.blaubookshop.com\/en\/product\/portugal-em-marrocos-olhar-sobre-um-patrimonio-comum\/","title":{"rendered":"Portugal em Marrocos &#8211; Olhar sobre um patrim\u00f3nio comum\u00a0"},"content":{"rendered":"<p>Portugal em Marrocos leva-nos \u00e0 descoberta do legado patrimonial portugu\u00eas em terras marroquinas. As pra\u00e7as-fortes portuguesas encontravam-se isoladas e dependiam dos abastecimentos vindos da metr\u00f3pole. Para as gerir de forma eficiente e garantir a sua sobreviv\u00eancia, os portugueses tiveram de introduzir altera\u00e7\u00f5es nos seus sistemas defensivos e nas suas estruturas urbanas. Marrocos foi um verdadeiro laborat\u00f3rio e \u00e9 ineg\u00e1vel o contributo portugu\u00eas para o desenvolvimento da arquitectura militar e para o planeamento urbano moderno.<br \/>\nMas o Patrim\u00f3nio n\u00e3o s\u00e3o apenas testemunhos edificados. \u00c9 principalmente um conjunto de viv\u00eancias partilhadas, de influ\u00eancias lingu\u00edsticas, sociais e culturais. Portugueses e marroquinos t\u00eam um passado comum de encontros e desencontros, semelhan\u00e7as e contrastes, de amores e \u00f3dios. Uma hist\u00f3ria muitas vezes desconcertante, marcada pela incompreens\u00e3o, pela curiosidade e pelo mist\u00e9rio.<br \/>\nAtrav\u00e9s de 150 imagens, este livro faz uma viagem bem ilustrada, recheada de factos, mitos e lendas, por tr\u00eas s\u00e9culos e meio de hist\u00f3ria comum.<\/p>","protected":false},"excerpt":{"rendered":"<p>AA.VV<br \/>\nISBN 9789728479923<br \/>\nEditora Argumentum<br \/>\ncapa dura, 144 pp, 24&#215;24 cm<br \/>\nPortug\u00eas<br \/>\n2016<\/p>","protected":false},"featured_media":4617,"template":"","meta":{"ocean_post_layout":"","ocean_both_sidebars_style":"","ocean_both_sidebars_content_width":0,"ocean_both_sidebars_sidebars_width":0,"ocean_sidebar":"","ocean_second_sidebar":"","ocean_disable_margins":"enable","ocean_add_body_class":"","ocean_shortcode_before_top_bar":"","ocean_shortcode_after_top_bar":"","ocean_shortcode_before_header":"","ocean_shortcode_after_header":"","ocean_has_shortcode":"","ocean_shortcode_after_title":"","ocean_shortcode_before_footer_widgets":"","ocean_shortcode_after_footer_widgets":"","ocean_shortcode_before_footer_bottom":"","ocean_shortcode_after_footer_bottom":"","ocean_display_top_bar":"default","ocean_display_header":"default","ocean_header_style":"","ocean_center_header_left_menu":"","ocean_custom_header_template":"","ocean_custom_logo":0,"ocean_custom_retina_logo":0,"ocean_custom_logo_max_width":0,"ocean_custom_logo_tablet_max_width":0,"ocean_custom_logo_mobile_max_width":0,"ocean_custom_logo_max_height":0,"ocean_custom_logo_tablet_max_height":0,"ocean_custom_logo_mobile_max_height":0,"ocean_header_custom_menu":"","ocean_menu_typo_font_family":"","ocean_menu_typo_font_subset":"","ocean_menu_typo_font_size":0,"ocean_menu_typo_font_size_tablet":0,"ocean_menu_typo_font_size_mobile":0,"ocean_menu_typo_font_size_unit":"px","ocean_menu_typo_font_weight":"","ocean_menu_typo_font_weight_tablet":"","ocean_menu_typo_font_weight_mobile":"","ocean_menu_typo_transform":"","ocean_menu_typo_transform_tablet":"","ocean_menu_typo_transform_mobile":"","ocean_menu_typo_line_height":0,"ocean_menu_typo_line_height_tablet":0,"ocean_menu_typo_line_height_mobile":0,"ocean_menu_typo_line_height_unit":"","ocean_menu_typo_spacing":0,"ocean_menu_typo_spacing_tablet":0,"ocean_menu_typo_spacing_mobile":0,"ocean_menu_typo_spacing_unit":"","ocean_menu_link_color":"","ocean_menu_link_color_hover":"","ocean_menu_link_color_active":"","ocean_menu_link_background":"","ocean_menu_link_hover_background":"","ocean_menu_link_active_background":"","ocean_menu_social_links_bg":"","ocean_menu_social_hover_links_bg":"","ocean_menu_social_links_color":"","ocean_menu_social_hover_links_color":"","ocean_disable_title":"default","ocean_disable_heading":"default","ocean_post_title":"","ocean_post_subheading":"","ocean_post_title_style":"","ocean_post_title_background_color":"","ocean_post_title_background":0,"ocean_post_title_bg_image_position":"","ocean_post_title_bg_image_attachment":"","ocean_post_title_bg_image_repeat":"","ocean_post_title_bg_image_size":"","ocean_post_title_height":0,"ocean_post_title_bg_overlay":0.5,"ocean_post_title_bg_overlay_color":"","ocean_disable_breadcrumbs":"default","ocean_breadcrumbs_color":"","ocean_breadcrumbs_separator_color":"","ocean_breadcrumbs_links_color":"","ocean_breadcrumbs_links_hover_color":"","ocean_display_footer_widgets":"default","ocean_display_footer_bottom":"default","ocean_custom_footer_template":""},"product_brand":[],"product_cat":[311,51,67],"product_tag":[],"class_list":{"0":"post-4655","1":"product","2":"type-product","3":"status-publish","4":"has-post-thumbnail","6":"product_cat-cultural","7":"product_cat-livros-em-portugues-pt","8":"product_cat-patrimonio-pt","10":"entry","11":"has-media","13":"first","14":"outofstock","15":"sale","16":"taxable","17":"shipping-taxable","18":"purchasable","19":"product-type-simple","20":"col","21":"span_1_of_3","22":"owp-content-left","23":"owp-thumbs-layout-horizontal","24":"owp-btn-normal","25":"owp-tabs-layout-horizontal","26":"has-no-thumbnails","27":"circle-sale"},"_links":{"self":[{"href":"https:\/\/www.blaubookshop.com\/en\/wp-json\/wp\/v2\/product\/4655","targetHints":{"allow":["GET"]}}],"collection":[{"href":"https:\/\/www.blaubookshop.com\/en\/wp-json\/wp\/v2\/product"}],"about":[{"href":"https:\/\/www.blaubookshop.com\/en\/wp-json\/wp\/v2\/types\/product"}],"version-history":[{"count":1,"href":"https:\/\/www.blaubookshop.com\/en\/wp-json\/wp\/v2\/product\/4655\/revisions"}],"predecessor-version":[{"id":5985,"href":"https:\/\/www.blaubookshop.com\/en\/wp-json\/wp\/v2\/product\/4655\/revisions\/5985"}],"wp:featuredmedia":[{"embeddable":true,"href":"https:\/\/www.blaubookshop.com\/en\/wp-json\/wp\/v2\/media\/4617"}],"wp:attachment":[{"href":"https:\/\/www.blaubookshop.com\/en\/wp-json\/wp\/v2\/media?parent=4655"}],"wp:term":[{"taxonomy":"product_brand","embeddable":true,"href":"https:\/\/www.blaubookshop.com\/en\/wp-json\/wp\/v2\/product_brand?post=4655"},{"taxonomy":"product_cat","embeddable":true,"href":"https:\/\/www.blaubookshop.com\/en\/wp-json\/wp\/v2\/product_cat?post=4655"},{"taxonomy":"product_tag","embeddable":true,"href":"https:\/\/www.blaubookshop.com\/en\/wp-json\/wp\/v2\/product_tag?post=4655"}],"curies":[{"name":"wp","href":"https:\/\/api.w.org\/{rel}","templated":true}]}}