{"id":4656,"date":"2021-05-21T09:28:55","date_gmt":"2021-05-21T09:28:55","guid":{"rendered":"https:\/\/www.blaubookshop.com\/produto\/le-portugal-au-maroc\/"},"modified":"2021-05-21T09:28:55","modified_gmt":"2021-05-21T09:28:55","slug":"le-portugal-au-maroc","status":"publish","type":"product","link":"https:\/\/www.blaubookshop.com\/en\/product\/le-portugal-au-maroc\/","title":{"rendered":"Le Portugal au Maroc"},"content":{"rendered":"<p>Le Portugal au Maroc nous conduit \u00e0 la d\u00e9couverte du legs portugais en terres marocaines. Les places-fortes portugaises se trouvaient isol\u00e9es et d\u00e9pendantes des ravitaillements de la metr\u00f3pole. Pour leur gestion efficace et assurer leur survie, les portugais durent introduire des innovations dans leurs syst\u00e8mes d\u00e9fensifs et les structures urbaines. Le Maroc fut un authentique laboratoire et la contribution portugaise au d\u00e9veloppement de l\u2019architecture militaire et de l\u2019urbanisme moderne est ind\u00e9niable.<br \/>\nMais le Patrimoine se ne sont pas seulement les t\u00e9moignages b\u00e2tis. C\u2019est plut\u00f4t un ensemble d\u2019exp\u00e9riences partag\u00e9es, d\u2019influences linguistiques, sociales et culturelles. Portugais et marocains poss\u00e8dent un pass\u00e9 commun de rencontres et d\u2019affrontements, de similitudes et de contrastes, d\u2019amours et de haines. Une histoire souvent d\u00e9concertante, marqu\u00e9e par l\u2019incompr\u00e9hension et par le myst\u00e8re.<br \/>\nA travers 150 images, ce livre fait un voyage bien illustr\u00e9, plein de faits, de mythes et de l\u00e9gendes, le long de trois si\u00e8cles et demi d&#8217;histoire commune.<\/p>","protected":false},"excerpt":{"rendered":"<p>Frederico Mendes paula<br \/>\nISBN 9789728479930<br \/>\nEditora Argumentum<br \/>\nCapa dura, 144 pp, 24&#215;32 cm<br \/>\nFranc\u00eas<br \/>\n2016<\/p>","protected":false},"featured_media":4618,"template":"","meta":{"ocean_post_layout":"","ocean_both_sidebars_style":"","ocean_both_sidebars_content_width":0,"ocean_both_sidebars_sidebars_width":0,"ocean_sidebar":"","ocean_second_sidebar":"","ocean_disable_margins":"enable","ocean_add_body_class":"","ocean_shortcode_before_top_bar":"","ocean_shortcode_after_top_bar":"","ocean_shortcode_before_header":"","ocean_shortcode_after_header":"","ocean_has_shortcode":"","ocean_shortcode_after_title":"","ocean_shortcode_before_footer_widgets":"","ocean_shortcode_after_footer_widgets":"","ocean_shortcode_before_footer_bottom":"","ocean_shortcode_after_footer_bottom":"","ocean_display_top_bar":"default","ocean_display_header":"default","ocean_header_style":"","ocean_center_header_left_menu":"","ocean_custom_header_template":"","ocean_custom_logo":0,"ocean_custom_retina_logo":0,"ocean_custom_logo_max_width":0,"ocean_custom_logo_tablet_max_width":0,"ocean_custom_logo_mobile_max_width":0,"ocean_custom_logo_max_height":0,"ocean_custom_logo_tablet_max_height":0,"ocean_custom_logo_mobile_max_height":0,"ocean_header_custom_menu":"","ocean_menu_typo_font_family":"","ocean_menu_typo_font_subset":"","ocean_menu_typo_font_size":0,"ocean_menu_typo_font_size_tablet":0,"ocean_menu_typo_font_size_mobile":0,"ocean_menu_typo_font_size_unit":"px","ocean_menu_typo_font_weight":"","ocean_menu_typo_font_weight_tablet":"","ocean_menu_typo_font_weight_mobile":"","ocean_menu_typo_transform":"","ocean_menu_typo_transform_tablet":"","ocean_menu_typo_transform_mobile":"","ocean_menu_typo_line_height":0,"ocean_menu_typo_line_height_tablet":0,"ocean_menu_typo_line_height_mobile":0,"ocean_menu_typo_line_height_unit":"","ocean_menu_typo_spacing":0,"ocean_menu_typo_spacing_tablet":0,"ocean_menu_typo_spacing_mobile":0,"ocean_menu_typo_spacing_unit":"","ocean_menu_link_color":"","ocean_menu_link_color_hover":"","ocean_menu_link_color_active":"","ocean_menu_link_background":"","ocean_menu_link_hover_background":"","ocean_menu_link_active_background":"","ocean_menu_social_links_bg":"","ocean_menu_social_hover_links_bg":"","ocean_menu_social_links_color":"","ocean_menu_social_hover_links_color":"","ocean_disable_title":"default","ocean_disable_heading":"default","ocean_post_title":"","ocean_post_subheading":"","ocean_post_title_style":"","ocean_post_title_background_color":"","ocean_post_title_background":0,"ocean_post_title_bg_image_position":"","ocean_post_title_bg_image_attachment":"","ocean_post_title_bg_image_repeat":"","ocean_post_title_bg_image_size":"","ocean_post_title_height":0,"ocean_post_title_bg_overlay":0.5,"ocean_post_title_bg_overlay_color":"","ocean_disable_breadcrumbs":"default","ocean_breadcrumbs_color":"","ocean_breadcrumbs_separator_color":"","ocean_breadcrumbs_links_color":"","ocean_breadcrumbs_links_hover_color":"","ocean_display_footer_widgets":"default","ocean_display_footer_bottom":"default","ocean_custom_footer_template":""},"product_brand":[],"product_cat":[313,92,93],"product_tag":[],"class_list":{"0":"post-4656","1":"product","2":"type-product","3":"status-publish","4":"has-post-thumbnail","6":"product_cat-cultural-patrimonio-fr","7":"product_cat-livros-em-frances","8":"product_cat-patrimonio-fr","10":"entry","11":"has-media","13":"first","14":"instock","15":"sale","16":"taxable","17":"shipping-taxable","18":"purchasable","19":"product-type-simple","20":"col","21":"span_1_of_3","22":"owp-content-left","23":"owp-thumbs-layout-horizontal","24":"owp-btn-normal","25":"owp-tabs-layout-horizontal","26":"has-no-thumbnails","27":"circle-sale"},"_links":{"self":[{"href":"https:\/\/www.blaubookshop.com\/en\/wp-json\/wp\/v2\/product\/4656","targetHints":{"allow":["GET"]}}],"collection":[{"href":"https:\/\/www.blaubookshop.com\/en\/wp-json\/wp\/v2\/product"}],"about":[{"href":"https:\/\/www.blaubookshop.com\/en\/wp-json\/wp\/v2\/types\/product"}],"version-history":[{"count":0,"href":"https:\/\/www.blaubookshop.com\/en\/wp-json\/wp\/v2\/product\/4656\/revisions"}],"wp:featuredmedia":[{"embeddable":true,"href":"https:\/\/www.blaubookshop.com\/en\/wp-json\/wp\/v2\/media\/4618"}],"wp:attachment":[{"href":"https:\/\/www.blaubookshop.com\/en\/wp-json\/wp\/v2\/media?parent=4656"}],"wp:term":[{"taxonomy":"product_brand","embeddable":true,"href":"https:\/\/www.blaubookshop.com\/en\/wp-json\/wp\/v2\/product_brand?post=4656"},{"taxonomy":"product_cat","embeddable":true,"href":"https:\/\/www.blaubookshop.com\/en\/wp-json\/wp\/v2\/product_cat?post=4656"},{"taxonomy":"product_tag","embeddable":true,"href":"https:\/\/www.blaubookshop.com\/en\/wp-json\/wp\/v2\/product_tag?post=4656"}],"curies":[{"name":"wp","href":"https:\/\/api.w.org\/{rel}","templated":true}]}}