{"id":4676,"date":"2021-05-21T09:29:11","date_gmt":"2021-05-21T09:29:11","guid":{"rendered":"https:\/\/www.blaubookshop.com\/produto\/braga-vista-do-ceu-braga-from-the-sky\/"},"modified":"2021-05-21T09:29:11","modified_gmt":"2021-05-21T09:29:11","slug":"braga-vista-do-ceu-braga-from-the-sky","status":"publish","type":"product","link":"https:\/\/www.blaubookshop.com\/en\/product\/braga-vista-do-ceu-braga-from-the-sky\/","title":{"rendered":"Braga Vista do C\u00e9u \/ Braga from the Sky"},"content":{"rendered":"<p>Braga Vista do C\u00e9u \u00e9 uma viagem inesperada e surpreendente \u00e0 descoberta da cidade envolvida em hist\u00f3ria, s\u00edmbolos e paisagens, que aqui se d\u00e3o a conhecer de uma forma impressionante.<br \/>\nViagem emocionante que se inicia no seu centro hist\u00f3rico e segue deambulando pelas suas ruas, pra\u00e7as, jardins e alamedas, continuando pelos locais mais emblem\u00e1ticos da cidade como o centro hist\u00f3rico, a universidade, os est\u00e1dios e o rio C\u00e1vado.<br \/>\nS\u00e3o cerca de 100 imagens in\u00e9ditas e meia d\u00fazia de imagens antigas que nos d\u00e3o a conhecer a cidade de ontem e a que hoje admiramos.<br \/>\nUm livro que \u00e9 um testemunho actual e indispens\u00e1vel para conhecer a cidade bimilenar e a que mais cresce em Portugal.<\/p>\n<p>Braga from the Sky is an unexpected and surprising journey of discovery of a city steeped in history and historical symbols and wrapped in its own landscapes &#8211; all of which is introduced to the reader in an impressive form.<br \/>\nIt is an exciting voyage that begins in Braga\u2019s historic centre and moves outwards following its streets, squares, gardens and green spaces, taking in the most emblematic locations in the city, such as the mediaeval kern, the university, its sports stadia and the River C\u00e1vado.<br \/>\nThe book contains some 100 never-seen-before photographs, and a number of old images &#8211; illustrating the city of yesteryear and the Braga we love today.<br \/>\nBraga from the Sky is a modern, essential introduction and testimony to this two-thousand-year-old settlement, the fastest growing city in Portugal.<\/p>","protected":false},"excerpt":{"rendered":"<p>Filipe Jorge e Miguel Sopas Melo Bandeira<br \/>\nISBN 9789728479862<br \/>\nEditora Argumentum<br \/>\nCapa dura, 96 pp, 24&#215;22 cm<br \/>\nPortugu\u00eas e Ingl\u00eas<br \/>\n2015<\/p>","protected":false},"featured_media":4613,"template":"","meta":{"ocean_post_layout":"","ocean_both_sidebars_style":"","ocean_both_sidebars_content_width":0,"ocean_both_sidebars_sidebars_width":0,"ocean_sidebar":"","ocean_second_sidebar":"","ocean_disable_margins":"enable","ocean_add_body_class":"","ocean_shortcode_before_top_bar":"","ocean_shortcode_after_top_bar":"","ocean_shortcode_before_header":"","ocean_shortcode_after_header":"","ocean_has_shortcode":"","ocean_shortcode_after_title":"","ocean_shortcode_before_footer_widgets":"","ocean_shortcode_after_footer_widgets":"","ocean_shortcode_before_footer_bottom":"","ocean_shortcode_after_footer_bottom":"","ocean_display_top_bar":"default","ocean_display_header":"default","ocean_header_style":"","ocean_center_header_left_menu":"","ocean_custom_header_template":"","ocean_custom_logo":0,"ocean_custom_retina_logo":0,"ocean_custom_logo_max_width":0,"ocean_custom_logo_tablet_max_width":0,"ocean_custom_logo_mobile_max_width":0,"ocean_custom_logo_max_height":0,"ocean_custom_logo_tablet_max_height":0,"ocean_custom_logo_mobile_max_height":0,"ocean_header_custom_menu":"","ocean_menu_typo_font_family":"","ocean_menu_typo_font_subset":"","ocean_menu_typo_font_size":0,"ocean_menu_typo_font_size_tablet":0,"ocean_menu_typo_font_size_mobile":0,"ocean_menu_typo_font_size_unit":"px","ocean_menu_typo_font_weight":"","ocean_menu_typo_font_weight_tablet":"","ocean_menu_typo_font_weight_mobile":"","ocean_menu_typo_transform":"","ocean_menu_typo_transform_tablet":"","ocean_menu_typo_transform_mobile":"","ocean_menu_typo_line_height":0,"ocean_menu_typo_line_height_tablet":0,"ocean_menu_typo_line_height_mobile":0,"ocean_menu_typo_line_height_unit":"","ocean_menu_typo_spacing":0,"ocean_menu_typo_spacing_tablet":0,"ocean_menu_typo_spacing_mobile":0,"ocean_menu_typo_spacing_unit":"","ocean_menu_link_color":"","ocean_menu_link_color_hover":"","ocean_menu_link_color_active":"","ocean_menu_link_background":"","ocean_menu_link_hover_background":"","ocean_menu_link_active_background":"","ocean_menu_social_links_bg":"","ocean_menu_social_hover_links_bg":"","ocean_menu_social_links_color":"","ocean_menu_social_hover_links_color":"","ocean_disable_title":"default","ocean_disable_heading":"default","ocean_post_title":"","ocean_post_subheading":"","ocean_post_title_style":"","ocean_post_title_background_color":"","ocean_post_title_background":0,"ocean_post_title_bg_image_position":"","ocean_post_title_bg_image_attachment":"","ocean_post_title_bg_image_repeat":"","ocean_post_title_bg_image_size":"","ocean_post_title_height":0,"ocean_post_title_bg_overlay":0.5,"ocean_post_title_bg_overlay_color":"","ocean_disable_breadcrumbs":"default","ocean_breadcrumbs_color":"","ocean_breadcrumbs_separator_color":"","ocean_breadcrumbs_links_color":"","ocean_breadcrumbs_links_hover_color":"","ocean_display_footer_widgets":"default","ocean_display_footer_bottom":"default","ocean_custom_footer_template":""},"product_brand":[],"product_cat":[71,51,153,151],"product_tag":[],"class_list":{"0":"post-4676","1":"product","2":"type-product","3":"status-publish","4":"has-post-thumbnail","6":"product_cat-livros-em-ingles","7":"product_cat-livros-em-portugues-pt","8":"product_cat-territorio-livros-em-portugues-pt","9":"product_cat-territorio-livros-em-ingles","11":"entry","12":"has-media","14":"first","15":"instock","16":"sale","17":"taxable","18":"shipping-taxable","19":"purchasable","20":"product-type-simple","21":"col","22":"span_1_of_3","23":"owp-content-left","24":"owp-thumbs-layout-horizontal","25":"owp-btn-normal","26":"owp-tabs-layout-horizontal","27":"has-no-thumbnails","28":"circle-sale"},"_links":{"self":[{"href":"https:\/\/www.blaubookshop.com\/en\/wp-json\/wp\/v2\/product\/4676","targetHints":{"allow":["GET"]}}],"collection":[{"href":"https:\/\/www.blaubookshop.com\/en\/wp-json\/wp\/v2\/product"}],"about":[{"href":"https:\/\/www.blaubookshop.com\/en\/wp-json\/wp\/v2\/types\/product"}],"version-history":[{"count":0,"href":"https:\/\/www.blaubookshop.com\/en\/wp-json\/wp\/v2\/product\/4676\/revisions"}],"wp:featuredmedia":[{"embeddable":true,"href":"https:\/\/www.blaubookshop.com\/en\/wp-json\/wp\/v2\/media\/4613"}],"wp:attachment":[{"href":"https:\/\/www.blaubookshop.com\/en\/wp-json\/wp\/v2\/media?parent=4676"}],"wp:term":[{"taxonomy":"product_brand","embeddable":true,"href":"https:\/\/www.blaubookshop.com\/en\/wp-json\/wp\/v2\/product_brand?post=4676"},{"taxonomy":"product_cat","embeddable":true,"href":"https:\/\/www.blaubookshop.com\/en\/wp-json\/wp\/v2\/product_cat?post=4676"},{"taxonomy":"product_tag","embeddable":true,"href":"https:\/\/www.blaubookshop.com\/en\/wp-json\/wp\/v2\/product_tag?post=4676"}],"curies":[{"name":"wp","href":"https:\/\/api.w.org\/{rel}","templated":true}]}}