{"id":4699,"date":"2021-05-21T17:17:29","date_gmt":"2021-05-21T17:17:29","guid":{"rendered":"https:\/\/www.blaubookshop.com\/produto\/guia-de-arquiteturado-porto-porto-architectural-guide-1942-2017\/"},"modified":"2024-08-08T19:36:09","modified_gmt":"2024-08-08T19:36:09","slug":"guia-de-arquiteturado-porto-porto-architectural-guide-1942-2017","status":"publish","type":"product","link":"https:\/\/www.blaubookshop.com\/en\/product\/guia-de-arquiteturado-porto-porto-architectural-guide-1942-2017\/","title":{"rendered":"Guia de Arquitetura do Porto \/ Porto Architectural Guide 1942 \u20132017"},"content":{"rendered":"<p>&#8220;O Guia de Arquitetura do Porto 1942-2017&#8221; entende a cidade como o espraiamento mais denso a partir do seu centro hist\u00f3rico, estendendo-se assim pelos concelhos vizinhos do Porto. Nele a cidade est\u00e1 dividida em 13 zonas, procurando simultaneamente agrupar os exemplos escolhidos em \u00e1reas ou com alguma coer\u00eancia arquitet\u00f3nica\/urban\u00edstica ou, pelo menos, com uma identidade refletida numa nomea\u00e7\u00e3o de conhecimento geral, pois muito deste territ\u00f3rio foi crescendo de modo fragmentada para al\u00e9m do s\u00e9c. XVIII, e dos extensos eixos vi\u00e1rios dos finais do s\u00e9c. XIX, ou algumas partes com planos desenhos.<br \/>\nOs exemplos distribuem-se por toda a variedade tipol\u00f3gica no universo em quest\u00e3o e temporalmente ao longo dos diversos per\u00edodos que foram assim sintetizados:<br \/>\n&#8211; O Movimento Moderno no Porto (1942 \u2013 at\u00e9 meados da d\u00e9cada de 60;<br \/>\n&#8211; A cidade entre o final do Estado Novo e o 25 de Abril: das continuidades do Moderno e sua Revis\u00e3o Cr\u00edtica at\u00e9 \u00e0s opera\u00e7\u00f5es SAAL (meados da d\u00e9cada de 60 at\u00e9 ao final da d\u00e9cada de 70);<br \/>\n&#8211; A estabilidade democr\u00e1tica e a P\u00f3s-Modernidade (no sentido mais amplo e n\u00e3o confinada a uma perspetiva comunicante e ou l\u00fadica &#8211; d\u00e9cada de 80 at\u00e9 meados da d\u00e9cada de 90);<br \/>\n&#8211; Transi\u00e7\u00e3o e abertura para o s\u00e9culo XXI (meados de 90 at\u00e9 hoje).<\/p>\n<p>Travelling to Porto and have an itch to explore all manner of post-war and current Portuguese architecture? Pick up this superbly thorough guide to the history of buildings in Portugal\u2019s second-largest city. Covering everything from the modern movement to the most recent developments of the 21st century and dozens of buildings, it offers a comprehensively researched and informative overview of the city\u2019s diverse architectural heritage from the specialist\u2019s perspective. With one project per page, the guide\u2019s format is dense but its scope is practically unlimited.<\/p>","protected":false},"excerpt":{"rendered":"<p>AA:VV<br \/>\nISBN 9789899846258<br \/>\nLivraria A+A<br \/>\nCapa dura, 240 pp, 14&#215;18 cm<br \/>\nPortugu\u00eas e Ing\u00eas<br \/>\n22-1-2018<\/p>","protected":false},"featured_media":4687,"template":"","meta":{"ocean_post_layout":"","ocean_both_sidebars_style":"","ocean_both_sidebars_content_width":0,"ocean_both_sidebars_sidebars_width":0,"ocean_sidebar":"0","ocean_second_sidebar":"0","ocean_disable_margins":"enable","ocean_add_body_class":"","ocean_shortcode_before_top_bar":"","ocean_shortcode_after_top_bar":"","ocean_shortcode_before_header":"","ocean_shortcode_after_header":"","ocean_has_shortcode":"","ocean_shortcode_after_title":"","ocean_shortcode_before_footer_widgets":"","ocean_shortcode_after_footer_widgets":"","ocean_shortcode_before_footer_bottom":"","ocean_shortcode_after_footer_bottom":"","ocean_display_top_bar":"default","ocean_display_header":"default","ocean_header_style":"","ocean_center_header_left_menu":"0","ocean_custom_header_template":"0","ocean_custom_logo":0,"ocean_custom_retina_logo":0,"ocean_custom_logo_max_width":0,"ocean_custom_logo_tablet_max_width":0,"ocean_custom_logo_mobile_max_width":0,"ocean_custom_logo_max_height":0,"ocean_custom_logo_tablet_max_height":0,"ocean_custom_logo_mobile_max_height":0,"ocean_header_custom_menu":"0","ocean_menu_typo_font_family":"0","ocean_menu_typo_font_subset":"","ocean_menu_typo_font_size":0,"ocean_menu_typo_font_size_tablet":0,"ocean_menu_typo_font_size_mobile":0,"ocean_menu_typo_font_size_unit":"px","ocean_menu_typo_font_weight":"","ocean_menu_typo_font_weight_tablet":"","ocean_menu_typo_font_weight_mobile":"","ocean_menu_typo_transform":"","ocean_menu_typo_transform_tablet":"","ocean_menu_typo_transform_mobile":"","ocean_menu_typo_line_height":0,"ocean_menu_typo_line_height_tablet":0,"ocean_menu_typo_line_height_mobile":0,"ocean_menu_typo_line_height_unit":"","ocean_menu_typo_spacing":0,"ocean_menu_typo_spacing_tablet":0,"ocean_menu_typo_spacing_mobile":0,"ocean_menu_typo_spacing_unit":"","ocean_menu_link_color":"","ocean_menu_link_color_hover":"","ocean_menu_link_color_active":"","ocean_menu_link_background":"","ocean_menu_link_hover_background":"","ocean_menu_link_active_background":"","ocean_menu_social_links_bg":"","ocean_menu_social_hover_links_bg":"","ocean_menu_social_links_color":"","ocean_menu_social_hover_links_color":"","ocean_disable_title":"default","ocean_disable_heading":"default","ocean_post_title":"","ocean_post_subheading":"","ocean_post_title_style":"","ocean_post_title_background_color":"","ocean_post_title_background":0,"ocean_post_title_bg_image_position":"","ocean_post_title_bg_image_attachment":"","ocean_post_title_bg_image_repeat":"","ocean_post_title_bg_image_size":"","ocean_post_title_height":0,"ocean_post_title_bg_overlay":0.5,"ocean_post_title_bg_overlay_color":"","ocean_disable_breadcrumbs":"default","ocean_breadcrumbs_color":"","ocean_breadcrumbs_separator_color":"","ocean_breadcrumbs_links_color":"","ocean_breadcrumbs_links_hover_color":"","ocean_display_footer_widgets":"default","ocean_display_footer_bottom":"default","ocean_custom_footer_template":"0"},"product_brand":[],"product_cat":[72,52,200,215,71,51],"product_tag":[],"class_list":{"0":"post-4699","1":"product","2":"type-product","3":"status-publish","4":"has-post-thumbnail","6":"product_cat-arquitectura-uk","7":"product_cat-arquitectura-pt","8":"product_cat-guias","9":"product_cat-guias-arquitectura-uk","10":"product_cat-livros-em-ingles","11":"product_cat-livros-em-portugues-pt","13":"entry","14":"has-media","16":"first","17":"outofstock","18":"taxable","19":"shipping-taxable","20":"purchasable","21":"product-type-simple","22":"col","23":"span_1_of_3","24":"owp-content-left","25":"owp-thumbs-layout-horizontal","26":"owp-btn-normal","27":"owp-tabs-layout-horizontal","28":"has-no-thumbnails","29":"circle-sale"},"_links":{"self":[{"href":"https:\/\/www.blaubookshop.com\/en\/wp-json\/wp\/v2\/product\/4699","targetHints":{"allow":["GET"]}}],"collection":[{"href":"https:\/\/www.blaubookshop.com\/en\/wp-json\/wp\/v2\/product"}],"about":[{"href":"https:\/\/www.blaubookshop.com\/en\/wp-json\/wp\/v2\/types\/product"}],"version-history":[{"count":2,"href":"https:\/\/www.blaubookshop.com\/en\/wp-json\/wp\/v2\/product\/4699\/revisions"}],"predecessor-version":[{"id":5824,"href":"https:\/\/www.blaubookshop.com\/en\/wp-json\/wp\/v2\/product\/4699\/revisions\/5824"}],"wp:featuredmedia":[{"embeddable":true,"href":"https:\/\/www.blaubookshop.com\/en\/wp-json\/wp\/v2\/media\/4687"}],"wp:attachment":[{"href":"https:\/\/www.blaubookshop.com\/en\/wp-json\/wp\/v2\/media?parent=4699"}],"wp:term":[{"taxonomy":"product_brand","embeddable":true,"href":"https:\/\/www.blaubookshop.com\/en\/wp-json\/wp\/v2\/product_brand?post=4699"},{"taxonomy":"product_cat","embeddable":true,"href":"https:\/\/www.blaubookshop.com\/en\/wp-json\/wp\/v2\/product_cat?post=4699"},{"taxonomy":"product_tag","embeddable":true,"href":"https:\/\/www.blaubookshop.com\/en\/wp-json\/wp\/v2\/product_tag?post=4699"}],"curies":[{"name":"wp","href":"https:\/\/api.w.org\/{rel}","templated":true}]}}