{"id":4737,"date":"2021-05-22T14:20:49","date_gmt":"2021-05-22T14:20:49","guid":{"rendered":"https:\/\/www.blaubookshop.com\/produto\/bolivea-2016\/"},"modified":"2021-05-22T14:20:49","modified_gmt":"2021-05-22T14:20:49","slug":"bolivea-2016","status":"publish","type":"product","link":"https:\/\/www.blaubookshop.com\/en\/product\/bolivea-2016\/","title":{"rendered":"Bol\u00edvea, 2016"},"content":{"rendered":"<p>Esta colec\u00e7\u00e3o procura construir um mapa afectivo<br \/>\nde viagens singulares realizadas por personagens<br \/>\nreconhecidas da cultura arquitect\u00f3nica. Um roteiro<\/p>\n<p>pelos v\u00e1rios continentes, mas tamb\u00e9m pelo uni-<br \/>\nverso dos autores.<\/p>\n<p>Nesta viagem, Guilherme Wisnik leva-nos \u00e0 Bol\u00edvia<br \/>\natrav\u00e9s da fotografia de Tatewaki Nio, em busca<br \/>\nda chamada arquitectura neo-andina.<\/p>","protected":false},"excerpt":{"rendered":"<p>Gilherme Wisnik eTatewaki nio<br \/>\nISBN 9789895413126<br \/>\nCirco de Ideias<br \/>\nCapa mole, 76 pp, 18&#215;24,5 cm<br \/>\nPortugu\u00eas e Ingl\u00eas<br \/>\n2016<\/p>","protected":false},"featured_media":4707,"template":"","meta":{"ocean_post_layout":"","ocean_both_sidebars_style":"","ocean_both_sidebars_content_width":0,"ocean_both_sidebars_sidebars_width":0,"ocean_sidebar":"","ocean_second_sidebar":"","ocean_disable_margins":"enable","ocean_add_body_class":"","ocean_shortcode_before_top_bar":"","ocean_shortcode_after_top_bar":"","ocean_shortcode_before_header":"","ocean_shortcode_after_header":"","ocean_has_shortcode":"","ocean_shortcode_after_title":"","ocean_shortcode_before_footer_widgets":"","ocean_shortcode_after_footer_widgets":"","ocean_shortcode_before_footer_bottom":"","ocean_shortcode_after_footer_bottom":"","ocean_display_top_bar":"default","ocean_display_header":"default","ocean_header_style":"","ocean_center_header_left_menu":"","ocean_custom_header_template":"","ocean_custom_logo":0,"ocean_custom_retina_logo":0,"ocean_custom_logo_max_width":0,"ocean_custom_logo_tablet_max_width":0,"ocean_custom_logo_mobile_max_width":0,"ocean_custom_logo_max_height":0,"ocean_custom_logo_tablet_max_height":0,"ocean_custom_logo_mobile_max_height":0,"ocean_header_custom_menu":"","ocean_menu_typo_font_family":"","ocean_menu_typo_font_subset":"","ocean_menu_typo_font_size":0,"ocean_menu_typo_font_size_tablet":0,"ocean_menu_typo_font_size_mobile":0,"ocean_menu_typo_font_size_unit":"px","ocean_menu_typo_font_weight":"","ocean_menu_typo_font_weight_tablet":"","ocean_menu_typo_font_weight_mobile":"","ocean_menu_typo_transform":"","ocean_menu_typo_transform_tablet":"","ocean_menu_typo_transform_mobile":"","ocean_menu_typo_line_height":0,"ocean_menu_typo_line_height_tablet":0,"ocean_menu_typo_line_height_mobile":0,"ocean_menu_typo_line_height_unit":"","ocean_menu_typo_spacing":0,"ocean_menu_typo_spacing_tablet":0,"ocean_menu_typo_spacing_mobile":0,"ocean_menu_typo_spacing_unit":"","ocean_menu_link_color":"","ocean_menu_link_color_hover":"","ocean_menu_link_color_active":"","ocean_menu_link_background":"","ocean_menu_link_hover_background":"","ocean_menu_link_active_background":"","ocean_menu_social_links_bg":"","ocean_menu_social_hover_links_bg":"","ocean_menu_social_links_color":"","ocean_menu_social_hover_links_color":"","ocean_disable_title":"default","ocean_disable_heading":"default","ocean_post_title":"","ocean_post_subheading":"","ocean_post_title_style":"","ocean_post_title_background_color":"","ocean_post_title_background":0,"ocean_post_title_bg_image_position":"","ocean_post_title_bg_image_attachment":"","ocean_post_title_bg_image_repeat":"","ocean_post_title_bg_image_size":"","ocean_post_title_height":0,"ocean_post_title_bg_overlay":0.5,"ocean_post_title_bg_overlay_color":"","ocean_disable_breadcrumbs":"default","ocean_breadcrumbs_color":"","ocean_breadcrumbs_separator_color":"","ocean_breadcrumbs_links_color":"","ocean_breadcrumbs_links_hover_color":"","ocean_display_footer_widgets":"default","ocean_display_footer_bottom":"default","ocean_custom_footer_template":""},"product_brand":[],"product_cat":[71,51,151,153],"product_tag":[],"class_list":{"0":"post-4737","1":"product","2":"type-product","3":"status-publish","4":"has-post-thumbnail","6":"product_cat-livros-em-ingles","7":"product_cat-livros-em-portugues-pt","8":"product_cat-territorio-livros-em-ingles","9":"product_cat-territorio-livros-em-portugues-pt","11":"entry","12":"has-media","14":"first","15":"instock","16":"sale","17":"taxable","18":"shipping-taxable","19":"purchasable","20":"product-type-simple","21":"col","22":"span_1_of_3","23":"owp-content-left","24":"owp-thumbs-layout-horizontal","25":"owp-btn-normal","26":"owp-tabs-layout-horizontal","27":"has-no-thumbnails","28":"circle-sale"},"_links":{"self":[{"href":"https:\/\/www.blaubookshop.com\/en\/wp-json\/wp\/v2\/product\/4737","targetHints":{"allow":["GET"]}}],"collection":[{"href":"https:\/\/www.blaubookshop.com\/en\/wp-json\/wp\/v2\/product"}],"about":[{"href":"https:\/\/www.blaubookshop.com\/en\/wp-json\/wp\/v2\/types\/product"}],"version-history":[{"count":0,"href":"https:\/\/www.blaubookshop.com\/en\/wp-json\/wp\/v2\/product\/4737\/revisions"}],"wp:featuredmedia":[{"embeddable":true,"href":"https:\/\/www.blaubookshop.com\/en\/wp-json\/wp\/v2\/media\/4707"}],"wp:attachment":[{"href":"https:\/\/www.blaubookshop.com\/en\/wp-json\/wp\/v2\/media?parent=4737"}],"wp:term":[{"taxonomy":"product_brand","embeddable":true,"href":"https:\/\/www.blaubookshop.com\/en\/wp-json\/wp\/v2\/product_brand?post=4737"},{"taxonomy":"product_cat","embeddable":true,"href":"https:\/\/www.blaubookshop.com\/en\/wp-json\/wp\/v2\/product_cat?post=4737"},{"taxonomy":"product_tag","embeddable":true,"href":"https:\/\/www.blaubookshop.com\/en\/wp-json\/wp\/v2\/product_tag?post=4737"}],"curies":[{"name":"wp","href":"https:\/\/api.w.org\/{rel}","templated":true}]}}