{"id":4986,"date":"2021-06-19T08:19:23","date_gmt":"2021-06-19T08:19:23","guid":{"rendered":"https:\/\/www.blaubookshop.com\/?post_type=product&#038;p=4986"},"modified":"2024-11-18T16:45:00","modified_gmt":"2024-11-18T16:45:00","slug":"alvaro-siza-vinte-e-dois-projectos-recentes","status":"publish","type":"product","link":"https:\/\/www.blaubookshop.com\/en\/product\/alvaro-siza-vinte-e-dois-projectos-recentes\/","title":{"rendered":"\u00c1lvaro Siza : vinte e dois projectos recentes"},"content":{"rendered":"<p>Este livro apresenta vinte e dois projectos\u00a0 recentes com programas distintos: equipamentos l\u00fadico &#8211; desportivos, edif\u00edcios para habita\u00e7\u00e3o colectiva e servi\u00e7os, habita\u00e7\u00e3o social, casas unifamiliares, equipamentos culturais, interven\u00e7\u00f5es urban\u00edsticas, estruturas de apoio a transportes e comunica\u00e7\u00f5es, equipamentos educativos e equipamentos industriais. As obras situam-se principalmente na Pen\u00ednsula Ib\u00e9rica (Portugal e Espanha), mas apresentam-se tamb\u00e9m obras na Holanda e Coreia. Para Siza Vieira o s\u00edtio da obra, o conhecimento do local, \u00e9 essencial, n\u00e3o s\u00f3 na fase inicial do projecto, mas sobretudo no desenvolvimento das ideias e das formas, sendo famosa a sua afirma\u00e7\u00e3o &#8220;a ideia est\u00e1 no s\u00edtio&#8221;. Cada obra come\u00e7a com um pequeno texto do arquitecto Siza Vieira sobre o local, o objectivo da obra e as preocupa\u00e7\u00f5es deste em rela\u00e7\u00e3o ao rumo que a obra dever\u00e1 tomar. Depois seguem-se os esquissos, as plantas, os desenhos, as maquetas e claro, as fotografias da obra conclu\u00edda, real\u00e7ando pequenos pormenores ou expondo o contexto em que esta se insere. Com textos de Carlos Castanheira, \u00c1lvaro Siza, Nuno Higino e Jos\u00e9 Salgado, e fotografias de Fernando Guerra, Francisco Vidinha e do arquivo de \u00c1lvaro Siza, esta edi\u00e7\u00e3o da Casa de Arquitectura sobre o arquitecto matosinhense, d\u00e1-nos a oportunidade de vislumbrar o m\u00e9todo de trabalho de um dos maiores arquitectos contempor\u00e2neos portugueses.<\/p>","protected":false},"excerpt":{"rendered":"<p>Carlos Castanheira e \u00c1lvaro Siza e Nuno Higino e Jos\u00e9 Salgado<br \/>\nISBN: 9789892006994<br \/>\nCasa da Arquitectura<br \/>\nEncadernado, 398 pp, 310 x 250 cm<br \/>\nPortuguese<br \/>\n2005<\/p>","protected":false},"featured_media":4999,"template":"","meta":{"ocean_post_layout":"","ocean_both_sidebars_style":"","ocean_both_sidebars_content_width":0,"ocean_both_sidebars_sidebars_width":0,"ocean_sidebar":"0","ocean_second_sidebar":"0","ocean_disable_margins":"enable","ocean_add_body_class":"","ocean_shortcode_before_top_bar":"","ocean_shortcode_after_top_bar":"","ocean_shortcode_before_header":"","ocean_shortcode_after_header":"","ocean_has_shortcode":"","ocean_shortcode_after_title":"","ocean_shortcode_before_footer_widgets":"","ocean_shortcode_after_footer_widgets":"","ocean_shortcode_before_footer_bottom":"","ocean_shortcode_after_footer_bottom":"","ocean_display_top_bar":"default","ocean_display_header":"default","ocean_header_style":"","ocean_center_header_left_menu":"0","ocean_custom_header_template":"0","ocean_custom_logo":0,"ocean_custom_retina_logo":0,"ocean_custom_logo_max_width":0,"ocean_custom_logo_tablet_max_width":0,"ocean_custom_logo_mobile_max_width":0,"ocean_custom_logo_max_height":0,"ocean_custom_logo_tablet_max_height":0,"ocean_custom_logo_mobile_max_height":0,"ocean_header_custom_menu":"0","ocean_menu_typo_font_family":"0","ocean_menu_typo_font_subset":"","ocean_menu_typo_font_size":0,"ocean_menu_typo_font_size_tablet":0,"ocean_menu_typo_font_size_mobile":0,"ocean_menu_typo_font_size_unit":"px","ocean_menu_typo_font_weight":"","ocean_menu_typo_font_weight_tablet":"","ocean_menu_typo_font_weight_mobile":"","ocean_menu_typo_transform":"","ocean_menu_typo_transform_tablet":"","ocean_menu_typo_transform_mobile":"","ocean_menu_typo_line_height":0,"ocean_menu_typo_line_height_tablet":0,"ocean_menu_typo_line_height_mobile":0,"ocean_menu_typo_line_height_unit":"","ocean_menu_typo_spacing":0,"ocean_menu_typo_spacing_tablet":0,"ocean_menu_typo_spacing_mobile":0,"ocean_menu_typo_spacing_unit":"","ocean_menu_link_color":"","ocean_menu_link_color_hover":"","ocean_menu_link_color_active":"","ocean_menu_link_background":"","ocean_menu_link_hover_background":"","ocean_menu_link_active_background":"","ocean_menu_social_links_bg":"","ocean_menu_social_hover_links_bg":"","ocean_menu_social_links_color":"","ocean_menu_social_hover_links_color":"","ocean_disable_title":"default","ocean_disable_heading":"default","ocean_post_title":"","ocean_post_subheading":"","ocean_post_title_style":"","ocean_post_title_background_color":"","ocean_post_title_background":0,"ocean_post_title_bg_image_position":"","ocean_post_title_bg_image_attachment":"","ocean_post_title_bg_image_repeat":"","ocean_post_title_bg_image_size":"","ocean_post_title_height":0,"ocean_post_title_bg_overlay":0.5,"ocean_post_title_bg_overlay_color":"","ocean_disable_breadcrumbs":"default","ocean_breadcrumbs_color":"","ocean_breadcrumbs_separator_color":"","ocean_breadcrumbs_links_color":"","ocean_breadcrumbs_links_hover_color":"","ocean_display_footer_widgets":"default","ocean_display_footer_bottom":"default","ocean_custom_footer_template":"0"},"product_brand":[],"product_cat":[52,110,51],"product_tag":[],"class_list":{"0":"post-4986","1":"product","2":"type-product","3":"status-publish","4":"has-post-thumbnail","6":"product_cat-arquitectura-pt","7":"product_cat-arquitectos","8":"product_cat-livros-em-portugues-pt","10":"entry","11":"has-media","13":"first","14":"instock","15":"sale","16":"taxable","17":"shipping-taxable","18":"purchasable","19":"product-type-simple","20":"col","21":"span_1_of_3","22":"owp-content-left","23":"owp-thumbs-layout-horizontal","24":"owp-btn-normal","25":"owp-tabs-layout-horizontal","26":"has-no-thumbnails","27":"circle-sale"},"_links":{"self":[{"href":"https:\/\/www.blaubookshop.com\/en\/wp-json\/wp\/v2\/product\/4986","targetHints":{"allow":["GET"]}}],"collection":[{"href":"https:\/\/www.blaubookshop.com\/en\/wp-json\/wp\/v2\/product"}],"about":[{"href":"https:\/\/www.blaubookshop.com\/en\/wp-json\/wp\/v2\/types\/product"}],"version-history":[{"count":4,"href":"https:\/\/www.blaubookshop.com\/en\/wp-json\/wp\/v2\/product\/4986\/revisions"}],"predecessor-version":[{"id":5002,"href":"https:\/\/www.blaubookshop.com\/en\/wp-json\/wp\/v2\/product\/4986\/revisions\/5002"}],"wp:featuredmedia":[{"embeddable":true,"href":"https:\/\/www.blaubookshop.com\/en\/wp-json\/wp\/v2\/media\/4999"}],"wp:attachment":[{"href":"https:\/\/www.blaubookshop.com\/en\/wp-json\/wp\/v2\/media?parent=4986"}],"wp:term":[{"taxonomy":"product_brand","embeddable":true,"href":"https:\/\/www.blaubookshop.com\/en\/wp-json\/wp\/v2\/product_brand?post=4986"},{"taxonomy":"product_cat","embeddable":true,"href":"https:\/\/www.blaubookshop.com\/en\/wp-json\/wp\/v2\/product_cat?post=4986"},{"taxonomy":"product_tag","embeddable":true,"href":"https:\/\/www.blaubookshop.com\/en\/wp-json\/wp\/v2\/product_tag?post=4986"}],"curies":[{"name":"wp","href":"https:\/\/api.w.org\/{rel}","templated":true}]}}