{"id":4991,"date":"2021-06-19T10:41:11","date_gmt":"2021-06-19T10:41:11","guid":{"rendered":"https:\/\/www.blaubookshop.com\/?post_type=product&#038;p=4991"},"modified":"2025-03-17T18:33:44","modified_gmt":"2025-03-17T18:33:44","slug":"portuguese-houses-nonurban","status":"publish","type":"product","link":"https:\/\/www.blaubookshop.com\/en\/product\/portuguese-houses-nonurban\/","title":{"rendered":"Portuguese Houses Non-Urban"},"content":{"rendered":"<p><i>Portuguese Houses &#8211; Non-Urban<\/i>\u00a0\u00e9 uma edi\u00e7\u00e3o especial co-editada pela Uzina Books e pela Editorial Blau, que surge no seguimento de outras publica\u00e7\u00f5es dedicadas \u00e0 divulga\u00e7\u00e3o de projetos de habita\u00e7\u00e3o dom\u00e9stica portuguesa, entre os quais\u00a0<i>Portuguese Contemporary Houses<\/i>,\u00a0<i>Portuguese Restored Houses<\/i>\u00a0e\u00a0<i>Portuguese Modern Apartments<\/i>.<\/p>\n<p><i>Portuguese Houses &#8211; Non-Urban<\/i>\u00a0aborda e ilustra o multifacetado e forte momento contempor\u00e2neo da arquitetura portuguesa atrav\u00e9s de 24 casas de campo constru\u00eddas recentemente em Portugal por arquitetos portugueses, que se selecionaram de forma abrangente tanto no car\u00e1cter multigeracional dos autores e das suas linguagens, coma na localiza\u00e7\u00e3o geogr\u00e1fica onde se implantam &#8211; em todo o continente, de norte a sul, e nas ilhas.<\/p>","protected":false},"excerpt":{"rendered":"<p>Jos\u00e9 Manuel das Neves (editor)<br \/>\nISBN: 9789898875204<br \/>\nUzina books<\/p>\n<p>Brochura, 144 pp, 25 x 28,7 cm<br \/>\nPortugu\u00eas e ingl\u00eas<br \/>\n01\/11\/2020<\/p>","protected":false},"featured_media":4992,"template":"","meta":{"ocean_post_layout":"","ocean_both_sidebars_style":"","ocean_both_sidebars_content_width":0,"ocean_both_sidebars_sidebars_width":0,"ocean_sidebar":"0","ocean_second_sidebar":"0","ocean_disable_margins":"enable","ocean_add_body_class":"","ocean_shortcode_before_top_bar":"","ocean_shortcode_after_top_bar":"","ocean_shortcode_before_header":"","ocean_shortcode_after_header":"","ocean_has_shortcode":"","ocean_shortcode_after_title":"","ocean_shortcode_before_footer_widgets":"","ocean_shortcode_after_footer_widgets":"","ocean_shortcode_before_footer_bottom":"","ocean_shortcode_after_footer_bottom":"","ocean_display_top_bar":"default","ocean_display_header":"default","ocean_header_style":"","ocean_center_header_left_menu":"0","ocean_custom_header_template":"0","ocean_custom_logo":0,"ocean_custom_retina_logo":0,"ocean_custom_logo_max_width":0,"ocean_custom_logo_tablet_max_width":0,"ocean_custom_logo_mobile_max_width":0,"ocean_custom_logo_max_height":0,"ocean_custom_logo_tablet_max_height":0,"ocean_custom_logo_mobile_max_height":0,"ocean_header_custom_menu":"0","ocean_menu_typo_font_family":"0","ocean_menu_typo_font_subset":"","ocean_menu_typo_font_size":0,"ocean_menu_typo_font_size_tablet":0,"ocean_menu_typo_font_size_mobile":0,"ocean_menu_typo_font_size_unit":"px","ocean_menu_typo_font_weight":"","ocean_menu_typo_font_weight_tablet":"","ocean_menu_typo_font_weight_mobile":"","ocean_menu_typo_transform":"","ocean_menu_typo_transform_tablet":"","ocean_menu_typo_transform_mobile":"","ocean_menu_typo_line_height":0,"ocean_menu_typo_line_height_tablet":0,"ocean_menu_typo_line_height_mobile":0,"ocean_menu_typo_line_height_unit":"","ocean_menu_typo_spacing":0,"ocean_menu_typo_spacing_tablet":0,"ocean_menu_typo_spacing_mobile":0,"ocean_menu_typo_spacing_unit":"","ocean_menu_link_color":"","ocean_menu_link_color_hover":"","ocean_menu_link_color_active":"","ocean_menu_link_background":"","ocean_menu_link_hover_background":"","ocean_menu_link_active_background":"","ocean_menu_social_links_bg":"","ocean_menu_social_hover_links_bg":"","ocean_menu_social_links_color":"","ocean_menu_social_hover_links_color":"","ocean_disable_title":"default","ocean_disable_heading":"default","ocean_post_title":"","ocean_post_subheading":"","ocean_post_title_style":"","ocean_post_title_background_color":"","ocean_post_title_background":0,"ocean_post_title_bg_image_position":"","ocean_post_title_bg_image_attachment":"","ocean_post_title_bg_image_repeat":"","ocean_post_title_bg_image_size":"","ocean_post_title_height":0,"ocean_post_title_bg_overlay":0.5,"ocean_post_title_bg_overlay_color":"","ocean_disable_breadcrumbs":"default","ocean_breadcrumbs_color":"","ocean_breadcrumbs_separator_color":"","ocean_breadcrumbs_links_color":"","ocean_breadcrumbs_links_hover_color":"","ocean_display_footer_widgets":"default","ocean_display_footer_bottom":"default","ocean_custom_footer_template":"0"},"product_brand":[],"product_cat":[72,52,199,214,71,51],"product_tag":[],"class_list":{"0":"post-4991","1":"product","2":"type-product","3":"status-publish","4":"has-post-thumbnail","6":"product_cat-arquitectura-uk","7":"product_cat-arquitectura-pt","8":"product_cat-colectaneas","9":"product_cat-colectaneas-arquitectura-uk","10":"product_cat-livros-em-ingles","11":"product_cat-livros-em-portugues-pt","13":"entry","14":"has-media","16":"first","17":"instock","18":"sale","19":"taxable","20":"shipping-taxable","21":"purchasable","22":"product-type-simple","23":"col","24":"span_1_of_3","25":"owp-content-left","26":"owp-thumbs-layout-horizontal","27":"owp-btn-normal","28":"owp-tabs-layout-horizontal","29":"has-no-thumbnails","30":"circle-sale"},"_links":{"self":[{"href":"https:\/\/www.blaubookshop.com\/en\/wp-json\/wp\/v2\/product\/4991","targetHints":{"allow":["GET"]}}],"collection":[{"href":"https:\/\/www.blaubookshop.com\/en\/wp-json\/wp\/v2\/product"}],"about":[{"href":"https:\/\/www.blaubookshop.com\/en\/wp-json\/wp\/v2\/types\/product"}],"version-history":[{"count":3,"href":"https:\/\/www.blaubookshop.com\/en\/wp-json\/wp\/v2\/product\/4991\/revisions"}],"predecessor-version":[{"id":4996,"href":"https:\/\/www.blaubookshop.com\/en\/wp-json\/wp\/v2\/product\/4991\/revisions\/4996"}],"wp:featuredmedia":[{"embeddable":true,"href":"https:\/\/www.blaubookshop.com\/en\/wp-json\/wp\/v2\/media\/4992"}],"wp:attachment":[{"href":"https:\/\/www.blaubookshop.com\/en\/wp-json\/wp\/v2\/media?parent=4991"}],"wp:term":[{"taxonomy":"product_brand","embeddable":true,"href":"https:\/\/www.blaubookshop.com\/en\/wp-json\/wp\/v2\/product_brand?post=4991"},{"taxonomy":"product_cat","embeddable":true,"href":"https:\/\/www.blaubookshop.com\/en\/wp-json\/wp\/v2\/product_cat?post=4991"},{"taxonomy":"product_tag","embeddable":true,"href":"https:\/\/www.blaubookshop.com\/en\/wp-json\/wp\/v2\/product_tag?post=4991"}],"curies":[{"name":"wp","href":"https:\/\/api.w.org\/{rel}","templated":true}]}}