{"id":5016,"date":"2021-06-21T09:27:38","date_gmt":"2021-06-21T09:27:38","guid":{"rendered":"https:\/\/www.blaubookshop.com\/?post_type=product&#038;p=5016"},"modified":"2024-08-14T10:43:32","modified_gmt":"2024-08-14T10:43:32","slug":"rochavera","status":"publish","type":"product","link":"https:\/\/www.blaubookshop.com\/en\/product\/rochavera\/","title":{"rendered":"Rochaver\u00e1"},"content":{"rendered":"<p>Apresenta o escrit\u00f3rio\u00a0<strong>Aflalo &amp; Gasperini<\/strong>\u00a0<strong>Arquitetos<\/strong>\u00a0e seu projeto para o edif\u00edcio Rochaver\u00e1 Corporate Towers em S\u00e3o Paulo (SP), considerado refer\u00eancia arquitet\u00f4nica e de\u00a0<em>green building<\/em>.<\/p>\n<p><strong>Arquitetura Comentada<\/strong> \u00e9 uma cole\u00e7\u00e3o que traz, a cada volume, um projeto de relev\u00e2ncia arquitet\u00f4nica com um editorial focado na cr\u00edtica e no detalhe arquitet\u00f4nico. O objetivo \u00e9 mostrar o processo criativo do arquiteto, desde sua ideia original at\u00e9 o desenvolvimento e finaliza\u00e7\u00e3o do projeto, o que faz da cole\u00e7\u00e3o um verdadeiro recorte na arquitetura brasileira. Para isso, s\u00e3o mostrados desenhos que representam os diversos sistemas que comp\u00f5e um projeto, al\u00e9m de uma interpreta\u00e7\u00e3o cr\u00edtica da produ\u00e7\u00e3o arquitet\u00f4nica em seu estilo, forma e funcionalidade.<\/p>\n<p>&nbsp;<\/p>\n<p>It presents the Aflalo &amp; Gasperini Arquitetos office and its project for the Rochaver\u00e1 Corporate Towers building in S\u00e3o Paulo (SP), considered an architectural and green building reference.<\/p>\n<p><span class=\"Y2IQFc\" lang=\"en\"><strong>Arquitetura Comentada<\/strong> is a collection that brings, in each volume, a project of architectural relevance with an editorial focused on criticism and architectural detail. The objective is to show the architect&#8217;s creative process, from his original idea to the development and completion of the project, which makes the collection a true cutout in Brazilian architecture. For this, drawings are shown that represent the various systems that make up a project, in addition to a critical interpretation of architectural production in its style, form and functionality.<\/span><\/p>","protected":false},"excerpt":{"rendered":"<p>Cris Corr\u00eaa<br \/>\nISBN: 9788599353127<br \/>\nEditora C4<\/p>\n<p>Brochura, 72 pp, 17 x 23 cm<br \/>\nPortugu\u00eas e ingl\u00eas<br \/>\n2007<\/p>","protected":false},"featured_media":5017,"template":"","meta":{"ocean_post_layout":"","ocean_both_sidebars_style":"","ocean_both_sidebars_content_width":0,"ocean_both_sidebars_sidebars_width":0,"ocean_sidebar":"0","ocean_second_sidebar":"0","ocean_disable_margins":"enable","ocean_add_body_class":"","ocean_shortcode_before_top_bar":"","ocean_shortcode_after_top_bar":"","ocean_shortcode_before_header":"","ocean_shortcode_after_header":"","ocean_has_shortcode":"","ocean_shortcode_after_title":"","ocean_shortcode_before_footer_widgets":"","ocean_shortcode_after_footer_widgets":"","ocean_shortcode_before_footer_bottom":"","ocean_shortcode_after_footer_bottom":"","ocean_display_top_bar":"default","ocean_display_header":"default","ocean_header_style":"","ocean_center_header_left_menu":"0","ocean_custom_header_template":"0","ocean_custom_logo":0,"ocean_custom_retina_logo":0,"ocean_custom_logo_max_width":0,"ocean_custom_logo_tablet_max_width":0,"ocean_custom_logo_mobile_max_width":0,"ocean_custom_logo_max_height":0,"ocean_custom_logo_tablet_max_height":0,"ocean_custom_logo_mobile_max_height":0,"ocean_header_custom_menu":"0","ocean_menu_typo_font_family":"0","ocean_menu_typo_font_subset":"","ocean_menu_typo_font_size":0,"ocean_menu_typo_font_size_tablet":0,"ocean_menu_typo_font_size_mobile":0,"ocean_menu_typo_font_size_unit":"px","ocean_menu_typo_font_weight":"","ocean_menu_typo_font_weight_tablet":"","ocean_menu_typo_font_weight_mobile":"","ocean_menu_typo_transform":"","ocean_menu_typo_transform_tablet":"","ocean_menu_typo_transform_mobile":"","ocean_menu_typo_line_height":0,"ocean_menu_typo_line_height_tablet":0,"ocean_menu_typo_line_height_mobile":0,"ocean_menu_typo_line_height_unit":"","ocean_menu_typo_spacing":0,"ocean_menu_typo_spacing_tablet":0,"ocean_menu_typo_spacing_mobile":0,"ocean_menu_typo_spacing_unit":"","ocean_menu_link_color":"","ocean_menu_link_color_hover":"","ocean_menu_link_color_active":"","ocean_menu_link_background":"","ocean_menu_link_hover_background":"","ocean_menu_link_active_background":"","ocean_menu_social_links_bg":"","ocean_menu_social_hover_links_bg":"","ocean_menu_social_links_color":"","ocean_menu_social_hover_links_color":"","ocean_disable_title":"default","ocean_disable_heading":"default","ocean_post_title":"","ocean_post_subheading":"","ocean_post_title_style":"","ocean_post_title_background_color":"","ocean_post_title_background":0,"ocean_post_title_bg_image_position":"","ocean_post_title_bg_image_attachment":"","ocean_post_title_bg_image_repeat":"","ocean_post_title_bg_image_size":"","ocean_post_title_height":0,"ocean_post_title_bg_overlay":0.5,"ocean_post_title_bg_overlay_color":"","ocean_disable_breadcrumbs":"default","ocean_breadcrumbs_color":"","ocean_breadcrumbs_separator_color":"","ocean_breadcrumbs_links_color":"","ocean_breadcrumbs_links_hover_color":"","ocean_display_footer_widgets":"default","ocean_display_footer_bottom":"default","ocean_custom_footer_template":"0"},"product_brand":[],"product_cat":[301,72,52,192,71,51],"product_tag":[],"class_list":{"0":"post-5016","1":"product","2":"type-product","3":"status-publish","4":"has-post-thumbnail","6":"product_cat-edificios-arquitectura-uk-livros-em-ingles","7":"product_cat-arquitectura-uk","8":"product_cat-arquitectura-pt","9":"product_cat-edificios","10":"product_cat-livros-em-ingles","11":"product_cat-livros-em-portugues-pt","13":"entry","14":"has-media","16":"first","17":"instock","18":"sale","19":"taxable","20":"shipping-taxable","21":"purchasable","22":"product-type-simple","23":"col","24":"span_1_of_3","25":"owp-content-left","26":"owp-thumbs-layout-horizontal","27":"owp-btn-normal","28":"owp-tabs-layout-horizontal","29":"has-no-thumbnails","30":"circle-sale"},"_links":{"self":[{"href":"https:\/\/www.blaubookshop.com\/en\/wp-json\/wp\/v2\/product\/5016","targetHints":{"allow":["GET"]}}],"collection":[{"href":"https:\/\/www.blaubookshop.com\/en\/wp-json\/wp\/v2\/product"}],"about":[{"href":"https:\/\/www.blaubookshop.com\/en\/wp-json\/wp\/v2\/types\/product"}],"version-history":[{"count":3,"href":"https:\/\/www.blaubookshop.com\/en\/wp-json\/wp\/v2\/product\/5016\/revisions"}],"predecessor-version":[{"id":5041,"href":"https:\/\/www.blaubookshop.com\/en\/wp-json\/wp\/v2\/product\/5016\/revisions\/5041"}],"wp:featuredmedia":[{"embeddable":true,"href":"https:\/\/www.blaubookshop.com\/en\/wp-json\/wp\/v2\/media\/5017"}],"wp:attachment":[{"href":"https:\/\/www.blaubookshop.com\/en\/wp-json\/wp\/v2\/media?parent=5016"}],"wp:term":[{"taxonomy":"product_brand","embeddable":true,"href":"https:\/\/www.blaubookshop.com\/en\/wp-json\/wp\/v2\/product_brand?post=5016"},{"taxonomy":"product_cat","embeddable":true,"href":"https:\/\/www.blaubookshop.com\/en\/wp-json\/wp\/v2\/product_cat?post=5016"},{"taxonomy":"product_tag","embeddable":true,"href":"https:\/\/www.blaubookshop.com\/en\/wp-json\/wp\/v2\/product_tag?post=5016"}],"curies":[{"name":"wp","href":"https:\/\/api.w.org\/{rel}","templated":true}]}}