{"id":5236,"date":"2021-06-24T15:34:43","date_gmt":"2021-06-24T15:34:43","guid":{"rendered":"https:\/\/www.blaubookshop.com\/produto\/francesco-borromini\/"},"modified":"2024-08-14T10:28:55","modified_gmt":"2024-08-14T10:28:55","slug":"francesco-borromini","status":"publish","type":"product","link":"https:\/\/www.blaubookshop.com\/en\/product\/francesco-borromini\/","title":{"rendered":"Francesco Borromini"},"content":{"rendered":"<p>A arquitectura de Borromini representa uma particular compet\u00eancia para dispor, com imagina\u00e7\u00e3o, da liberdade individual conquistada na luta ideol\u00f3gica travada no exacto lugar da sua actividade profissional, em conflito de valores sobre a arte e a vida, ganhando o direito de expressar uma leitura pr\u00f3pria do fen\u00f3meno social desse tempo. Porque leitura pessoal e controversa, a resposta foi de ruptura com os valores dominantes, menos compreendida pela maioria dos seus contempor\u00e2neos. Exactamente o contr\u00e1rio de se exprimir como manifesto de princ\u00edpios de um qualquer estilo sintetizador da pol\u00edtica de ent\u00e3o.<\/p>\n<p>Tanto no que se refere a Borromini como a outros seus contempor\u00e2neos, o enunciado te\u00f3rico que parece ter comandado a reflex\u00e3o cr\u00edtica sobre a arte por eles produzida foi o aparecimento em for\u00e7a do sentido da liberdade criativa, em contraste com uma pr\u00e1tica codificada que os in\u00fameros tratados da \u00e9poca parecem sugerir. O tra\u00e7o dominante da cultura arquitect\u00f3nica de Seiscentos foi o da experimenta\u00e7\u00e3o de diferentes solu\u00e7\u00f5es espaciais e formais que pudessem dar satisfa\u00e7\u00e3o a uma \u00e2nsia colectiva de espect\u00e1culo dos excessos, capaz de compensar o sentimento dominante de medo e d\u00favida face \u00e0s conting\u00eancias descontroladas de um quotidiano de crises.<\/p>\n<p>O g\u00e9nio criativo de Borromini tem sido posto em paralelo com o de Bernini e, embora representando direc\u00e7\u00f5es opostas nos fundamentos e significado da sua arte, ambos contribu\u00edram decisivamente para a consolida\u00e7\u00e3o do novo ide\u00e1rio art\u00edstico nos campos em que a ela se dedicaram. O que encanta em Borromini \u00e9 o seu sentido de exclusividade.<\/p>\n<p>Contrariamente aos nomes mais marcantes do Renascimento, este canteiro lombardo n\u00e3o se apresenta como homem universal explorando todos os campos do saber \u2013 como fil\u00f3sofos estudando os cl\u00e1ssicos, ge\u00f3metras dominando as matem\u00e1ticas, homens da artilharia construindo para a guerra, inventores de m\u00e1quinas pelo dom\u00ednio da f\u00edsica e da astronomia, poetas, desenhadores de m\u00e3o livre e esp\u00edrito solto, pintores, escultores, arquitectos. Borromini n\u00e3o contribuiu de modo vis\u00edvel no esfor\u00e7o colectivo para o conhecimento do mundo, se bem que tenha sido um estudioso atento para a sua forma\u00e7\u00e3o individual; ao contr\u00e1rio de Bernini, um artista ecl\u00e9ctico da aristocracia romana, cheio de subtilezas e encantos, que ainda pode representar um pouco esse papel.<\/p>\n<p>A arquitectura de Borromini atinje uma intensidade e dramatismo que constitui real paralelo com a sua maneira de ser e a tornou t\u00e3o manifestamente incompreendida, tanto por uma boa parte dos intelectuais romanos no tempo real da sua vida, como pelos historiadores dos s\u00e9culos vindouros, que consideravam esta arquitectura excessiva e extravagante, vendo nela um populismo de \u00e9poca dominado pela carga decorativa. A posi\u00e7\u00e3o interpretativa dos seus detractores n\u00e3o venceu, j\u00e1 que a receptividade p\u00fablica da arte de Borromini acabou por contribuir para a chamada de aten\u00e7\u00e3o dos arquitectos mais atentos ao estudo dos m\u00e9todos compositivos e tornou evidente que as varia\u00e7\u00f5es din\u00e2micas muito criativas sobre a base cl\u00e1ssica escondiam uma li\u00e7\u00e3o extraordin\u00e1ria de rigor e ci\u00eancia geom\u00e9trica no processo de modela\u00e7\u00e3o do espa\u00e7o significante.<\/p>\n<p>Trataremos, com Bernini, da ideologia da teatralidade e observaremos a subtileza dos valores simb\u00f3licos inerentes \u00e0 eleg\u00e2ncia da composi\u00e7\u00e3o pl\u00e1stica, num conjunto de formula\u00e7\u00f5es que enquadram o brilhantismo da afirma\u00e7\u00e3o do poder absoluto, enquanto sugerem a margem de liberdade para a interpreta\u00e7\u00e3o dos valores expostos ao espectador. Com ambos, abordaremos a for\u00e7a da atrac\u00e7\u00e3o urbana das arquitecturas religiosas, num enunciado explorat\u00f3rio da arte como ideia de constru\u00e7\u00e3o da cidade, e esta como destino central do desenho de arquitectura.<\/p>","protected":false},"excerpt":{"rendered":"<p>Domingos Tavares<br \/>\nISBN 9789729901942<br \/>\nDafne<br \/>\nCapa mole, 140 pp, 15,0&#215;22,5 cm<br \/>\nPortuguese<br \/>\n2004<\/p>","protected":false},"featured_media":5231,"template":"","meta":{"ocean_post_layout":"","ocean_both_sidebars_style":"","ocean_both_sidebars_content_width":0,"ocean_both_sidebars_sidebars_width":0,"ocean_sidebar":"","ocean_second_sidebar":"","ocean_disable_margins":"enable","ocean_add_body_class":"","ocean_shortcode_before_top_bar":"","ocean_shortcode_after_top_bar":"","ocean_shortcode_before_header":"","ocean_shortcode_after_header":"","ocean_has_shortcode":"","ocean_shortcode_after_title":"","ocean_shortcode_before_footer_widgets":"","ocean_shortcode_after_footer_widgets":"","ocean_shortcode_before_footer_bottom":"","ocean_shortcode_after_footer_bottom":"","ocean_display_top_bar":"default","ocean_display_header":"default","ocean_header_style":"","ocean_center_header_left_menu":"","ocean_custom_header_template":"","ocean_custom_logo":0,"ocean_custom_retina_logo":0,"ocean_custom_logo_max_width":0,"ocean_custom_logo_tablet_max_width":0,"ocean_custom_logo_mobile_max_width":0,"ocean_custom_logo_max_height":0,"ocean_custom_logo_tablet_max_height":0,"ocean_custom_logo_mobile_max_height":0,"ocean_header_custom_menu":"","ocean_menu_typo_font_family":"","ocean_menu_typo_font_subset":"","ocean_menu_typo_font_size":0,"ocean_menu_typo_font_size_tablet":0,"ocean_menu_typo_font_size_mobile":0,"ocean_menu_typo_font_size_unit":"px","ocean_menu_typo_font_weight":"","ocean_menu_typo_font_weight_tablet":"","ocean_menu_typo_font_weight_mobile":"","ocean_menu_typo_transform":"","ocean_menu_typo_transform_tablet":"","ocean_menu_typo_transform_mobile":"","ocean_menu_typo_line_height":0,"ocean_menu_typo_line_height_tablet":0,"ocean_menu_typo_line_height_mobile":0,"ocean_menu_typo_line_height_unit":"","ocean_menu_typo_spacing":0,"ocean_menu_typo_spacing_tablet":0,"ocean_menu_typo_spacing_mobile":0,"ocean_menu_typo_spacing_unit":"","ocean_menu_link_color":"","ocean_menu_link_color_hover":"","ocean_menu_link_color_active":"","ocean_menu_link_background":"","ocean_menu_link_hover_background":"","ocean_menu_link_active_background":"","ocean_menu_social_links_bg":"","ocean_menu_social_hover_links_bg":"","ocean_menu_social_links_color":"","ocean_menu_social_hover_links_color":"","ocean_disable_title":"default","ocean_disable_heading":"default","ocean_post_title":"","ocean_post_subheading":"","ocean_post_title_style":"","ocean_post_title_background_color":"","ocean_post_title_background":0,"ocean_post_title_bg_image_position":"","ocean_post_title_bg_image_attachment":"","ocean_post_title_bg_image_repeat":"","ocean_post_title_bg_image_size":"","ocean_post_title_height":0,"ocean_post_title_bg_overlay":0.5,"ocean_post_title_bg_overlay_color":"","ocean_disable_breadcrumbs":"default","ocean_breadcrumbs_color":"","ocean_breadcrumbs_separator_color":"","ocean_breadcrumbs_links_color":"","ocean_breadcrumbs_links_hover_color":"","ocean_display_footer_widgets":"default","ocean_display_footer_bottom":"default","ocean_custom_footer_template":""},"product_brand":[],"product_cat":[110,52,51],"product_tag":[],"class_list":{"0":"post-5236","1":"product","2":"type-product","3":"status-publish","4":"has-post-thumbnail","6":"product_cat-arquitectos","7":"product_cat-arquitectura-pt","8":"product_cat-livros-em-portugues-pt","10":"entry","11":"has-media","13":"first","14":"instock","15":"sale","16":"taxable","17":"shipping-taxable","18":"purchasable","19":"product-type-simple","20":"col","21":"span_1_of_3","22":"owp-content-left","23":"owp-thumbs-layout-horizontal","24":"owp-btn-normal","25":"owp-tabs-layout-horizontal","26":"has-no-thumbnails","27":"circle-sale"},"_links":{"self":[{"href":"https:\/\/www.blaubookshop.com\/en\/wp-json\/wp\/v2\/product\/5236","targetHints":{"allow":["GET"]}}],"collection":[{"href":"https:\/\/www.blaubookshop.com\/en\/wp-json\/wp\/v2\/product"}],"about":[{"href":"https:\/\/www.blaubookshop.com\/en\/wp-json\/wp\/v2\/types\/product"}],"version-history":[{"count":1,"href":"https:\/\/www.blaubookshop.com\/en\/wp-json\/wp\/v2\/product\/5236\/revisions"}],"predecessor-version":[{"id":5347,"href":"https:\/\/www.blaubookshop.com\/en\/wp-json\/wp\/v2\/product\/5236\/revisions\/5347"}],"wp:featuredmedia":[{"embeddable":true,"href":"https:\/\/www.blaubookshop.com\/en\/wp-json\/wp\/v2\/media\/5231"}],"wp:attachment":[{"href":"https:\/\/www.blaubookshop.com\/en\/wp-json\/wp\/v2\/media?parent=5236"}],"wp:term":[{"taxonomy":"product_brand","embeddable":true,"href":"https:\/\/www.blaubookshop.com\/en\/wp-json\/wp\/v2\/product_brand?post=5236"},{"taxonomy":"product_cat","embeddable":true,"href":"https:\/\/www.blaubookshop.com\/en\/wp-json\/wp\/v2\/product_cat?post=5236"},{"taxonomy":"product_tag","embeddable":true,"href":"https:\/\/www.blaubookshop.com\/en\/wp-json\/wp\/v2\/product_tag?post=5236"}],"curies":[{"name":"wp","href":"https:\/\/api.w.org\/{rel}","templated":true}]}}