{"id":5238,"date":"2021-06-24T15:34:45","date_gmt":"2021-06-24T15:34:45","guid":{"rendered":"https:\/\/www.blaubookshop.com\/produto\/ser-um-individuo-chez-marcel-duchamp\/"},"modified":"2021-06-25T11:05:46","modified_gmt":"2021-06-25T11:05:46","slug":"ser-um-individuo-chez-marcel-duchamp","status":"publish","type":"product","link":"https:\/\/www.blaubookshop.com\/en\/product\/ser-um-individuo-chez-marcel-duchamp\/","title":{"rendered":"Ser um individuo chez Marcel Duchamp"},"content":{"rendered":"<p>Ant\u00f3nio Olaio \u00e9 um artista pl\u00e1stico cuja obra ocupa um lugar preciso no panorama da arte portuguesa contempor\u00e2nea. A cumplicidade que o seu trabalho de pintor, m\u00fasico, professor (para n\u00e3o dizer de indiv\u00edduo) estabelece com o campo cultural que Marcel Duchamp desbravou \u00e9 expl\u00edcita e implicitamente permanente. Neste livro, navegando nas pistas que as obras e os escritos de Duchamp fornecem, Olaio entrega-se \u00e0 reflex\u00e3o te\u00f3rica que um espectador informado pode construir, partindo dos efeitos das obras e da complexidade do acto de percep\u00e7\u00e3o. O resultado \u00e9 uma perspectiva que abdica da leitura hist\u00f3rica e da decifra\u00e7\u00e3o psicanal\u00edtica, para se posicionar no campo da comunica\u00e7\u00e3o. Cumprindo o papel de espectador disposto a encarar a obra como mist\u00e9rio, abandona os dom\u00ednios da racionalidade cient\u00edfica para arriscar os da intui\u00e7\u00e3o e a constru\u00e7\u00e3o de uma tese no pr\u00f3prio territ\u00f3rio conquistado pelo trabalho de Duchamp.<\/p>\n<p>O livro explora a ideia de indiv\u00edduo e de cria\u00e7\u00e3o art\u00edstica na complexidade das suas rela\u00e7\u00f5es, afastando a ideia rom\u00e2ntica do artista portador de uma subjectividade singular, e definindo-o no \u00e2mbito de uma rela\u00e7\u00e3o din\u00e2mica entre habitar, habitua\u00e7\u00e3o, habitat, habilidade, indiferen\u00e7a, indiferencia\u00e7\u00e3o, banalidade e simb\u00f3lico. No interior dessa multiplicidade de rela\u00e7\u00f5es conceptuais e da dissolu\u00e7\u00e3o da imagem formal, a no\u00e7\u00e3o de plasticidade ultrapassa a tradicional vis\u00e3o formalista da arte, dando a ver como o universo das ideias pode participar na produ\u00e7\u00e3o de plasticidade na obra de arte.<\/p>\n<p>O confronto da arte com a racionalidade evidencia a capacidade que esta tem de atingir dom\u00ednios inacess\u00edveis \u00e0 simplifica\u00e7\u00e3o racional, desbravando a ambiguidade atrav\u00e9s da clarifica\u00e7\u00e3o do valor da intui\u00e7\u00e3o e distinguindo a intelig\u00eancia da raz\u00e3o. Daqui se depreende que a dimens\u00e3o mental do espa\u00e7o na obra de Duchamp \u00e9 capaz de ampliar a no\u00e7\u00e3o para al\u00e9m da mera representa\u00e7\u00e3o metaf\u00edsica ou mensur\u00e1vel. Neste novo espa\u00e7o conquistado com a intui\u00e7\u00e3o, \u00e9 poss\u00edvel utilizar o humor objectivando a experi\u00eancia do universo on\u00edrico. A imagina\u00e7\u00e3o concretiza-se numa rela\u00e7\u00e3o emp\u00edrica do indiv\u00edduo com o universo das coisas e das ideias, numa subtileza que conduz \u00e0 no\u00e7\u00e3o de \u00abinframince\u00bb.<\/p>\n<p>O interesse deste texto, numa colec\u00e7\u00e3o dedicada ao aprofundamento dos discursos disciplinares da arquitectura, nasce da sua estrat\u00e9gia de an\u00e1lise, que n\u00e3o cai na tenta\u00e7\u00e3o de relacionar directamente as obras de Duchamp com o car\u00e1cter arquitect\u00f3nico que se poderia descobrir em cada uma delas. Oferece-se um entendimento alargado de no\u00e7\u00f5es essenciais no campo da arquitectura, inevitavelmente concebida e habitada no dom\u00ednio das ideias.<\/p>","protected":false},"excerpt":{"rendered":"<p>Ant\u00f3nio Olaio<br \/>\nISBN 9789729901973<br \/>\nDafne<br \/>\nCapa mole, 240 pp, 15,0&#215;22,5 cm<br \/>\nPortuguese<br \/>\n2005<\/p>","protected":false},"featured_media":5229,"template":"","meta":{"ocean_post_layout":"","ocean_both_sidebars_style":"","ocean_both_sidebars_content_width":0,"ocean_both_sidebars_sidebars_width":0,"ocean_sidebar":"","ocean_second_sidebar":"","ocean_disable_margins":"enable","ocean_add_body_class":"","ocean_shortcode_before_top_bar":"","ocean_shortcode_after_top_bar":"","ocean_shortcode_before_header":"","ocean_shortcode_after_header":"","ocean_has_shortcode":"","ocean_shortcode_after_title":"","ocean_shortcode_before_footer_widgets":"","ocean_shortcode_after_footer_widgets":"","ocean_shortcode_before_footer_bottom":"","ocean_shortcode_after_footer_bottom":"","ocean_display_top_bar":"default","ocean_display_header":"default","ocean_header_style":"","ocean_center_header_left_menu":"","ocean_custom_header_template":"","ocean_custom_logo":0,"ocean_custom_retina_logo":0,"ocean_custom_logo_max_width":0,"ocean_custom_logo_tablet_max_width":0,"ocean_custom_logo_mobile_max_width":0,"ocean_custom_logo_max_height":0,"ocean_custom_logo_tablet_max_height":0,"ocean_custom_logo_mobile_max_height":0,"ocean_header_custom_menu":"","ocean_menu_typo_font_family":"","ocean_menu_typo_font_subset":"","ocean_menu_typo_font_size":0,"ocean_menu_typo_font_size_tablet":0,"ocean_menu_typo_font_size_mobile":0,"ocean_menu_typo_font_size_unit":"px","ocean_menu_typo_font_weight":"","ocean_menu_typo_font_weight_tablet":"","ocean_menu_typo_font_weight_mobile":"","ocean_menu_typo_transform":"","ocean_menu_typo_transform_tablet":"","ocean_menu_typo_transform_mobile":"","ocean_menu_typo_line_height":0,"ocean_menu_typo_line_height_tablet":0,"ocean_menu_typo_line_height_mobile":0,"ocean_menu_typo_line_height_unit":"","ocean_menu_typo_spacing":0,"ocean_menu_typo_spacing_tablet":0,"ocean_menu_typo_spacing_mobile":0,"ocean_menu_typo_spacing_unit":"","ocean_menu_link_color":"","ocean_menu_link_color_hover":"","ocean_menu_link_color_active":"","ocean_menu_link_background":"","ocean_menu_link_hover_background":"","ocean_menu_link_active_background":"","ocean_menu_social_links_bg":"","ocean_menu_social_hover_links_bg":"","ocean_menu_social_links_color":"","ocean_menu_social_hover_links_color":"","ocean_disable_title":"default","ocean_disable_heading":"default","ocean_post_title":"","ocean_post_subheading":"","ocean_post_title_style":"","ocean_post_title_background_color":"","ocean_post_title_background":0,"ocean_post_title_bg_image_position":"","ocean_post_title_bg_image_attachment":"","ocean_post_title_bg_image_repeat":"","ocean_post_title_bg_image_size":"","ocean_post_title_height":0,"ocean_post_title_bg_overlay":0.5,"ocean_post_title_bg_overlay_color":"","ocean_disable_breadcrumbs":"default","ocean_breadcrumbs_color":"","ocean_breadcrumbs_separator_color":"","ocean_breadcrumbs_links_color":"","ocean_breadcrumbs_links_hover_color":"","ocean_display_footer_widgets":"default","ocean_display_footer_bottom":"default","ocean_custom_footer_template":""},"product_brand":[],"product_cat":[52,195,51],"product_tag":[],"class_list":{"0":"post-5238","1":"product","2":"type-product","3":"status-publish","4":"has-post-thumbnail","6":"product_cat-arquitectura-pt","7":"product_cat-ensaios","8":"product_cat-livros-em-portugues-pt","10":"entry","11":"has-media","13":"first","14":"instock","15":"sale","16":"taxable","17":"shipping-taxable","18":"purchasable","19":"product-type-simple","20":"col","21":"span_1_of_3","22":"owp-content-left","23":"owp-thumbs-layout-horizontal","24":"owp-btn-normal","25":"owp-tabs-layout-horizontal","26":"has-no-thumbnails","27":"circle-sale"},"_links":{"self":[{"href":"https:\/\/www.blaubookshop.com\/en\/wp-json\/wp\/v2\/product\/5238","targetHints":{"allow":["GET"]}}],"collection":[{"href":"https:\/\/www.blaubookshop.com\/en\/wp-json\/wp\/v2\/product"}],"about":[{"href":"https:\/\/www.blaubookshop.com\/en\/wp-json\/wp\/v2\/types\/product"}],"version-history":[{"count":1,"href":"https:\/\/www.blaubookshop.com\/en\/wp-json\/wp\/v2\/product\/5238\/revisions"}],"predecessor-version":[{"id":5345,"href":"https:\/\/www.blaubookshop.com\/en\/wp-json\/wp\/v2\/product\/5238\/revisions\/5345"}],"wp:featuredmedia":[{"embeddable":true,"href":"https:\/\/www.blaubookshop.com\/en\/wp-json\/wp\/v2\/media\/5229"}],"wp:attachment":[{"href":"https:\/\/www.blaubookshop.com\/en\/wp-json\/wp\/v2\/media?parent=5238"}],"wp:term":[{"taxonomy":"product_brand","embeddable":true,"href":"https:\/\/www.blaubookshop.com\/en\/wp-json\/wp\/v2\/product_brand?post=5238"},{"taxonomy":"product_cat","embeddable":true,"href":"https:\/\/www.blaubookshop.com\/en\/wp-json\/wp\/v2\/product_cat?post=5238"},{"taxonomy":"product_tag","embeddable":true,"href":"https:\/\/www.blaubookshop.com\/en\/wp-json\/wp\/v2\/product_tag?post=5238"}],"curies":[{"name":"wp","href":"https:\/\/api.w.org\/{rel}","templated":true}]}}