{"id":5239,"date":"2021-06-24T15:34:46","date_gmt":"2021-06-24T15:34:46","guid":{"rendered":"https:\/\/www.blaubookshop.com\/produto\/juan-de-herrera\/"},"modified":"2021-06-25T11:05:45","modified_gmt":"2021-06-25T11:05:45","slug":"juan-de-herrera","status":"publish","type":"product","link":"https:\/\/www.blaubookshop.com\/en\/product\/juan-de-herrera\/","title":{"rendered":"Juan de Herrera"},"content":{"rendered":"<p>Juan Bautista de Toledo estava bem posicionado para desempenhar papel fundamental na defini\u00e7\u00e3o de uma arquitectura representativa da autorit\u00e1ria monarquia cat\u00f3lica quando foi chamado de It\u00e1lia por Filipe II para conceber as casas do rei e elevar Madrid \u00e0 condi\u00e7\u00e3o de centro do imp\u00e9rio. Esperto em tra\u00e7ados italianos e na condu\u00e7\u00e3o das pr\u00e1ticas construtivas, n\u00e3o se revelou \u00e0 altura da complexa tarefa em que foi investido. Assaltado pela trag\u00e9dia, perdeu convic\u00e7\u00f5es e capacidade de resist\u00eancia \u00e0 dura realidade, que consistia em inverter as pr\u00e1ticas tradicionais instaladas, para se assumir como primeiro arquitecto de Espanha.<\/p>\n<p>Foi Juan de Herrera, jovem fidalgo de fracas posses e muitas ambi\u00e7\u00f5es, quem acabou por ocupar esse lugar. Habilidoso, forjou-se na t\u00e9cnica, mas os caminhos do mundo despertaram-no para a ci\u00eancia que explica e suporta o engenho, moldando uma personalidade atenta, combativa e l\u00facida. Chegou \u00e0 arquitectura numa atitude de observador operativo, para cumprir responsabilidades que lhe eram conferidas em momentos de dificuldade, na prossecu\u00e7\u00e3o dos objectivos reais. Usou os conhecimentos da matem\u00e1tica e da mec\u00e2nica, da geometria e da ordem l\u00f3gica, para dar corpo \u00e0s rigorosas concep\u00e7\u00f5es do tempo, atrav\u00e9s da pr\u00e1tica sistem\u00e1tica e organizada do projecto.<\/p>\n<p>N\u00e3o \u00e9 certo se por detr\u00e1s do seu posicionamento disciplinado havia um esp\u00edrito de artista, no sentido em que o entendemos como graciosidade e simpatia nas formas imaginadas. Ou se a express\u00e3o da intelig\u00eancia criativa ao servi\u00e7o dos deuses constr\u00f3i de facto um quadro para a felicidade humana. Mas a import\u00e2ncia de Juan de Herrera para a hist\u00f3ria do ciclo moderno da arquitectura \u00e9 desde logo evidente pelo trabalho de sistematiza\u00e7\u00e3o dos instrumentos de projecto, nomeadamente os que se organizam pelo desenho, enquanto sistema para comunica\u00e7\u00e3o dos des\u00edgnios formais aos executores das obras. A complexidade do grande estaleiro do Escorial gerou novas regras de fazer e a necessidade de supera\u00e7\u00e3o das hierarquias medievais, pondo o arquitecto intelectual, artista ou cientista inventor das ideias para a edifica\u00e7\u00e3o, no centro de todas as decis\u00f5es relacionadas com a produ\u00e7\u00e3o da forma.<\/p>\n<p>H\u00e1 que entender que ao princ\u00edpio da autoridade absoluta do rei n\u00e3o faltavam hesita\u00e7\u00f5es e d\u00favidas, o que o levava a recorrer, naturalmente, \u00e0 opini\u00e3o dos seus colaboradores e conselheiros na hora das grandes decis\u00f5es. Juan de Herrera foi sempre um apoio discreto \u00e0s suas escolhas, mesmo quando o soldado da guarda ou o inventor metal\u00fargico estava ainda longe de ser reconhecido como o competente arquitecto autor do novo estilo de Filipe II.<\/p>\n<p>Um dos temas mais debatidos \u00e0 volta da figura de Herrera no \u00e2mbito da forma\u00e7\u00e3o da imagem da monarquia em Espanha \u00e9 o da origem do chamado estilo desornamentado. Se, por um lado, podemos identificar a exist\u00eancia de v\u00e1rias circunst\u00e2ncias de natureza ideol\u00f3gica ligadas \u00e0 cultura da \u00e9poca, por outro parece necess\u00e1rio encontrar os factores subjectivos determinados pelo car\u00e1cter de certos artistas que deram express\u00e3o \u00e0 teoria religiosa organizadora dos novos princ\u00edpios comportamentais das sociedades dos pa\u00edses cat\u00f3licos.<\/p>\n<p>Desornamento e simplicidade nem sempre se enquadram na mesma linha de qualifica\u00e7\u00e3o arquitect\u00f3nica. No caso de Herrera, talvez seja mais oportuno levantar as quest\u00f5es de autoridade e disciplina que a sua forma\u00e7\u00e3o militar ajudou a caracterizar, adoptando para as formas organizadoras do espa\u00e7o a dureza de uma concep\u00e7\u00e3o matem\u00e1tica rigorosa. De facto h\u00e1 grandes diferen\u00e7as entre a ideia geometrizante e redutora de Herrera e a pura modela\u00e7\u00e3o formal de Juan Bautista. Correspondem n\u00e3o s\u00f3 a diferentes momentos da evolu\u00e7\u00e3o para o modo cl\u00e1ssico na arquitectura espanhola, mas tamb\u00e9m a oportunidades distintas de express\u00e3o das sensibilidades surgidas num quadro cultural em permanente transforma\u00e7\u00e3o. S\u00e3o dois artistas a ilustrar este epis\u00f3dio da hist\u00f3ria da arquitectura da Idade Moderna na Europa.<\/p>","protected":false},"excerpt":{"rendered":"<p>Domingos Tavares<br \/>\nISBN 9789729901980<br \/>\nDafne<br \/>\nCapa mole, 140 pp, 15,0&#215;22,5 cm<br \/>\nPortuguese<br \/>\n2005<\/p>","protected":false},"featured_media":5228,"template":"","meta":{"ocean_post_layout":"","ocean_both_sidebars_style":"","ocean_both_sidebars_content_width":0,"ocean_both_sidebars_sidebars_width":0,"ocean_sidebar":"","ocean_second_sidebar":"","ocean_disable_margins":"enable","ocean_add_body_class":"","ocean_shortcode_before_top_bar":"","ocean_shortcode_after_top_bar":"","ocean_shortcode_before_header":"","ocean_shortcode_after_header":"","ocean_has_shortcode":"","ocean_shortcode_after_title":"","ocean_shortcode_before_footer_widgets":"","ocean_shortcode_after_footer_widgets":"","ocean_shortcode_before_footer_bottom":"","ocean_shortcode_after_footer_bottom":"","ocean_display_top_bar":"default","ocean_display_header":"default","ocean_header_style":"","ocean_center_header_left_menu":"","ocean_custom_header_template":"","ocean_custom_logo":0,"ocean_custom_retina_logo":0,"ocean_custom_logo_max_width":0,"ocean_custom_logo_tablet_max_width":0,"ocean_custom_logo_mobile_max_width":0,"ocean_custom_logo_max_height":0,"ocean_custom_logo_tablet_max_height":0,"ocean_custom_logo_mobile_max_height":0,"ocean_header_custom_menu":"","ocean_menu_typo_font_family":"","ocean_menu_typo_font_subset":"","ocean_menu_typo_font_size":0,"ocean_menu_typo_font_size_tablet":0,"ocean_menu_typo_font_size_mobile":0,"ocean_menu_typo_font_size_unit":"px","ocean_menu_typo_font_weight":"","ocean_menu_typo_font_weight_tablet":"","ocean_menu_typo_font_weight_mobile":"","ocean_menu_typo_transform":"","ocean_menu_typo_transform_tablet":"","ocean_menu_typo_transform_mobile":"","ocean_menu_typo_line_height":0,"ocean_menu_typo_line_height_tablet":0,"ocean_menu_typo_line_height_mobile":0,"ocean_menu_typo_line_height_unit":"","ocean_menu_typo_spacing":0,"ocean_menu_typo_spacing_tablet":0,"ocean_menu_typo_spacing_mobile":0,"ocean_menu_typo_spacing_unit":"","ocean_menu_link_color":"","ocean_menu_link_color_hover":"","ocean_menu_link_color_active":"","ocean_menu_link_background":"","ocean_menu_link_hover_background":"","ocean_menu_link_active_background":"","ocean_menu_social_links_bg":"","ocean_menu_social_hover_links_bg":"","ocean_menu_social_links_color":"","ocean_menu_social_hover_links_color":"","ocean_disable_title":"default","ocean_disable_heading":"default","ocean_post_title":"","ocean_post_subheading":"","ocean_post_title_style":"","ocean_post_title_background_color":"","ocean_post_title_background":0,"ocean_post_title_bg_image_position":"","ocean_post_title_bg_image_attachment":"","ocean_post_title_bg_image_repeat":"","ocean_post_title_bg_image_size":"","ocean_post_title_height":0,"ocean_post_title_bg_overlay":0.5,"ocean_post_title_bg_overlay_color":"","ocean_disable_breadcrumbs":"default","ocean_breadcrumbs_color":"","ocean_breadcrumbs_separator_color":"","ocean_breadcrumbs_links_color":"","ocean_breadcrumbs_links_hover_color":"","ocean_display_footer_widgets":"default","ocean_display_footer_bottom":"default","ocean_custom_footer_template":""},"product_brand":[],"product_cat":[110,52,51],"product_tag":[],"class_list":{"0":"post-5239","1":"product","2":"type-product","3":"status-publish","4":"has-post-thumbnail","6":"product_cat-arquitectos","7":"product_cat-arquitectura-pt","8":"product_cat-livros-em-portugues-pt","10":"entry","11":"has-media","13":"first","14":"instock","15":"sale","16":"taxable","17":"shipping-taxable","18":"purchasable","19":"product-type-simple","20":"col","21":"span_1_of_3","22":"owp-content-left","23":"owp-thumbs-layout-horizontal","24":"owp-btn-normal","25":"owp-tabs-layout-horizontal","26":"has-no-thumbnails","27":"circle-sale"},"_links":{"self":[{"href":"https:\/\/www.blaubookshop.com\/en\/wp-json\/wp\/v2\/product\/5239","targetHints":{"allow":["GET"]}}],"collection":[{"href":"https:\/\/www.blaubookshop.com\/en\/wp-json\/wp\/v2\/product"}],"about":[{"href":"https:\/\/www.blaubookshop.com\/en\/wp-json\/wp\/v2\/types\/product"}],"version-history":[{"count":1,"href":"https:\/\/www.blaubookshop.com\/en\/wp-json\/wp\/v2\/product\/5239\/revisions"}],"predecessor-version":[{"id":5344,"href":"https:\/\/www.blaubookshop.com\/en\/wp-json\/wp\/v2\/product\/5239\/revisions\/5344"}],"wp:featuredmedia":[{"embeddable":true,"href":"https:\/\/www.blaubookshop.com\/en\/wp-json\/wp\/v2\/media\/5228"}],"wp:attachment":[{"href":"https:\/\/www.blaubookshop.com\/en\/wp-json\/wp\/v2\/media?parent=5239"}],"wp:term":[{"taxonomy":"product_brand","embeddable":true,"href":"https:\/\/www.blaubookshop.com\/en\/wp-json\/wp\/v2\/product_brand?post=5239"},{"taxonomy":"product_cat","embeddable":true,"href":"https:\/\/www.blaubookshop.com\/en\/wp-json\/wp\/v2\/product_cat?post=5239"},{"taxonomy":"product_tag","embeddable":true,"href":"https:\/\/www.blaubookshop.com\/en\/wp-json\/wp\/v2\/product_tag?post=5239"}],"curies":[{"name":"wp","href":"https:\/\/api.w.org\/{rel}","templated":true}]}}