{"id":5241,"date":"2021-06-24T15:34:48","date_gmt":"2021-06-24T15:34:48","guid":{"rendered":"https:\/\/www.blaubookshop.com\/produto\/louis-le-vau\/"},"modified":"2021-06-25T11:05:43","modified_gmt":"2021-06-25T11:05:43","slug":"louis-le-vau","status":"publish","type":"product","link":"https:\/\/www.blaubookshop.com\/en\/product\/louis-le-vau\/","title":{"rendered":"Louis Le Vau"},"content":{"rendered":"<p>Louis Le Vau e Fran\u00e7ois Mansart foram os arquitectos que se destacaram em Fran\u00e7a na compreens\u00e3o de uma nova urbanidade, tomando as constru\u00e7\u00f5es comuns dos endinheirados burgueses parisienses como refer\u00eancia para uma nova est\u00e9tica. Resid\u00eancias particulares posicionaram-se a par dos pal\u00e1cios reais e das instala\u00e7\u00f5es religiosas, disputando com eles a aten\u00e7\u00e3o dos olhares dos cidad\u00e3os nos lugares da maior significa\u00e7\u00e3o urbana. Alterou-se a rela\u00e7\u00e3o do p\u00fablico com a arquitectura, por for\u00e7a do alargamento da consci\u00eancia colectiva sobre o valor da vida p\u00fablica. O sonho dos humanistas de Quinhentos passou a ter express\u00e3o nas grandes metr\u00f3poles como a parisiense, mudando a escala dos interesses, mas mantendo a ideia de que a qualidade das rela\u00e7\u00f5es quotidianas passava pela cria\u00e7\u00e3o da beleza na cidade moderna e ordenada. Destaque-se uma din\u00e2mica muito pr\u00f3pria nas sequ\u00eancias espaciais, na articula\u00e7\u00e3o ordenada dos volumes e na justa percep\u00e7\u00e3o da import\u00e2ncia do processo urbano para a caracteriza\u00e7\u00e3o das formas arquitect\u00f3nicas, que se inscrevem entre os principais ingredientes que constitu\u00edram o movimento barroco. A este prop\u00f3sito e reflectindo sobre a evolu\u00e7\u00e3o da arquitectura nesta \u00e9poca, constata-se que facilmente os sonhos se tocaram na vontade do absoluto e do infinito.<\/p>\n<p>A nova cultura art\u00edstica continuou a assentar na contradi\u00e7\u00e3o entre os valores espirituais de uma religiosidade militante empenhada na justifica\u00e7\u00e3o das desigualdades materiais entre senhores e servos e o exerc\u00edcio de uma racionalidade que, sob o discurso filos\u00f3fico-matem\u00e1tico, procura descobrir as verdades que emanam da concep\u00e7\u00e3o de Deus, mas t\u00eam express\u00e3o material na natureza f\u00edsica das coisas deste mundo. O \u00abdiscurso do m\u00e9todo\u00bb, associado \u00e0s pr\u00e1ticas da racionalidade discursiva, serviu como argumento de sustenta\u00e7\u00e3o da ordem natural face \u00e0 religi\u00e3o e ao poder uniformizador do Estado, mas abriu o campo filos\u00f3fico \u00e0 legitima\u00e7\u00e3o da d\u00favida perante os valores estabilizados da moral e dos costumes. A descren\u00e7a na regra social, num quadro de cepticismo original em direc\u00e7\u00e3o ao reconhecimento da diversidade humana, foi expressa pelos poetas libertinos e ofereceu \u00e0 cultura francesa a perspectiva do progresso sob a ci\u00eancia, \u00e0 luz de uma outra moral, adaptada ao concreto da vida quotidiana.<\/p>\n<p>A contribui\u00e7\u00e3o de Le Vau assumiu um particular significado, quer ao interpretar a seu modo caminhos ent\u00e3o recentes do barroco romano, como os da progressiva teatraliza\u00e7\u00e3o do espa\u00e7o, quer ao dar continuidade a uma orienta\u00e7\u00e3o mais pragm\u00e1tica, presente na pr\u00e1tica dos primeiros arquitectos cl\u00e1ssicos parisienses, sempre sens\u00edveis ao dom\u00ednio das seculares t\u00e9cnicas edificat\u00f3rias em pedra e madeira. Acrescentou-lhe a no\u00e7\u00e3o de alargamento do campo visual em contexto urbano ou as mais profundas perspectivas na implanta\u00e7\u00e3o das casas de vilegiatura. Respeitou o valor da dist\u00e2ncia em aten\u00e7\u00e3o ao observador, recorrendo a planos curvos e movimentados, ao uso das ordens gigantes em diferentes ou inesperadas posi\u00e7\u00f5es das fachadas, misturando escalas em exerc\u00edcios de analogia com as composi\u00e7\u00f5es musicais. Gra\u00e7as a uma habilidade inata no manuseamento das formas, criou, enfim, uma linha na arquitectura que serviu de refer\u00eancia aos programas de in\u00fameros pr\u00edncipes europeus. Homem pragm\u00e1tico mas sens\u00edvel e inventivo, encontrou a dimens\u00e3o do real para a compatibilizar com o desejo imenso dos not\u00e1veis do seu tempo em atingir a no\u00e7\u00e3o do infinito.<\/p>","protected":false},"excerpt":{"rendered":"<p>Domingos Tavares<br \/>\nISBN 9789898217004<br \/>\nDafne<br \/>\nCapa mole, 137 pp, 15,0&#215;22,5 cm<br \/>\nPortuguese<br \/>\n2008<\/p>","protected":false},"featured_media":5226,"template":"","meta":{"ocean_post_layout":"","ocean_both_sidebars_style":"","ocean_both_sidebars_content_width":0,"ocean_both_sidebars_sidebars_width":0,"ocean_sidebar":"","ocean_second_sidebar":"","ocean_disable_margins":"enable","ocean_add_body_class":"","ocean_shortcode_before_top_bar":"","ocean_shortcode_after_top_bar":"","ocean_shortcode_before_header":"","ocean_shortcode_after_header":"","ocean_has_shortcode":"","ocean_shortcode_after_title":"","ocean_shortcode_before_footer_widgets":"","ocean_shortcode_after_footer_widgets":"","ocean_shortcode_before_footer_bottom":"","ocean_shortcode_after_footer_bottom":"","ocean_display_top_bar":"default","ocean_display_header":"default","ocean_header_style":"","ocean_center_header_left_menu":"","ocean_custom_header_template":"","ocean_custom_logo":0,"ocean_custom_retina_logo":0,"ocean_custom_logo_max_width":0,"ocean_custom_logo_tablet_max_width":0,"ocean_custom_logo_mobile_max_width":0,"ocean_custom_logo_max_height":0,"ocean_custom_logo_tablet_max_height":0,"ocean_custom_logo_mobile_max_height":0,"ocean_header_custom_menu":"","ocean_menu_typo_font_family":"","ocean_menu_typo_font_subset":"","ocean_menu_typo_font_size":0,"ocean_menu_typo_font_size_tablet":0,"ocean_menu_typo_font_size_mobile":0,"ocean_menu_typo_font_size_unit":"px","ocean_menu_typo_font_weight":"","ocean_menu_typo_font_weight_tablet":"","ocean_menu_typo_font_weight_mobile":"","ocean_menu_typo_transform":"","ocean_menu_typo_transform_tablet":"","ocean_menu_typo_transform_mobile":"","ocean_menu_typo_line_height":0,"ocean_menu_typo_line_height_tablet":0,"ocean_menu_typo_line_height_mobile":0,"ocean_menu_typo_line_height_unit":"","ocean_menu_typo_spacing":0,"ocean_menu_typo_spacing_tablet":0,"ocean_menu_typo_spacing_mobile":0,"ocean_menu_typo_spacing_unit":"","ocean_menu_link_color":"","ocean_menu_link_color_hover":"","ocean_menu_link_color_active":"","ocean_menu_link_background":"","ocean_menu_link_hover_background":"","ocean_menu_link_active_background":"","ocean_menu_social_links_bg":"","ocean_menu_social_hover_links_bg":"","ocean_menu_social_links_color":"","ocean_menu_social_hover_links_color":"","ocean_disable_title":"default","ocean_disable_heading":"default","ocean_post_title":"","ocean_post_subheading":"","ocean_post_title_style":"","ocean_post_title_background_color":"","ocean_post_title_background":0,"ocean_post_title_bg_image_position":"","ocean_post_title_bg_image_attachment":"","ocean_post_title_bg_image_repeat":"","ocean_post_title_bg_image_size":"","ocean_post_title_height":0,"ocean_post_title_bg_overlay":0.5,"ocean_post_title_bg_overlay_color":"","ocean_disable_breadcrumbs":"default","ocean_breadcrumbs_color":"","ocean_breadcrumbs_separator_color":"","ocean_breadcrumbs_links_color":"","ocean_breadcrumbs_links_hover_color":"","ocean_display_footer_widgets":"default","ocean_display_footer_bottom":"default","ocean_custom_footer_template":""},"product_brand":[],"product_cat":[110,52,51],"product_tag":[],"class_list":{"0":"post-5241","1":"product","2":"type-product","3":"status-publish","4":"has-post-thumbnail","6":"product_cat-arquitectos","7":"product_cat-arquitectura-pt","8":"product_cat-livros-em-portugues-pt","10":"entry","11":"has-media","13":"first","14":"instock","15":"sale","16":"taxable","17":"shipping-taxable","18":"purchasable","19":"product-type-simple","20":"col","21":"span_1_of_3","22":"owp-content-left","23":"owp-thumbs-layout-horizontal","24":"owp-btn-normal","25":"owp-tabs-layout-horizontal","26":"has-no-thumbnails","27":"circle-sale"},"_links":{"self":[{"href":"https:\/\/www.blaubookshop.com\/en\/wp-json\/wp\/v2\/product\/5241","targetHints":{"allow":["GET"]}}],"collection":[{"href":"https:\/\/www.blaubookshop.com\/en\/wp-json\/wp\/v2\/product"}],"about":[{"href":"https:\/\/www.blaubookshop.com\/en\/wp-json\/wp\/v2\/types\/product"}],"version-history":[{"count":1,"href":"https:\/\/www.blaubookshop.com\/en\/wp-json\/wp\/v2\/product\/5241\/revisions"}],"predecessor-version":[{"id":5342,"href":"https:\/\/www.blaubookshop.com\/en\/wp-json\/wp\/v2\/product\/5241\/revisions\/5342"}],"wp:featuredmedia":[{"embeddable":true,"href":"https:\/\/www.blaubookshop.com\/en\/wp-json\/wp\/v2\/media\/5226"}],"wp:attachment":[{"href":"https:\/\/www.blaubookshop.com\/en\/wp-json\/wp\/v2\/media?parent=5241"}],"wp:term":[{"taxonomy":"product_brand","embeddable":true,"href":"https:\/\/www.blaubookshop.com\/en\/wp-json\/wp\/v2\/product_brand?post=5241"},{"taxonomy":"product_cat","embeddable":true,"href":"https:\/\/www.blaubookshop.com\/en\/wp-json\/wp\/v2\/product_cat?post=5241"},{"taxonomy":"product_tag","embeddable":true,"href":"https:\/\/www.blaubookshop.com\/en\/wp-json\/wp\/v2\/product_tag?post=5241"}],"curies":[{"name":"wp","href":"https:\/\/api.w.org\/{rel}","templated":true}]}}