{"id":5247,"date":"2021-06-24T15:34:53","date_gmt":"2021-06-24T15:34:53","guid":{"rendered":"https:\/\/www.blaubookshop.com\/produto\/guarino-guarini\/"},"modified":"2021-06-25T11:05:36","modified_gmt":"2021-06-25T11:05:36","slug":"guarino-guarini","status":"publish","type":"product","link":"https:\/\/www.blaubookshop.com\/en\/product\/guarino-guarini\/","title":{"rendered":"Guarino Guarini"},"content":{"rendered":"<p>A obra te\u00f3rica e pr\u00e1tica de Guarino Guarini ganha particular relev\u00e2ncia na hist\u00f3ria da arquitectura ocidental por ter colocado v\u00e1rias quest\u00f5es relacionadas com a ideia de que os esquemas das linguagens cl\u00e1ssicas n\u00e3o s\u00e3o imut\u00e1veis e podem ser corrigidos em fun\u00e7\u00e3o das necessidades do tempo moderno, incluindo a explora\u00e7\u00e3o de variantes din\u00e2micas para as diferentes formas dos templos. Como padre e arquitecto interno de uma organiza\u00e7\u00e3o religiosa, foi na concep\u00e7\u00e3o das igrejas que Guarini mais concentrou aten\u00e7\u00f5es, mas n\u00e3o deixou de p\u00f4r em evid\u00eancia um m\u00e9todo de pensar o projecto independente do programa funcional que se torne necess\u00e1rio resolver. A originalidade e brilhantismo das obras efectivamente realizadas granjeou-lhe o reconhecimento dos contempor\u00e2neos, e foi at\u00e9 capaz de ultrapassar a hostilidade e desinteresse das gera\u00e7\u00f5es seguintes veiculadoras do ideal neocl\u00e1ssico, sendo reconduzido ao centro do debate arquitect\u00f3nico pelos mais prestigiados historiadores do s\u00e9culo XX. Representa o prolongamento da experi\u00eancia de Borromini, mas apoiada por uma forma\u00e7\u00e3o em filosofia mais estruturada, pr\u00f3pria de um homem que defendia a escol\u00e1stica de base aristot\u00e9lica. O livro de Guarino Guarini Architettura civile passou ent\u00e3o a figurar no rol da tratad\u00edstica espec\u00edfica da disciplina, no grupo dos primeiros textos cient\u00edficos da \u00e9poca moderna.<\/p>\n<p>Suportado pelo dom\u00ednio das matem\u00e1ticas e pela reflex\u00e3o filos\u00f3fica, filiou-se no campo da geometria projectiva, dando corpo ao teorema de que as linhas paralelas se encontram no infinito, e assim resolveu a ambi\u00e7\u00e3o herdada dos construtores medievais em tempo g\u00f3tico, no sentido de elevar at\u00e9 Deus a ideia da verticalidade do espa\u00e7o religioso. Por outro lado, ao submeter a ordem espacial \u00e0 ideia de representa\u00e7\u00e3o do n\u00e3o-finito, concentrou as mais vistosas experi\u00eancias arquitect\u00f3nicas na determina\u00e7\u00e3o das condi\u00e7\u00f5es de efic\u00e1cia das plantas centralizadas, as que melhor expressavam o jogo ascensional das formas em complexos fortemente luminosos. Trabalhou com o desenho dos arcos parab\u00f3licos sob a luz intensa extra\u00edda das coberturas, para criar um quadro espacial flutuante, capaz de provocar o enigm\u00e1tico sentimento de estupefac\u00e7\u00e3o e maravilha como um outro caminho para abrir a curiosidade e intelig\u00eancia do espectador.<\/p>\n<p>A capacidade de conjugar os princ\u00edpios geom\u00e9tricos estruturadores da forma com a interpreta\u00e7\u00e3o do comportamento dos potenciais utilizadores da sua arquitectura constituiu outra li\u00e7\u00e3o inovadora, a que se juntou a h\u00e1bil utiliza\u00e7\u00e3o dos complementos decorativos, convencionais ou inventados, com recurso a materiais brilhantes ou \u00e0 cor intensa integrada na manipula\u00e7\u00e3o arquitect\u00f3nica do claro-escuro, para conquistar a admira\u00e7\u00e3o das pessoas simples. Curiosamente, s\u00f3 as igrejas de planta central realizadas em Turim na parte final da sua vida sobreviveram relativamente intactas at\u00e9 aos nossos dias. Mas os desenhos amplamente divulgados na passagem para o s\u00e9culo XVIII e a doutrina expressa no seu tratado de arquitectura acabaram por ter influ\u00eancia decisiva no desenvolvimento da linguagem barroca na Europa Central.<\/p>","protected":false},"excerpt":{"rendered":"<p>Domingos Tavares<br \/>\nISBN 9789898217073<br \/>\nDafne<br \/>\nCapa mole, 140 pp, 15,0&#215;22,5 cm<br \/>\nPortuguese<br \/>\n2010<\/p>","protected":false},"featured_media":5220,"template":"","meta":{"ocean_post_layout":"","ocean_both_sidebars_style":"","ocean_both_sidebars_content_width":0,"ocean_both_sidebars_sidebars_width":0,"ocean_sidebar":"","ocean_second_sidebar":"","ocean_disable_margins":"enable","ocean_add_body_class":"","ocean_shortcode_before_top_bar":"","ocean_shortcode_after_top_bar":"","ocean_shortcode_before_header":"","ocean_shortcode_after_header":"","ocean_has_shortcode":"","ocean_shortcode_after_title":"","ocean_shortcode_before_footer_widgets":"","ocean_shortcode_after_footer_widgets":"","ocean_shortcode_before_footer_bottom":"","ocean_shortcode_after_footer_bottom":"","ocean_display_top_bar":"default","ocean_display_header":"default","ocean_header_style":"","ocean_center_header_left_menu":"","ocean_custom_header_template":"","ocean_custom_logo":0,"ocean_custom_retina_logo":0,"ocean_custom_logo_max_width":0,"ocean_custom_logo_tablet_max_width":0,"ocean_custom_logo_mobile_max_width":0,"ocean_custom_logo_max_height":0,"ocean_custom_logo_tablet_max_height":0,"ocean_custom_logo_mobile_max_height":0,"ocean_header_custom_menu":"","ocean_menu_typo_font_family":"","ocean_menu_typo_font_subset":"","ocean_menu_typo_font_size":0,"ocean_menu_typo_font_size_tablet":0,"ocean_menu_typo_font_size_mobile":0,"ocean_menu_typo_font_size_unit":"px","ocean_menu_typo_font_weight":"","ocean_menu_typo_font_weight_tablet":"","ocean_menu_typo_font_weight_mobile":"","ocean_menu_typo_transform":"","ocean_menu_typo_transform_tablet":"","ocean_menu_typo_transform_mobile":"","ocean_menu_typo_line_height":0,"ocean_menu_typo_line_height_tablet":0,"ocean_menu_typo_line_height_mobile":0,"ocean_menu_typo_line_height_unit":"","ocean_menu_typo_spacing":0,"ocean_menu_typo_spacing_tablet":0,"ocean_menu_typo_spacing_mobile":0,"ocean_menu_typo_spacing_unit":"","ocean_menu_link_color":"","ocean_menu_link_color_hover":"","ocean_menu_link_color_active":"","ocean_menu_link_background":"","ocean_menu_link_hover_background":"","ocean_menu_link_active_background":"","ocean_menu_social_links_bg":"","ocean_menu_social_hover_links_bg":"","ocean_menu_social_links_color":"","ocean_menu_social_hover_links_color":"","ocean_disable_title":"default","ocean_disable_heading":"default","ocean_post_title":"","ocean_post_subheading":"","ocean_post_title_style":"","ocean_post_title_background_color":"","ocean_post_title_background":0,"ocean_post_title_bg_image_position":"","ocean_post_title_bg_image_attachment":"","ocean_post_title_bg_image_repeat":"","ocean_post_title_bg_image_size":"","ocean_post_title_height":0,"ocean_post_title_bg_overlay":0.5,"ocean_post_title_bg_overlay_color":"","ocean_disable_breadcrumbs":"default","ocean_breadcrumbs_color":"","ocean_breadcrumbs_separator_color":"","ocean_breadcrumbs_links_color":"","ocean_breadcrumbs_links_hover_color":"","ocean_display_footer_widgets":"default","ocean_display_footer_bottom":"default","ocean_custom_footer_template":""},"product_brand":[],"product_cat":[110,52,51],"product_tag":[],"class_list":{"0":"post-5247","1":"product","2":"type-product","3":"status-publish","4":"has-post-thumbnail","6":"product_cat-arquitectos","7":"product_cat-arquitectura-pt","8":"product_cat-livros-em-portugues-pt","10":"entry","11":"has-media","13":"first","14":"instock","15":"sale","16":"taxable","17":"shipping-taxable","18":"purchasable","19":"product-type-simple","20":"col","21":"span_1_of_3","22":"owp-content-left","23":"owp-thumbs-layout-horizontal","24":"owp-btn-normal","25":"owp-tabs-layout-horizontal","26":"has-no-thumbnails","27":"circle-sale"},"_links":{"self":[{"href":"https:\/\/www.blaubookshop.com\/en\/wp-json\/wp\/v2\/product\/5247","targetHints":{"allow":["GET"]}}],"collection":[{"href":"https:\/\/www.blaubookshop.com\/en\/wp-json\/wp\/v2\/product"}],"about":[{"href":"https:\/\/www.blaubookshop.com\/en\/wp-json\/wp\/v2\/types\/product"}],"version-history":[{"count":1,"href":"https:\/\/www.blaubookshop.com\/en\/wp-json\/wp\/v2\/product\/5247\/revisions"}],"predecessor-version":[{"id":5336,"href":"https:\/\/www.blaubookshop.com\/en\/wp-json\/wp\/v2\/product\/5247\/revisions\/5336"}],"wp:featuredmedia":[{"embeddable":true,"href":"https:\/\/www.blaubookshop.com\/en\/wp-json\/wp\/v2\/media\/5220"}],"wp:attachment":[{"href":"https:\/\/www.blaubookshop.com\/en\/wp-json\/wp\/v2\/media?parent=5247"}],"wp:term":[{"taxonomy":"product_brand","embeddable":true,"href":"https:\/\/www.blaubookshop.com\/en\/wp-json\/wp\/v2\/product_brand?post=5247"},{"taxonomy":"product_cat","embeddable":true,"href":"https:\/\/www.blaubookshop.com\/en\/wp-json\/wp\/v2\/product_cat?post=5247"},{"taxonomy":"product_tag","embeddable":true,"href":"https:\/\/www.blaubookshop.com\/en\/wp-json\/wp\/v2\/product_tag?post=5247"}],"curies":[{"name":"wp","href":"https:\/\/api.w.org\/{rel}","templated":true}]}}