{"id":5248,"date":"2021-06-24T15:34:53","date_gmt":"2021-06-24T15:34:53","guid":{"rendered":"https:\/\/www.blaubookshop.com\/produto\/john-nash\/"},"modified":"2021-06-25T11:05:35","modified_gmt":"2021-06-25T11:05:35","slug":"john-nash","status":"publish","type":"product","link":"https:\/\/www.blaubookshop.com\/en\/product\/john-nash\/","title":{"rendered":"John Nash"},"content":{"rendered":"<p>Revolu\u00e7\u00e3o e romantismo, como duas palavras sempre associadas, varreram a hist\u00f3ria da Europa continental na segunda metade do s\u00e9culo XVIII. \u00c0 revolu\u00e7\u00e3o cient\u00edfica e tecnol\u00f3gica seguiu-se a Revolu\u00e7\u00e3o Industrial e a ascens\u00e3o de novos estratos sociais \u00e0 riqueza e ao poder. Com a inven\u00e7\u00e3o da m\u00e1quina a vapor e os progressos obtidos na produ\u00e7\u00e3o t\u00eaxtil, a Inglaterra chamou a si as consequentes transforma\u00e7\u00f5es do quadro pol\u00edtico do Estado. A invas\u00e3o maci\u00e7a das cidades pela pobreza rural, com o seu cortejo de fumos e doen\u00e7as, tornou insuport\u00e1vel o ambiente das zonas portu\u00e1rias e industriais. Foi ent\u00e3o que os intelectuais ingleses se dedicaram \u00e0 exalta\u00e7\u00e3o do individualismo enquanto fundamento da beleza universal. Por esse caminho inventaram o neog\u00f3tico, a domestica\u00e7\u00e3o da natureza selvagem para a tornar id\u00edlica e perfeita, nela inserindo os novos modelos de vida e de prazer. Em arquitectura pouco se importaram de negar o Barroco classicizante que os antecedeu, porque a quest\u00e3o dos estilos era mat\u00e9ria secund\u00e1ria se integr\u00e1vel no programa de construir cen\u00e1rios distintos para conforto da isolada vida quotidiana dos senhores mais ilustres.<\/p>\n<p>Na corrente de transi\u00e7\u00e3o do cl\u00e1ssico para o rom\u00e2ntico, alguns arquitectos se distinguiram pela particularidade das suas op\u00e7\u00f5es. John Nash, com o entendimento pragm\u00e1tico e oportunista da vida e do mundo, estendeu a sua ac\u00e7\u00e3o at\u00e9 onde as circunst\u00e2ncias lhe proporcionaram ganhos emotivos e sociais. Sem qualquer nostalgia no plano pessoal, extraiu do prazer da vida os argumentos para a enorme diversidade da sua arquitectura, desde as casas de campo nos ambientes buc\u00f3licos das paisagens artificiais criadas pelo ardor inventivo dos paladinos da planifica\u00e7\u00e3o paisagista, at\u00e9 \u00e0 montagem do espl\u00eandido cen\u00e1rio cl\u00e1ssico no tra\u00e7ado da expans\u00e3o urbana dos sectores a oeste da nova cidade de Londres. Foi esta faceta de modelador do espa\u00e7o p\u00fablico que mais interessou aos estudiosos e tratadistas do urbanismo contempor\u00e2neo, tomando-o como referente inicial do movimento que se intensificou no s\u00e9culo XIX.<\/p>\n<p>Para Nash, n\u00e3o se tratou de resolver o conflito entre os valores da sociedade antiga e os que correspondiam \u00e0s estruturas de rela\u00e7\u00e3o humana sa\u00eddas da complexa reorganiza\u00e7\u00e3o em curso de todo o quadro social. Ele soube conquistar as oportunidades que se lhe abriram, correspondendo com compet\u00eancia e sabedoria \u00e0s exig\u00eancias de cada situa\u00e7\u00e3o, mesmo n\u00e3o tendo seguido os caminhos das academias ou das viagens, que ent\u00e3o eram considerados a base da forma\u00e7\u00e3o de qualquer arquitecto. Serviu uma numerosa clientela de novos e velhos senhores da aristocracia rural e urbana, apaziguando-lhes o sentimento de perda com recurso \u00e0 imagina\u00e7\u00e3o criadora, sem nunca comprometer os seus pr\u00f3prios anseios de lucro material.<\/p>\n<p>John Nash poderia ser considerado o \u00faltimo arquitecto do ciclo cl\u00e1ssico europeu se o seu revivalismo n\u00e3o fosse apenas um instrumento de circunst\u00e2ncia para conferir densidade formal ao tra\u00e7ado urbano, nos seus projectos para a expans\u00e3o de Londres. O particular significado das suas propostas foi o de integrar os instrumentos desenvolvidos pela primeira gera\u00e7\u00e3o dos paisagistas pitorescos com a pr\u00e1tica intu\u00edda na pr\u00f3pria hist\u00f3ria do pa\u00eds, para gerar uma nova experi\u00eancia de pensar a cidade.<\/p>","protected":false},"excerpt":{"rendered":"<p>Domingos Tavares<br \/>\nISBN 9789898217080<br \/>\nDafne<br \/>\nCapa mole, 134 pp, 15,0&#215;22,5 cm<br \/>\nPortuguese<br \/>\n2010<\/p>","protected":false},"featured_media":5219,"template":"","meta":{"ocean_post_layout":"","ocean_both_sidebars_style":"","ocean_both_sidebars_content_width":0,"ocean_both_sidebars_sidebars_width":0,"ocean_sidebar":"","ocean_second_sidebar":"","ocean_disable_margins":"enable","ocean_add_body_class":"","ocean_shortcode_before_top_bar":"","ocean_shortcode_after_top_bar":"","ocean_shortcode_before_header":"","ocean_shortcode_after_header":"","ocean_has_shortcode":"","ocean_shortcode_after_title":"","ocean_shortcode_before_footer_widgets":"","ocean_shortcode_after_footer_widgets":"","ocean_shortcode_before_footer_bottom":"","ocean_shortcode_after_footer_bottom":"","ocean_display_top_bar":"default","ocean_display_header":"default","ocean_header_style":"","ocean_center_header_left_menu":"","ocean_custom_header_template":"","ocean_custom_logo":0,"ocean_custom_retina_logo":0,"ocean_custom_logo_max_width":0,"ocean_custom_logo_tablet_max_width":0,"ocean_custom_logo_mobile_max_width":0,"ocean_custom_logo_max_height":0,"ocean_custom_logo_tablet_max_height":0,"ocean_custom_logo_mobile_max_height":0,"ocean_header_custom_menu":"","ocean_menu_typo_font_family":"","ocean_menu_typo_font_subset":"","ocean_menu_typo_font_size":0,"ocean_menu_typo_font_size_tablet":0,"ocean_menu_typo_font_size_mobile":0,"ocean_menu_typo_font_size_unit":"px","ocean_menu_typo_font_weight":"","ocean_menu_typo_font_weight_tablet":"","ocean_menu_typo_font_weight_mobile":"","ocean_menu_typo_transform":"","ocean_menu_typo_transform_tablet":"","ocean_menu_typo_transform_mobile":"","ocean_menu_typo_line_height":0,"ocean_menu_typo_line_height_tablet":0,"ocean_menu_typo_line_height_mobile":0,"ocean_menu_typo_line_height_unit":"","ocean_menu_typo_spacing":0,"ocean_menu_typo_spacing_tablet":0,"ocean_menu_typo_spacing_mobile":0,"ocean_menu_typo_spacing_unit":"","ocean_menu_link_color":"","ocean_menu_link_color_hover":"","ocean_menu_link_color_active":"","ocean_menu_link_background":"","ocean_menu_link_hover_background":"","ocean_menu_link_active_background":"","ocean_menu_social_links_bg":"","ocean_menu_social_hover_links_bg":"","ocean_menu_social_links_color":"","ocean_menu_social_hover_links_color":"","ocean_disable_title":"default","ocean_disable_heading":"default","ocean_post_title":"","ocean_post_subheading":"","ocean_post_title_style":"","ocean_post_title_background_color":"","ocean_post_title_background":0,"ocean_post_title_bg_image_position":"","ocean_post_title_bg_image_attachment":"","ocean_post_title_bg_image_repeat":"","ocean_post_title_bg_image_size":"","ocean_post_title_height":0,"ocean_post_title_bg_overlay":0.5,"ocean_post_title_bg_overlay_color":"","ocean_disable_breadcrumbs":"default","ocean_breadcrumbs_color":"","ocean_breadcrumbs_separator_color":"","ocean_breadcrumbs_links_color":"","ocean_breadcrumbs_links_hover_color":"","ocean_display_footer_widgets":"default","ocean_display_footer_bottom":"default","ocean_custom_footer_template":""},"product_brand":[],"product_cat":[110,52,51],"product_tag":[],"class_list":{"0":"post-5248","1":"product","2":"type-product","3":"status-publish","4":"has-post-thumbnail","6":"product_cat-arquitectos","7":"product_cat-arquitectura-pt","8":"product_cat-livros-em-portugues-pt","10":"entry","11":"has-media","13":"first","14":"instock","15":"sale","16":"taxable","17":"shipping-taxable","18":"purchasable","19":"product-type-simple","20":"col","21":"span_1_of_3","22":"owp-content-left","23":"owp-thumbs-layout-horizontal","24":"owp-btn-normal","25":"owp-tabs-layout-horizontal","26":"has-no-thumbnails","27":"circle-sale"},"_links":{"self":[{"href":"https:\/\/www.blaubookshop.com\/en\/wp-json\/wp\/v2\/product\/5248","targetHints":{"allow":["GET"]}}],"collection":[{"href":"https:\/\/www.blaubookshop.com\/en\/wp-json\/wp\/v2\/product"}],"about":[{"href":"https:\/\/www.blaubookshop.com\/en\/wp-json\/wp\/v2\/types\/product"}],"version-history":[{"count":1,"href":"https:\/\/www.blaubookshop.com\/en\/wp-json\/wp\/v2\/product\/5248\/revisions"}],"predecessor-version":[{"id":5335,"href":"https:\/\/www.blaubookshop.com\/en\/wp-json\/wp\/v2\/product\/5248\/revisions\/5335"}],"wp:featuredmedia":[{"embeddable":true,"href":"https:\/\/www.blaubookshop.com\/en\/wp-json\/wp\/v2\/media\/5219"}],"wp:attachment":[{"href":"https:\/\/www.blaubookshop.com\/en\/wp-json\/wp\/v2\/media?parent=5248"}],"wp:term":[{"taxonomy":"product_brand","embeddable":true,"href":"https:\/\/www.blaubookshop.com\/en\/wp-json\/wp\/v2\/product_brand?post=5248"},{"taxonomy":"product_cat","embeddable":true,"href":"https:\/\/www.blaubookshop.com\/en\/wp-json\/wp\/v2\/product_cat?post=5248"},{"taxonomy":"product_tag","embeddable":true,"href":"https:\/\/www.blaubookshop.com\/en\/wp-json\/wp\/v2\/product_tag?post=5248"}],"curies":[{"name":"wp","href":"https:\/\/api.w.org\/{rel}","templated":true}]}}