{"id":5250,"date":"2021-06-24T15:34:55","date_gmt":"2021-06-24T15:34:55","guid":{"rendered":"https:\/\/www.blaubookshop.com\/produto\/arquitectura-em-publico\/"},"modified":"2021-06-25T11:05:34","modified_gmt":"2021-06-25T11:05:34","slug":"arquitectura-em-publico","status":"publish","type":"product","link":"https:\/\/www.blaubookshop.com\/en\/product\/arquitectura-em-publico\/","title":{"rendered":"Arquitectura em P\u00fablico"},"content":{"rendered":"<p>No momento em que se publica este livro, o panorama medi\u00e1tico portugu\u00eas \u00e9 abalado por alguns dos acontecimentos mais dram\u00e1ticos da sua exist\u00eancia p\u00f3s-ditadura. Entre a sua fragilidade e a press\u00e3o esmagadora da realidade econ\u00f3mica \u2013 a crise generalizada das publica\u00e7\u00f5es em papel e a entrega estapaf\u00fardia a pr\u00e1ticas populistas \u2013, o cen\u00e1rio medi\u00e1tico portugu\u00eas atingiu um ponto irrevers\u00edvel.<\/p>\n<p>Perante este estado de coisas, \u00e9 pertinente perguntar porque \u00e9 que se escreve um livro sobre a difus\u00e3o de massas de uma produ\u00e7\u00e3o cultural t\u00e3o espec\u00edfica como a arquitectura. A resposta \u00e9 que a apari\u00e7\u00e3o mete\u00f3rica da arquitectura no contexto medi\u00e1tico generalista portugu\u00eas foi, ela pr\u00f3pria, um sinal da volatilidade e do funcionamento dos nossos media de massa.<\/p>\n<p>A afirma\u00e7\u00e3o da arquitectura portuguesa atrav\u00e9s da mediatiza\u00e7\u00e3o revelou-se uma boa met\u00e1fora para explicar como os media de massa acolhem, digerem, ampliam, se apropriam e finalmente deitam fora qualquer assunto que sirva para captar a aten\u00e7\u00e3o e o share. Diz-se aqui como o campo arquitect\u00f3nico adquiriu pujan\u00e7a, como se reflectiu e como acabou por ser escrutinado na esfera p\u00fablica. Mas podia falar-se de arte, culin\u00e1ria, futebol ou de qualquer outra coisa.<\/p>\n<p>Nas entrelinhas desta expans\u00e3o medi\u00e1tica ficou tamb\u00e9m uma hist\u00f3ria parcial e uma cr\u00edtica cultural da arquitectura portuguesa entre 1990 e 2005. Nas hist\u00f3rias picantes que aqui se revisitam, esses quinze anos foram o per\u00edodo \u00e1ureo em que, mais que qualquer meio especializado, o jornal P\u00fablico deu as boas-vindas a uma pr\u00e1tica que \u2013 pelo menos do ponto de vista medi\u00e1tico \u2013 se tornaria uma das grandes exporta\u00e7\u00f5es da cultura portuguesa contempor\u00e2nea.<\/p>\n<p>Pref\u00e1cio de Nuno Portas e posf\u00e1cio de Pedro Barreto<\/p>","protected":false},"excerpt":{"rendered":"<p>Pedro Gadanho<br \/>\nISBN 9789898217110<br \/>\nDafne<br \/>\nCapa mole, 324 pp, 15,0&#215;22,5 cm<br \/>\nPortuguese<br \/>\n2011<\/p>","protected":false},"featured_media":5217,"template":"","meta":{"ocean_post_layout":"","ocean_both_sidebars_style":"","ocean_both_sidebars_content_width":0,"ocean_both_sidebars_sidebars_width":0,"ocean_sidebar":"","ocean_second_sidebar":"","ocean_disable_margins":"enable","ocean_add_body_class":"","ocean_shortcode_before_top_bar":"","ocean_shortcode_after_top_bar":"","ocean_shortcode_before_header":"","ocean_shortcode_after_header":"","ocean_has_shortcode":"","ocean_shortcode_after_title":"","ocean_shortcode_before_footer_widgets":"","ocean_shortcode_after_footer_widgets":"","ocean_shortcode_before_footer_bottom":"","ocean_shortcode_after_footer_bottom":"","ocean_display_top_bar":"default","ocean_display_header":"default","ocean_header_style":"","ocean_center_header_left_menu":"","ocean_custom_header_template":"","ocean_custom_logo":0,"ocean_custom_retina_logo":0,"ocean_custom_logo_max_width":0,"ocean_custom_logo_tablet_max_width":0,"ocean_custom_logo_mobile_max_width":0,"ocean_custom_logo_max_height":0,"ocean_custom_logo_tablet_max_height":0,"ocean_custom_logo_mobile_max_height":0,"ocean_header_custom_menu":"","ocean_menu_typo_font_family":"","ocean_menu_typo_font_subset":"","ocean_menu_typo_font_size":0,"ocean_menu_typo_font_size_tablet":0,"ocean_menu_typo_font_size_mobile":0,"ocean_menu_typo_font_size_unit":"px","ocean_menu_typo_font_weight":"","ocean_menu_typo_font_weight_tablet":"","ocean_menu_typo_font_weight_mobile":"","ocean_menu_typo_transform":"","ocean_menu_typo_transform_tablet":"","ocean_menu_typo_transform_mobile":"","ocean_menu_typo_line_height":0,"ocean_menu_typo_line_height_tablet":0,"ocean_menu_typo_line_height_mobile":0,"ocean_menu_typo_line_height_unit":"","ocean_menu_typo_spacing":0,"ocean_menu_typo_spacing_tablet":0,"ocean_menu_typo_spacing_mobile":0,"ocean_menu_typo_spacing_unit":"","ocean_menu_link_color":"","ocean_menu_link_color_hover":"","ocean_menu_link_color_active":"","ocean_menu_link_background":"","ocean_menu_link_hover_background":"","ocean_menu_link_active_background":"","ocean_menu_social_links_bg":"","ocean_menu_social_hover_links_bg":"","ocean_menu_social_links_color":"","ocean_menu_social_hover_links_color":"","ocean_disable_title":"default","ocean_disable_heading":"default","ocean_post_title":"","ocean_post_subheading":"","ocean_post_title_style":"","ocean_post_title_background_color":"","ocean_post_title_background":0,"ocean_post_title_bg_image_position":"","ocean_post_title_bg_image_attachment":"","ocean_post_title_bg_image_repeat":"","ocean_post_title_bg_image_size":"","ocean_post_title_height":0,"ocean_post_title_bg_overlay":0.5,"ocean_post_title_bg_overlay_color":"","ocean_disable_breadcrumbs":"default","ocean_breadcrumbs_color":"","ocean_breadcrumbs_separator_color":"","ocean_breadcrumbs_links_color":"","ocean_breadcrumbs_links_hover_color":"","ocean_display_footer_widgets":"default","ocean_display_footer_bottom":"default","ocean_custom_footer_template":""},"product_brand":[],"product_cat":[52,195,51],"product_tag":[],"class_list":{"0":"post-5250","1":"product","2":"type-product","3":"status-publish","4":"has-post-thumbnail","6":"product_cat-arquitectura-pt","7":"product_cat-ensaios","8":"product_cat-livros-em-portugues-pt","10":"entry","11":"has-media","13":"first","14":"instock","15":"sale","16":"taxable","17":"shipping-taxable","18":"purchasable","19":"product-type-simple","20":"col","21":"span_1_of_3","22":"owp-content-left","23":"owp-thumbs-layout-horizontal","24":"owp-btn-normal","25":"owp-tabs-layout-horizontal","26":"has-no-thumbnails","27":"circle-sale"},"_links":{"self":[{"href":"https:\/\/www.blaubookshop.com\/en\/wp-json\/wp\/v2\/product\/5250","targetHints":{"allow":["GET"]}}],"collection":[{"href":"https:\/\/www.blaubookshop.com\/en\/wp-json\/wp\/v2\/product"}],"about":[{"href":"https:\/\/www.blaubookshop.com\/en\/wp-json\/wp\/v2\/types\/product"}],"version-history":[{"count":1,"href":"https:\/\/www.blaubookshop.com\/en\/wp-json\/wp\/v2\/product\/5250\/revisions"}],"predecessor-version":[{"id":5334,"href":"https:\/\/www.blaubookshop.com\/en\/wp-json\/wp\/v2\/product\/5250\/revisions\/5334"}],"wp:featuredmedia":[{"embeddable":true,"href":"https:\/\/www.blaubookshop.com\/en\/wp-json\/wp\/v2\/media\/5217"}],"wp:attachment":[{"href":"https:\/\/www.blaubookshop.com\/en\/wp-json\/wp\/v2\/media?parent=5250"}],"wp:term":[{"taxonomy":"product_brand","embeddable":true,"href":"https:\/\/www.blaubookshop.com\/en\/wp-json\/wp\/v2\/product_brand?post=5250"},{"taxonomy":"product_cat","embeddable":true,"href":"https:\/\/www.blaubookshop.com\/en\/wp-json\/wp\/v2\/product_cat?post=5250"},{"taxonomy":"product_tag","embeddable":true,"href":"https:\/\/www.blaubookshop.com\/en\/wp-json\/wp\/v2\/product_tag?post=5250"}],"curies":[{"name":"wp","href":"https:\/\/api.w.org\/{rel}","templated":true}]}}