{"id":5251,"date":"2021-06-24T15:34:56","date_gmt":"2021-06-24T15:34:56","guid":{"rendered":"https:\/\/www.blaubookshop.com\/produto\/o-que-nos-vemos-o-que-nos-olha\/"},"modified":"2021-06-25T11:05:33","modified_gmt":"2021-06-25T11:05:33","slug":"o-que-nos-vemos-o-que-nos-olha","status":"publish","type":"product","link":"https:\/\/www.blaubookshop.com\/en\/product\/o-que-nos-vemos-o-que-nos-olha\/","title":{"rendered":"O que n\u00f3s vemos, O que nos olha"},"content":{"rendered":"<p>Na primeira obra de Georges Didi-Huberman que se apresenta ao leitor portugu\u00eas \u00e9 convocada uma vasta constela\u00e7\u00e3o de refer\u00eancias te\u00f3ricas e filos\u00f3ficas (Benjamin, Freud, Lacan, F\u00e9dida, Merleau-Ponty e Derrida), art\u00edsticas e liter\u00e1rias (escultura tumular do Antigo Egipto e da Idade M\u00e9dia, Fra Angelico, Beckett, Joyce, Dante e Kafka), para propor uma antropologia dos \u00abobjectos\u00bb de Donald Judd, Robert Morris e Tony Smith, capaz de dar conta da inquietante intensidade e da dimens\u00e3o de sentidos que os constituem.<\/p>\n<p>\u00abBaudelaire, Proust, Kafka ou James Joyce n\u00e3o temeram \u2013 contra as certezas dos respectivos presentes \u2013 reinvocar livremente mitos ou paradigmas religiosos; por\u00e9m, n\u00e3o pretendiam restaur\u00e1-los, mas, pelo contr\u00e1rio, ultrapass\u00e1-los com formas absolutamente originais e em vias de se tornarem, de novo, origin\u00e1rias. Picasso e Braque n\u00e3o temeram reinvocar o que at\u00e9 a\u00ed se afigurava como o arca\u00edsmo formal por excel\u00eancia \u2013 as artes africanas ou oce\u00e2nicas \u2013, mas essa mem\u00f3ria n\u00e3o tinha nada a ver com um qualquer \u201cretorno \u00e0s fontes\u201d, como ainda se diz com demasiada frequ\u00eancia; muito pelo contr\u00e1rio, tinha-se em vista ultrapassar dialecticamente quer a plasticidade ocidental, quer precisamente aquela sobre a qual lan\u00e7avam um olhar absolutamente novo, n\u00e3o \u201cselvagem\u201d, n\u00e3o nost\u00e1lgico: um olhar transformador.\u00bb (G.D.-H.)<\/p>\n<p>Tradu\u00e7\u00e3o de Jo\u00e3o Pedro Cachopo e Golgona Anghel, com a colabora\u00e7\u00e3o de Jo\u00e3o Francisco Figueira e V\u00edtor Silva.<\/p>\n<p>Esta obra beneficiou do apoio dos programas de ajuda \u00e0 publica\u00e7\u00e3o do Instituto Fran\u00e7ais e foi publicada com o apoio do Centre National du Livre.<\/p>\n<p>Esta obra foi publicada por ocasi\u00e3o da mesa-redonda que reuniu Hans Belting, Georges Didi-Huberman e Jacques Ranci\u00e8re, na Culturgest, em Lisboa, a 14 de Mar\u00e7o de 2011, com modera\u00e7\u00e3o de Maria Filomena Molder. Para esta ocasi\u00e3o, produziram-se duas imagens de Jos\u00e9 Lu\u00eds Neto, da s\u00e9rie July 1984.<\/p>","protected":false},"excerpt":{"rendered":"<p>Georges Didi-Huberman<br \/>\nISBN 9789898217127<br \/>\nDafne<br \/>\nCapa mole, 296 pp, 15,0&#215;22,5 cm<br \/>\nPortuguese<br \/>\n2011<\/p>","protected":false},"featured_media":5216,"template":"","meta":{"ocean_post_layout":"","ocean_both_sidebars_style":"","ocean_both_sidebars_content_width":0,"ocean_both_sidebars_sidebars_width":0,"ocean_sidebar":"","ocean_second_sidebar":"","ocean_disable_margins":"enable","ocean_add_body_class":"","ocean_shortcode_before_top_bar":"","ocean_shortcode_after_top_bar":"","ocean_shortcode_before_header":"","ocean_shortcode_after_header":"","ocean_has_shortcode":"","ocean_shortcode_after_title":"","ocean_shortcode_before_footer_widgets":"","ocean_shortcode_after_footer_widgets":"","ocean_shortcode_before_footer_bottom":"","ocean_shortcode_after_footer_bottom":"","ocean_display_top_bar":"default","ocean_display_header":"default","ocean_header_style":"","ocean_center_header_left_menu":"","ocean_custom_header_template":"","ocean_custom_logo":0,"ocean_custom_retina_logo":0,"ocean_custom_logo_max_width":0,"ocean_custom_logo_tablet_max_width":0,"ocean_custom_logo_mobile_max_width":0,"ocean_custom_logo_max_height":0,"ocean_custom_logo_tablet_max_height":0,"ocean_custom_logo_mobile_max_height":0,"ocean_header_custom_menu":"","ocean_menu_typo_font_family":"","ocean_menu_typo_font_subset":"","ocean_menu_typo_font_size":0,"ocean_menu_typo_font_size_tablet":0,"ocean_menu_typo_font_size_mobile":0,"ocean_menu_typo_font_size_unit":"px","ocean_menu_typo_font_weight":"","ocean_menu_typo_font_weight_tablet":"","ocean_menu_typo_font_weight_mobile":"","ocean_menu_typo_transform":"","ocean_menu_typo_transform_tablet":"","ocean_menu_typo_transform_mobile":"","ocean_menu_typo_line_height":0,"ocean_menu_typo_line_height_tablet":0,"ocean_menu_typo_line_height_mobile":0,"ocean_menu_typo_line_height_unit":"","ocean_menu_typo_spacing":0,"ocean_menu_typo_spacing_tablet":0,"ocean_menu_typo_spacing_mobile":0,"ocean_menu_typo_spacing_unit":"","ocean_menu_link_color":"","ocean_menu_link_color_hover":"","ocean_menu_link_color_active":"","ocean_menu_link_background":"","ocean_menu_link_hover_background":"","ocean_menu_link_active_background":"","ocean_menu_social_links_bg":"","ocean_menu_social_hover_links_bg":"","ocean_menu_social_links_color":"","ocean_menu_social_hover_links_color":"","ocean_disable_title":"default","ocean_disable_heading":"default","ocean_post_title":"","ocean_post_subheading":"","ocean_post_title_style":"","ocean_post_title_background_color":"","ocean_post_title_background":0,"ocean_post_title_bg_image_position":"","ocean_post_title_bg_image_attachment":"","ocean_post_title_bg_image_repeat":"","ocean_post_title_bg_image_size":"","ocean_post_title_height":0,"ocean_post_title_bg_overlay":0.5,"ocean_post_title_bg_overlay_color":"","ocean_disable_breadcrumbs":"default","ocean_breadcrumbs_color":"","ocean_breadcrumbs_separator_color":"","ocean_breadcrumbs_links_color":"","ocean_breadcrumbs_links_hover_color":"","ocean_display_footer_widgets":"default","ocean_display_footer_bottom":"default","ocean_custom_footer_template":""},"product_brand":[],"product_cat":[52,51,196],"product_tag":[],"class_list":{"0":"post-5251","1":"product","2":"type-product","3":"status-publish","4":"has-post-thumbnail","6":"product_cat-arquitectura-pt","7":"product_cat-livros-em-portugues-pt","8":"product_cat-pensamento","10":"entry","11":"has-media","13":"first","14":"instock","15":"sale","16":"taxable","17":"shipping-taxable","18":"purchasable","19":"product-type-simple","20":"col","21":"span_1_of_3","22":"owp-content-left","23":"owp-thumbs-layout-horizontal","24":"owp-btn-normal","25":"owp-tabs-layout-horizontal","26":"has-no-thumbnails","27":"circle-sale"},"_links":{"self":[{"href":"https:\/\/www.blaubookshop.com\/en\/wp-json\/wp\/v2\/product\/5251","targetHints":{"allow":["GET"]}}],"collection":[{"href":"https:\/\/www.blaubookshop.com\/en\/wp-json\/wp\/v2\/product"}],"about":[{"href":"https:\/\/www.blaubookshop.com\/en\/wp-json\/wp\/v2\/types\/product"}],"version-history":[{"count":1,"href":"https:\/\/www.blaubookshop.com\/en\/wp-json\/wp\/v2\/product\/5251\/revisions"}],"predecessor-version":[{"id":5333,"href":"https:\/\/www.blaubookshop.com\/en\/wp-json\/wp\/v2\/product\/5251\/revisions\/5333"}],"wp:featuredmedia":[{"embeddable":true,"href":"https:\/\/www.blaubookshop.com\/en\/wp-json\/wp\/v2\/media\/5216"}],"wp:attachment":[{"href":"https:\/\/www.blaubookshop.com\/en\/wp-json\/wp\/v2\/media?parent=5251"}],"wp:term":[{"taxonomy":"product_brand","embeddable":true,"href":"https:\/\/www.blaubookshop.com\/en\/wp-json\/wp\/v2\/product_brand?post=5251"},{"taxonomy":"product_cat","embeddable":true,"href":"https:\/\/www.blaubookshop.com\/en\/wp-json\/wp\/v2\/product_cat?post=5251"},{"taxonomy":"product_tag","embeddable":true,"href":"https:\/\/www.blaubookshop.com\/en\/wp-json\/wp\/v2\/product_tag?post=5251"}],"curies":[{"name":"wp","href":"https:\/\/api.w.org\/{rel}","templated":true}]}}