{"id":5252,"date":"2021-06-24T15:34:57","date_gmt":"2021-06-24T15:34:57","guid":{"rendered":"https:\/\/www.blaubookshop.com\/produto\/a-verdadeira-imagem\/"},"modified":"2024-10-03T20:28:41","modified_gmt":"2024-10-03T20:28:41","slug":"a-verdadeira-imagem","status":"publish","type":"product","link":"https:\/\/www.blaubookshop.com\/en\/product\/a-verdadeira-imagem\/","title":{"rendered":"A Verdadeira Imagem"},"content":{"rendered":"<p>No quadro da sua antropologia da imagem, onde se constituem como par\u00e2metros essenciais a imagem, o corpo e o suporte das imagens, Hans Belting confronta fontes relevantes com breves epis\u00f3dios hist\u00f3ricos e imagens como a Santa Face de Cristo, a Ver\u00f3nica ou o retrato de Lutero. Assim se exploram, com grande min\u00facia te\u00f3rica, as f\u00e9rteis consequ\u00eancias heur\u00edsticas desse choque, com consequ\u00eancias relevantes para a nossa contemporaneidade.<\/p>\n<p>\u00abNas fontes relativas \u00e0 controv\u00e9rsia sobre as imagens, habitualmente, n\u00e3o se fica a saber grande coisa sobre a figuratividade, mas bastante mais sobre as rela\u00e7\u00f5es de poder no espa\u00e7o p\u00fablico. As imagens eram, uma e outra vez, apresentadas em lugares p\u00fablicos, para atrair sobre elas a pr\u00e1tica que rotulamos de culto. A destrui\u00e7\u00e3o da imagem \u00e9 t\u00e3o-s\u00f3 a outra faceta do culto da imagem, \u00e9 o culto da imagem sob o signo contr\u00e1rio ou a viol\u00eancia contra as imagens em nome das quais se sofreu viol\u00eancia. As imagens consolidavam-se nas ac\u00e7\u00f5es simb\u00f3licas nelas realizadas, e fracassavam se elas lhes fossem recusadas. Tornavam-se assim her\u00f3is, m\u00e1rtires ou inimigos, decerto em vez de homens que estavam por detr\u00e1s delas, e que directamente se n\u00e3o podiam atacar. J\u00e1 a sua produ\u00e7\u00e3o era uma ac\u00e7\u00e3o simb\u00f3lica e encorajava os observadores, diante delas e em p\u00fablico, a demonstrar a sua f\u00e9 ou a recusar a sua lealdade \u2013 o que, por seu turno, equivalia a uma ac\u00e7\u00e3o simb\u00f3lica. As imagens surgiram, pois, como uma ocasi\u00e3o ou como um desafio calculado da sociedade a exercer diante delas actos p\u00fablicos deste jaez, os quais, de outro modo, n\u00e3o teriam nenhum endere\u00e7o ou oportunidade.\u00bb (H.B.)<\/p>\n<p>Tradu\u00e7\u00e3o de Artur Mor\u00e3o<\/p>\n<p>A tradu\u00e7\u00e3o desta obra foi apoiada com subs\u00eddio do Goethe-Institut, que \u00e9 financiado pelo Minist\u00e9rio dos Neg\u00f3cios Estrangeiros da Alemanha.<\/p>\n<p>Esta obra foi publicada por ocasi\u00e3o da mesa-redonda que reuniu Hans Belting, Georges Didi-Huberman e Jacques Ranci\u00e8re, na Culturgest, em Lisboa, a 14 de Mar\u00e7o de 2011, com modera\u00e7\u00e3o de Maria Filomena Molder. Para esta ocasi\u00e3o, produziram-se duas imagens de Jos\u00e9 Lu\u00eds Neto, da s\u00e9rie July 1984.<\/p>","protected":false},"excerpt":{"rendered":"<p>Hans Belting<br \/>\nISBN 9789898217134<br \/>\nDafne<br \/>\nCapa mole, 312 pp, 15,0&#215;22,5 cm<br \/>\nPortuguese<br \/>\n2011<\/p>","protected":false},"featured_media":5215,"template":"","meta":{"ocean_post_layout":"","ocean_both_sidebars_style":"","ocean_both_sidebars_content_width":0,"ocean_both_sidebars_sidebars_width":0,"ocean_sidebar":"","ocean_second_sidebar":"","ocean_disable_margins":"enable","ocean_add_body_class":"","ocean_shortcode_before_top_bar":"","ocean_shortcode_after_top_bar":"","ocean_shortcode_before_header":"","ocean_shortcode_after_header":"","ocean_has_shortcode":"","ocean_shortcode_after_title":"","ocean_shortcode_before_footer_widgets":"","ocean_shortcode_after_footer_widgets":"","ocean_shortcode_before_footer_bottom":"","ocean_shortcode_after_footer_bottom":"","ocean_display_top_bar":"default","ocean_display_header":"default","ocean_header_style":"","ocean_center_header_left_menu":"","ocean_custom_header_template":"","ocean_custom_logo":0,"ocean_custom_retina_logo":0,"ocean_custom_logo_max_width":0,"ocean_custom_logo_tablet_max_width":0,"ocean_custom_logo_mobile_max_width":0,"ocean_custom_logo_max_height":0,"ocean_custom_logo_tablet_max_height":0,"ocean_custom_logo_mobile_max_height":0,"ocean_header_custom_menu":"","ocean_menu_typo_font_family":"","ocean_menu_typo_font_subset":"","ocean_menu_typo_font_size":0,"ocean_menu_typo_font_size_tablet":0,"ocean_menu_typo_font_size_mobile":0,"ocean_menu_typo_font_size_unit":"px","ocean_menu_typo_font_weight":"","ocean_menu_typo_font_weight_tablet":"","ocean_menu_typo_font_weight_mobile":"","ocean_menu_typo_transform":"","ocean_menu_typo_transform_tablet":"","ocean_menu_typo_transform_mobile":"","ocean_menu_typo_line_height":0,"ocean_menu_typo_line_height_tablet":0,"ocean_menu_typo_line_height_mobile":0,"ocean_menu_typo_line_height_unit":"","ocean_menu_typo_spacing":0,"ocean_menu_typo_spacing_tablet":0,"ocean_menu_typo_spacing_mobile":0,"ocean_menu_typo_spacing_unit":"","ocean_menu_link_color":"","ocean_menu_link_color_hover":"","ocean_menu_link_color_active":"","ocean_menu_link_background":"","ocean_menu_link_hover_background":"","ocean_menu_link_active_background":"","ocean_menu_social_links_bg":"","ocean_menu_social_hover_links_bg":"","ocean_menu_social_links_color":"","ocean_menu_social_hover_links_color":"","ocean_disable_title":"default","ocean_disable_heading":"default","ocean_post_title":"","ocean_post_subheading":"","ocean_post_title_style":"","ocean_post_title_background_color":"","ocean_post_title_background":0,"ocean_post_title_bg_image_position":"","ocean_post_title_bg_image_attachment":"","ocean_post_title_bg_image_repeat":"","ocean_post_title_bg_image_size":"","ocean_post_title_height":0,"ocean_post_title_bg_overlay":0.5,"ocean_post_title_bg_overlay_color":"","ocean_disable_breadcrumbs":"default","ocean_breadcrumbs_color":"","ocean_breadcrumbs_separator_color":"","ocean_breadcrumbs_links_color":"","ocean_breadcrumbs_links_hover_color":"","ocean_display_footer_widgets":"default","ocean_display_footer_bottom":"default","ocean_custom_footer_template":""},"product_brand":[],"product_cat":[52,51,196],"product_tag":[],"class_list":{"0":"post-5252","1":"product","2":"type-product","3":"status-publish","4":"has-post-thumbnail","6":"product_cat-arquitectura-pt","7":"product_cat-livros-em-portugues-pt","8":"product_cat-pensamento","10":"entry","11":"has-media","13":"first","14":"instock","15":"sale","16":"taxable","17":"shipping-taxable","18":"purchasable","19":"product-type-simple","20":"col","21":"span_1_of_3","22":"owp-content-left","23":"owp-thumbs-layout-horizontal","24":"owp-btn-normal","25":"owp-tabs-layout-horizontal","26":"has-no-thumbnails","27":"circle-sale"},"_links":{"self":[{"href":"https:\/\/www.blaubookshop.com\/en\/wp-json\/wp\/v2\/product\/5252","targetHints":{"allow":["GET"]}}],"collection":[{"href":"https:\/\/www.blaubookshop.com\/en\/wp-json\/wp\/v2\/product"}],"about":[{"href":"https:\/\/www.blaubookshop.com\/en\/wp-json\/wp\/v2\/types\/product"}],"version-history":[{"count":1,"href":"https:\/\/www.blaubookshop.com\/en\/wp-json\/wp\/v2\/product\/5252\/revisions"}],"predecessor-version":[{"id":5332,"href":"https:\/\/www.blaubookshop.com\/en\/wp-json\/wp\/v2\/product\/5252\/revisions\/5332"}],"wp:featuredmedia":[{"embeddable":true,"href":"https:\/\/www.blaubookshop.com\/en\/wp-json\/wp\/v2\/media\/5215"}],"wp:attachment":[{"href":"https:\/\/www.blaubookshop.com\/en\/wp-json\/wp\/v2\/media?parent=5252"}],"wp:term":[{"taxonomy":"product_brand","embeddable":true,"href":"https:\/\/www.blaubookshop.com\/en\/wp-json\/wp\/v2\/product_brand?post=5252"},{"taxonomy":"product_cat","embeddable":true,"href":"https:\/\/www.blaubookshop.com\/en\/wp-json\/wp\/v2\/product_cat?post=5252"},{"taxonomy":"product_tag","embeddable":true,"href":"https:\/\/www.blaubookshop.com\/en\/wp-json\/wp\/v2\/product_tag?post=5252"}],"curies":[{"name":"wp","href":"https:\/\/api.w.org\/{rel}","templated":true}]}}