{"id":5254,"date":"2021-06-24T15:34:58","date_gmt":"2021-06-24T15:34:58","guid":{"rendered":"https:\/\/www.blaubookshop.com\/produto\/claude-nicolas-ledoux\/"},"modified":"2021-06-25T11:05:30","modified_gmt":"2021-06-25T11:05:30","slug":"claude-nicolas-ledoux","status":"publish","type":"product","link":"https:\/\/www.blaubookshop.com\/en\/product\/claude-nicolas-ledoux\/","title":{"rendered":"Claude-Nicolas Ledoux"},"content":{"rendered":"<p>Foram diferentes os caminhos percorridos no ambiente de Paris por Claude-Nicolas Ledoux e Etienne-Louis Boull\u00e9e. Vivendo e trabalhando muito pr\u00f3ximos de \u00e1reas do poder e com grande capacidade de decis\u00e3o, descobriram a sua pr\u00f3pria indisponibilidade para responder \u00e0 encomenda p\u00fablica ou privada, respeitando as limita\u00e7\u00f5es dos c\u00f3digos cl\u00e1ssicos. Tratando-se de duas personalidades muito distintas, acabaram ambos por se aproximar intelectualmente do racionalismo cr\u00edtico dos neocl\u00e1ssicos da primeira gera\u00e7\u00e3o, bem como dos seus \u00e9mulos enciclopedistas, em nome dos princ\u00edpios das vanguardas para a revolu\u00e7\u00e3o das ideias. Posicionaram-se como arautos de uma atitude art\u00edstica diferente, sem evidenciar clara consci\u00eancia revolucion\u00e1ria, mas assumindo o princ\u00edpio da liberdade individual no processo criativo.<\/p>\n<p>Ledoux manifestou desde cedo tend\u00eancia para a realiza\u00e7\u00e3o de obra inovadora, cuja caracter\u00edstica principal foi a de respeitar velhas pr\u00e1ticas art\u00edsticas, mas estabelecendo sobre elas crit\u00e9rio interpretativo e cr\u00edtico \u00e0 luz da liga\u00e7\u00e3o com o quadro de valores emergentes. Assentou saberes sobre as correntes tradicionais do Classicismo, em vers\u00e3o depurada das cargas decorativas com que a gera\u00e7\u00e3o precedente tinha envolvido os enunciados maneiristas. Foi a desconfian\u00e7a sobre a legitimidade dos dogmas, anunciada pelos arautos do racionalismo, que acabou por romper com a cren\u00e7a na divina propor\u00e7\u00e3o.<\/p>\n<p>Escritores e artistas, progressivamente libertos da tutela das academias, foram lan\u00e7ando as bases do livre arb\u00edtrio e da afirma\u00e7\u00e3o individualista. Depressa o Romantismo, nas suas m\u00faltiplas formas de afirma\u00e7\u00e3o dos valores da nova burguesia, se espalhou por todo o Ocidente e col\u00f3nias do com\u00e9rcio mar\u00edtimo, protagonizado pelos imp\u00e9rios ocidentais. O movimento rom\u00e2ntico tomou o comando da nova cultura europeia, cabendo aos intelectuais franceses formular a teoria da nova sociedade liberal.<\/p>\n<p>Ledoux desenhou a cidade ut\u00f3pica de Chaux segundo o m\u00e9todo cl\u00e1ssico da arquitectura que pressup\u00f5e a vis\u00e3o unit\u00e1ria e global das formas que integram o conjunto imaginado, como se se tratasse apenas de uma outra escala do edificado. Uma bela atitude que representa apenas um caminho imposs\u00edvel perante a realidade nascente da passagem \u00e0 Idade Contempor\u00e2nea. Se John Nash personificou na Inglaterra, sempre liberal mas inimiga de Napole\u00e3o, a alternativa pitoresca e rom\u00e2ntica para uso das vaidades do rei, Ledoux e Boull\u00e9e posicionaram-se do lado moral da utopia, para encerrar o ciclo cl\u00e1ssico da hist\u00f3ria da arquitectura na Idade Moderna.<\/p>","protected":false},"excerpt":{"rendered":"<p>Domingos Tavares<br \/>\nISBN 9789898217158<br \/>\nDafne<br \/>\nCapa mole, 140 pp, 15,0&#215;22,5 cm<br \/>\nPortuguese<br \/>\n2011<\/p>","protected":false},"featured_media":5213,"template":"","meta":{"ocean_post_layout":"","ocean_both_sidebars_style":"","ocean_both_sidebars_content_width":0,"ocean_both_sidebars_sidebars_width":0,"ocean_sidebar":"","ocean_second_sidebar":"","ocean_disable_margins":"enable","ocean_add_body_class":"","ocean_shortcode_before_top_bar":"","ocean_shortcode_after_top_bar":"","ocean_shortcode_before_header":"","ocean_shortcode_after_header":"","ocean_has_shortcode":"","ocean_shortcode_after_title":"","ocean_shortcode_before_footer_widgets":"","ocean_shortcode_after_footer_widgets":"","ocean_shortcode_before_footer_bottom":"","ocean_shortcode_after_footer_bottom":"","ocean_display_top_bar":"default","ocean_display_header":"default","ocean_header_style":"","ocean_center_header_left_menu":"","ocean_custom_header_template":"","ocean_custom_logo":0,"ocean_custom_retina_logo":0,"ocean_custom_logo_max_width":0,"ocean_custom_logo_tablet_max_width":0,"ocean_custom_logo_mobile_max_width":0,"ocean_custom_logo_max_height":0,"ocean_custom_logo_tablet_max_height":0,"ocean_custom_logo_mobile_max_height":0,"ocean_header_custom_menu":"","ocean_menu_typo_font_family":"","ocean_menu_typo_font_subset":"","ocean_menu_typo_font_size":0,"ocean_menu_typo_font_size_tablet":0,"ocean_menu_typo_font_size_mobile":0,"ocean_menu_typo_font_size_unit":"px","ocean_menu_typo_font_weight":"","ocean_menu_typo_font_weight_tablet":"","ocean_menu_typo_font_weight_mobile":"","ocean_menu_typo_transform":"","ocean_menu_typo_transform_tablet":"","ocean_menu_typo_transform_mobile":"","ocean_menu_typo_line_height":0,"ocean_menu_typo_line_height_tablet":0,"ocean_menu_typo_line_height_mobile":0,"ocean_menu_typo_line_height_unit":"","ocean_menu_typo_spacing":0,"ocean_menu_typo_spacing_tablet":0,"ocean_menu_typo_spacing_mobile":0,"ocean_menu_typo_spacing_unit":"","ocean_menu_link_color":"","ocean_menu_link_color_hover":"","ocean_menu_link_color_active":"","ocean_menu_link_background":"","ocean_menu_link_hover_background":"","ocean_menu_link_active_background":"","ocean_menu_social_links_bg":"","ocean_menu_social_hover_links_bg":"","ocean_menu_social_links_color":"","ocean_menu_social_hover_links_color":"","ocean_disable_title":"default","ocean_disable_heading":"default","ocean_post_title":"","ocean_post_subheading":"","ocean_post_title_style":"","ocean_post_title_background_color":"","ocean_post_title_background":0,"ocean_post_title_bg_image_position":"","ocean_post_title_bg_image_attachment":"","ocean_post_title_bg_image_repeat":"","ocean_post_title_bg_image_size":"","ocean_post_title_height":0,"ocean_post_title_bg_overlay":0.5,"ocean_post_title_bg_overlay_color":"","ocean_disable_breadcrumbs":"default","ocean_breadcrumbs_color":"","ocean_breadcrumbs_separator_color":"","ocean_breadcrumbs_links_color":"","ocean_breadcrumbs_links_hover_color":"","ocean_display_footer_widgets":"default","ocean_display_footer_bottom":"default","ocean_custom_footer_template":""},"product_brand":[],"product_cat":[110,52,51],"product_tag":[],"class_list":{"0":"post-5254","1":"product","2":"type-product","3":"status-publish","4":"has-post-thumbnail","6":"product_cat-arquitectos","7":"product_cat-arquitectura-pt","8":"product_cat-livros-em-portugues-pt","10":"entry","11":"has-media","13":"first","14":"instock","15":"sale","16":"taxable","17":"shipping-taxable","18":"purchasable","19":"product-type-simple","20":"col","21":"span_1_of_3","22":"owp-content-left","23":"owp-thumbs-layout-horizontal","24":"owp-btn-normal","25":"owp-tabs-layout-horizontal","26":"has-no-thumbnails","27":"circle-sale"},"_links":{"self":[{"href":"https:\/\/www.blaubookshop.com\/en\/wp-json\/wp\/v2\/product\/5254","targetHints":{"allow":["GET"]}}],"collection":[{"href":"https:\/\/www.blaubookshop.com\/en\/wp-json\/wp\/v2\/product"}],"about":[{"href":"https:\/\/www.blaubookshop.com\/en\/wp-json\/wp\/v2\/types\/product"}],"version-history":[{"count":1,"href":"https:\/\/www.blaubookshop.com\/en\/wp-json\/wp\/v2\/product\/5254\/revisions"}],"predecessor-version":[{"id":5330,"href":"https:\/\/www.blaubookshop.com\/en\/wp-json\/wp\/v2\/product\/5254\/revisions\/5330"}],"wp:featuredmedia":[{"embeddable":true,"href":"https:\/\/www.blaubookshop.com\/en\/wp-json\/wp\/v2\/media\/5213"}],"wp:attachment":[{"href":"https:\/\/www.blaubookshop.com\/en\/wp-json\/wp\/v2\/media?parent=5254"}],"wp:term":[{"taxonomy":"product_brand","embeddable":true,"href":"https:\/\/www.blaubookshop.com\/en\/wp-json\/wp\/v2\/product_brand?post=5254"},{"taxonomy":"product_cat","embeddable":true,"href":"https:\/\/www.blaubookshop.com\/en\/wp-json\/wp\/v2\/product_cat?post=5254"},{"taxonomy":"product_tag","embeddable":true,"href":"https:\/\/www.blaubookshop.com\/en\/wp-json\/wp\/v2\/product_tag?post=5254"}],"curies":[{"name":"wp","href":"https:\/\/api.w.org\/{rel}","templated":true}]}}