{"id":5258,"date":"2021-06-24T15:35:02","date_gmt":"2021-06-24T15:35:02","guid":{"rendered":"https:\/\/www.blaubookshop.com\/produto\/michelangelo\/"},"modified":"2021-06-25T11:05:23","modified_gmt":"2021-06-25T11:05:23","slug":"michelangelo","status":"publish","type":"product","link":"https:\/\/www.blaubookshop.com\/en\/product\/michelangelo\/","title":{"rendered":"Michelangelo"},"content":{"rendered":"<p>Michelangelo aprendeu a ser arquitecto quando os c\u00f3digos de compet\u00eancia e estabilidade do saber tiveram de ser rompidos para se encontrar a resposta necess\u00e1ria a cada problema concreto. Senhor de uma f\u00e9 inabal\u00e1vel e municipalista convicto, reteve os antecedentes neoplat\u00f3nicos instalados no esp\u00edrito art\u00edstico florentino, a componente de valoriza\u00e7\u00e3o do papel do homem como ser e destinat\u00e1rio da arte e o sentido eminentemente cient\u00edfico do conhecimento ao servi\u00e7o da democratiza\u00e7\u00e3o da vida na Rep\u00fablica.<\/p>\n<p>Enfrentou os novos desafios com a consci\u00eancia das suas limita\u00e7\u00f5es, mas com determina\u00e7\u00e3o para vencer as dificuldades que se apresentavam a um profissional cuja forma\u00e7\u00e3o tinha origem noutras \u00e1reas das artes pl\u00e1sticas. \u00c9 verdade que a elevada compet\u00eancia em desenho acompanhou uma larga cultura human\u00edstica na sua fase de forma\u00e7\u00e3o como pintor, primeiro, e principalmente como escultor. Mas, na \u00e9poca em que, j\u00e1 homem feito, se viu envolvido nas tarefas de edificar, n\u00e3o estavam ainda clarificados os mecanismos do projecto arquitect\u00f3nico, e Michelangelo sentia-se algo ignorante em muitos aspectos t\u00e9cnicos fundamentais para um efectivo controlo dos sinais a conferir \u00e0 produ\u00e7\u00e3o do espa\u00e7o real. Pensar sobre o objecto e destino da arte, e aplicar essas no\u00e7\u00f5es ao exerc\u00edcio da arquitectura, revelava a complexidade do trabalho colectivo, mal articulado com a sua tend\u00eancia de artista de produ\u00e7\u00e3o individual.<\/p>\n<p>Procuram-se os passos do artista criador, abrindo o espec\u00edfico campo da arquitectura como actividade intelectual consciente e cr\u00edtica, ao lado da poesia, porque \u00e9 a esse n\u00edvel que se colocam as quest\u00f5es principais da forma\u00e7\u00e3o dos arquitectos. De facto, a grande crise econ\u00f3mica e pol\u00edtica que se abateu sobre as rep\u00fablicas urbanas do espa\u00e7o italiano na transi\u00e7\u00e3o para o s\u00e9culo XVI fez desmoronar todo o edif\u00edcio social em que assentavam as teorias da arte. Particularmente p\u00f4s em causa a cren\u00e7a na autoridade espiritual dos pont\u00edfices de Roma, e com ela a ideia da autoridade absoluta dos enunciados sobre a cria\u00e7\u00e3o da beleza. Produziu uma tal perturba\u00e7\u00e3o em todas as formas de express\u00e3o art\u00edstica, que todo o sistema de regras e valores adquiridos ao longo do primeiro Renascimento passou a constituir um mundo de d\u00favidas e perplexidades. Em Michelangelo, as ambiguidades de valor pl\u00e1stico, insistentemente presentes nas op\u00e7\u00f5es de forma, bem como a livre interpreta\u00e7\u00e3o dos modelos extra\u00eddos do vocabul\u00e1rio cl\u00e1ssico s\u00e3o tentativas de construir uma sintaxe coerente com as novas condi\u00e7\u00f5es do entendimento da arte. O artista investiu todas as suas capacidades e energias na procura constante de garantir a perfei\u00e7\u00e3o e o equil\u00edbrio, tendo consci\u00eancia de que para isso teria de reinventar todos os dias, para todas as situa\u00e7\u00f5es, uma outra ordem de fazer.<\/p>\n<p>Colabora\u00e7\u00e3o de Gabriele Basilico<\/p>","protected":false},"excerpt":{"rendered":"<p>Domingos Tavares<br \/>\nISBN 9789898217202<br \/>\nDafne<br \/>\nCapa mole, 144 pp, 15,0&#215;22,5 cm<br \/>\nPortuguese<br \/>\n2012<\/p>","protected":false},"featured_media":5209,"template":"","meta":{"ocean_post_layout":"","ocean_both_sidebars_style":"","ocean_both_sidebars_content_width":0,"ocean_both_sidebars_sidebars_width":0,"ocean_sidebar":"","ocean_second_sidebar":"","ocean_disable_margins":"enable","ocean_add_body_class":"","ocean_shortcode_before_top_bar":"","ocean_shortcode_after_top_bar":"","ocean_shortcode_before_header":"","ocean_shortcode_after_header":"","ocean_has_shortcode":"","ocean_shortcode_after_title":"","ocean_shortcode_before_footer_widgets":"","ocean_shortcode_after_footer_widgets":"","ocean_shortcode_before_footer_bottom":"","ocean_shortcode_after_footer_bottom":"","ocean_display_top_bar":"default","ocean_display_header":"default","ocean_header_style":"","ocean_center_header_left_menu":"","ocean_custom_header_template":"","ocean_custom_logo":0,"ocean_custom_retina_logo":0,"ocean_custom_logo_max_width":0,"ocean_custom_logo_tablet_max_width":0,"ocean_custom_logo_mobile_max_width":0,"ocean_custom_logo_max_height":0,"ocean_custom_logo_tablet_max_height":0,"ocean_custom_logo_mobile_max_height":0,"ocean_header_custom_menu":"","ocean_menu_typo_font_family":"","ocean_menu_typo_font_subset":"","ocean_menu_typo_font_size":0,"ocean_menu_typo_font_size_tablet":0,"ocean_menu_typo_font_size_mobile":0,"ocean_menu_typo_font_size_unit":"px","ocean_menu_typo_font_weight":"","ocean_menu_typo_font_weight_tablet":"","ocean_menu_typo_font_weight_mobile":"","ocean_menu_typo_transform":"","ocean_menu_typo_transform_tablet":"","ocean_menu_typo_transform_mobile":"","ocean_menu_typo_line_height":0,"ocean_menu_typo_line_height_tablet":0,"ocean_menu_typo_line_height_mobile":0,"ocean_menu_typo_line_height_unit":"","ocean_menu_typo_spacing":0,"ocean_menu_typo_spacing_tablet":0,"ocean_menu_typo_spacing_mobile":0,"ocean_menu_typo_spacing_unit":"","ocean_menu_link_color":"","ocean_menu_link_color_hover":"","ocean_menu_link_color_active":"","ocean_menu_link_background":"","ocean_menu_link_hover_background":"","ocean_menu_link_active_background":"","ocean_menu_social_links_bg":"","ocean_menu_social_hover_links_bg":"","ocean_menu_social_links_color":"","ocean_menu_social_hover_links_color":"","ocean_disable_title":"default","ocean_disable_heading":"default","ocean_post_title":"","ocean_post_subheading":"","ocean_post_title_style":"","ocean_post_title_background_color":"","ocean_post_title_background":0,"ocean_post_title_bg_image_position":"","ocean_post_title_bg_image_attachment":"","ocean_post_title_bg_image_repeat":"","ocean_post_title_bg_image_size":"","ocean_post_title_height":0,"ocean_post_title_bg_overlay":0.5,"ocean_post_title_bg_overlay_color":"","ocean_disable_breadcrumbs":"default","ocean_breadcrumbs_color":"","ocean_breadcrumbs_separator_color":"","ocean_breadcrumbs_links_color":"","ocean_breadcrumbs_links_hover_color":"","ocean_display_footer_widgets":"default","ocean_display_footer_bottom":"default","ocean_custom_footer_template":""},"product_brand":[],"product_cat":[110,52,51],"product_tag":[],"class_list":{"0":"post-5258","1":"product","2":"type-product","3":"status-publish","4":"has-post-thumbnail","6":"product_cat-arquitectos","7":"product_cat-arquitectura-pt","8":"product_cat-livros-em-portugues-pt","10":"entry","11":"has-media","13":"first","14":"instock","15":"sale","16":"taxable","17":"shipping-taxable","18":"purchasable","19":"product-type-simple","20":"col","21":"span_1_of_3","22":"owp-content-left","23":"owp-thumbs-layout-horizontal","24":"owp-btn-normal","25":"owp-tabs-layout-horizontal","26":"has-no-thumbnails","27":"circle-sale"},"_links":{"self":[{"href":"https:\/\/www.blaubookshop.com\/en\/wp-json\/wp\/v2\/product\/5258","targetHints":{"allow":["GET"]}}],"collection":[{"href":"https:\/\/www.blaubookshop.com\/en\/wp-json\/wp\/v2\/product"}],"about":[{"href":"https:\/\/www.blaubookshop.com\/en\/wp-json\/wp\/v2\/types\/product"}],"version-history":[{"count":1,"href":"https:\/\/www.blaubookshop.com\/en\/wp-json\/wp\/v2\/product\/5258\/revisions"}],"predecessor-version":[{"id":5326,"href":"https:\/\/www.blaubookshop.com\/en\/wp-json\/wp\/v2\/product\/5258\/revisions\/5326"}],"wp:featuredmedia":[{"embeddable":true,"href":"https:\/\/www.blaubookshop.com\/en\/wp-json\/wp\/v2\/media\/5209"}],"wp:attachment":[{"href":"https:\/\/www.blaubookshop.com\/en\/wp-json\/wp\/v2\/media?parent=5258"}],"wp:term":[{"taxonomy":"product_brand","embeddable":true,"href":"https:\/\/www.blaubookshop.com\/en\/wp-json\/wp\/v2\/product_brand?post=5258"},{"taxonomy":"product_cat","embeddable":true,"href":"https:\/\/www.blaubookshop.com\/en\/wp-json\/wp\/v2\/product_cat?post=5258"},{"taxonomy":"product_tag","embeddable":true,"href":"https:\/\/www.blaubookshop.com\/en\/wp-json\/wp\/v2\/product_tag?post=5258"}],"curies":[{"name":"wp","href":"https:\/\/api.w.org\/{rel}","templated":true}]}}