{"id":5259,"date":"2021-06-24T15:35:05","date_gmt":"2021-06-24T15:35:05","guid":{"rendered":"https:\/\/www.blaubookshop.com\/produto\/giulio-romano\/"},"modified":"2021-06-25T11:05:22","modified_gmt":"2021-06-25T11:05:22","slug":"giulio-romano","status":"publish","type":"product","link":"https:\/\/www.blaubookshop.com\/en\/product\/giulio-romano\/","title":{"rendered":"Giulio Romano"},"content":{"rendered":"<p>A obra arquitect\u00f3nica do pintor Giulio Romano transporta desde o in\u00edcio os sinais de conflito ideol\u00f3gico e marca a mudan\u00e7a para uma linguagem sem respeito e sem regras. Como acreditar nas verdades defendidas pelos condutores dos neg\u00f3cios da f\u00e9, quando aqueles eram dados \u00e0 exibi\u00e7\u00e3o do luxo, que n\u00e3o escondia a lux\u00faria, habituados \u00e0 intriga no ambiente corrupto das pr\u00e1ticas de todos os com\u00e9rcios? Esse tempo de crise originou tend\u00eancias antag\u00f3nicas no mundo das artes e um sentimento generalizado de inquieta\u00e7\u00e3o.<\/p>\n<p>Contradi\u00e7\u00f5es internas sa\u00eddas do individualismo, no modo de encarar a d\u00favida, explicam o eclectismo e a diversidade de maneiras para enfrentar os caminhos da produ\u00e7\u00e3o art\u00edstica. A transgress\u00e3o premeditada de regras cl\u00e1ssicas, como a simetria, organiza\u00e7\u00e3o persp\u00e9ctica, proporcionalidade e sequ\u00eancias, passou a constituir programa pessoal de cada pintor ou arquitecto, prevalecendo a ambiguidade, o arbitr\u00e1rio e o gosto pela afirma\u00e7\u00e3o do profano contra o sagrado, do erotismo contra o discurso da moral p\u00fablica.<\/p>\n<p>Se as primeiras obras de Roma realizadas por Giulio Romano revelam j\u00e1 ind\u00edcios da descren\u00e7a nos enunciados formais do modo antigo, foi na produ\u00e7\u00e3o para o duque de M\u00e2ntua que melhor se exprimiu o seu g\u00e9nio irreverente, com recurso \u00e0 transgress\u00e3o sistem\u00e1tica dos c\u00f3digos de receitas cl\u00e1ssicas. Amante do desenho er\u00f3tico, pintor de fantasias mitol\u00f3gicas em perspectivas dos mais estranhos \u00e2ngulos, aplicou na concep\u00e7\u00e3o de pal\u00e1cios todas as artimanhas do fingimento, para iludir o sentido normal dos usos e ridicularizar a nobreza das formas constru\u00eddas. O falso aparelho almofadado romano, porque executado em barro em vez de pedra, transformou-se em cicl\u00f3pico. Taparam-se arcos e v\u00e3os, negando-lhes o sentido de passagem. Enrolaram-se as colunas, suspensas das paredes que deviam justificar. O c\u00f3digo das receitas cl\u00e1ssicas funcionou apenas como garantia do efeito transformador, refer\u00eancia para a compreens\u00e3o dos erros. N\u00e3o se pode considerar que o recuperado tratado de Vitr\u00favio constitu\u00edsse um c\u00f3digo de linguagem arquitect\u00f3nica assente num conjunto coerente de regras. Mas a vontade de acreditar na exist\u00eancia de um sistema organizado de saberes levou alguns intelectuais a acreditar que aquele testemunho do arquitecto de C\u00e9sar abria caminho at\u00e9 \u00e0 divina perfei\u00e7\u00e3o. O texto de Vitr\u00favio, mais precoce que o Imp\u00e9rio Romano organizado, n\u00e3o tinha uma t\u00e3o grande ambi\u00e7\u00e3o. Os primeiros humanistas dedicaram-se a procurar e a interpretar quantos poss\u00edveis escritos e documentos pudessem existir, e at\u00e9 a reescrev\u00ea-los, para divulgar as suas reflex\u00f5es filos\u00f3ficas e cient\u00edficas.<\/p>","protected":false},"excerpt":{"rendered":"<p>Domingos Tavares<br \/>\nISBN 9789898217219<br \/>\nDafne<br \/>\nCapa mole, 128 pp, 15,0&#215;22,5 cm<br \/>\nPortuguese<br \/>\n2012<\/p>","protected":false},"featured_media":5208,"template":"","meta":{"ocean_post_layout":"","ocean_both_sidebars_style":"","ocean_both_sidebars_content_width":0,"ocean_both_sidebars_sidebars_width":0,"ocean_sidebar":"","ocean_second_sidebar":"","ocean_disable_margins":"enable","ocean_add_body_class":"","ocean_shortcode_before_top_bar":"","ocean_shortcode_after_top_bar":"","ocean_shortcode_before_header":"","ocean_shortcode_after_header":"","ocean_has_shortcode":"","ocean_shortcode_after_title":"","ocean_shortcode_before_footer_widgets":"","ocean_shortcode_after_footer_widgets":"","ocean_shortcode_before_footer_bottom":"","ocean_shortcode_after_footer_bottom":"","ocean_display_top_bar":"default","ocean_display_header":"default","ocean_header_style":"","ocean_center_header_left_menu":"","ocean_custom_header_template":"","ocean_custom_logo":0,"ocean_custom_retina_logo":0,"ocean_custom_logo_max_width":0,"ocean_custom_logo_tablet_max_width":0,"ocean_custom_logo_mobile_max_width":0,"ocean_custom_logo_max_height":0,"ocean_custom_logo_tablet_max_height":0,"ocean_custom_logo_mobile_max_height":0,"ocean_header_custom_menu":"","ocean_menu_typo_font_family":"","ocean_menu_typo_font_subset":"","ocean_menu_typo_font_size":0,"ocean_menu_typo_font_size_tablet":0,"ocean_menu_typo_font_size_mobile":0,"ocean_menu_typo_font_size_unit":"px","ocean_menu_typo_font_weight":"","ocean_menu_typo_font_weight_tablet":"","ocean_menu_typo_font_weight_mobile":"","ocean_menu_typo_transform":"","ocean_menu_typo_transform_tablet":"","ocean_menu_typo_transform_mobile":"","ocean_menu_typo_line_height":0,"ocean_menu_typo_line_height_tablet":0,"ocean_menu_typo_line_height_mobile":0,"ocean_menu_typo_line_height_unit":"","ocean_menu_typo_spacing":0,"ocean_menu_typo_spacing_tablet":0,"ocean_menu_typo_spacing_mobile":0,"ocean_menu_typo_spacing_unit":"","ocean_menu_link_color":"","ocean_menu_link_color_hover":"","ocean_menu_link_color_active":"","ocean_menu_link_background":"","ocean_menu_link_hover_background":"","ocean_menu_link_active_background":"","ocean_menu_social_links_bg":"","ocean_menu_social_hover_links_bg":"","ocean_menu_social_links_color":"","ocean_menu_social_hover_links_color":"","ocean_disable_title":"default","ocean_disable_heading":"default","ocean_post_title":"","ocean_post_subheading":"","ocean_post_title_style":"","ocean_post_title_background_color":"","ocean_post_title_background":0,"ocean_post_title_bg_image_position":"","ocean_post_title_bg_image_attachment":"","ocean_post_title_bg_image_repeat":"","ocean_post_title_bg_image_size":"","ocean_post_title_height":0,"ocean_post_title_bg_overlay":0.5,"ocean_post_title_bg_overlay_color":"","ocean_disable_breadcrumbs":"default","ocean_breadcrumbs_color":"","ocean_breadcrumbs_separator_color":"","ocean_breadcrumbs_links_color":"","ocean_breadcrumbs_links_hover_color":"","ocean_display_footer_widgets":"default","ocean_display_footer_bottom":"default","ocean_custom_footer_template":""},"product_brand":[],"product_cat":[110,52,51],"product_tag":[],"class_list":{"0":"post-5259","1":"product","2":"type-product","3":"status-publish","4":"has-post-thumbnail","6":"product_cat-arquitectos","7":"product_cat-arquitectura-pt","8":"product_cat-livros-em-portugues-pt","10":"entry","11":"has-media","13":"first","14":"instock","15":"sale","16":"taxable","17":"shipping-taxable","18":"purchasable","19":"product-type-simple","20":"col","21":"span_1_of_3","22":"owp-content-left","23":"owp-thumbs-layout-horizontal","24":"owp-btn-normal","25":"owp-tabs-layout-horizontal","26":"has-no-thumbnails","27":"circle-sale"},"_links":{"self":[{"href":"https:\/\/www.blaubookshop.com\/en\/wp-json\/wp\/v2\/product\/5259","targetHints":{"allow":["GET"]}}],"collection":[{"href":"https:\/\/www.blaubookshop.com\/en\/wp-json\/wp\/v2\/product"}],"about":[{"href":"https:\/\/www.blaubookshop.com\/en\/wp-json\/wp\/v2\/types\/product"}],"version-history":[{"count":1,"href":"https:\/\/www.blaubookshop.com\/en\/wp-json\/wp\/v2\/product\/5259\/revisions"}],"predecessor-version":[{"id":5325,"href":"https:\/\/www.blaubookshop.com\/en\/wp-json\/wp\/v2\/product\/5259\/revisions\/5325"}],"wp:featuredmedia":[{"embeddable":true,"href":"https:\/\/www.blaubookshop.com\/en\/wp-json\/wp\/v2\/media\/5208"}],"wp:attachment":[{"href":"https:\/\/www.blaubookshop.com\/en\/wp-json\/wp\/v2\/media?parent=5259"}],"wp:term":[{"taxonomy":"product_brand","embeddable":true,"href":"https:\/\/www.blaubookshop.com\/en\/wp-json\/wp\/v2\/product_brand?post=5259"},{"taxonomy":"product_cat","embeddable":true,"href":"https:\/\/www.blaubookshop.com\/en\/wp-json\/wp\/v2\/product_cat?post=5259"},{"taxonomy":"product_tag","embeddable":true,"href":"https:\/\/www.blaubookshop.com\/en\/wp-json\/wp\/v2\/product_tag?post=5259"}],"curies":[{"name":"wp","href":"https:\/\/api.w.org\/{rel}","templated":true}]}}