{"id":5263,"date":"2021-06-24T15:35:09","date_gmt":"2021-06-24T15:35:09","guid":{"rendered":"https:\/\/www.blaubookshop.com\/produto\/arquitetura-e-vida\/"},"modified":"2021-06-25T11:05:18","modified_gmt":"2021-06-25T11:05:18","slug":"arquitetura-e-vida","status":"publish","type":"product","link":"https:\/\/www.blaubookshop.com\/en\/product\/arquitetura-e-vida\/","title":{"rendered":"Arquitetura \u00e9 Vida"},"content":{"rendered":"<p>Este livro procura revelar as qualidades que unem arquitectura e vida. Destaca um conjunto de projectos e edif\u00edcios, situados em v\u00e1rias geografias e culturas, que deram um contributo significativo para a compreens\u00e3o dos nossos valores e para a vida quotidiana dos seus utilizadores.<\/p>\n<p>Os projectos \u2013 seleccionados e galardoados no 12.\u00ba ciclo do Pr\u00e9mio Aga Khan para a Arquitetura \u2013 referem-se a v\u00e1rias escalas e fun\u00e7\u00f5es, de residenciais a institucionais, do espa\u00e7o p\u00fablico \u00e0 infra-estrutura. O ethos destes projectos coincide com o do pr\u00e9mio: todos enfatizam a relev\u00e2ncia do desenho como uma componente indispens\u00e1vel da transforma\u00e7\u00e3o social. O amplo contexto da pr\u00e1tica contempor\u00e2nea da arquitectura, com \u00eanfase nas geografias e comunidades isl\u00e2micas, \u00e9 debatido em ensaios de arquitectos e acad\u00e9micos internacionalmente reconhecidos.<\/p>\n<p>Al\u00e9m dos vinte projectos, o livro cont\u00e9m textos e ensaios de Farrokh Derakhshani, Mohsen Mostafavi, Mahmood Mamdani, David Adjaye, Toshiko Mori, Wang Shu, Shahzia Sikander, Omar Abdulaziz Hallaj, Hanif Kara, Michel Desvigne, Hashim Sarkis, Han T\u00fcmertekin, Murat Tabanl\u0131o\u01e7lu, Mohammad al-Asad e Homi K. Bhabha.<\/p>","protected":false},"excerpt":{"rendered":"<p>Mohsen Mostafavi<br \/>\nISBN 9789898217264<br \/>\nDafne<br \/>\nCapa dura, 352 pp, 17,0&#215;24,5 cm<br \/>\nPortuguese<br \/>\n2013<\/p>","protected":false},"featured_media":5204,"template":"","meta":{"ocean_post_layout":"","ocean_both_sidebars_style":"","ocean_both_sidebars_content_width":0,"ocean_both_sidebars_sidebars_width":0,"ocean_sidebar":"","ocean_second_sidebar":"","ocean_disable_margins":"enable","ocean_add_body_class":"","ocean_shortcode_before_top_bar":"","ocean_shortcode_after_top_bar":"","ocean_shortcode_before_header":"","ocean_shortcode_after_header":"","ocean_has_shortcode":"","ocean_shortcode_after_title":"","ocean_shortcode_before_footer_widgets":"","ocean_shortcode_after_footer_widgets":"","ocean_shortcode_before_footer_bottom":"","ocean_shortcode_after_footer_bottom":"","ocean_display_top_bar":"default","ocean_display_header":"default","ocean_header_style":"","ocean_center_header_left_menu":"","ocean_custom_header_template":"","ocean_custom_logo":0,"ocean_custom_retina_logo":0,"ocean_custom_logo_max_width":0,"ocean_custom_logo_tablet_max_width":0,"ocean_custom_logo_mobile_max_width":0,"ocean_custom_logo_max_height":0,"ocean_custom_logo_tablet_max_height":0,"ocean_custom_logo_mobile_max_height":0,"ocean_header_custom_menu":"","ocean_menu_typo_font_family":"","ocean_menu_typo_font_subset":"","ocean_menu_typo_font_size":0,"ocean_menu_typo_font_size_tablet":0,"ocean_menu_typo_font_size_mobile":0,"ocean_menu_typo_font_size_unit":"px","ocean_menu_typo_font_weight":"","ocean_menu_typo_font_weight_tablet":"","ocean_menu_typo_font_weight_mobile":"","ocean_menu_typo_transform":"","ocean_menu_typo_transform_tablet":"","ocean_menu_typo_transform_mobile":"","ocean_menu_typo_line_height":0,"ocean_menu_typo_line_height_tablet":0,"ocean_menu_typo_line_height_mobile":0,"ocean_menu_typo_line_height_unit":"","ocean_menu_typo_spacing":0,"ocean_menu_typo_spacing_tablet":0,"ocean_menu_typo_spacing_mobile":0,"ocean_menu_typo_spacing_unit":"","ocean_menu_link_color":"","ocean_menu_link_color_hover":"","ocean_menu_link_color_active":"","ocean_menu_link_background":"","ocean_menu_link_hover_background":"","ocean_menu_link_active_background":"","ocean_menu_social_links_bg":"","ocean_menu_social_hover_links_bg":"","ocean_menu_social_links_color":"","ocean_menu_social_hover_links_color":"","ocean_disable_title":"default","ocean_disable_heading":"default","ocean_post_title":"","ocean_post_subheading":"","ocean_post_title_style":"","ocean_post_title_background_color":"","ocean_post_title_background":0,"ocean_post_title_bg_image_position":"","ocean_post_title_bg_image_attachment":"","ocean_post_title_bg_image_repeat":"","ocean_post_title_bg_image_size":"","ocean_post_title_height":0,"ocean_post_title_bg_overlay":0.5,"ocean_post_title_bg_overlay_color":"","ocean_disable_breadcrumbs":"default","ocean_breadcrumbs_color":"","ocean_breadcrumbs_separator_color":"","ocean_breadcrumbs_links_color":"","ocean_breadcrumbs_links_hover_color":"","ocean_display_footer_widgets":"default","ocean_display_footer_bottom":"default","ocean_custom_footer_template":""},"product_brand":[],"product_cat":[52,199,51],"product_tag":[],"class_list":{"0":"post-5263","1":"product","2":"type-product","3":"status-publish","4":"has-post-thumbnail","6":"product_cat-arquitectura-pt","7":"product_cat-colectaneas","8":"product_cat-livros-em-portugues-pt","10":"entry","11":"has-media","13":"first","14":"instock","15":"sale","16":"taxable","17":"shipping-taxable","18":"purchasable","19":"product-type-simple","20":"col","21":"span_1_of_3","22":"owp-content-left","23":"owp-thumbs-layout-horizontal","24":"owp-btn-normal","25":"owp-tabs-layout-horizontal","26":"has-no-thumbnails","27":"circle-sale"},"_links":{"self":[{"href":"https:\/\/www.blaubookshop.com\/en\/wp-json\/wp\/v2\/product\/5263","targetHints":{"allow":["GET"]}}],"collection":[{"href":"https:\/\/www.blaubookshop.com\/en\/wp-json\/wp\/v2\/product"}],"about":[{"href":"https:\/\/www.blaubookshop.com\/en\/wp-json\/wp\/v2\/types\/product"}],"version-history":[{"count":1,"href":"https:\/\/www.blaubookshop.com\/en\/wp-json\/wp\/v2\/product\/5263\/revisions"}],"predecessor-version":[{"id":5321,"href":"https:\/\/www.blaubookshop.com\/en\/wp-json\/wp\/v2\/product\/5263\/revisions\/5321"}],"wp:featuredmedia":[{"embeddable":true,"href":"https:\/\/www.blaubookshop.com\/en\/wp-json\/wp\/v2\/media\/5204"}],"wp:attachment":[{"href":"https:\/\/www.blaubookshop.com\/en\/wp-json\/wp\/v2\/media?parent=5263"}],"wp:term":[{"taxonomy":"product_brand","embeddable":true,"href":"https:\/\/www.blaubookshop.com\/en\/wp-json\/wp\/v2\/product_brand?post=5263"},{"taxonomy":"product_cat","embeddable":true,"href":"https:\/\/www.blaubookshop.com\/en\/wp-json\/wp\/v2\/product_cat?post=5263"},{"taxonomy":"product_tag","embeddable":true,"href":"https:\/\/www.blaubookshop.com\/en\/wp-json\/wp\/v2\/product_tag?post=5263"}],"curies":[{"name":"wp","href":"https:\/\/api.w.org\/{rel}","templated":true}]}}