{"id":5265,"date":"2021-06-24T15:35:10","date_gmt":"2021-06-24T15:35:10","guid":{"rendered":"https:\/\/www.blaubookshop.com\/produto\/casas-de-brasileiro\/"},"modified":"2023-09-30T15:08:23","modified_gmt":"2023-09-30T15:08:23","slug":"casas-de-brasileiro","status":"publish","type":"product","link":"https:\/\/www.blaubookshop.com\/en\/product\/casas-de-brasileiro\/","title":{"rendered":"Casas de Brasileiro"},"content":{"rendered":"<p>A participa\u00e7\u00e3o dos \u00abtorna-viagem\u00bb na forma\u00e7\u00e3o da vanguarda art\u00edstica portuguesa \u2013 a que se convencionou chamar futurista ou modernista \u2013 n\u00e3o \u00e9 evidente. Mas estes novos-ricos dos alvores do s\u00e9culo XX sempre tiveram grande disponibilidade para a ruptura, aceitando a importa\u00e7\u00e3o do internacional como factor diferenciador e testemunha de sucesso na representa\u00e7\u00e3o do seu regresso \u00e0 terra natal. Nas \u00abcasas de brasileiro\u00bb que constru\u00edram \u2013 n\u00e3o s\u00f3 nas principais cidades e vilas, mas tamb\u00e9m nas pequenas povoa\u00e7\u00f5es do espa\u00e7o rural \u2013 adoptaram solu\u00e7\u00f5es inovadoras e requintadas. Muitas vezes, estas obras resultaram da interven\u00e7\u00e3o de projectistas escolhidos pelo seu prest\u00edgio como construtores, ou de artistas capazes de responder \u00e0s exig\u00eancias de modernidade destes propriet\u00e1rios enriquecidos, conhecedores do conforto oferecido pelo mundo em transforma\u00e7\u00e3o.<\/p>\n<p>Este livro trata destas casas que, dispersas no territ\u00f3rio, se tornaram marcas da variante moderna do romantismo europeu na produ\u00e7\u00e3o arquitect\u00f3nica. Em Portugal, suportadas pelos excedentes de dinheiro vindo do Brasil ou de \u00c1frica (e raramente da Am\u00e9rica do Norte) e promovidas por clientes dispon\u00edveis e colaborativos, constitu\u00edram oportunidades imensas de trabalho para os arquitectos. A narrativa hist\u00f3rica da arquitectura portuguesa nos alvores da modernidade tamb\u00e9m ter\u00e1 de ser feita para al\u00e9m das grandes cidades, num territ\u00f3rio onde a casa do \u00abtorna-viagem\u00bb \u00e9 um elemento fundamental.<\/p>","protected":false},"excerpt":{"rendered":"<p>Domingos Tavares<br \/>\nISBN 9789898217318<br \/>\nDafne<br \/>\nCapa mole, 204 pp, 15,0&#215;22,5 cm<br \/>\nPortuguese<br \/>\n2015<\/p>","protected":false},"featured_media":5202,"template":"","meta":{"ocean_post_layout":"","ocean_both_sidebars_style":"","ocean_both_sidebars_content_width":0,"ocean_both_sidebars_sidebars_width":0,"ocean_sidebar":"","ocean_second_sidebar":"","ocean_disable_margins":"enable","ocean_add_body_class":"","ocean_shortcode_before_top_bar":"","ocean_shortcode_after_top_bar":"","ocean_shortcode_before_header":"","ocean_shortcode_after_header":"","ocean_has_shortcode":"","ocean_shortcode_after_title":"","ocean_shortcode_before_footer_widgets":"","ocean_shortcode_after_footer_widgets":"","ocean_shortcode_before_footer_bottom":"","ocean_shortcode_after_footer_bottom":"","ocean_display_top_bar":"default","ocean_display_header":"default","ocean_header_style":"","ocean_center_header_left_menu":"","ocean_custom_header_template":"","ocean_custom_logo":0,"ocean_custom_retina_logo":0,"ocean_custom_logo_max_width":0,"ocean_custom_logo_tablet_max_width":0,"ocean_custom_logo_mobile_max_width":0,"ocean_custom_logo_max_height":0,"ocean_custom_logo_tablet_max_height":0,"ocean_custom_logo_mobile_max_height":0,"ocean_header_custom_menu":"","ocean_menu_typo_font_family":"","ocean_menu_typo_font_subset":"","ocean_menu_typo_font_size":0,"ocean_menu_typo_font_size_tablet":0,"ocean_menu_typo_font_size_mobile":0,"ocean_menu_typo_font_size_unit":"px","ocean_menu_typo_font_weight":"","ocean_menu_typo_font_weight_tablet":"","ocean_menu_typo_font_weight_mobile":"","ocean_menu_typo_transform":"","ocean_menu_typo_transform_tablet":"","ocean_menu_typo_transform_mobile":"","ocean_menu_typo_line_height":0,"ocean_menu_typo_line_height_tablet":0,"ocean_menu_typo_line_height_mobile":0,"ocean_menu_typo_line_height_unit":"","ocean_menu_typo_spacing":0,"ocean_menu_typo_spacing_tablet":0,"ocean_menu_typo_spacing_mobile":0,"ocean_menu_typo_spacing_unit":"","ocean_menu_link_color":"","ocean_menu_link_color_hover":"","ocean_menu_link_color_active":"","ocean_menu_link_background":"","ocean_menu_link_hover_background":"","ocean_menu_link_active_background":"","ocean_menu_social_links_bg":"","ocean_menu_social_hover_links_bg":"","ocean_menu_social_links_color":"","ocean_menu_social_hover_links_color":"","ocean_disable_title":"default","ocean_disable_heading":"default","ocean_post_title":"","ocean_post_subheading":"","ocean_post_title_style":"","ocean_post_title_background_color":"","ocean_post_title_background":0,"ocean_post_title_bg_image_position":"","ocean_post_title_bg_image_attachment":"","ocean_post_title_bg_image_repeat":"","ocean_post_title_bg_image_size":"","ocean_post_title_height":0,"ocean_post_title_bg_overlay":0.5,"ocean_post_title_bg_overlay_color":"","ocean_disable_breadcrumbs":"default","ocean_breadcrumbs_color":"","ocean_breadcrumbs_separator_color":"","ocean_breadcrumbs_links_color":"","ocean_breadcrumbs_links_hover_color":"","ocean_display_footer_widgets":"default","ocean_display_footer_bottom":"default","ocean_custom_footer_template":""},"product_brand":[],"product_cat":[52,194,51],"product_tag":[],"class_list":{"0":"post-5265","1":"product","2":"type-product","3":"status-publish","4":"has-post-thumbnail","6":"product_cat-arquitectura-pt","7":"product_cat-historia","8":"product_cat-livros-em-portugues-pt","10":"entry","11":"has-media","13":"first","14":"instock","15":"sale","16":"taxable","17":"shipping-taxable","18":"purchasable","19":"product-type-simple","20":"col","21":"span_1_of_3","22":"owp-content-left","23":"owp-thumbs-layout-horizontal","24":"owp-btn-normal","25":"owp-tabs-layout-horizontal","26":"has-no-thumbnails","27":"circle-sale"},"_links":{"self":[{"href":"https:\/\/www.blaubookshop.com\/en\/wp-json\/wp\/v2\/product\/5265","targetHints":{"allow":["GET"]}}],"collection":[{"href":"https:\/\/www.blaubookshop.com\/en\/wp-json\/wp\/v2\/product"}],"about":[{"href":"https:\/\/www.blaubookshop.com\/en\/wp-json\/wp\/v2\/types\/product"}],"version-history":[{"count":1,"href":"https:\/\/www.blaubookshop.com\/en\/wp-json\/wp\/v2\/product\/5265\/revisions"}],"predecessor-version":[{"id":5319,"href":"https:\/\/www.blaubookshop.com\/en\/wp-json\/wp\/v2\/product\/5265\/revisions\/5319"}],"wp:featuredmedia":[{"embeddable":true,"href":"https:\/\/www.blaubookshop.com\/en\/wp-json\/wp\/v2\/media\/5202"}],"wp:attachment":[{"href":"https:\/\/www.blaubookshop.com\/en\/wp-json\/wp\/v2\/media?parent=5265"}],"wp:term":[{"taxonomy":"product_brand","embeddable":true,"href":"https:\/\/www.blaubookshop.com\/en\/wp-json\/wp\/v2\/product_brand?post=5265"},{"taxonomy":"product_cat","embeddable":true,"href":"https:\/\/www.blaubookshop.com\/en\/wp-json\/wp\/v2\/product_cat?post=5265"},{"taxonomy":"product_tag","embeddable":true,"href":"https:\/\/www.blaubookshop.com\/en\/wp-json\/wp\/v2\/product_tag?post=5265"}],"curies":[{"name":"wp","href":"https:\/\/api.w.org\/{rel}","templated":true}]}}