{"id":5271,"date":"2021-06-24T15:35:14","date_gmt":"2021-06-24T15:35:14","guid":{"rendered":"https:\/\/www.blaubookshop.com\/produto\/antonio-correia-da-silva\/"},"modified":"2021-06-25T11:05:09","modified_gmt":"2021-06-25T11:05:09","slug":"antonio-correia-da-silva","status":"publish","type":"product","link":"https:\/\/www.blaubookshop.com\/en\/product\/antonio-correia-da-silva\/","title":{"rendered":"Ant\u00f3nio Correia da Silva"},"content":{"rendered":"<p>Homem discreto, de comportamento sereno e seguras convic\u00e7\u00f5es, Ant\u00f3nio Correia da Silva foi um t\u00edpico portuense, criador de algumas arquitecturas emblem\u00e1ticas da cidade. A sua ac\u00e7\u00e3o profissional nunca ter\u00e1 sido devidamente valorizada. Como excep\u00e7\u00e3o, ningu\u00e9m contesta o significado da afirma\u00e7\u00e3o municipalista do edif\u00edcio dos Pa\u00e7os do Concelho, no remate da Avenida dos Aliados, ou a import\u00e2ncia do Mercado do Bolh\u00e3o como dinamizador da vida c\u00edvica promovida pela burguesia liberal da Primeira Rep\u00fablica. O discurso cr\u00edtico acerca dos seus trabalhos sempre revelou alguma desconfian\u00e7a relativamente aos pressupostos program\u00e1ticos daquelas arquitecturas, esquecendo a coer\u00eancia conceptual que lhes esteve na origem. E quanto a outros trabalhos menos centrais, como o Matadouro de S\u00e3o Roque da Lameira ou a garagem dos Bombeiros Municipais da Foz do Douro, t\u00eam sido esquecidos enquanto marca de uma \u00e9poca, express\u00e3o coerente de internacionaliza\u00e7\u00e3o da nossa cultura.<\/p>\n<p>Mais do que reconstituir a biografia de um arquitecto da cidade, o objectivo deste trabalho \u00e9 o de encontrar os princ\u00edpios do enunciado cl\u00e1ssico adequado ao novo s\u00e9culo, segundo as linhas defendidas pelos acad\u00e9micos parisienses das Beaux-Arts.<\/p>\n<p>Em tempo de eclectismos rom\u00e2nticos e quando surgiam os primeiros sinais do modernismo na cultura portuguesa, importa perceber at\u00e9 onde conseguiu resistir a coer\u00eancia deste arquitecto, formado na Academia, ideologicamente comprometido com a p\u00e1tria e com a Rep\u00fablica, mas consciente de que o seu campo de interven\u00e7\u00e3o social teria de ser balizado pelo eficaz exerc\u00edcio da profiss\u00e3o, ao servi\u00e7o do bem comum. No sentido de enquadrar os caminhos da arquitectura portuguesa, procura-se neste livro perceber por que raz\u00e3o, passados os anos da afirma\u00e7\u00e3o revolucion\u00e1ria da Rep\u00fablica, o artista se deixou apagar em tempo de avan\u00e7o das correntes modernas, contestadas pelo autoritarismo do Estado Novo. Parece que a sua armadura te\u00f3rica se ter\u00e1 revelado fr\u00e1gil perante a dureza da luta pol\u00edtica necess\u00e1ria.<\/p>\n<p>Correia da Silva n\u00e3o desapareceu da narrativa da arquitectura portuense, porque aquelas duas obras emblem\u00e1ticas tocaram desde cedo o cora\u00e7\u00e3o do povo, que as tomou como marca identit\u00e1ria do centro c\u00edvico. Mas at\u00e9 mesmo o edif\u00edcio dos Pa\u00e7os do Concelho foi, em certas \u00e9pocas, motivo de esc\u00e1rnio de intelectuais vanguardistas perante a desconfian\u00e7a ignorante de gestores municipais. Salvou-se a arquitectura e apagou-se o seu autor, do mesmo modo que se afastaram das cr\u00f3nicas de especialidade tantos outros arquitectos com not\u00e1veis contributos para a coer\u00eancia dos nossos dias.<\/p>\n<p>Este livro foi co-editado pela Dafne Editora e pelo Centro de Estudos de Arquitectura e Urbanismo da Faculdade de Arquitectura da Universidade do Porto, com o apoio da C\u00e2mara Municipal do Porto.<\/p>","protected":false},"excerpt":{"rendered":"<p>Domingos Tavares<br \/>\nISBN 9789898217394<br \/>\nDafne<br \/>\nCapa dura, 240 pp, 21,6&#215;26,2 cm<br \/>\nPortuguese<br \/>\n2016<\/p>","protected":false},"featured_media":5196,"template":"","meta":{"ocean_post_layout":"","ocean_both_sidebars_style":"","ocean_both_sidebars_content_width":0,"ocean_both_sidebars_sidebars_width":0,"ocean_sidebar":"","ocean_second_sidebar":"","ocean_disable_margins":"enable","ocean_add_body_class":"","ocean_shortcode_before_top_bar":"","ocean_shortcode_after_top_bar":"","ocean_shortcode_before_header":"","ocean_shortcode_after_header":"","ocean_has_shortcode":"","ocean_shortcode_after_title":"","ocean_shortcode_before_footer_widgets":"","ocean_shortcode_after_footer_widgets":"","ocean_shortcode_before_footer_bottom":"","ocean_shortcode_after_footer_bottom":"","ocean_display_top_bar":"default","ocean_display_header":"default","ocean_header_style":"","ocean_center_header_left_menu":"","ocean_custom_header_template":"","ocean_custom_logo":0,"ocean_custom_retina_logo":0,"ocean_custom_logo_max_width":0,"ocean_custom_logo_tablet_max_width":0,"ocean_custom_logo_mobile_max_width":0,"ocean_custom_logo_max_height":0,"ocean_custom_logo_tablet_max_height":0,"ocean_custom_logo_mobile_max_height":0,"ocean_header_custom_menu":"","ocean_menu_typo_font_family":"","ocean_menu_typo_font_subset":"","ocean_menu_typo_font_size":0,"ocean_menu_typo_font_size_tablet":0,"ocean_menu_typo_font_size_mobile":0,"ocean_menu_typo_font_size_unit":"px","ocean_menu_typo_font_weight":"","ocean_menu_typo_font_weight_tablet":"","ocean_menu_typo_font_weight_mobile":"","ocean_menu_typo_transform":"","ocean_menu_typo_transform_tablet":"","ocean_menu_typo_transform_mobile":"","ocean_menu_typo_line_height":0,"ocean_menu_typo_line_height_tablet":0,"ocean_menu_typo_line_height_mobile":0,"ocean_menu_typo_line_height_unit":"","ocean_menu_typo_spacing":0,"ocean_menu_typo_spacing_tablet":0,"ocean_menu_typo_spacing_mobile":0,"ocean_menu_typo_spacing_unit":"","ocean_menu_link_color":"","ocean_menu_link_color_hover":"","ocean_menu_link_color_active":"","ocean_menu_link_background":"","ocean_menu_link_hover_background":"","ocean_menu_link_active_background":"","ocean_menu_social_links_bg":"","ocean_menu_social_hover_links_bg":"","ocean_menu_social_links_color":"","ocean_menu_social_hover_links_color":"","ocean_disable_title":"default","ocean_disable_heading":"default","ocean_post_title":"","ocean_post_subheading":"","ocean_post_title_style":"","ocean_post_title_background_color":"","ocean_post_title_background":0,"ocean_post_title_bg_image_position":"","ocean_post_title_bg_image_attachment":"","ocean_post_title_bg_image_repeat":"","ocean_post_title_bg_image_size":"","ocean_post_title_height":0,"ocean_post_title_bg_overlay":0.5,"ocean_post_title_bg_overlay_color":"","ocean_disable_breadcrumbs":"default","ocean_breadcrumbs_color":"","ocean_breadcrumbs_separator_color":"","ocean_breadcrumbs_links_color":"","ocean_breadcrumbs_links_hover_color":"","ocean_display_footer_widgets":"default","ocean_display_footer_bottom":"default","ocean_custom_footer_template":""},"product_brand":[],"product_cat":[110,52,51],"product_tag":[],"class_list":{"0":"post-5271","1":"product","2":"type-product","3":"status-publish","4":"has-post-thumbnail","6":"product_cat-arquitectos","7":"product_cat-arquitectura-pt","8":"product_cat-livros-em-portugues-pt","10":"entry","11":"has-media","13":"first","14":"instock","15":"sale","16":"taxable","17":"shipping-taxable","18":"purchasable","19":"product-type-simple","20":"col","21":"span_1_of_3","22":"owp-content-left","23":"owp-thumbs-layout-horizontal","24":"owp-btn-normal","25":"owp-tabs-layout-horizontal","26":"has-no-thumbnails","27":"circle-sale"},"_links":{"self":[{"href":"https:\/\/www.blaubookshop.com\/en\/wp-json\/wp\/v2\/product\/5271","targetHints":{"allow":["GET"]}}],"collection":[{"href":"https:\/\/www.blaubookshop.com\/en\/wp-json\/wp\/v2\/product"}],"about":[{"href":"https:\/\/www.blaubookshop.com\/en\/wp-json\/wp\/v2\/types\/product"}],"version-history":[{"count":1,"href":"https:\/\/www.blaubookshop.com\/en\/wp-json\/wp\/v2\/product\/5271\/revisions"}],"predecessor-version":[{"id":5313,"href":"https:\/\/www.blaubookshop.com\/en\/wp-json\/wp\/v2\/product\/5271\/revisions\/5313"}],"wp:featuredmedia":[{"embeddable":true,"href":"https:\/\/www.blaubookshop.com\/en\/wp-json\/wp\/v2\/media\/5196"}],"wp:attachment":[{"href":"https:\/\/www.blaubookshop.com\/en\/wp-json\/wp\/v2\/media?parent=5271"}],"wp:term":[{"taxonomy":"product_brand","embeddable":true,"href":"https:\/\/www.blaubookshop.com\/en\/wp-json\/wp\/v2\/product_brand?post=5271"},{"taxonomy":"product_cat","embeddable":true,"href":"https:\/\/www.blaubookshop.com\/en\/wp-json\/wp\/v2\/product_cat?post=5271"},{"taxonomy":"product_tag","embeddable":true,"href":"https:\/\/www.blaubookshop.com\/en\/wp-json\/wp\/v2\/product_tag?post=5271"}],"curies":[{"name":"wp","href":"https:\/\/api.w.org\/{rel}","templated":true}]}}